{"id":21079,"date":"2020-04-30T16:50:50","date_gmt":"2020-04-30T13:50:50","guid":{"rendered":"https:\/\/skin-heal.com\/product\/teosyal-rha-4-2-x-1ml\/"},"modified":"2023-10-16T17:09:20","modified_gmt":"2023-10-16T14:09:20","slug":"teosyal-rha-4-2-x-1ml","status":"publish","type":"product","link":"https:\/\/skin-heal.com\/es\/producto\/teosyal-rha-4-2-x-1ml\/","title":{"rendered":"Teosyal RHA 4 (2 x 1ml)"},"content":{"rendered":"","protected":false},"excerpt":{"rendered":"<p>Teosyal RHA 4 es un relleno din\u00e1mico de primera categor\u00eda que tiene unas propiedades voluminizadoras extraordinarias. Dise\u00f1ado y desarrollado por los Laboratorios Teoxane, su gel de implante biodegradable est\u00e1 optimizado para el tratamiento de <em>amplias zonas din\u00e1micas de la cara<\/em> como las mejillas. El producto reduce eficazmente el aspecto de las arrugas de la frente y los pliegues nasolabiales. Adem\u00e1s, ofrece excelentes resultados de contorno facial y mejora de las mejillas. El ingrediente principal de esta inyecci\u00f3n de relleno de confianza es el \u00c1cido Hialur\u00f3nico Resistente patentado.<\/p>","protected":false},"featured_media":21301,"template":"","meta":[],"product_brand":[],"product_cat":[79,144,50,72],"product_tag":[145],"class_list":{"0":"post-21079","1":"product","2":"type-product","3":"status-publish","4":"has-post-thumbnail","6":"product_cat-dermal-fillers","7":"product_cat-holiday-mega-sale","8":"product_cat-teosyal","9":"product_cat-teoxane","10":"product_tag-5off","11":"clearfix","13":"first","14":"instock","15":"sale","16":"taxable","17":"shipping-taxable","18":"purchasable","19":"product-type-simple"},"yoast_head":"<!-- This site is optimized with the Yoast SEO plugin v27.3 - https:\/\/yoast.com\/product\/yoast-seo-wordpress\/ -->\n<title>Teosyal RHA 4 (2 x 1ml) - Skin Heal<\/title>\n<meta name=\"description\" content=\"Dynamic filler Teosyal RHA 4 removes wrinkles and adds volume in wider areas of the face. Teosyal RHA 4 contains long-lasting Resilient Hyaluronic Acid.\" \/>\n<meta name=\"robots\" content=\"index, follow, max-snippet:-1, max-image-preview:large, max-video-preview:-1\" \/>\n<link rel=\"canonical\" href=\"https:\/\/skin-heal.com\/es\/producto\/teosyal-rha-4-2-x-1ml\/\" \/>\n<meta property=\"og:locale\" content=\"es_MX\" \/>\n<meta property=\"og:type\" content=\"article\" \/>\n<meta property=\"og:title\" content=\"Teosyal RHA 4 (2 x 1ml) - Skin Heal\" \/>\n<meta property=\"og:description\" content=\"Dynamic filler Teosyal RHA 4 removes wrinkles and adds volume in wider areas of the face. Teosyal RHA 4 contains long-lasting Resilient Hyaluronic Acid.\" \/>\n<meta property=\"og:url\" content=\"https:\/\/skin-heal.com\/es\/producto\/teosyal-rha-4-2-x-1ml\/\" \/>\n<meta property=\"og:site_name\" content=\"Skin Heal\" \/>\n<meta property=\"article:modified_time\" content=\"2023-10-16T14:09:20+00:00\" \/>\n<meta property=\"og:image\" content=\"https:\/\/cdn.skin-heal.com\/wp-content\/uploads\/2020\/05\/Teosyal-RHA4.jpg\" \/>\n\t<meta property=\"og:image:width\" content=\"600\" \/>\n\t<meta property=\"og:image:height\" content=\"600\" \/>\n\t<meta property=\"og:image:type\" content=\"image\/jpeg\" \/>\n<meta name=\"twitter:card\" content=\"summary_large_image\" \/>\n<script type=\"application\/ld+json\" class=\"yoast-schema-graph\">{\"@context\":\"https:\\\/\\\/schema.org\",\"@graph\":[{\"@type\":\"WebPage\",\"@id\":\"https:\\\/\\\/skin-heal.com\\\/product\\\/teosyal-rha-4-2-x-1ml\\\/\",\"url\":\"https:\\\/\\\/skin-heal.com\\\/product\\\/teosyal-rha-4-2-x-1ml\\\/\",\"name\":\"Teosyal RHA 4 (2 x 1ml) - Skin Heal\",\"isPartOf\":{\"@id\":\"https:\\\/\\\/skin-heal.com\\\/#website\"},\"primaryImageOfPage\":{\"@id\":\"https:\\\/\\\/skin-heal.com\\\/product\\\/teosyal-rha-4-2-x-1ml\\\/#primaryimage\"},\"image\":{\"@id\":\"https:\\\/\\\/skin-heal.com\\\/product\\\/teosyal-rha-4-2-x-1ml\\\/#primaryimage\"},\"thumbnailUrl\":\"https:\\\/\\\/skin-heal.com\\\/wp-content\\\/uploads\\\/2020\\\/05\\\/Teosyal-RHA4.jpg\",\"datePublished\":\"2020-04-30T13:50:50+00:00\",\"dateModified\":\"2023-10-16T14:09:20+00:00\",\"description\":\"Dynamic filler Teosyal RHA 4 removes wrinkles and adds volume in wider areas of the face. Teosyal RHA 4 contains long-lasting Resilient Hyaluronic Acid.\",\"breadcrumb\":{\"@id\":\"https:\\\/\\\/skin-heal.com\\\/product\\\/teosyal-rha-4-2-x-1ml\\\/#breadcrumb\"},\"inLanguage\":\"es\",\"potentialAction\":[{\"@type\":\"ReadAction\",\"target\":[\"https:\\\/\\\/skin-heal.com\\\/product\\\/teosyal-rha-4-2-x-1ml\\\/\"]}]},{\"@type\":\"ImageObject\",\"inLanguage\":\"es\",\"@id\":\"https:\\\/\\\/skin-heal.com\\\/product\\\/teosyal-rha-4-2-x-1ml\\\/#primaryimage\",\"url\":\"https:\\\/\\\/skin-heal.com\\\/wp-content\\\/uploads\\\/2020\\\/05\\\/Teosyal-RHA4.jpg\",\"contentUrl\":\"https:\\\/\\\/skin-heal.com\\\/wp-content\\\/uploads\\\/2020\\\/05\\\/Teosyal-RHA4.jpg\",\"width\":600,\"height\":600,\"caption\":\"Teosyal RHA4\"},{\"@type\":\"BreadcrumbList\",\"@id\":\"https:\\\/\\\/skin-heal.com\\\/product\\\/teosyal-rha-4-2-x-1ml\\\/#breadcrumb\",\"itemListElement\":[{\"@type\":\"ListItem\",\"position\":1,\"name\":\"Home\",\"item\":\"https:\\\/\\\/skin-heal.com\\\/\"},{\"@type\":\"ListItem\",\"position\":2,\"name\":\"Store\",\"item\":\"https:\\\/\\\/skin-heal.com\\\/store\\\/\"},{\"@type\":\"ListItem\",\"position\":3,\"name\":\"Teosyal RHA 4 (2 x 1ml)\"}]},{\"@type\":\"WebSite\",\"@id\":\"https:\\\/\\\/skin-heal.com\\\/#website\",\"url\":\"https:\\\/\\\/skin-heal.com\\\/\",\"name\":\"Skin Heal\",\"description\":\"Lowest Prices for Dermal Fillers\",\"potentialAction\":[{\"@type\":\"SearchAction\",\"target\":{\"@type\":\"EntryPoint\",\"urlTemplate\":\"https:\\\/\\\/skin-heal.com\\\/?s={search_term_string}\"},\"query-input\":{\"@type\":\"PropertyValueSpecification\",\"valueRequired\":true,\"valueName\":\"search_term_string\"}}],\"inLanguage\":\"es\"}]}<\/script>\n<!-- \/ Yoast SEO plugin. -->","yoast_head_json":{"title":"Teosyal RHA 4 (2 x 1ml) - Skin Heal","description":"El relleno din\u00e1mico Teosyal RHA 4 elimina las arrugas y a\u00f1ade volumen en zonas m\u00e1s amplias del rostro. Teosyal RHA 4 contiene \u00c1cido Hialur\u00f3nico Resistente de larga duraci\u00f3n.","robots":{"index":"index","follow":"follow","max-snippet":"max-snippet:-1","max-image-preview":"max-image-preview:large","max-video-preview":"max-video-preview:-1"},"canonical":"https:\/\/skin-heal.com\/es\/producto\/teosyal-rha-4-2-x-1ml\/","og_locale":"es_MX","og_type":"article","og_title":"Teosyal RHA 4 (2 x 1ml) - Skin Heal","og_description":"Dynamic filler Teosyal RHA 4 removes wrinkles and adds volume in wider areas of the face. Teosyal RHA 4 contains long-lasting Resilient Hyaluronic Acid.","og_url":"https:\/\/skin-heal.com\/es\/producto\/teosyal-rha-4-2-x-1ml\/","og_site_name":"Skin Heal","article_modified_time":"2023-10-16T14:09:20+00:00","og_image":[{"width":600,"height":600,"url":"https:\/\/cdn.skin-heal.com\/wp-content\/uploads\/2020\/05\/Teosyal-RHA4.jpg","type":"image\/jpeg"}],"twitter_card":"summary_large_image","schema":{"@context":"https:\/\/schema.org","@graph":[{"@type":"WebPage","@id":"https:\/\/skin-heal.com\/product\/teosyal-rha-4-2-x-1ml\/","url":"https:\/\/skin-heal.com\/product\/teosyal-rha-4-2-x-1ml\/","name":"Teosyal RHA 4 (2 x 1ml) - Skin Heal","isPartOf":{"@id":"https:\/\/skin-heal.com\/#website"},"primaryImageOfPage":{"@id":"https:\/\/skin-heal.com\/product\/teosyal-rha-4-2-x-1ml\/#primaryimage"},"image":{"@id":"https:\/\/skin-heal.com\/product\/teosyal-rha-4-2-x-1ml\/#primaryimage"},"thumbnailUrl":"https:\/\/cdn.skin-heal.com\/wp-content\/uploads\/2020\/05\/Teosyal-RHA4.jpg","datePublished":"2020-04-30T13:50:50+00:00","dateModified":"2023-10-16T14:09:20+00:00","description":"El relleno din\u00e1mico Teosyal RHA 4 elimina las arrugas y a\u00f1ade volumen en zonas m\u00e1s amplias del rostro. Teosyal RHA 4 contiene \u00c1cido Hialur\u00f3nico Resistente de larga duraci\u00f3n.","breadcrumb":{"@id":"https:\/\/skin-heal.com\/product\/teosyal-rha-4-2-x-1ml\/#breadcrumb"},"inLanguage":"es","potentialAction":[{"@type":"ReadAction","target":["https:\/\/skin-heal.com\/product\/teosyal-rha-4-2-x-1ml\/"]}]},{"@type":"ImageObject","inLanguage":"es","@id":"https:\/\/skin-heal.com\/product\/teosyal-rha-4-2-x-1ml\/#primaryimage","url":"https:\/\/cdn.skin-heal.com\/wp-content\/uploads\/2020\/05\/Teosyal-RHA4.jpg","contentUrl":"https:\/\/cdn.skin-heal.com\/wp-content\/uploads\/2020\/05\/Teosyal-RHA4.jpg","width":600,"height":600,"caption":"Teosyal RHA4"},{"@type":"BreadcrumbList","@id":"https:\/\/skin-heal.com\/product\/teosyal-rha-4-2-x-1ml\/#breadcrumb","itemListElement":[{"@type":"ListItem","position":1,"name":"Home","item":"https:\/\/skin-heal.com\/"},{"@type":"ListItem","position":2,"name":"Store","item":"https:\/\/skin-heal.com\/store\/"},{"@type":"ListItem","position":3,"name":"Teosyal RHA 4 (2 x 1ml)"}]},{"@type":"WebSite","@id":"https:\/\/skin-heal.com\/#website","url":"https:\/\/skin-heal.com\/","name":"Curaci\u00f3n de la piel","description":"Los precios m\u00e1s bajos para los rellenos d\u00e9rmicos","potentialAction":[{"@type":"SearchAction","target":{"@type":"EntryPoint","urlTemplate":"https:\/\/skin-heal.com\/?s={search_term_string}"},"query-input":{"@type":"PropertyValueSpecification","valueRequired":true,"valueName":"search_term_string"}}],"inLanguage":"es"}]}},"_links":{"self":[{"href":"https:\/\/skin-heal.com\/es\/wp-json\/wp\/v2\/product\/21079","targetHints":{"allow":["GET"]}}],"collection":[{"href":"https:\/\/skin-heal.com\/es\/wp-json\/wp\/v2\/product"}],"about":[{"href":"https:\/\/skin-heal.com\/es\/wp-json\/wp\/v2\/types\/product"}],"wp:featuredmedia":[{"embeddable":true,"href":"https:\/\/skin-heal.com\/es\/wp-json\/wp\/v2\/media\/21301"}],"wp:attachment":[{"href":"https:\/\/skin-heal.com\/es\/wp-json\/wp\/v2\/media?parent=21079"}],"wp:term":[{"taxonomy":"product_brand","embeddable":true,"href":"https:\/\/skin-heal.com\/es\/wp-json\/wp\/v2\/product_brand?post=21079"},{"taxonomy":"product_cat","embeddable":true,"href":"https:\/\/skin-heal.com\/es\/wp-json\/wp\/v2\/product_cat?post=21079"},{"taxonomy":"product_tag","embeddable":true,"href":"https:\/\/skin-heal.com\/es\/wp-json\/wp\/v2\/product_tag?post=21079"}],"curies":[{"name":"wp","href":"https:\/\/api.w.org\/{rel}","templated":true}]}}