{"id":21080,"date":"2020-04-30T16:50:50","date_gmt":"2020-04-30T16:50:50","guid":{"rendered":"https:\/\/skin-heal.com\/product\/teosyal-puresense-redensity-i-1-x-3ml\/"},"modified":"2022-06-15T18:03:25","modified_gmt":"2022-06-15T18:03:25","slug":"teosyal-puresense-redensity-i-1-x-3ml","status":"publish","type":"product","link":"https:\/\/skin-heal.com\/es\/producto\/teosyal-puresense-redensity-i-1-x-3ml\/","title":{"rendered":"Teosyal Puresense Redensity I (1 x 3ml)"},"content":{"rendered":"","protected":false},"excerpt":{"rendered":"<p>Teosyal Redensity I PureSense es un <strong>skinbooster<\/strong> que retrasa la formaci\u00f3n de los primeros signos de envejecimiento. Los ingredientes que contiene est\u00e1n presentes de forma natural en el organismo humano. Por lo tanto, el producto es bien tolerado por el cuerpo, haciendo que este <em>tratamiento antienvejecimiento<\/em> incre\u00edblemente seguro. El \u00e1cido hialur\u00f3nico de su f\u00f3rmula hidrata la piel. Los dem\u00e1s componentes de este revitalizador incluyen antioxidantes, minerales, vitaminas y amino\u00e1cidos que potencian el estado y el aspecto de la piel.<\/p>","protected":false},"featured_media":21312,"template":"","meta":[],"product_brand":[],"product_cat":[79,50,72],"product_tag":[125],"class_list":{"0":"post-21080","1":"product","2":"type-product","3":"status-publish","4":"has-post-thumbnail","6":"product_cat-dermal-fillers","7":"product_cat-teosyal","8":"product_cat-teoxane","9":"product_tag-backorder","10":"clearfix","12":"first","13":"outofstock","14":"taxable","15":"shipping-taxable","16":"purchasable","17":"product-type-simple"},"yoast_head":"<!-- This site is optimized with the Yoast SEO plugin v27.3 - https:\/\/yoast.com\/product\/yoast-seo-wordpress\/ -->\n<title>Teosyal Puresense Redensity I (1 x 3ml) - Skin Heal<\/title>\n<meta name=\"description\" content=\"Skinbooster Teosyal Redensity I PureSense prevents early signs of aging. Teosyal Redensity I PureSense is rich in HA and valuable skin nutrients.\" \/>\n<meta name=\"robots\" content=\"index, follow, max-snippet:-1, max-image-preview:large, max-video-preview:-1\" \/>\n<link rel=\"canonical\" href=\"https:\/\/skin-heal.com\/es\/producto\/teosyal-puresense-redensity-i-1-x-3ml\/\" \/>\n<meta property=\"og:locale\" content=\"es_MX\" \/>\n<meta property=\"og:type\" content=\"article\" \/>\n<meta property=\"og:title\" content=\"Teosyal Puresense Redensity I (1 x 3ml) - Skin Heal\" \/>\n<meta property=\"og:description\" content=\"Skinbooster Teosyal Redensity I PureSense prevents early signs of aging. Teosyal Redensity I PureSense is rich in HA and valuable skin nutrients.\" \/>\n<meta property=\"og:url\" content=\"https:\/\/skin-heal.com\/es\/producto\/teosyal-puresense-redensity-i-1-x-3ml\/\" \/>\n<meta property=\"og:site_name\" content=\"Skin Heal\" \/>\n<meta property=\"article:modified_time\" content=\"2022-06-15T18:03:25+00:00\" \/>\n<meta property=\"og:image\" content=\"https:\/\/cdn.skin-heal.com\/wp-content\/uploads\/2020\/05\/Teosyal-PureSense-Redensity-1-Single-3ml.jpg\" \/>\n\t<meta property=\"og:image:width\" content=\"600\" \/>\n\t<meta property=\"og:image:height\" content=\"600\" \/>\n\t<meta property=\"og:image:type\" content=\"image\/jpeg\" \/>\n<meta name=\"twitter:card\" content=\"summary_large_image\" \/>\n<script type=\"application\/ld+json\" class=\"yoast-schema-graph\">{\"@context\":\"https:\\\/\\\/schema.org\",\"@graph\":[{\"@type\":\"WebPage\",\"@id\":\"https:\\\/\\\/skin-heal.com\\\/product\\\/teosyal-puresense-redensity-i-1-x-3ml\\\/\",\"url\":\"https:\\\/\\\/skin-heal.com\\\/product\\\/teosyal-puresense-redensity-i-1-x-3ml\\\/\",\"name\":\"Teosyal Puresense Redensity I (1 x 3ml) - Skin Heal\",\"isPartOf\":{\"@id\":\"https:\\\/\\\/skin-heal.com\\\/#website\"},\"primaryImageOfPage\":{\"@id\":\"https:\\\/\\\/skin-heal.com\\\/product\\\/teosyal-puresense-redensity-i-1-x-3ml\\\/#primaryimage\"},\"image\":{\"@id\":\"https:\\\/\\\/skin-heal.com\\\/product\\\/teosyal-puresense-redensity-i-1-x-3ml\\\/#primaryimage\"},\"thumbnailUrl\":\"https:\\\/\\\/skin-heal.com\\\/wp-content\\\/uploads\\\/2020\\\/05\\\/Teosyal-PureSense-Redensity-1-Single-3ml.jpg\",\"datePublished\":\"2020-04-30T16:50:50+00:00\",\"dateModified\":\"2022-06-15T18:03:25+00:00\",\"description\":\"Skinbooster Teosyal Redensity I PureSense prevents early signs of aging. Teosyal Redensity I PureSense is rich in HA and valuable skin nutrients.\",\"breadcrumb\":{\"@id\":\"https:\\\/\\\/skin-heal.com\\\/product\\\/teosyal-puresense-redensity-i-1-x-3ml\\\/#breadcrumb\"},\"inLanguage\":\"es\",\"potentialAction\":[{\"@type\":\"ReadAction\",\"target\":[\"https:\\\/\\\/skin-heal.com\\\/product\\\/teosyal-puresense-redensity-i-1-x-3ml\\\/\"]}]},{\"@type\":\"ImageObject\",\"inLanguage\":\"es\",\"@id\":\"https:\\\/\\\/skin-heal.com\\\/product\\\/teosyal-puresense-redensity-i-1-x-3ml\\\/#primaryimage\",\"url\":\"https:\\\/\\\/skin-heal.com\\\/wp-content\\\/uploads\\\/2020\\\/05\\\/Teosyal-PureSense-Redensity-1-Single-3ml.jpg\",\"contentUrl\":\"https:\\\/\\\/skin-heal.com\\\/wp-content\\\/uploads\\\/2020\\\/05\\\/Teosyal-PureSense-Redensity-1-Single-3ml.jpg\",\"width\":600,\"height\":600,\"caption\":\"Teosyal PureSense Redensity 1 Single 3ml\"},{\"@type\":\"BreadcrumbList\",\"@id\":\"https:\\\/\\\/skin-heal.com\\\/product\\\/teosyal-puresense-redensity-i-1-x-3ml\\\/#breadcrumb\",\"itemListElement\":[{\"@type\":\"ListItem\",\"position\":1,\"name\":\"Home\",\"item\":\"https:\\\/\\\/skin-heal.com\\\/\"},{\"@type\":\"ListItem\",\"position\":2,\"name\":\"Store\",\"item\":\"https:\\\/\\\/skin-heal.com\\\/store\\\/\"},{\"@type\":\"ListItem\",\"position\":3,\"name\":\"Teosyal Puresense Redensity I (1 x 3ml)\"}]},{\"@type\":\"WebSite\",\"@id\":\"https:\\\/\\\/skin-heal.com\\\/#website\",\"url\":\"https:\\\/\\\/skin-heal.com\\\/\",\"name\":\"Skin Heal\",\"description\":\"Lowest Prices for Dermal Fillers\",\"potentialAction\":[{\"@type\":\"SearchAction\",\"target\":{\"@type\":\"EntryPoint\",\"urlTemplate\":\"https:\\\/\\\/skin-heal.com\\\/?s={search_term_string}\"},\"query-input\":{\"@type\":\"PropertyValueSpecification\",\"valueRequired\":true,\"valueName\":\"search_term_string\"}}],\"inLanguage\":\"es\"}]}<\/script>\n<!-- \/ Yoast SEO plugin. -->","yoast_head_json":{"title":"Teosyal Puresense Redensity I (1 x 3ml) - Skin Heal","description":"Skinbooster Teosyal Redensity I PureSense previene los primeros signos de envejecimiento. Teosyal Redensity I PureSense es rico en AH y valiosos nutrientes para la piel.","robots":{"index":"index","follow":"follow","max-snippet":"max-snippet:-1","max-image-preview":"max-image-preview:large","max-video-preview":"max-video-preview:-1"},"canonical":"https:\/\/skin-heal.com\/es\/producto\/teosyal-puresense-redensity-i-1-x-3ml\/","og_locale":"es_MX","og_type":"article","og_title":"Teosyal Puresense Redensity I (1 x 3ml) - Skin Heal","og_description":"Skinbooster Teosyal Redensity I PureSense prevents early signs of aging. Teosyal Redensity I PureSense is rich in HA and valuable skin nutrients.","og_url":"https:\/\/skin-heal.com\/es\/producto\/teosyal-puresense-redensity-i-1-x-3ml\/","og_site_name":"Skin Heal","article_modified_time":"2022-06-15T18:03:25+00:00","og_image":[{"width":600,"height":600,"url":"https:\/\/cdn.skin-heal.com\/wp-content\/uploads\/2020\/05\/Teosyal-PureSense-Redensity-1-Single-3ml.jpg","type":"image\/jpeg"}],"twitter_card":"summary_large_image","schema":{"@context":"https:\/\/schema.org","@graph":[{"@type":"WebPage","@id":"https:\/\/skin-heal.com\/product\/teosyal-puresense-redensity-i-1-x-3ml\/","url":"https:\/\/skin-heal.com\/product\/teosyal-puresense-redensity-i-1-x-3ml\/","name":"Teosyal Puresense Redensity I (1 x 3ml) - Skin Heal","isPartOf":{"@id":"https:\/\/skin-heal.com\/#website"},"primaryImageOfPage":{"@id":"https:\/\/skin-heal.com\/product\/teosyal-puresense-redensity-i-1-x-3ml\/#primaryimage"},"image":{"@id":"https:\/\/skin-heal.com\/product\/teosyal-puresense-redensity-i-1-x-3ml\/#primaryimage"},"thumbnailUrl":"https:\/\/cdn.skin-heal.com\/wp-content\/uploads\/2020\/05\/Teosyal-PureSense-Redensity-1-Single-3ml.jpg","datePublished":"2020-04-30T16:50:50+00:00","dateModified":"2022-06-15T18:03:25+00:00","description":"Skinbooster Teosyal Redensity I PureSense previene los primeros signos de envejecimiento. Teosyal Redensity I PureSense es rico en AH y valiosos nutrientes para la piel.","breadcrumb":{"@id":"https:\/\/skin-heal.com\/product\/teosyal-puresense-redensity-i-1-x-3ml\/#breadcrumb"},"inLanguage":"es","potentialAction":[{"@type":"ReadAction","target":["https:\/\/skin-heal.com\/product\/teosyal-puresense-redensity-i-1-x-3ml\/"]}]},{"@type":"ImageObject","inLanguage":"es","@id":"https:\/\/skin-heal.com\/product\/teosyal-puresense-redensity-i-1-x-3ml\/#primaryimage","url":"https:\/\/cdn.skin-heal.com\/wp-content\/uploads\/2020\/05\/Teosyal-PureSense-Redensity-1-Single-3ml.jpg","contentUrl":"https:\/\/cdn.skin-heal.com\/wp-content\/uploads\/2020\/05\/Teosyal-PureSense-Redensity-1-Single-3ml.jpg","width":600,"height":600,"caption":"Teosyal PureSense Redensity 1 Single 3ml"},{"@type":"BreadcrumbList","@id":"https:\/\/skin-heal.com\/product\/teosyal-puresense-redensity-i-1-x-3ml\/#breadcrumb","itemListElement":[{"@type":"ListItem","position":1,"name":"Home","item":"https:\/\/skin-heal.com\/"},{"@type":"ListItem","position":2,"name":"Store","item":"https:\/\/skin-heal.com\/store\/"},{"@type":"ListItem","position":3,"name":"Teosyal Puresense Redensity I (1 x 3ml)"}]},{"@type":"WebSite","@id":"https:\/\/skin-heal.com\/#website","url":"https:\/\/skin-heal.com\/","name":"Curaci\u00f3n de la piel","description":"Los precios m\u00e1s bajos para los rellenos d\u00e9rmicos","potentialAction":[{"@type":"SearchAction","target":{"@type":"EntryPoint","urlTemplate":"https:\/\/skin-heal.com\/?s={search_term_string}"},"query-input":{"@type":"PropertyValueSpecification","valueRequired":true,"valueName":"search_term_string"}}],"inLanguage":"es"}]}},"_links":{"self":[{"href":"https:\/\/skin-heal.com\/es\/wp-json\/wp\/v2\/product\/21080","targetHints":{"allow":["GET"]}}],"collection":[{"href":"https:\/\/skin-heal.com\/es\/wp-json\/wp\/v2\/product"}],"about":[{"href":"https:\/\/skin-heal.com\/es\/wp-json\/wp\/v2\/types\/product"}],"wp:featuredmedia":[{"embeddable":true,"href":"https:\/\/skin-heal.com\/es\/wp-json\/wp\/v2\/media\/21312"}],"wp:attachment":[{"href":"https:\/\/skin-heal.com\/es\/wp-json\/wp\/v2\/media?parent=21080"}],"wp:term":[{"taxonomy":"product_brand","embeddable":true,"href":"https:\/\/skin-heal.com\/es\/wp-json\/wp\/v2\/product_brand?post=21080"},{"taxonomy":"product_cat","embeddable":true,"href":"https:\/\/skin-heal.com\/es\/wp-json\/wp\/v2\/product_cat?post=21080"},{"taxonomy":"product_tag","embeddable":true,"href":"https:\/\/skin-heal.com\/es\/wp-json\/wp\/v2\/product_tag?post=21080"}],"curies":[{"name":"wp","href":"https:\/\/api.w.org\/{rel}","templated":true}]}}