{"id":21081,"date":"2020-04-30T16:50:50","date_gmt":"2020-04-30T16:50:50","guid":{"rendered":"https:\/\/skin-heal.com\/product\/teosyal-puresense-global-action-2-x-1ml\/"},"modified":"2022-06-15T18:03:25","modified_gmt":"2022-06-15T18:03:25","slug":"teosyal-puresense-global-action-2-x-1ml","status":"publish","type":"product","link":"https:\/\/skin-heal.com\/es\/producto\/teosyal-puresense-global-action-2-x-1ml\/","title":{"rendered":"Teosyal Puresense Acci\u00f3n Global (2 x 1ml)"},"content":{"rendered":"","protected":false},"excerpt":{"rendered":"<p>Teosyal Acci\u00f3n Global PureSense es un avanzado relleno de la piel se basa en <u>\u00e1cido hialur\u00f3nico de alta calidad<\/u>. Este producto tambi\u00e9n cuenta con anestesia local, por lo que el tratamiento con \u00e9l es indoloro. Para reducir a\u00fan m\u00e1s el riesgo de cualquier molestia durante el procedimiento de inyecci\u00f3n, el relleno viene con una aguja ultra fina de 30G. Los cl\u00ednicos y cirujanos pl\u00e1sticos pueden confiar en Teosyal Global Action PureSense para la reducci\u00f3n m\u00ednimamente invasiva de <em>arrugas medias, como las l\u00edneas glabelares<\/em>.<\/p>","protected":false},"featured_media":21310,"template":"","meta":[],"product_brand":[],"product_cat":[79,50,72],"product_tag":[125],"class_list":{"0":"post-21081","1":"product","2":"type-product","3":"status-publish","4":"has-post-thumbnail","6":"product_cat-dermal-fillers","7":"product_cat-teosyal","8":"product_cat-teoxane","9":"product_tag-backorder","10":"clearfix","12":"first","13":"outofstock","14":"taxable","15":"shipping-taxable","16":"purchasable","17":"product-type-simple"},"yoast_head":"<!-- This site is optimized with the Yoast SEO plugin v27.4 - https:\/\/yoast.com\/product\/yoast-seo-wordpress\/ -->\n<title>Teosyal Puresense Global Action (2 x 1ml) - Skin Heal<\/title>\n<meta name=\"description\" content=\"Teosyal Global Action PureSense is used for the reduction of medium wrinkles. Skin filler Teosyal Global Action PureSense contains quality HA.\" \/>\n<meta name=\"robots\" content=\"index, follow, max-snippet:-1, max-image-preview:large, max-video-preview:-1\" \/>\n<link rel=\"canonical\" href=\"https:\/\/skin-heal.com\/es\/producto\/teosyal-puresense-global-action-2-x-1ml\/\" \/>\n<meta property=\"og:locale\" content=\"es_MX\" \/>\n<meta property=\"og:type\" content=\"article\" \/>\n<meta property=\"og:title\" content=\"Teosyal Puresense Global Action (2 x 1ml) - Skin Heal\" \/>\n<meta property=\"og:description\" content=\"Teosyal Global Action PureSense is used for the reduction of medium wrinkles. Skin filler Teosyal Global Action PureSense contains quality HA.\" \/>\n<meta property=\"og:url\" content=\"https:\/\/skin-heal.com\/es\/producto\/teosyal-puresense-global-action-2-x-1ml\/\" \/>\n<meta property=\"og:site_name\" content=\"Skin Heal\" \/>\n<meta property=\"article:modified_time\" content=\"2022-06-15T18:03:25+00:00\" \/>\n<meta property=\"og:image\" content=\"https:\/\/cdn.skin-heal.com\/wp-content\/uploads\/2020\/05\/Teosyal-PureSense-Global-Action.jpg\" \/>\n\t<meta property=\"og:image:width\" content=\"600\" \/>\n\t<meta property=\"og:image:height\" content=\"600\" \/>\n\t<meta property=\"og:image:type\" content=\"image\/jpeg\" \/>\n<meta name=\"twitter:card\" content=\"summary_large_image\" \/>\n<script type=\"application\/ld+json\" class=\"yoast-schema-graph\">{\"@context\":\"https:\\\/\\\/schema.org\",\"@graph\":[{\"@type\":\"WebPage\",\"@id\":\"https:\\\/\\\/skin-heal.com\\\/product\\\/teosyal-puresense-global-action-2-x-1ml\\\/\",\"url\":\"https:\\\/\\\/skin-heal.com\\\/product\\\/teosyal-puresense-global-action-2-x-1ml\\\/\",\"name\":\"Teosyal Puresense Global Action (2 x 1ml) - Skin Heal\",\"isPartOf\":{\"@id\":\"https:\\\/\\\/skin-heal.com\\\/#website\"},\"primaryImageOfPage\":{\"@id\":\"https:\\\/\\\/skin-heal.com\\\/product\\\/teosyal-puresense-global-action-2-x-1ml\\\/#primaryimage\"},\"image\":{\"@id\":\"https:\\\/\\\/skin-heal.com\\\/product\\\/teosyal-puresense-global-action-2-x-1ml\\\/#primaryimage\"},\"thumbnailUrl\":\"https:\\\/\\\/skin-heal.com\\\/wp-content\\\/uploads\\\/2020\\\/05\\\/Teosyal-PureSense-Global-Action.jpg\",\"datePublished\":\"2020-04-30T16:50:50+00:00\",\"dateModified\":\"2022-06-15T18:03:25+00:00\",\"description\":\"Teosyal Global Action PureSense is used for the reduction of medium wrinkles. Skin filler Teosyal Global Action PureSense contains quality HA.\",\"breadcrumb\":{\"@id\":\"https:\\\/\\\/skin-heal.com\\\/product\\\/teosyal-puresense-global-action-2-x-1ml\\\/#breadcrumb\"},\"inLanguage\":\"es\",\"potentialAction\":[{\"@type\":\"ReadAction\",\"target\":[\"https:\\\/\\\/skin-heal.com\\\/product\\\/teosyal-puresense-global-action-2-x-1ml\\\/\"]}]},{\"@type\":\"ImageObject\",\"inLanguage\":\"es\",\"@id\":\"https:\\\/\\\/skin-heal.com\\\/product\\\/teosyal-puresense-global-action-2-x-1ml\\\/#primaryimage\",\"url\":\"https:\\\/\\\/skin-heal.com\\\/wp-content\\\/uploads\\\/2020\\\/05\\\/Teosyal-PureSense-Global-Action.jpg\",\"contentUrl\":\"https:\\\/\\\/skin-heal.com\\\/wp-content\\\/uploads\\\/2020\\\/05\\\/Teosyal-PureSense-Global-Action.jpg\",\"width\":600,\"height\":600,\"caption\":\"Teosyal PureSense Global Action\"},{\"@type\":\"BreadcrumbList\",\"@id\":\"https:\\\/\\\/skin-heal.com\\\/product\\\/teosyal-puresense-global-action-2-x-1ml\\\/#breadcrumb\",\"itemListElement\":[{\"@type\":\"ListItem\",\"position\":1,\"name\":\"Home\",\"item\":\"https:\\\/\\\/skin-heal.com\\\/\"},{\"@type\":\"ListItem\",\"position\":2,\"name\":\"Store\",\"item\":\"https:\\\/\\\/skin-heal.com\\\/store\\\/\"},{\"@type\":\"ListItem\",\"position\":3,\"name\":\"Teosyal Puresense Global Action (2 x 1ml)\"}]},{\"@type\":\"WebSite\",\"@id\":\"https:\\\/\\\/skin-heal.com\\\/#website\",\"url\":\"https:\\\/\\\/skin-heal.com\\\/\",\"name\":\"Skin Heal\",\"description\":\"Lowest Prices for Dermal Fillers\",\"potentialAction\":[{\"@type\":\"SearchAction\",\"target\":{\"@type\":\"EntryPoint\",\"urlTemplate\":\"https:\\\/\\\/skin-heal.com\\\/?s={search_term_string}\"},\"query-input\":{\"@type\":\"PropertyValueSpecification\",\"valueRequired\":true,\"valueName\":\"search_term_string\"}}],\"inLanguage\":\"es\"}]}<\/script>\n<!-- \/ Yoast SEO plugin. -->","yoast_head_json":{"title":"Teosyal Puresense Acci\u00f3n Global (2 x 1ml) - Skin Heal","description":"Teosyal Global Action PureSense se utiliza para la reducci\u00f3n de arrugas medias. Relleno de la piel Teosyal Acci\u00f3n Global PureSense contiene HA calidad.","robots":{"index":"index","follow":"follow","max-snippet":"max-snippet:-1","max-image-preview":"max-image-preview:large","max-video-preview":"max-video-preview:-1"},"canonical":"https:\/\/skin-heal.com\/es\/producto\/teosyal-puresense-global-action-2-x-1ml\/","og_locale":"es_MX","og_type":"article","og_title":"Teosyal Puresense Global Action (2 x 1ml) - Skin Heal","og_description":"Teosyal Global Action PureSense is used for the reduction of medium wrinkles. Skin filler Teosyal Global Action PureSense contains quality HA.","og_url":"https:\/\/skin-heal.com\/es\/producto\/teosyal-puresense-global-action-2-x-1ml\/","og_site_name":"Skin Heal","article_modified_time":"2022-06-15T18:03:25+00:00","og_image":[{"width":600,"height":600,"url":"https:\/\/cdn.skin-heal.com\/wp-content\/uploads\/2020\/05\/Teosyal-PureSense-Global-Action.jpg","type":"image\/jpeg"}],"twitter_card":"summary_large_image","schema":{"@context":"https:\/\/schema.org","@graph":[{"@type":"WebPage","@id":"https:\/\/skin-heal.com\/product\/teosyal-puresense-global-action-2-x-1ml\/","url":"https:\/\/skin-heal.com\/product\/teosyal-puresense-global-action-2-x-1ml\/","name":"Teosyal Puresense Acci\u00f3n Global (2 x 1ml) - Skin Heal","isPartOf":{"@id":"https:\/\/skin-heal.com\/#website"},"primaryImageOfPage":{"@id":"https:\/\/skin-heal.com\/product\/teosyal-puresense-global-action-2-x-1ml\/#primaryimage"},"image":{"@id":"https:\/\/skin-heal.com\/product\/teosyal-puresense-global-action-2-x-1ml\/#primaryimage"},"thumbnailUrl":"https:\/\/cdn.skin-heal.com\/wp-content\/uploads\/2020\/05\/Teosyal-PureSense-Global-Action.jpg","datePublished":"2020-04-30T16:50:50+00:00","dateModified":"2022-06-15T18:03:25+00:00","description":"Teosyal Global Action PureSense se utiliza para la reducci\u00f3n de arrugas medias. Relleno de la piel Teosyal Acci\u00f3n Global PureSense contiene HA calidad.","breadcrumb":{"@id":"https:\/\/skin-heal.com\/product\/teosyal-puresense-global-action-2-x-1ml\/#breadcrumb"},"inLanguage":"es","potentialAction":[{"@type":"ReadAction","target":["https:\/\/skin-heal.com\/product\/teosyal-puresense-global-action-2-x-1ml\/"]}]},{"@type":"ImageObject","inLanguage":"es","@id":"https:\/\/skin-heal.com\/product\/teosyal-puresense-global-action-2-x-1ml\/#primaryimage","url":"https:\/\/cdn.skin-heal.com\/wp-content\/uploads\/2020\/05\/Teosyal-PureSense-Global-Action.jpg","contentUrl":"https:\/\/cdn.skin-heal.com\/wp-content\/uploads\/2020\/05\/Teosyal-PureSense-Global-Action.jpg","width":600,"height":600,"caption":"Teosyal PureSense Global Action"},{"@type":"BreadcrumbList","@id":"https:\/\/skin-heal.com\/product\/teosyal-puresense-global-action-2-x-1ml\/#breadcrumb","itemListElement":[{"@type":"ListItem","position":1,"name":"Home","item":"https:\/\/skin-heal.com\/"},{"@type":"ListItem","position":2,"name":"Store","item":"https:\/\/skin-heal.com\/store\/"},{"@type":"ListItem","position":3,"name":"Teosyal Puresense Global Action (2 x 1ml)"}]},{"@type":"WebSite","@id":"https:\/\/skin-heal.com\/#website","url":"https:\/\/skin-heal.com\/","name":"Curaci\u00f3n de la piel","description":"Los precios m\u00e1s bajos para los rellenos d\u00e9rmicos","potentialAction":[{"@type":"SearchAction","target":{"@type":"EntryPoint","urlTemplate":"https:\/\/skin-heal.com\/?s={search_term_string}"},"query-input":{"@type":"PropertyValueSpecification","valueRequired":true,"valueName":"search_term_string"}}],"inLanguage":"es"}]}},"_links":{"self":[{"href":"https:\/\/skin-heal.com\/es\/wp-json\/wp\/v2\/product\/21081","targetHints":{"allow":["GET"]}}],"collection":[{"href":"https:\/\/skin-heal.com\/es\/wp-json\/wp\/v2\/product"}],"about":[{"href":"https:\/\/skin-heal.com\/es\/wp-json\/wp\/v2\/types\/product"}],"wp:featuredmedia":[{"embeddable":true,"href":"https:\/\/skin-heal.com\/es\/wp-json\/wp\/v2\/media\/21310"}],"wp:attachment":[{"href":"https:\/\/skin-heal.com\/es\/wp-json\/wp\/v2\/media?parent=21081"}],"wp:term":[{"taxonomy":"product_brand","embeddable":true,"href":"https:\/\/skin-heal.com\/es\/wp-json\/wp\/v2\/product_brand?post=21081"},{"taxonomy":"product_cat","embeddable":true,"href":"https:\/\/skin-heal.com\/es\/wp-json\/wp\/v2\/product_cat?post=21081"},{"taxonomy":"product_tag","embeddable":true,"href":"https:\/\/skin-heal.com\/es\/wp-json\/wp\/v2\/product_tag?post=21081"}],"curies":[{"name":"wp","href":"https:\/\/api.w.org\/{rel}","templated":true}]}}