{"id":21083,"date":"2020-04-30T16:50:51","date_gmt":"2020-04-30T16:50:51","guid":{"rendered":"https:\/\/skin-heal.com\/product\/teosyal-puresense-ultimate-2-x-1ml\/"},"modified":"2022-06-15T18:03:24","modified_gmt":"2022-06-15T18:03:24","slug":"teosyal-puresense-ultimate-2-x-1ml","status":"publish","type":"product","link":"https:\/\/skin-heal.com\/es\/producto\/teosyal-puresense-ultimate-2-x-1ml\/","title":{"rendered":"Teosyal Puresense Ultimate (2 x 1ml)"},"content":{"rendered":"","protected":false},"excerpt":{"rendered":"<p>Teosyal Ultimate PureSense es una inyecci\u00f3n de relleno avanzada que se puede utilizar para el tratamiento indoloro, <u>aumento facial no quir\u00fargico<\/u>. Este producto a base de AH se aplica mediante una inyecci\u00f3n en la subdermis, donde restablece inmediatamente el volumen perdido. Debido a su alta concentraci\u00f3n de \u00e1cido hialur\u00f3nico, este gel de implante es mejor para ser administrado en zonas faciales m\u00e1s amplias como los p\u00f3mulos. Los efectos voluminizadores de este relleno d\u00e9rmico son temporales, pero seguir\u00e1n siendo visibles durante 12-18 meses.<\/p>","protected":false},"featured_media":21316,"template":"","meta":[],"product_brand":[],"product_cat":[79,50,72],"product_tag":[125],"class_list":{"0":"post-21083","1":"product","2":"type-product","3":"status-publish","4":"has-post-thumbnail","6":"product_cat-dermal-fillers","7":"product_cat-teosyal","8":"product_cat-teoxane","9":"product_tag-backorder","10":"clearfix","12":"first","13":"outofstock","14":"taxable","15":"shipping-taxable","16":"purchasable","17":"product-type-simple"},"yoast_head":"<!-- This site is optimized with the Yoast SEO plugin v27.3 - https:\/\/yoast.com\/product\/yoast-seo-wordpress\/ -->\n<title>Teosyal Puresense Ultimate (2 x 1ml) - Skin Heal<\/title>\n<meta name=\"description\" content=\"Teosyal Ultimate PureSense delivers pain-free facial sculpting. Just one session with HA filler Teosyal Ultimate PureSense can add volume under the skin.\" \/>\n<meta name=\"robots\" content=\"index, follow, max-snippet:-1, max-image-preview:large, max-video-preview:-1\" \/>\n<link rel=\"canonical\" href=\"https:\/\/skin-heal.com\/es\/producto\/teosyal-puresense-ultimate-2-x-1ml\/\" \/>\n<meta property=\"og:locale\" content=\"es_MX\" \/>\n<meta property=\"og:type\" content=\"article\" \/>\n<meta property=\"og:title\" content=\"Teosyal Puresense Ultimate (2 x 1ml) - Skin Heal\" \/>\n<meta property=\"og:description\" content=\"Teosyal Ultimate PureSense delivers pain-free facial sculpting. Just one session with HA filler Teosyal Ultimate PureSense can add volume under the skin.\" \/>\n<meta property=\"og:url\" content=\"https:\/\/skin-heal.com\/es\/producto\/teosyal-puresense-ultimate-2-x-1ml\/\" \/>\n<meta property=\"og:site_name\" content=\"Skin Heal\" \/>\n<meta property=\"article:modified_time\" content=\"2022-06-15T18:03:24+00:00\" \/>\n<meta property=\"og:image\" content=\"https:\/\/cdn.skin-heal.com\/wp-content\/uploads\/2020\/05\/Teosyal-Puresense-Ultimate.jpg\" \/>\n\t<meta property=\"og:image:width\" content=\"600\" \/>\n\t<meta property=\"og:image:height\" content=\"600\" \/>\n\t<meta property=\"og:image:type\" content=\"image\/jpeg\" \/>\n<meta name=\"twitter:card\" content=\"summary_large_image\" \/>\n<script type=\"application\/ld+json\" class=\"yoast-schema-graph\">{\"@context\":\"https:\\\/\\\/schema.org\",\"@graph\":[{\"@type\":\"WebPage\",\"@id\":\"https:\\\/\\\/skin-heal.com\\\/product\\\/teosyal-puresense-ultimate-2-x-1ml\\\/\",\"url\":\"https:\\\/\\\/skin-heal.com\\\/product\\\/teosyal-puresense-ultimate-2-x-1ml\\\/\",\"name\":\"Teosyal Puresense Ultimate (2 x 1ml) - Skin Heal\",\"isPartOf\":{\"@id\":\"https:\\\/\\\/skin-heal.com\\\/#website\"},\"primaryImageOfPage\":{\"@id\":\"https:\\\/\\\/skin-heal.com\\\/product\\\/teosyal-puresense-ultimate-2-x-1ml\\\/#primaryimage\"},\"image\":{\"@id\":\"https:\\\/\\\/skin-heal.com\\\/product\\\/teosyal-puresense-ultimate-2-x-1ml\\\/#primaryimage\"},\"thumbnailUrl\":\"https:\\\/\\\/skin-heal.com\\\/wp-content\\\/uploads\\\/2020\\\/05\\\/Teosyal-Puresense-Ultimate.jpg\",\"datePublished\":\"2020-04-30T16:50:51+00:00\",\"dateModified\":\"2022-06-15T18:03:24+00:00\",\"description\":\"Teosyal Ultimate PureSense delivers pain-free facial sculpting. Just one session with HA filler Teosyal Ultimate PureSense can add volume under the skin.\",\"breadcrumb\":{\"@id\":\"https:\\\/\\\/skin-heal.com\\\/product\\\/teosyal-puresense-ultimate-2-x-1ml\\\/#breadcrumb\"},\"inLanguage\":\"es\",\"potentialAction\":[{\"@type\":\"ReadAction\",\"target\":[\"https:\\\/\\\/skin-heal.com\\\/product\\\/teosyal-puresense-ultimate-2-x-1ml\\\/\"]}]},{\"@type\":\"ImageObject\",\"inLanguage\":\"es\",\"@id\":\"https:\\\/\\\/skin-heal.com\\\/product\\\/teosyal-puresense-ultimate-2-x-1ml\\\/#primaryimage\",\"url\":\"https:\\\/\\\/skin-heal.com\\\/wp-content\\\/uploads\\\/2020\\\/05\\\/Teosyal-Puresense-Ultimate.jpg\",\"contentUrl\":\"https:\\\/\\\/skin-heal.com\\\/wp-content\\\/uploads\\\/2020\\\/05\\\/Teosyal-Puresense-Ultimate.jpg\",\"width\":600,\"height\":600,\"caption\":\"Teosyal Puresense Ultimate\"},{\"@type\":\"BreadcrumbList\",\"@id\":\"https:\\\/\\\/skin-heal.com\\\/product\\\/teosyal-puresense-ultimate-2-x-1ml\\\/#breadcrumb\",\"itemListElement\":[{\"@type\":\"ListItem\",\"position\":1,\"name\":\"Home\",\"item\":\"https:\\\/\\\/skin-heal.com\\\/\"},{\"@type\":\"ListItem\",\"position\":2,\"name\":\"Store\",\"item\":\"https:\\\/\\\/skin-heal.com\\\/store\\\/\"},{\"@type\":\"ListItem\",\"position\":3,\"name\":\"Teosyal Puresense Ultimate (2 x 1ml)\"}]},{\"@type\":\"WebSite\",\"@id\":\"https:\\\/\\\/skin-heal.com\\\/#website\",\"url\":\"https:\\\/\\\/skin-heal.com\\\/\",\"name\":\"Skin Heal\",\"description\":\"Lowest Prices for Dermal Fillers\",\"potentialAction\":[{\"@type\":\"SearchAction\",\"target\":{\"@type\":\"EntryPoint\",\"urlTemplate\":\"https:\\\/\\\/skin-heal.com\\\/?s={search_term_string}\"},\"query-input\":{\"@type\":\"PropertyValueSpecification\",\"valueRequired\":true,\"valueName\":\"search_term_string\"}}],\"inLanguage\":\"es\"}]}<\/script>\n<!-- \/ Yoast SEO plugin. -->","yoast_head_json":{"title":"Teosyal Puresense Ultimate (2 x 1ml) - Skin Heal","description":"Teosyal Ultimate PureSense permite esculpir el rostro sin dolor. S\u00f3lo una sesi\u00f3n con relleno HA Teosyal Ultimate PureSense puede a\u00f1adir volumen debajo de la piel.","robots":{"index":"index","follow":"follow","max-snippet":"max-snippet:-1","max-image-preview":"max-image-preview:large","max-video-preview":"max-video-preview:-1"},"canonical":"https:\/\/skin-heal.com\/es\/producto\/teosyal-puresense-ultimate-2-x-1ml\/","og_locale":"es_MX","og_type":"article","og_title":"Teosyal Puresense Ultimate (2 x 1ml) - Skin Heal","og_description":"Teosyal Ultimate PureSense delivers pain-free facial sculpting. Just one session with HA filler Teosyal Ultimate PureSense can add volume under the skin.","og_url":"https:\/\/skin-heal.com\/es\/producto\/teosyal-puresense-ultimate-2-x-1ml\/","og_site_name":"Skin Heal","article_modified_time":"2022-06-15T18:03:24+00:00","og_image":[{"width":600,"height":600,"url":"https:\/\/cdn.skin-heal.com\/wp-content\/uploads\/2020\/05\/Teosyal-Puresense-Ultimate.jpg","type":"image\/jpeg"}],"twitter_card":"summary_large_image","schema":{"@context":"https:\/\/schema.org","@graph":[{"@type":"WebPage","@id":"https:\/\/skin-heal.com\/product\/teosyal-puresense-ultimate-2-x-1ml\/","url":"https:\/\/skin-heal.com\/product\/teosyal-puresense-ultimate-2-x-1ml\/","name":"Teosyal Puresense Ultimate (2 x 1ml) - Skin Heal","isPartOf":{"@id":"https:\/\/skin-heal.com\/#website"},"primaryImageOfPage":{"@id":"https:\/\/skin-heal.com\/product\/teosyal-puresense-ultimate-2-x-1ml\/#primaryimage"},"image":{"@id":"https:\/\/skin-heal.com\/product\/teosyal-puresense-ultimate-2-x-1ml\/#primaryimage"},"thumbnailUrl":"https:\/\/cdn.skin-heal.com\/wp-content\/uploads\/2020\/05\/Teosyal-Puresense-Ultimate.jpg","datePublished":"2020-04-30T16:50:51+00:00","dateModified":"2022-06-15T18:03:24+00:00","description":"Teosyal Ultimate PureSense permite esculpir el rostro sin dolor. S\u00f3lo una sesi\u00f3n con relleno HA Teosyal Ultimate PureSense puede a\u00f1adir volumen debajo de la piel.","breadcrumb":{"@id":"https:\/\/skin-heal.com\/product\/teosyal-puresense-ultimate-2-x-1ml\/#breadcrumb"},"inLanguage":"es","potentialAction":[{"@type":"ReadAction","target":["https:\/\/skin-heal.com\/product\/teosyal-puresense-ultimate-2-x-1ml\/"]}]},{"@type":"ImageObject","inLanguage":"es","@id":"https:\/\/skin-heal.com\/product\/teosyal-puresense-ultimate-2-x-1ml\/#primaryimage","url":"https:\/\/cdn.skin-heal.com\/wp-content\/uploads\/2020\/05\/Teosyal-Puresense-Ultimate.jpg","contentUrl":"https:\/\/cdn.skin-heal.com\/wp-content\/uploads\/2020\/05\/Teosyal-Puresense-Ultimate.jpg","width":600,"height":600,"caption":"Teosyal Puresense Ultimate"},{"@type":"BreadcrumbList","@id":"https:\/\/skin-heal.com\/product\/teosyal-puresense-ultimate-2-x-1ml\/#breadcrumb","itemListElement":[{"@type":"ListItem","position":1,"name":"Home","item":"https:\/\/skin-heal.com\/"},{"@type":"ListItem","position":2,"name":"Store","item":"https:\/\/skin-heal.com\/store\/"},{"@type":"ListItem","position":3,"name":"Teosyal Puresense Ultimate (2 x 1ml)"}]},{"@type":"WebSite","@id":"https:\/\/skin-heal.com\/#website","url":"https:\/\/skin-heal.com\/","name":"Curaci\u00f3n de la piel","description":"Los precios m\u00e1s bajos para los rellenos d\u00e9rmicos","potentialAction":[{"@type":"SearchAction","target":{"@type":"EntryPoint","urlTemplate":"https:\/\/skin-heal.com\/?s={search_term_string}"},"query-input":{"@type":"PropertyValueSpecification","valueRequired":true,"valueName":"search_term_string"}}],"inLanguage":"es"}]}},"_links":{"self":[{"href":"https:\/\/skin-heal.com\/es\/wp-json\/wp\/v2\/product\/21083","targetHints":{"allow":["GET"]}}],"collection":[{"href":"https:\/\/skin-heal.com\/es\/wp-json\/wp\/v2\/product"}],"about":[{"href":"https:\/\/skin-heal.com\/es\/wp-json\/wp\/v2\/types\/product"}],"wp:featuredmedia":[{"embeddable":true,"href":"https:\/\/skin-heal.com\/es\/wp-json\/wp\/v2\/media\/21316"}],"wp:attachment":[{"href":"https:\/\/skin-heal.com\/es\/wp-json\/wp\/v2\/media?parent=21083"}],"wp:term":[{"taxonomy":"product_brand","embeddable":true,"href":"https:\/\/skin-heal.com\/es\/wp-json\/wp\/v2\/product_brand?post=21083"},{"taxonomy":"product_cat","embeddable":true,"href":"https:\/\/skin-heal.com\/es\/wp-json\/wp\/v2\/product_cat?post=21083"},{"taxonomy":"product_tag","embeddable":true,"href":"https:\/\/skin-heal.com\/es\/wp-json\/wp\/v2\/product_tag?post=21083"}],"curies":[{"name":"wp","href":"https:\/\/api.w.org\/{rel}","templated":true}]}}