{"id":21321,"date":"2020-05-15T13:38:46","date_gmt":"2020-05-15T13:38:46","guid":{"rendered":"https:\/\/skin-heal.com\/?post_type=product&#038;p=21321"},"modified":"2022-06-15T18:03:24","modified_gmt":"2022-06-15T18:03:24","slug":"teosyal-first-lines-2-x-0-7-ml","status":"publish","type":"product","link":"https:\/\/skin-heal.com\/es\/producto\/teosyal-first-lines-2-x-0-7-ml\/","title":{"rendered":"Teosyal Primeras L\u00edneas (2 x 0,7 ml)"},"content":{"rendered":"","protected":false},"excerpt":{"rendered":"<p>Teosyal First Lines es un programa de f\u00e1cil acceso para los pacientes. <strong>relleno d\u00e9rmico<\/strong> con impresionantes propiedades antiarrugas. Desarrollado y producido por la empresa suiza Teoxane Laboratories, este producto elimina eficazmente las l\u00edneas finas y <em>arrugas poco profundas en la zona perioral y periorbital<\/em>. Como esta soluci\u00f3n de rejuvenecimiento cosm\u00e9tico se basa en el \u00e1cido hialur\u00f3nico purificado, tambi\u00e9n mejora la elasticidad de la piel a trav\u00e9s de la hidrataci\u00f3n profunda. Esta inyecci\u00f3n de relleno es segura, y puede utilizarse incluso en pacientes con piel sensible.<\/p>","protected":false},"featured_media":0,"template":"","meta":[],"product_brand":[],"product_cat":[79,50,72],"product_tag":[125],"class_list":{"0":"post-21321","1":"product","2":"type-product","3":"status-publish","5":"product_cat-dermal-fillers","6":"product_cat-teosyal","7":"product_cat-teoxane","8":"product_tag-backorder","9":"clearfix","11":"first","12":"outofstock","13":"taxable","14":"shipping-taxable","15":"purchasable","16":"product-type-simple"},"yoast_head":"<!-- This site is optimized with the Yoast SEO plugin v27.3 - https:\/\/yoast.com\/product\/yoast-seo-wordpress\/ -->\n<title>Teosyal First Lines (2 x 0.7 ml) - Skin Heal<\/title>\n<meta name=\"description\" content=\"Teosyal First Lines has impressive anti-wrinkle properties. Risk-free dermal filler Teosyal First Lines removes fine lines around the mouth and the eyes.\" \/>\n<meta name=\"robots\" content=\"index, follow, max-snippet:-1, max-image-preview:large, max-video-preview:-1\" \/>\n<link rel=\"canonical\" href=\"https:\/\/skin-heal.com\/es\/producto\/teosyal-first-lines-2-x-0-7-ml\/\" \/>\n<meta property=\"og:locale\" content=\"es_MX\" \/>\n<meta property=\"og:type\" content=\"article\" \/>\n<meta property=\"og:title\" content=\"Teosyal First Lines (2 x 0.7 ml) - Skin Heal\" \/>\n<meta property=\"og:description\" content=\"Teosyal First Lines has impressive anti-wrinkle properties. Risk-free dermal filler Teosyal First Lines removes fine lines around the mouth and the eyes.\" \/>\n<meta property=\"og:url\" content=\"https:\/\/skin-heal.com\/es\/producto\/teosyal-first-lines-2-x-0-7-ml\/\" \/>\n<meta property=\"og:site_name\" content=\"Skin Heal\" \/>\n<meta property=\"article:modified_time\" content=\"2022-06-15T18:03:24+00:00\" \/>\n<meta property=\"og:image\" content=\"https:\/\/cdn.skin-heal.com\/wp-content\/uploads\/2018\/11\/SH-logo-3.png\" \/>\n\t<meta property=\"og:image:width\" content=\"350\" \/>\n\t<meta property=\"og:image:height\" content=\"139\" \/>\n\t<meta property=\"og:image:type\" content=\"image\/png\" \/>\n<meta name=\"twitter:card\" content=\"summary_large_image\" \/>\n<script type=\"application\/ld+json\" class=\"yoast-schema-graph\">{\"@context\":\"https:\\\/\\\/schema.org\",\"@graph\":[{\"@type\":\"WebPage\",\"@id\":\"https:\\\/\\\/skin-heal.com\\\/product\\\/teosyal-first-lines-2-x-0-7-ml\\\/\",\"url\":\"https:\\\/\\\/skin-heal.com\\\/product\\\/teosyal-first-lines-2-x-0-7-ml\\\/\",\"name\":\"Teosyal First Lines (2 x 0.7 ml) - Skin Heal\",\"isPartOf\":{\"@id\":\"https:\\\/\\\/skin-heal.com\\\/#website\"},\"datePublished\":\"2020-05-15T13:38:46+00:00\",\"dateModified\":\"2022-06-15T18:03:24+00:00\",\"description\":\"Teosyal First Lines has impressive anti-wrinkle properties. Risk-free dermal filler Teosyal First Lines removes fine lines around the mouth and the eyes.\",\"breadcrumb\":{\"@id\":\"https:\\\/\\\/skin-heal.com\\\/product\\\/teosyal-first-lines-2-x-0-7-ml\\\/#breadcrumb\"},\"inLanguage\":\"es\",\"potentialAction\":[{\"@type\":\"ReadAction\",\"target\":[\"https:\\\/\\\/skin-heal.com\\\/product\\\/teosyal-first-lines-2-x-0-7-ml\\\/\"]}]},{\"@type\":\"BreadcrumbList\",\"@id\":\"https:\\\/\\\/skin-heal.com\\\/product\\\/teosyal-first-lines-2-x-0-7-ml\\\/#breadcrumb\",\"itemListElement\":[{\"@type\":\"ListItem\",\"position\":1,\"name\":\"Home\",\"item\":\"https:\\\/\\\/skin-heal.com\\\/\"},{\"@type\":\"ListItem\",\"position\":2,\"name\":\"Store\",\"item\":\"https:\\\/\\\/skin-heal.com\\\/store\\\/\"},{\"@type\":\"ListItem\",\"position\":3,\"name\":\"Teosyal First Lines (2 x 0.7 ml)\"}]},{\"@type\":\"WebSite\",\"@id\":\"https:\\\/\\\/skin-heal.com\\\/#website\",\"url\":\"https:\\\/\\\/skin-heal.com\\\/\",\"name\":\"Skin Heal\",\"description\":\"Lowest Prices for Dermal Fillers\",\"potentialAction\":[{\"@type\":\"SearchAction\",\"target\":{\"@type\":\"EntryPoint\",\"urlTemplate\":\"https:\\\/\\\/skin-heal.com\\\/?s={search_term_string}\"},\"query-input\":{\"@type\":\"PropertyValueSpecification\",\"valueRequired\":true,\"valueName\":\"search_term_string\"}}],\"inLanguage\":\"es\"}]}<\/script>\n<!-- \/ Yoast SEO plugin. -->","yoast_head_json":{"title":"Teosyal Primeras L\u00edneas (2 x 0,7 ml) - Skin Heal","description":"Teosyal Primeras L\u00edneas tiene impresionantes propiedades antiarrugas. Sin riesgo de relleno d\u00e9rmico Teosyal Primeras L\u00edneas elimina las l\u00edneas finas alrededor de la boca y los ojos.","robots":{"index":"index","follow":"follow","max-snippet":"max-snippet:-1","max-image-preview":"max-image-preview:large","max-video-preview":"max-video-preview:-1"},"canonical":"https:\/\/skin-heal.com\/es\/producto\/teosyal-first-lines-2-x-0-7-ml\/","og_locale":"es_MX","og_type":"article","og_title":"Teosyal First Lines (2 x 0.7 ml) - Skin Heal","og_description":"Teosyal First Lines has impressive anti-wrinkle properties. Risk-free dermal filler Teosyal First Lines removes fine lines around the mouth and the eyes.","og_url":"https:\/\/skin-heal.com\/es\/producto\/teosyal-first-lines-2-x-0-7-ml\/","og_site_name":"Skin Heal","article_modified_time":"2022-06-15T18:03:24+00:00","og_image":[{"width":350,"height":139,"url":"https:\/\/cdn.skin-heal.com\/wp-content\/uploads\/2018\/11\/SH-logo-3.png","type":"image\/png"}],"twitter_card":"summary_large_image","schema":{"@context":"https:\/\/schema.org","@graph":[{"@type":"WebPage","@id":"https:\/\/skin-heal.com\/product\/teosyal-first-lines-2-x-0-7-ml\/","url":"https:\/\/skin-heal.com\/product\/teosyal-first-lines-2-x-0-7-ml\/","name":"Teosyal Primeras L\u00edneas (2 x 0,7 ml) - Skin Heal","isPartOf":{"@id":"https:\/\/skin-heal.com\/#website"},"datePublished":"2020-05-15T13:38:46+00:00","dateModified":"2022-06-15T18:03:24+00:00","description":"Teosyal Primeras L\u00edneas tiene impresionantes propiedades antiarrugas. Sin riesgo de relleno d\u00e9rmico Teosyal Primeras L\u00edneas elimina las l\u00edneas finas alrededor de la boca y los ojos.","breadcrumb":{"@id":"https:\/\/skin-heal.com\/product\/teosyal-first-lines-2-x-0-7-ml\/#breadcrumb"},"inLanguage":"es","potentialAction":[{"@type":"ReadAction","target":["https:\/\/skin-heal.com\/product\/teosyal-first-lines-2-x-0-7-ml\/"]}]},{"@type":"BreadcrumbList","@id":"https:\/\/skin-heal.com\/product\/teosyal-first-lines-2-x-0-7-ml\/#breadcrumb","itemListElement":[{"@type":"ListItem","position":1,"name":"Home","item":"https:\/\/skin-heal.com\/"},{"@type":"ListItem","position":2,"name":"Store","item":"https:\/\/skin-heal.com\/store\/"},{"@type":"ListItem","position":3,"name":"Teosyal First Lines (2 x 0.7 ml)"}]},{"@type":"WebSite","@id":"https:\/\/skin-heal.com\/#website","url":"https:\/\/skin-heal.com\/","name":"Curaci\u00f3n de la piel","description":"Los precios m\u00e1s bajos para los rellenos d\u00e9rmicos","potentialAction":[{"@type":"SearchAction","target":{"@type":"EntryPoint","urlTemplate":"https:\/\/skin-heal.com\/?s={search_term_string}"},"query-input":{"@type":"PropertyValueSpecification","valueRequired":true,"valueName":"search_term_string"}}],"inLanguage":"es"}]}},"_links":{"self":[{"href":"https:\/\/skin-heal.com\/es\/wp-json\/wp\/v2\/product\/21321","targetHints":{"allow":["GET"]}}],"collection":[{"href":"https:\/\/skin-heal.com\/es\/wp-json\/wp\/v2\/product"}],"about":[{"href":"https:\/\/skin-heal.com\/es\/wp-json\/wp\/v2\/types\/product"}],"wp:attachment":[{"href":"https:\/\/skin-heal.com\/es\/wp-json\/wp\/v2\/media?parent=21321"}],"wp:term":[{"taxonomy":"product_brand","embeddable":true,"href":"https:\/\/skin-heal.com\/es\/wp-json\/wp\/v2\/product_brand?post=21321"},{"taxonomy":"product_cat","embeddable":true,"href":"https:\/\/skin-heal.com\/es\/wp-json\/wp\/v2\/product_cat?post=21321"},{"taxonomy":"product_tag","embeddable":true,"href":"https:\/\/skin-heal.com\/es\/wp-json\/wp\/v2\/product_tag?post=21321"}],"curies":[{"name":"wp","href":"https:\/\/api.w.org\/{rel}","templated":true}]}}