{"id":21324,"date":"2020-05-15T13:46:13","date_gmt":"2020-05-15T13:46:13","guid":{"rendered":"https:\/\/skin-heal.com\/?post_type=product&#038;p=21324"},"modified":"2022-06-15T18:03:23","modified_gmt":"2022-06-15T18:03:23","slug":"teosyal-touch-up-2-x-0-5ml","status":"publish","type":"product","link":"https:\/\/skin-heal.com\/es\/producto\/teosyal-touch-up-2-x-0-5ml\/","title":{"rendered":"Teosyal Touch Up (2 x 0,5ml)"},"content":{"rendered":"","protected":false},"excerpt":{"rendered":"<p>Teosyal Touch Up de los Laboratorios Teoxane ha sido dise\u00f1ado para ser utilizado en sesiones de retoque. Se trata de un relleno de \u00e1cido hialur\u00f3nico de alto rendimiento que se puede aplicar despu\u00e9s de la primera inyecci\u00f3n de relleno para <em>prolongar los efectos del tratamiento original<\/em>. Tiene una duraci\u00f3n de hasta 9 meses, y es ideal para la eliminaci\u00f3n de todo tipo de arrugas medias. Gracias a su f\u00f3rmula avanzada y purificada, este producto es respetuoso con las pieles sensibles.<\/p>","protected":false},"featured_media":0,"template":"","meta":[],"product_brand":[],"product_cat":[79,50,72],"product_tag":[125],"class_list":{"0":"post-21324","1":"product","2":"type-product","3":"status-publish","5":"product_cat-dermal-fillers","6":"product_cat-teosyal","7":"product_cat-teoxane","8":"product_tag-backorder","9":"clearfix","11":"first","12":"outofstock","13":"taxable","14":"shipping-taxable","15":"purchasable","16":"product-type-simple"},"yoast_head":"<!-- This site is optimized with the Yoast SEO plugin v27.3 - https:\/\/yoast.com\/product\/yoast-seo-wordpress\/ -->\n<title>Teosyal Touch Up (2 x 0.5ml) - Skin Heal<\/title>\n<meta name=\"description\" content=\"Advanced soft-tissue filler Teosyal Touch Up is used for touch-up sessions. Teosyal Touch Up removes moderate wrinkles and lasts up to 9 months.\" \/>\n<meta name=\"robots\" content=\"index, follow, max-snippet:-1, max-image-preview:large, max-video-preview:-1\" \/>\n<link rel=\"canonical\" href=\"https:\/\/skin-heal.com\/es\/producto\/teosyal-touch-up-2-x-0-5ml\/\" \/>\n<meta property=\"og:locale\" content=\"es_MX\" \/>\n<meta property=\"og:type\" content=\"article\" \/>\n<meta property=\"og:title\" content=\"Teosyal Touch Up (2 x 0.5ml) - Skin Heal\" \/>\n<meta property=\"og:description\" content=\"Advanced soft-tissue filler Teosyal Touch Up is used for touch-up sessions. Teosyal Touch Up removes moderate wrinkles and lasts up to 9 months.\" \/>\n<meta property=\"og:url\" content=\"https:\/\/skin-heal.com\/es\/producto\/teosyal-touch-up-2-x-0-5ml\/\" \/>\n<meta property=\"og:site_name\" content=\"Skin Heal\" \/>\n<meta property=\"article:modified_time\" content=\"2022-06-15T18:03:23+00:00\" \/>\n<meta property=\"og:image\" content=\"https:\/\/cdn.skin-heal.com\/wp-content\/uploads\/2018\/11\/SH-logo-3.png\" \/>\n\t<meta property=\"og:image:width\" content=\"350\" \/>\n\t<meta property=\"og:image:height\" content=\"139\" \/>\n\t<meta property=\"og:image:type\" content=\"image\/png\" \/>\n<meta name=\"twitter:card\" content=\"summary_large_image\" \/>\n<script type=\"application\/ld+json\" class=\"yoast-schema-graph\">{\"@context\":\"https:\\\/\\\/schema.org\",\"@graph\":[{\"@type\":\"WebPage\",\"@id\":\"https:\\\/\\\/skin-heal.com\\\/product\\\/teosyal-touch-up-2-x-0-5ml\\\/\",\"url\":\"https:\\\/\\\/skin-heal.com\\\/product\\\/teosyal-touch-up-2-x-0-5ml\\\/\",\"name\":\"Teosyal Touch Up (2 x 0.5ml) - Skin Heal\",\"isPartOf\":{\"@id\":\"https:\\\/\\\/skin-heal.com\\\/#website\"},\"datePublished\":\"2020-05-15T13:46:13+00:00\",\"dateModified\":\"2022-06-15T18:03:23+00:00\",\"description\":\"Advanced soft-tissue filler Teosyal Touch Up is used for touch-up sessions. Teosyal Touch Up removes moderate wrinkles and lasts up to 9 months.\",\"breadcrumb\":{\"@id\":\"https:\\\/\\\/skin-heal.com\\\/product\\\/teosyal-touch-up-2-x-0-5ml\\\/#breadcrumb\"},\"inLanguage\":\"es\",\"potentialAction\":[{\"@type\":\"ReadAction\",\"target\":[\"https:\\\/\\\/skin-heal.com\\\/product\\\/teosyal-touch-up-2-x-0-5ml\\\/\"]}]},{\"@type\":\"BreadcrumbList\",\"@id\":\"https:\\\/\\\/skin-heal.com\\\/product\\\/teosyal-touch-up-2-x-0-5ml\\\/#breadcrumb\",\"itemListElement\":[{\"@type\":\"ListItem\",\"position\":1,\"name\":\"Home\",\"item\":\"https:\\\/\\\/skin-heal.com\\\/\"},{\"@type\":\"ListItem\",\"position\":2,\"name\":\"Store\",\"item\":\"https:\\\/\\\/skin-heal.com\\\/store\\\/\"},{\"@type\":\"ListItem\",\"position\":3,\"name\":\"Teosyal Touch Up (2 x 0.5ml)\"}]},{\"@type\":\"WebSite\",\"@id\":\"https:\\\/\\\/skin-heal.com\\\/#website\",\"url\":\"https:\\\/\\\/skin-heal.com\\\/\",\"name\":\"Skin Heal\",\"description\":\"Lowest Prices for Dermal Fillers\",\"potentialAction\":[{\"@type\":\"SearchAction\",\"target\":{\"@type\":\"EntryPoint\",\"urlTemplate\":\"https:\\\/\\\/skin-heal.com\\\/?s={search_term_string}\"},\"query-input\":{\"@type\":\"PropertyValueSpecification\",\"valueRequired\":true,\"valueName\":\"search_term_string\"}}],\"inLanguage\":\"es\"}]}<\/script>\n<!-- \/ Yoast SEO plugin. -->","yoast_head_json":{"title":"Teosyal Retoque (2 x 0,5ml) - Skin Heal","description":"El relleno avanzado de tejidos blandos Teosyal Touch Up se utiliza para sesiones de retoque. Teosyal Touch Up elimina las arrugas moderadas y dura hasta 9 meses.","robots":{"index":"index","follow":"follow","max-snippet":"max-snippet:-1","max-image-preview":"max-image-preview:large","max-video-preview":"max-video-preview:-1"},"canonical":"https:\/\/skin-heal.com\/es\/producto\/teosyal-touch-up-2-x-0-5ml\/","og_locale":"es_MX","og_type":"article","og_title":"Teosyal Touch Up (2 x 0.5ml) - Skin Heal","og_description":"Advanced soft-tissue filler Teosyal Touch Up is used for touch-up sessions. Teosyal Touch Up removes moderate wrinkles and lasts up to 9 months.","og_url":"https:\/\/skin-heal.com\/es\/producto\/teosyal-touch-up-2-x-0-5ml\/","og_site_name":"Skin Heal","article_modified_time":"2022-06-15T18:03:23+00:00","og_image":[{"width":350,"height":139,"url":"https:\/\/cdn.skin-heal.com\/wp-content\/uploads\/2018\/11\/SH-logo-3.png","type":"image\/png"}],"twitter_card":"summary_large_image","schema":{"@context":"https:\/\/schema.org","@graph":[{"@type":"WebPage","@id":"https:\/\/skin-heal.com\/product\/teosyal-touch-up-2-x-0-5ml\/","url":"https:\/\/skin-heal.com\/product\/teosyal-touch-up-2-x-0-5ml\/","name":"Teosyal Retoque (2 x 0,5ml) - Skin Heal","isPartOf":{"@id":"https:\/\/skin-heal.com\/#website"},"datePublished":"2020-05-15T13:46:13+00:00","dateModified":"2022-06-15T18:03:23+00:00","description":"El relleno avanzado de tejidos blandos Teosyal Touch Up se utiliza para sesiones de retoque. Teosyal Touch Up elimina las arrugas moderadas y dura hasta 9 meses.","breadcrumb":{"@id":"https:\/\/skin-heal.com\/product\/teosyal-touch-up-2-x-0-5ml\/#breadcrumb"},"inLanguage":"es","potentialAction":[{"@type":"ReadAction","target":["https:\/\/skin-heal.com\/product\/teosyal-touch-up-2-x-0-5ml\/"]}]},{"@type":"BreadcrumbList","@id":"https:\/\/skin-heal.com\/product\/teosyal-touch-up-2-x-0-5ml\/#breadcrumb","itemListElement":[{"@type":"ListItem","position":1,"name":"Home","item":"https:\/\/skin-heal.com\/"},{"@type":"ListItem","position":2,"name":"Store","item":"https:\/\/skin-heal.com\/store\/"},{"@type":"ListItem","position":3,"name":"Teosyal Touch Up (2 x 0.5ml)"}]},{"@type":"WebSite","@id":"https:\/\/skin-heal.com\/#website","url":"https:\/\/skin-heal.com\/","name":"Curaci\u00f3n de la piel","description":"Los precios m\u00e1s bajos para los rellenos d\u00e9rmicos","potentialAction":[{"@type":"SearchAction","target":{"@type":"EntryPoint","urlTemplate":"https:\/\/skin-heal.com\/?s={search_term_string}"},"query-input":{"@type":"PropertyValueSpecification","valueRequired":true,"valueName":"search_term_string"}}],"inLanguage":"es"}]}},"_links":{"self":[{"href":"https:\/\/skin-heal.com\/es\/wp-json\/wp\/v2\/product\/21324","targetHints":{"allow":["GET"]}}],"collection":[{"href":"https:\/\/skin-heal.com\/es\/wp-json\/wp\/v2\/product"}],"about":[{"href":"https:\/\/skin-heal.com\/es\/wp-json\/wp\/v2\/types\/product"}],"wp:attachment":[{"href":"https:\/\/skin-heal.com\/es\/wp-json\/wp\/v2\/media?parent=21324"}],"wp:term":[{"taxonomy":"product_brand","embeddable":true,"href":"https:\/\/skin-heal.com\/es\/wp-json\/wp\/v2\/product_brand?post=21324"},{"taxonomy":"product_cat","embeddable":true,"href":"https:\/\/skin-heal.com\/es\/wp-json\/wp\/v2\/product_cat?post=21324"},{"taxonomy":"product_tag","embeddable":true,"href":"https:\/\/skin-heal.com\/es\/wp-json\/wp\/v2\/product_tag?post=21324"}],"curies":[{"name":"wp","href":"https:\/\/api.w.org\/{rel}","templated":true}]}}