{"id":21325,"date":"2020-05-15T13:47:56","date_gmt":"2020-05-15T13:47:56","guid":{"rendered":"https:\/\/skin-heal.com\/?post_type=product&#038;p=21325"},"modified":"2022-06-15T18:03:23","modified_gmt":"2022-06-15T18:03:23","slug":"teosyal-meso-2-x-1ml","status":"publish","type":"product","link":"https:\/\/skin-heal.com\/es\/producto\/teosyal-meso-2-x-1ml\/","title":{"rendered":"Teosyal Meso (2 x 1ml)"},"content":{"rendered":"","protected":false},"excerpt":{"rendered":"<p>Teosyal Meso es una nueva generaci\u00f3n de <strong>inyecci\u00f3n de mesoterapia<\/strong> que es ideal para el tratamiento de pacientes con <em>piel joven deshidratada<\/em>. Este producto est\u00e1 basado en \u00c1cido Hialur\u00f3nico no reticulado y tiene excelentes propiedades hidratantes. El objetivo principal de esta soluci\u00f3n inyectable sin riesgo es ralentizar el proceso de envejecimiento y prevenir la formaci\u00f3n de arrugas superficiales. Se puede inyectar de forma indolora no s\u00f3lo en la cara, sino tambi\u00e9n en el escote y las manos.<\/p>","protected":false},"featured_media":0,"template":"","meta":[],"product_brand":[],"product_cat":[80,50,72],"product_tag":[125],"class_list":{"0":"post-21325","1":"product","2":"type-product","3":"status-publish","5":"product_cat-mesotherapy","6":"product_cat-teosyal","7":"product_cat-teoxane","8":"product_tag-backorder","9":"clearfix","11":"first","12":"outofstock","13":"taxable","14":"shipping-taxable","15":"purchasable","16":"product-type-simple"},"yoast_head":"<!-- This site is optimized with the Yoast SEO plugin v27.3 - https:\/\/yoast.com\/product\/yoast-seo-wordpress\/ -->\n<title>Teosyal Meso (2 x 1ml) - Skin Heal<\/title>\n<meta name=\"description\" content=\"Teosyal Meso is an innovative mesotherapy injection. Rely on Teosyal Meso to prevent the premature formation of wrinkles on the face, neck, and more.\" \/>\n<meta name=\"robots\" content=\"index, follow, max-snippet:-1, max-image-preview:large, max-video-preview:-1\" \/>\n<link rel=\"canonical\" href=\"https:\/\/skin-heal.com\/es\/producto\/teosyal-meso-2-x-1ml\/\" \/>\n<meta property=\"og:locale\" content=\"es_MX\" \/>\n<meta property=\"og:type\" content=\"article\" \/>\n<meta property=\"og:title\" content=\"Teosyal Meso (2 x 1ml) - Skin Heal\" \/>\n<meta property=\"og:description\" content=\"Teosyal Meso is an innovative mesotherapy injection. Rely on Teosyal Meso to prevent the premature formation of wrinkles on the face, neck, and more.\" \/>\n<meta property=\"og:url\" content=\"https:\/\/skin-heal.com\/es\/producto\/teosyal-meso-2-x-1ml\/\" \/>\n<meta property=\"og:site_name\" content=\"Skin Heal\" \/>\n<meta property=\"article:modified_time\" content=\"2022-06-15T18:03:23+00:00\" \/>\n<meta property=\"og:image\" content=\"https:\/\/cdn.skin-heal.com\/wp-content\/uploads\/2018\/11\/SH-logo-3.png\" \/>\n\t<meta property=\"og:image:width\" content=\"350\" \/>\n\t<meta property=\"og:image:height\" content=\"139\" \/>\n\t<meta property=\"og:image:type\" content=\"image\/png\" \/>\n<meta name=\"twitter:card\" content=\"summary_large_image\" \/>\n<script type=\"application\/ld+json\" class=\"yoast-schema-graph\">{\"@context\":\"https:\\\/\\\/schema.org\",\"@graph\":[{\"@type\":\"WebPage\",\"@id\":\"https:\\\/\\\/skin-heal.com\\\/product\\\/teosyal-meso-2-x-1ml\\\/\",\"url\":\"https:\\\/\\\/skin-heal.com\\\/product\\\/teosyal-meso-2-x-1ml\\\/\",\"name\":\"Teosyal Meso (2 x 1ml) - Skin Heal\",\"isPartOf\":{\"@id\":\"https:\\\/\\\/skin-heal.com\\\/#website\"},\"datePublished\":\"2020-05-15T13:47:56+00:00\",\"dateModified\":\"2022-06-15T18:03:23+00:00\",\"description\":\"Teosyal Meso is an innovative mesotherapy injection. Rely on Teosyal Meso to prevent the premature formation of wrinkles on the face, neck, and more.\",\"breadcrumb\":{\"@id\":\"https:\\\/\\\/skin-heal.com\\\/product\\\/teosyal-meso-2-x-1ml\\\/#breadcrumb\"},\"inLanguage\":\"es\",\"potentialAction\":[{\"@type\":\"ReadAction\",\"target\":[\"https:\\\/\\\/skin-heal.com\\\/product\\\/teosyal-meso-2-x-1ml\\\/\"]}]},{\"@type\":\"BreadcrumbList\",\"@id\":\"https:\\\/\\\/skin-heal.com\\\/product\\\/teosyal-meso-2-x-1ml\\\/#breadcrumb\",\"itemListElement\":[{\"@type\":\"ListItem\",\"position\":1,\"name\":\"Home\",\"item\":\"https:\\\/\\\/skin-heal.com\\\/\"},{\"@type\":\"ListItem\",\"position\":2,\"name\":\"Store\",\"item\":\"https:\\\/\\\/skin-heal.com\\\/store\\\/\"},{\"@type\":\"ListItem\",\"position\":3,\"name\":\"Teosyal Meso (2 x 1ml)\"}]},{\"@type\":\"WebSite\",\"@id\":\"https:\\\/\\\/skin-heal.com\\\/#website\",\"url\":\"https:\\\/\\\/skin-heal.com\\\/\",\"name\":\"Skin Heal\",\"description\":\"Lowest Prices for Dermal Fillers\",\"potentialAction\":[{\"@type\":\"SearchAction\",\"target\":{\"@type\":\"EntryPoint\",\"urlTemplate\":\"https:\\\/\\\/skin-heal.com\\\/?s={search_term_string}\"},\"query-input\":{\"@type\":\"PropertyValueSpecification\",\"valueRequired\":true,\"valueName\":\"search_term_string\"}}],\"inLanguage\":\"es\"}]}<\/script>\n<!-- \/ Yoast SEO plugin. -->","yoast_head_json":{"title":"Teosyal Meso (2 x 1ml) - Skin Heal","description":"Teosyal Meso es una innovadora inyecci\u00f3n de mesoterapia. Conf\u00ede en Teosyal Meso para prevenir la formaci\u00f3n prematura de arrugas en la cara, el cuello y m\u00e1s.","robots":{"index":"index","follow":"follow","max-snippet":"max-snippet:-1","max-image-preview":"max-image-preview:large","max-video-preview":"max-video-preview:-1"},"canonical":"https:\/\/skin-heal.com\/es\/producto\/teosyal-meso-2-x-1ml\/","og_locale":"es_MX","og_type":"article","og_title":"Teosyal Meso (2 x 1ml) - Skin Heal","og_description":"Teosyal Meso is an innovative mesotherapy injection. Rely on Teosyal Meso to prevent the premature formation of wrinkles on the face, neck, and more.","og_url":"https:\/\/skin-heal.com\/es\/producto\/teosyal-meso-2-x-1ml\/","og_site_name":"Skin Heal","article_modified_time":"2022-06-15T18:03:23+00:00","og_image":[{"width":350,"height":139,"url":"https:\/\/cdn.skin-heal.com\/wp-content\/uploads\/2018\/11\/SH-logo-3.png","type":"image\/png"}],"twitter_card":"summary_large_image","schema":{"@context":"https:\/\/schema.org","@graph":[{"@type":"WebPage","@id":"https:\/\/skin-heal.com\/product\/teosyal-meso-2-x-1ml\/","url":"https:\/\/skin-heal.com\/product\/teosyal-meso-2-x-1ml\/","name":"Teosyal Meso (2 x 1ml) - Skin Heal","isPartOf":{"@id":"https:\/\/skin-heal.com\/#website"},"datePublished":"2020-05-15T13:47:56+00:00","dateModified":"2022-06-15T18:03:23+00:00","description":"Teosyal Meso es una innovadora inyecci\u00f3n de mesoterapia. Conf\u00ede en Teosyal Meso para prevenir la formaci\u00f3n prematura de arrugas en la cara, el cuello y m\u00e1s.","breadcrumb":{"@id":"https:\/\/skin-heal.com\/product\/teosyal-meso-2-x-1ml\/#breadcrumb"},"inLanguage":"es","potentialAction":[{"@type":"ReadAction","target":["https:\/\/skin-heal.com\/product\/teosyal-meso-2-x-1ml\/"]}]},{"@type":"BreadcrumbList","@id":"https:\/\/skin-heal.com\/product\/teosyal-meso-2-x-1ml\/#breadcrumb","itemListElement":[{"@type":"ListItem","position":1,"name":"Home","item":"https:\/\/skin-heal.com\/"},{"@type":"ListItem","position":2,"name":"Store","item":"https:\/\/skin-heal.com\/store\/"},{"@type":"ListItem","position":3,"name":"Teosyal Meso (2 x 1ml)"}]},{"@type":"WebSite","@id":"https:\/\/skin-heal.com\/#website","url":"https:\/\/skin-heal.com\/","name":"Curaci\u00f3n de la piel","description":"Los precios m\u00e1s bajos para los rellenos d\u00e9rmicos","potentialAction":[{"@type":"SearchAction","target":{"@type":"EntryPoint","urlTemplate":"https:\/\/skin-heal.com\/?s={search_term_string}"},"query-input":{"@type":"PropertyValueSpecification","valueRequired":true,"valueName":"search_term_string"}}],"inLanguage":"es"}]}},"_links":{"self":[{"href":"https:\/\/skin-heal.com\/es\/wp-json\/wp\/v2\/product\/21325","targetHints":{"allow":["GET"]}}],"collection":[{"href":"https:\/\/skin-heal.com\/es\/wp-json\/wp\/v2\/product"}],"about":[{"href":"https:\/\/skin-heal.com\/es\/wp-json\/wp\/v2\/types\/product"}],"wp:attachment":[{"href":"https:\/\/skin-heal.com\/es\/wp-json\/wp\/v2\/media?parent=21325"}],"wp:term":[{"taxonomy":"product_brand","embeddable":true,"href":"https:\/\/skin-heal.com\/es\/wp-json\/wp\/v2\/product_brand?post=21325"},{"taxonomy":"product_cat","embeddable":true,"href":"https:\/\/skin-heal.com\/es\/wp-json\/wp\/v2\/product_cat?post=21325"},{"taxonomy":"product_tag","embeddable":true,"href":"https:\/\/skin-heal.com\/es\/wp-json\/wp\/v2\/product_tag?post=21325"}],"curies":[{"name":"wp","href":"https:\/\/api.w.org\/{rel}","templated":true}]}}