{"id":21326,"date":"2020-05-15T13:50:05","date_gmt":"2020-05-15T13:50:05","guid":{"rendered":"https:\/\/skin-heal.com\/?post_type=product&#038;p=21326"},"modified":"2022-06-15T18:03:22","modified_gmt":"2022-06-15T18:03:22","slug":"teosyal-puresense-ultimate-1-x-3-ml","status":"publish","type":"product","link":"https:\/\/skin-heal.com\/es\/producto\/teosyal-puresense-ultimate-1-x-3-ml\/","title":{"rendered":"Teosyal PureSense Ultimate (1 x 3 ml)"},"content":{"rendered":"","protected":false},"excerpt":{"rendered":"<p>Relleno de calidad para tejidos blandos Teosyal Ultimate PureSense <strong>a\u00f1ade volumen al rostro<\/strong> para mejorar su contorno y realzar el aspecto de los p\u00f3mulos y el ment\u00f3n. Su f\u00f3rmula se infunde con un anest\u00e9sico local para garantizar que los pacientes disfruten de una experiencia de tratamiento sin dolor. Tambi\u00e9n es el relleno d\u00e9rmico Teosyal m\u00e1s duradero. Sus efectos tardan hasta 18 meses en desaparecer. Por ello, no es necesario realizar tratamientos de mantenimiento con mucha frecuencia.<\/p>","protected":false},"featured_media":21315,"template":"","meta":[],"product_brand":[],"product_cat":[79,50,72],"product_tag":[125],"class_list":{"0":"post-21326","1":"product","2":"type-product","3":"status-publish","4":"has-post-thumbnail","6":"product_cat-dermal-fillers","7":"product_cat-teosyal","8":"product_cat-teoxane","9":"product_tag-backorder","10":"clearfix","12":"first","13":"outofstock","14":"taxable","15":"shipping-taxable","16":"purchasable","17":"product-type-simple"},"yoast_head":"<!-- This site is optimized with the Yoast SEO plugin v27.3 - https:\/\/yoast.com\/product\/yoast-seo-wordpress\/ -->\n<title>Teosyal PureSense Ultimate (1 x 3 ml) - Skin Heal<\/title>\n<meta name=\"description\" content=\"Teosyal Ultimate PureSense by Teoxane provides painless facial contouring and augmentation. Skin filler Teosyal Ultimate PureSense is lasting and HA-based.\" \/>\n<meta name=\"robots\" content=\"index, follow, max-snippet:-1, max-image-preview:large, max-video-preview:-1\" \/>\n<link rel=\"canonical\" href=\"https:\/\/skin-heal.com\/es\/producto\/teosyal-puresense-ultimate-1-x-3-ml\/\" \/>\n<meta property=\"og:locale\" content=\"es_MX\" \/>\n<meta property=\"og:type\" content=\"article\" \/>\n<meta property=\"og:title\" content=\"Teosyal PureSense Ultimate (1 x 3 ml) - Skin Heal\" \/>\n<meta property=\"og:description\" content=\"Teosyal Ultimate PureSense by Teoxane provides painless facial contouring and augmentation. Skin filler Teosyal Ultimate PureSense is lasting and HA-based.\" \/>\n<meta property=\"og:url\" content=\"https:\/\/skin-heal.com\/es\/producto\/teosyal-puresense-ultimate-1-x-3-ml\/\" \/>\n<meta property=\"og:site_name\" content=\"Skin Heal\" \/>\n<meta property=\"article:modified_time\" content=\"2022-06-15T18:03:22+00:00\" \/>\n<meta property=\"og:image\" content=\"https:\/\/cdn.skin-heal.com\/wp-content\/uploads\/2020\/05\/Teosyal-Puresense-Ultimate-Single-3ml.jpg\" \/>\n\t<meta property=\"og:image:width\" content=\"600\" \/>\n\t<meta property=\"og:image:height\" content=\"600\" \/>\n\t<meta property=\"og:image:type\" content=\"image\/jpeg\" \/>\n<meta name=\"twitter:card\" content=\"summary_large_image\" \/>\n<script type=\"application\/ld+json\" class=\"yoast-schema-graph\">{\"@context\":\"https:\\\/\\\/schema.org\",\"@graph\":[{\"@type\":\"WebPage\",\"@id\":\"https:\\\/\\\/skin-heal.com\\\/product\\\/teosyal-puresense-ultimate-1-x-3-ml\\\/\",\"url\":\"https:\\\/\\\/skin-heal.com\\\/product\\\/teosyal-puresense-ultimate-1-x-3-ml\\\/\",\"name\":\"Teosyal PureSense Ultimate (1 x 3 ml) - Skin Heal\",\"isPartOf\":{\"@id\":\"https:\\\/\\\/skin-heal.com\\\/#website\"},\"primaryImageOfPage\":{\"@id\":\"https:\\\/\\\/skin-heal.com\\\/product\\\/teosyal-puresense-ultimate-1-x-3-ml\\\/#primaryimage\"},\"image\":{\"@id\":\"https:\\\/\\\/skin-heal.com\\\/product\\\/teosyal-puresense-ultimate-1-x-3-ml\\\/#primaryimage\"},\"thumbnailUrl\":\"https:\\\/\\\/skin-heal.com\\\/wp-content\\\/uploads\\\/2020\\\/05\\\/Teosyal-Puresense-Ultimate-Single-3ml.jpg\",\"datePublished\":\"2020-05-15T13:50:05+00:00\",\"dateModified\":\"2022-06-15T18:03:22+00:00\",\"description\":\"Teosyal Ultimate PureSense by Teoxane provides painless facial contouring and augmentation. Skin filler Teosyal Ultimate PureSense is lasting and HA-based.\",\"breadcrumb\":{\"@id\":\"https:\\\/\\\/skin-heal.com\\\/product\\\/teosyal-puresense-ultimate-1-x-3-ml\\\/#breadcrumb\"},\"inLanguage\":\"es\",\"potentialAction\":[{\"@type\":\"ReadAction\",\"target\":[\"https:\\\/\\\/skin-heal.com\\\/product\\\/teosyal-puresense-ultimate-1-x-3-ml\\\/\"]}]},{\"@type\":\"ImageObject\",\"inLanguage\":\"es\",\"@id\":\"https:\\\/\\\/skin-heal.com\\\/product\\\/teosyal-puresense-ultimate-1-x-3-ml\\\/#primaryimage\",\"url\":\"https:\\\/\\\/skin-heal.com\\\/wp-content\\\/uploads\\\/2020\\\/05\\\/Teosyal-Puresense-Ultimate-Single-3ml.jpg\",\"contentUrl\":\"https:\\\/\\\/skin-heal.com\\\/wp-content\\\/uploads\\\/2020\\\/05\\\/Teosyal-Puresense-Ultimate-Single-3ml.jpg\",\"width\":600,\"height\":600,\"caption\":\"Teosyal Puresense Ultimate Single 3ml\"},{\"@type\":\"BreadcrumbList\",\"@id\":\"https:\\\/\\\/skin-heal.com\\\/product\\\/teosyal-puresense-ultimate-1-x-3-ml\\\/#breadcrumb\",\"itemListElement\":[{\"@type\":\"ListItem\",\"position\":1,\"name\":\"Home\",\"item\":\"https:\\\/\\\/skin-heal.com\\\/\"},{\"@type\":\"ListItem\",\"position\":2,\"name\":\"Store\",\"item\":\"https:\\\/\\\/skin-heal.com\\\/store\\\/\"},{\"@type\":\"ListItem\",\"position\":3,\"name\":\"Teosyal PureSense Ultimate (1 x 3 ml)\"}]},{\"@type\":\"WebSite\",\"@id\":\"https:\\\/\\\/skin-heal.com\\\/#website\",\"url\":\"https:\\\/\\\/skin-heal.com\\\/\",\"name\":\"Skin Heal\",\"description\":\"Lowest Prices for Dermal Fillers\",\"potentialAction\":[{\"@type\":\"SearchAction\",\"target\":{\"@type\":\"EntryPoint\",\"urlTemplate\":\"https:\\\/\\\/skin-heal.com\\\/?s={search_term_string}\"},\"query-input\":{\"@type\":\"PropertyValueSpecification\",\"valueRequired\":true,\"valueName\":\"search_term_string\"}}],\"inLanguage\":\"es\"}]}<\/script>\n<!-- \/ Yoast SEO plugin. -->","yoast_head_json":{"title":"Teosyal PureSense Ultimate (1 x 3 ml) - Skin Heal","description":"Teosyal Ultimate PureSense de Teoxane proporciona contorno y aumento facial sin dolor. El relleno cut\u00e1neo Teosyal Ultimate PureSense es duradero y a base de HA.","robots":{"index":"index","follow":"follow","max-snippet":"max-snippet:-1","max-image-preview":"max-image-preview:large","max-video-preview":"max-video-preview:-1"},"canonical":"https:\/\/skin-heal.com\/es\/producto\/teosyal-puresense-ultimate-1-x-3-ml\/","og_locale":"es_MX","og_type":"article","og_title":"Teosyal PureSense Ultimate (1 x 3 ml) - Skin Heal","og_description":"Teosyal Ultimate PureSense by Teoxane provides painless facial contouring and augmentation. Skin filler Teosyal Ultimate PureSense is lasting and HA-based.","og_url":"https:\/\/skin-heal.com\/es\/producto\/teosyal-puresense-ultimate-1-x-3-ml\/","og_site_name":"Skin Heal","article_modified_time":"2022-06-15T18:03:22+00:00","og_image":[{"width":600,"height":600,"url":"https:\/\/cdn.skin-heal.com\/wp-content\/uploads\/2020\/05\/Teosyal-Puresense-Ultimate-Single-3ml.jpg","type":"image\/jpeg"}],"twitter_card":"summary_large_image","schema":{"@context":"https:\/\/schema.org","@graph":[{"@type":"WebPage","@id":"https:\/\/skin-heal.com\/product\/teosyal-puresense-ultimate-1-x-3-ml\/","url":"https:\/\/skin-heal.com\/product\/teosyal-puresense-ultimate-1-x-3-ml\/","name":"Teosyal PureSense Ultimate (1 x 3 ml) - Skin Heal","isPartOf":{"@id":"https:\/\/skin-heal.com\/#website"},"primaryImageOfPage":{"@id":"https:\/\/skin-heal.com\/product\/teosyal-puresense-ultimate-1-x-3-ml\/#primaryimage"},"image":{"@id":"https:\/\/skin-heal.com\/product\/teosyal-puresense-ultimate-1-x-3-ml\/#primaryimage"},"thumbnailUrl":"https:\/\/cdn.skin-heal.com\/wp-content\/uploads\/2020\/05\/Teosyal-Puresense-Ultimate-Single-3ml.jpg","datePublished":"2020-05-15T13:50:05+00:00","dateModified":"2022-06-15T18:03:22+00:00","description":"Teosyal Ultimate PureSense de Teoxane proporciona contorno y aumento facial sin dolor. El relleno cut\u00e1neo Teosyal Ultimate PureSense es duradero y a base de HA.","breadcrumb":{"@id":"https:\/\/skin-heal.com\/product\/teosyal-puresense-ultimate-1-x-3-ml\/#breadcrumb"},"inLanguage":"es","potentialAction":[{"@type":"ReadAction","target":["https:\/\/skin-heal.com\/product\/teosyal-puresense-ultimate-1-x-3-ml\/"]}]},{"@type":"ImageObject","inLanguage":"es","@id":"https:\/\/skin-heal.com\/product\/teosyal-puresense-ultimate-1-x-3-ml\/#primaryimage","url":"https:\/\/cdn.skin-heal.com\/wp-content\/uploads\/2020\/05\/Teosyal-Puresense-Ultimate-Single-3ml.jpg","contentUrl":"https:\/\/cdn.skin-heal.com\/wp-content\/uploads\/2020\/05\/Teosyal-Puresense-Ultimate-Single-3ml.jpg","width":600,"height":600,"caption":"Teosyal Puresense Ultimate Single 3ml"},{"@type":"BreadcrumbList","@id":"https:\/\/skin-heal.com\/product\/teosyal-puresense-ultimate-1-x-3-ml\/#breadcrumb","itemListElement":[{"@type":"ListItem","position":1,"name":"Home","item":"https:\/\/skin-heal.com\/"},{"@type":"ListItem","position":2,"name":"Store","item":"https:\/\/skin-heal.com\/store\/"},{"@type":"ListItem","position":3,"name":"Teosyal PureSense Ultimate (1 x 3 ml)"}]},{"@type":"WebSite","@id":"https:\/\/skin-heal.com\/#website","url":"https:\/\/skin-heal.com\/","name":"Curaci\u00f3n de la piel","description":"Los precios m\u00e1s bajos para los rellenos d\u00e9rmicos","potentialAction":[{"@type":"SearchAction","target":{"@type":"EntryPoint","urlTemplate":"https:\/\/skin-heal.com\/?s={search_term_string}"},"query-input":{"@type":"PropertyValueSpecification","valueRequired":true,"valueName":"search_term_string"}}],"inLanguage":"es"}]}},"_links":{"self":[{"href":"https:\/\/skin-heal.com\/es\/wp-json\/wp\/v2\/product\/21326","targetHints":{"allow":["GET"]}}],"collection":[{"href":"https:\/\/skin-heal.com\/es\/wp-json\/wp\/v2\/product"}],"about":[{"href":"https:\/\/skin-heal.com\/es\/wp-json\/wp\/v2\/types\/product"}],"wp:featuredmedia":[{"embeddable":true,"href":"https:\/\/skin-heal.com\/es\/wp-json\/wp\/v2\/media\/21315"}],"wp:attachment":[{"href":"https:\/\/skin-heal.com\/es\/wp-json\/wp\/v2\/media?parent=21326"}],"wp:term":[{"taxonomy":"product_brand","embeddable":true,"href":"https:\/\/skin-heal.com\/es\/wp-json\/wp\/v2\/product_brand?post=21326"},{"taxonomy":"product_cat","embeddable":true,"href":"https:\/\/skin-heal.com\/es\/wp-json\/wp\/v2\/product_cat?post=21326"},{"taxonomy":"product_tag","embeddable":true,"href":"https:\/\/skin-heal.com\/es\/wp-json\/wp\/v2\/product_tag?post=21326"}],"curies":[{"name":"wp","href":"https:\/\/api.w.org\/{rel}","templated":true}]}}