{"id":21330,"date":"2020-05-15T13:59:05","date_gmt":"2020-05-15T13:59:05","guid":{"rendered":"https:\/\/skin-heal.com\/?post_type=product&#038;p=21330"},"modified":"2022-06-15T18:03:22","modified_gmt":"2022-06-15T18:03:22","slug":"teosyal-ultra-deep-puresense-2-x-1ml","status":"publish","type":"product","link":"https:\/\/skin-heal.com\/es\/producto\/teosyal-ultra-deep-puresense-2-x-1ml\/","title":{"rendered":"Teosyal Ultra Deep PureSense (2 x 1ml)"},"content":{"rendered":"","protected":false},"excerpt":{"rendered":"<p>Teosyal PureSense Ultra Deep es la segunda inyecci\u00f3n de relleno m\u00e1s fuerte y duradera de la l\u00ednea Teosyal. Sin embargo, su aplicaci\u00f3n no causa dolor ni tiempo de inactividad. El principal ingrediente activo de su f\u00f3rmula es el \u00e1cido hialur\u00f3nico biol\u00f3gicamente compatible. Dado que este gel de implante tiene una estructura densa y coherente, es especialmente adecuado para la <em>contorno de p\u00f3mulos y barbilla<\/em>. Aunque esta soluci\u00f3n de rejuvenecimiento de la piel puede lograr resultados espectaculares tras un solo tratamiento, los pacientes disfrutan de un aspecto natural.<\/p>","protected":false},"featured_media":21317,"template":"","meta":[],"product_brand":[],"product_cat":[79,50,72],"product_tag":[125],"class_list":{"0":"post-21330","1":"product","2":"type-product","3":"status-publish","4":"has-post-thumbnail","6":"product_cat-dermal-fillers","7":"product_cat-teosyal","8":"product_cat-teoxane","9":"product_tag-backorder","10":"clearfix","12":"first","13":"outofstock","14":"taxable","15":"shipping-taxable","16":"purchasable","17":"product-type-simple"},"yoast_head":"<!-- This site is optimized with the Yoast SEO plugin v27.3 - https:\/\/yoast.com\/product\/yoast-seo-wordpress\/ -->\n<title>Teosyal Ultra Deep PureSense (2 x 1ml) - Skin Heal<\/title>\n<meta name=\"description\" content=\"Hyaluronic Acid filler Teosyal PureSense Ultra Deep has natural-looking effects. Teosyal Ultra Deep PureSense painlessly battles wrinkles and volume loss.\" \/>\n<meta name=\"robots\" content=\"index, follow, max-snippet:-1, max-image-preview:large, max-video-preview:-1\" \/>\n<link rel=\"canonical\" href=\"https:\/\/skin-heal.com\/es\/producto\/teosyal-ultra-deep-puresense-2-x-1ml\/\" \/>\n<meta property=\"og:locale\" content=\"es_MX\" \/>\n<meta property=\"og:type\" content=\"article\" \/>\n<meta property=\"og:title\" content=\"Teosyal Ultra Deep PureSense (2 x 1ml) - Skin Heal\" \/>\n<meta property=\"og:description\" content=\"Hyaluronic Acid filler Teosyal PureSense Ultra Deep has natural-looking effects. Teosyal Ultra Deep PureSense painlessly battles wrinkles and volume loss.\" \/>\n<meta property=\"og:url\" content=\"https:\/\/skin-heal.com\/es\/producto\/teosyal-ultra-deep-puresense-2-x-1ml\/\" \/>\n<meta property=\"og:site_name\" content=\"Skin Heal\" \/>\n<meta property=\"article:modified_time\" content=\"2022-06-15T18:03:22+00:00\" \/>\n<meta property=\"og:image\" content=\"https:\/\/cdn.skin-heal.com\/wp-content\/uploads\/2020\/05\/Teosyal-PureSense-Ultra-Deep.jpg\" \/>\n\t<meta property=\"og:image:width\" content=\"600\" \/>\n\t<meta property=\"og:image:height\" content=\"600\" \/>\n\t<meta property=\"og:image:type\" content=\"image\/jpeg\" \/>\n<meta name=\"twitter:card\" content=\"summary_large_image\" \/>\n<script type=\"application\/ld+json\" class=\"yoast-schema-graph\">{\"@context\":\"https:\\\/\\\/schema.org\",\"@graph\":[{\"@type\":\"WebPage\",\"@id\":\"https:\\\/\\\/skin-heal.com\\\/product\\\/teosyal-ultra-deep-puresense-2-x-1ml\\\/\",\"url\":\"https:\\\/\\\/skin-heal.com\\\/product\\\/teosyal-ultra-deep-puresense-2-x-1ml\\\/\",\"name\":\"Teosyal Ultra Deep PureSense (2 x 1ml) - Skin Heal\",\"isPartOf\":{\"@id\":\"https:\\\/\\\/skin-heal.com\\\/#website\"},\"primaryImageOfPage\":{\"@id\":\"https:\\\/\\\/skin-heal.com\\\/product\\\/teosyal-ultra-deep-puresense-2-x-1ml\\\/#primaryimage\"},\"image\":{\"@id\":\"https:\\\/\\\/skin-heal.com\\\/product\\\/teosyal-ultra-deep-puresense-2-x-1ml\\\/#primaryimage\"},\"thumbnailUrl\":\"https:\\\/\\\/skin-heal.com\\\/wp-content\\\/uploads\\\/2020\\\/05\\\/Teosyal-PureSense-Ultra-Deep.jpg\",\"datePublished\":\"2020-05-15T13:59:05+00:00\",\"dateModified\":\"2022-06-15T18:03:22+00:00\",\"description\":\"Hyaluronic Acid filler Teosyal PureSense Ultra Deep has natural-looking effects. Teosyal Ultra Deep PureSense painlessly battles wrinkles and volume loss.\",\"breadcrumb\":{\"@id\":\"https:\\\/\\\/skin-heal.com\\\/product\\\/teosyal-ultra-deep-puresense-2-x-1ml\\\/#breadcrumb\"},\"inLanguage\":\"es\",\"potentialAction\":[{\"@type\":\"ReadAction\",\"target\":[\"https:\\\/\\\/skin-heal.com\\\/product\\\/teosyal-ultra-deep-puresense-2-x-1ml\\\/\"]}]},{\"@type\":\"ImageObject\",\"inLanguage\":\"es\",\"@id\":\"https:\\\/\\\/skin-heal.com\\\/product\\\/teosyal-ultra-deep-puresense-2-x-1ml\\\/#primaryimage\",\"url\":\"https:\\\/\\\/skin-heal.com\\\/wp-content\\\/uploads\\\/2020\\\/05\\\/Teosyal-PureSense-Ultra-Deep.jpg\",\"contentUrl\":\"https:\\\/\\\/skin-heal.com\\\/wp-content\\\/uploads\\\/2020\\\/05\\\/Teosyal-PureSense-Ultra-Deep.jpg\",\"width\":600,\"height\":600,\"caption\":\"Teosyal PureSense Ultra Deep\"},{\"@type\":\"BreadcrumbList\",\"@id\":\"https:\\\/\\\/skin-heal.com\\\/product\\\/teosyal-ultra-deep-puresense-2-x-1ml\\\/#breadcrumb\",\"itemListElement\":[{\"@type\":\"ListItem\",\"position\":1,\"name\":\"Home\",\"item\":\"https:\\\/\\\/skin-heal.com\\\/\"},{\"@type\":\"ListItem\",\"position\":2,\"name\":\"Store\",\"item\":\"https:\\\/\\\/skin-heal.com\\\/store\\\/\"},{\"@type\":\"ListItem\",\"position\":3,\"name\":\"Teosyal Ultra Deep PureSense (2 x 1ml)\"}]},{\"@type\":\"WebSite\",\"@id\":\"https:\\\/\\\/skin-heal.com\\\/#website\",\"url\":\"https:\\\/\\\/skin-heal.com\\\/\",\"name\":\"Skin Heal\",\"description\":\"Lowest Prices for Dermal Fillers\",\"potentialAction\":[{\"@type\":\"SearchAction\",\"target\":{\"@type\":\"EntryPoint\",\"urlTemplate\":\"https:\\\/\\\/skin-heal.com\\\/?s={search_term_string}\"},\"query-input\":{\"@type\":\"PropertyValueSpecification\",\"valueRequired\":true,\"valueName\":\"search_term_string\"}}],\"inLanguage\":\"es\"}]}<\/script>\n<!-- \/ Yoast SEO plugin. -->","yoast_head_json":{"title":"Teosyal Ultra Deep PureSense (2 x 1ml) - Skin Heal","description":"El relleno de \u00e1cido hialur\u00f3nico Teosyal PureSense Ultra Deep tiene efectos de aspecto natural. Teosyal PureSense Ultra Deep combate sin dolor las arrugas y la p\u00e9rdida de volumen.","robots":{"index":"index","follow":"follow","max-snippet":"max-snippet:-1","max-image-preview":"max-image-preview:large","max-video-preview":"max-video-preview:-1"},"canonical":"https:\/\/skin-heal.com\/es\/producto\/teosyal-ultra-deep-puresense-2-x-1ml\/","og_locale":"es_MX","og_type":"article","og_title":"Teosyal Ultra Deep PureSense (2 x 1ml) - Skin Heal","og_description":"Hyaluronic Acid filler Teosyal PureSense Ultra Deep has natural-looking effects. Teosyal Ultra Deep PureSense painlessly battles wrinkles and volume loss.","og_url":"https:\/\/skin-heal.com\/es\/producto\/teosyal-ultra-deep-puresense-2-x-1ml\/","og_site_name":"Skin Heal","article_modified_time":"2022-06-15T18:03:22+00:00","og_image":[{"width":600,"height":600,"url":"https:\/\/cdn.skin-heal.com\/wp-content\/uploads\/2020\/05\/Teosyal-PureSense-Ultra-Deep.jpg","type":"image\/jpeg"}],"twitter_card":"summary_large_image","schema":{"@context":"https:\/\/schema.org","@graph":[{"@type":"WebPage","@id":"https:\/\/skin-heal.com\/product\/teosyal-ultra-deep-puresense-2-x-1ml\/","url":"https:\/\/skin-heal.com\/product\/teosyal-ultra-deep-puresense-2-x-1ml\/","name":"Teosyal Ultra Deep PureSense (2 x 1ml) - Skin Heal","isPartOf":{"@id":"https:\/\/skin-heal.com\/#website"},"primaryImageOfPage":{"@id":"https:\/\/skin-heal.com\/product\/teosyal-ultra-deep-puresense-2-x-1ml\/#primaryimage"},"image":{"@id":"https:\/\/skin-heal.com\/product\/teosyal-ultra-deep-puresense-2-x-1ml\/#primaryimage"},"thumbnailUrl":"https:\/\/cdn.skin-heal.com\/wp-content\/uploads\/2020\/05\/Teosyal-PureSense-Ultra-Deep.jpg","datePublished":"2020-05-15T13:59:05+00:00","dateModified":"2022-06-15T18:03:22+00:00","description":"El relleno de \u00e1cido hialur\u00f3nico Teosyal PureSense Ultra Deep tiene efectos de aspecto natural. Teosyal PureSense Ultra Deep combate sin dolor las arrugas y la p\u00e9rdida de volumen.","breadcrumb":{"@id":"https:\/\/skin-heal.com\/product\/teosyal-ultra-deep-puresense-2-x-1ml\/#breadcrumb"},"inLanguage":"es","potentialAction":[{"@type":"ReadAction","target":["https:\/\/skin-heal.com\/product\/teosyal-ultra-deep-puresense-2-x-1ml\/"]}]},{"@type":"ImageObject","inLanguage":"es","@id":"https:\/\/skin-heal.com\/product\/teosyal-ultra-deep-puresense-2-x-1ml\/#primaryimage","url":"https:\/\/cdn.skin-heal.com\/wp-content\/uploads\/2020\/05\/Teosyal-PureSense-Ultra-Deep.jpg","contentUrl":"https:\/\/cdn.skin-heal.com\/wp-content\/uploads\/2020\/05\/Teosyal-PureSense-Ultra-Deep.jpg","width":600,"height":600,"caption":"Teosyal PureSense Ultra Deep"},{"@type":"BreadcrumbList","@id":"https:\/\/skin-heal.com\/product\/teosyal-ultra-deep-puresense-2-x-1ml\/#breadcrumb","itemListElement":[{"@type":"ListItem","position":1,"name":"Home","item":"https:\/\/skin-heal.com\/"},{"@type":"ListItem","position":2,"name":"Store","item":"https:\/\/skin-heal.com\/store\/"},{"@type":"ListItem","position":3,"name":"Teosyal Ultra Deep PureSense (2 x 1ml)"}]},{"@type":"WebSite","@id":"https:\/\/skin-heal.com\/#website","url":"https:\/\/skin-heal.com\/","name":"Curaci\u00f3n de la piel","description":"Los precios m\u00e1s bajos para los rellenos d\u00e9rmicos","potentialAction":[{"@type":"SearchAction","target":{"@type":"EntryPoint","urlTemplate":"https:\/\/skin-heal.com\/?s={search_term_string}"},"query-input":{"@type":"PropertyValueSpecification","valueRequired":true,"valueName":"search_term_string"}}],"inLanguage":"es"}]}},"_links":{"self":[{"href":"https:\/\/skin-heal.com\/es\/wp-json\/wp\/v2\/product\/21330","targetHints":{"allow":["GET"]}}],"collection":[{"href":"https:\/\/skin-heal.com\/es\/wp-json\/wp\/v2\/product"}],"about":[{"href":"https:\/\/skin-heal.com\/es\/wp-json\/wp\/v2\/types\/product"}],"wp:featuredmedia":[{"embeddable":true,"href":"https:\/\/skin-heal.com\/es\/wp-json\/wp\/v2\/media\/21317"}],"wp:attachment":[{"href":"https:\/\/skin-heal.com\/es\/wp-json\/wp\/v2\/media?parent=21330"}],"wp:term":[{"taxonomy":"product_brand","embeddable":true,"href":"https:\/\/skin-heal.com\/es\/wp-json\/wp\/v2\/product_brand?post=21330"},{"taxonomy":"product_cat","embeddable":true,"href":"https:\/\/skin-heal.com\/es\/wp-json\/wp\/v2\/product_cat?post=21330"},{"taxonomy":"product_tag","embeddable":true,"href":"https:\/\/skin-heal.com\/es\/wp-json\/wp\/v2\/product_tag?post=21330"}],"curies":[{"name":"wp","href":"https:\/\/api.w.org\/{rel}","templated":true}]}}