{"id":21331,"date":"2020-05-15T14:00:50","date_gmt":"2020-05-15T11:00:50","guid":{"rendered":"https:\/\/skin-heal.com\/?post_type=product&#038;p=21331"},"modified":"2023-08-30T11:12:56","modified_gmt":"2023-08-30T08:12:56","slug":"teosyal-ultra-deep-puresense-2-x-1-2ml","status":"publish","type":"product","link":"https:\/\/skin-heal.com\/es\/producto\/teosyal-ultra-deep-puresense-2-x-1-2ml\/","title":{"rendered":"Teosyal Ultra Deep PureSense (2 x 1,2ml)"},"content":{"rendered":"","protected":false},"excerpt":{"rendered":"<p>Uno de los rellenos de HA m\u00e1s vendidos de Teoxane es Teosyal Ultra Deep PureSense. Forma parte de la l\u00ednea de voluminizadores de la compa\u00f1\u00eda y se utiliza principalmente para <u>aumento y contorno facial<\/u> procedimientos. El producto funciona mejor cuando se aplica en las zonas del rostro donde la piel es m\u00e1s gruesa, como los p\u00f3mulos, la l\u00ednea de la mand\u00edbula y la barbilla. Las arrugas profundas pueden corregirse en cuesti\u00f3n de minutos. Este producto est\u00e1 ahora disponible en una jeringa de 1,2 ml para mayor comodidad.<\/p>","protected":false},"featured_media":21317,"template":"","meta":[],"product_brand":[],"product_cat":[79,144,50,72],"product_tag":[145],"class_list":{"0":"post-21331","1":"product","2":"type-product","3":"status-publish","4":"has-post-thumbnail","6":"product_cat-dermal-fillers","7":"product_cat-holiday-mega-sale","8":"product_cat-teosyal","9":"product_cat-teoxane","10":"product_tag-5off","11":"clearfix","13":"first","14":"instock","15":"sale","16":"taxable","17":"shipping-taxable","18":"purchasable","19":"product-type-simple"},"yoast_head":"<!-- This site is optimized with the Yoast SEO plugin v27.4 - https:\/\/yoast.com\/product\/yoast-seo-wordpress\/ -->\n<title>Teosyal Ultra Deep PureSense (2 x 1.2ml) - Skin Heal<\/title>\n<meta name=\"description\" content=\"Teosyal PureSense Ultra Deep is ideal for pain-free facial augmentation. Skin filler Teosyal Ultra Deep PureSense quickly smooths even deep folds.\" \/>\n<meta name=\"robots\" content=\"index, follow, max-snippet:-1, max-image-preview:large, max-video-preview:-1\" \/>\n<link rel=\"canonical\" href=\"https:\/\/skin-heal.com\/es\/producto\/teosyal-ultra-deep-puresense-2-x-1-2ml\/\" \/>\n<meta property=\"og:locale\" content=\"es_MX\" \/>\n<meta property=\"og:type\" content=\"article\" \/>\n<meta property=\"og:title\" content=\"Teosyal Ultra Deep PureSense (2 x 1.2ml) - Skin Heal\" \/>\n<meta property=\"og:description\" content=\"Teosyal PureSense Ultra Deep is ideal for pain-free facial augmentation. Skin filler Teosyal Ultra Deep PureSense quickly smooths even deep folds.\" \/>\n<meta property=\"og:url\" content=\"https:\/\/skin-heal.com\/es\/producto\/teosyal-ultra-deep-puresense-2-x-1-2ml\/\" \/>\n<meta property=\"og:site_name\" content=\"Skin Heal\" \/>\n<meta property=\"article:modified_time\" content=\"2023-08-30T08:12:56+00:00\" \/>\n<meta property=\"og:image\" content=\"https:\/\/cdn.skin-heal.com\/wp-content\/uploads\/2020\/05\/Teosyal-PureSense-Ultra-Deep.jpg\" \/>\n\t<meta property=\"og:image:width\" content=\"600\" \/>\n\t<meta property=\"og:image:height\" content=\"600\" \/>\n\t<meta property=\"og:image:type\" content=\"image\/jpeg\" \/>\n<meta name=\"twitter:card\" content=\"summary_large_image\" \/>\n<script type=\"application\/ld+json\" class=\"yoast-schema-graph\">{\"@context\":\"https:\\\/\\\/schema.org\",\"@graph\":[{\"@type\":\"WebPage\",\"@id\":\"https:\\\/\\\/skin-heal.com\\\/product\\\/teosyal-ultra-deep-puresense-2-x-1-2ml\\\/\",\"url\":\"https:\\\/\\\/skin-heal.com\\\/product\\\/teosyal-ultra-deep-puresense-2-x-1-2ml\\\/\",\"name\":\"Teosyal Ultra Deep PureSense (2 x 1.2ml) - Skin Heal\",\"isPartOf\":{\"@id\":\"https:\\\/\\\/skin-heal.com\\\/#website\"},\"primaryImageOfPage\":{\"@id\":\"https:\\\/\\\/skin-heal.com\\\/product\\\/teosyal-ultra-deep-puresense-2-x-1-2ml\\\/#primaryimage\"},\"image\":{\"@id\":\"https:\\\/\\\/skin-heal.com\\\/product\\\/teosyal-ultra-deep-puresense-2-x-1-2ml\\\/#primaryimage\"},\"thumbnailUrl\":\"https:\\\/\\\/skin-heal.com\\\/wp-content\\\/uploads\\\/2020\\\/05\\\/Teosyal-PureSense-Ultra-Deep.jpg\",\"datePublished\":\"2020-05-15T11:00:50+00:00\",\"dateModified\":\"2023-08-30T08:12:56+00:00\",\"description\":\"Teosyal PureSense Ultra Deep is ideal for pain-free facial augmentation. Skin filler Teosyal Ultra Deep PureSense quickly smooths even deep folds.\",\"breadcrumb\":{\"@id\":\"https:\\\/\\\/skin-heal.com\\\/product\\\/teosyal-ultra-deep-puresense-2-x-1-2ml\\\/#breadcrumb\"},\"inLanguage\":\"es\",\"potentialAction\":[{\"@type\":\"ReadAction\",\"target\":[\"https:\\\/\\\/skin-heal.com\\\/product\\\/teosyal-ultra-deep-puresense-2-x-1-2ml\\\/\"]}]},{\"@type\":\"ImageObject\",\"inLanguage\":\"es\",\"@id\":\"https:\\\/\\\/skin-heal.com\\\/product\\\/teosyal-ultra-deep-puresense-2-x-1-2ml\\\/#primaryimage\",\"url\":\"https:\\\/\\\/skin-heal.com\\\/wp-content\\\/uploads\\\/2020\\\/05\\\/Teosyal-PureSense-Ultra-Deep.jpg\",\"contentUrl\":\"https:\\\/\\\/skin-heal.com\\\/wp-content\\\/uploads\\\/2020\\\/05\\\/Teosyal-PureSense-Ultra-Deep.jpg\",\"width\":600,\"height\":600,\"caption\":\"Teosyal PureSense Ultra Deep\"},{\"@type\":\"BreadcrumbList\",\"@id\":\"https:\\\/\\\/skin-heal.com\\\/product\\\/teosyal-ultra-deep-puresense-2-x-1-2ml\\\/#breadcrumb\",\"itemListElement\":[{\"@type\":\"ListItem\",\"position\":1,\"name\":\"Home\",\"item\":\"https:\\\/\\\/skin-heal.com\\\/\"},{\"@type\":\"ListItem\",\"position\":2,\"name\":\"Store\",\"item\":\"https:\\\/\\\/skin-heal.com\\\/store\\\/\"},{\"@type\":\"ListItem\",\"position\":3,\"name\":\"Teosyal Ultra Deep PureSense (2 x 1.2ml)\"}]},{\"@type\":\"WebSite\",\"@id\":\"https:\\\/\\\/skin-heal.com\\\/#website\",\"url\":\"https:\\\/\\\/skin-heal.com\\\/\",\"name\":\"Skin Heal\",\"description\":\"Lowest Prices for Dermal Fillers\",\"potentialAction\":[{\"@type\":\"SearchAction\",\"target\":{\"@type\":\"EntryPoint\",\"urlTemplate\":\"https:\\\/\\\/skin-heal.com\\\/?s={search_term_string}\"},\"query-input\":{\"@type\":\"PropertyValueSpecification\",\"valueRequired\":true,\"valueName\":\"search_term_string\"}}],\"inLanguage\":\"es\"}]}<\/script>\n<!-- \/ Yoast SEO plugin. -->","yoast_head_json":{"title":"Teosyal Ultra Deep PureSense (2 x 1,2ml) - Skin Heal","description":"Teosyal PureSense Ultra Deep es ideal para el aumento facial sin dolor. Relleno de la piel Teosyal Ultra Deep PureSense alisa r\u00e1pidamente incluso pliegues profundos.","robots":{"index":"index","follow":"follow","max-snippet":"max-snippet:-1","max-image-preview":"max-image-preview:large","max-video-preview":"max-video-preview:-1"},"canonical":"https:\/\/skin-heal.com\/es\/producto\/teosyal-ultra-deep-puresense-2-x-1-2ml\/","og_locale":"es_MX","og_type":"article","og_title":"Teosyal Ultra Deep PureSense (2 x 1.2ml) - Skin Heal","og_description":"Teosyal PureSense Ultra Deep is ideal for pain-free facial augmentation. Skin filler Teosyal Ultra Deep PureSense quickly smooths even deep folds.","og_url":"https:\/\/skin-heal.com\/es\/producto\/teosyal-ultra-deep-puresense-2-x-1-2ml\/","og_site_name":"Skin Heal","article_modified_time":"2023-08-30T08:12:56+00:00","og_image":[{"width":600,"height":600,"url":"https:\/\/cdn.skin-heal.com\/wp-content\/uploads\/2020\/05\/Teosyal-PureSense-Ultra-Deep.jpg","type":"image\/jpeg"}],"twitter_card":"summary_large_image","schema":{"@context":"https:\/\/schema.org","@graph":[{"@type":"WebPage","@id":"https:\/\/skin-heal.com\/product\/teosyal-ultra-deep-puresense-2-x-1-2ml\/","url":"https:\/\/skin-heal.com\/product\/teosyal-ultra-deep-puresense-2-x-1-2ml\/","name":"Teosyal Ultra Deep PureSense (2 x 1,2ml) - Skin Heal","isPartOf":{"@id":"https:\/\/skin-heal.com\/#website"},"primaryImageOfPage":{"@id":"https:\/\/skin-heal.com\/product\/teosyal-ultra-deep-puresense-2-x-1-2ml\/#primaryimage"},"image":{"@id":"https:\/\/skin-heal.com\/product\/teosyal-ultra-deep-puresense-2-x-1-2ml\/#primaryimage"},"thumbnailUrl":"https:\/\/cdn.skin-heal.com\/wp-content\/uploads\/2020\/05\/Teosyal-PureSense-Ultra-Deep.jpg","datePublished":"2020-05-15T11:00:50+00:00","dateModified":"2023-08-30T08:12:56+00:00","description":"Teosyal PureSense Ultra Deep es ideal para el aumento facial sin dolor. Relleno de la piel Teosyal Ultra Deep PureSense alisa r\u00e1pidamente incluso pliegues profundos.","breadcrumb":{"@id":"https:\/\/skin-heal.com\/product\/teosyal-ultra-deep-puresense-2-x-1-2ml\/#breadcrumb"},"inLanguage":"es","potentialAction":[{"@type":"ReadAction","target":["https:\/\/skin-heal.com\/product\/teosyal-ultra-deep-puresense-2-x-1-2ml\/"]}]},{"@type":"ImageObject","inLanguage":"es","@id":"https:\/\/skin-heal.com\/product\/teosyal-ultra-deep-puresense-2-x-1-2ml\/#primaryimage","url":"https:\/\/cdn.skin-heal.com\/wp-content\/uploads\/2020\/05\/Teosyal-PureSense-Ultra-Deep.jpg","contentUrl":"https:\/\/cdn.skin-heal.com\/wp-content\/uploads\/2020\/05\/Teosyal-PureSense-Ultra-Deep.jpg","width":600,"height":600,"caption":"Teosyal PureSense Ultra Deep"},{"@type":"BreadcrumbList","@id":"https:\/\/skin-heal.com\/product\/teosyal-ultra-deep-puresense-2-x-1-2ml\/#breadcrumb","itemListElement":[{"@type":"ListItem","position":1,"name":"Home","item":"https:\/\/skin-heal.com\/"},{"@type":"ListItem","position":2,"name":"Store","item":"https:\/\/skin-heal.com\/store\/"},{"@type":"ListItem","position":3,"name":"Teosyal Ultra Deep PureSense (2 x 1.2ml)"}]},{"@type":"WebSite","@id":"https:\/\/skin-heal.com\/#website","url":"https:\/\/skin-heal.com\/","name":"Curaci\u00f3n de la piel","description":"Los precios m\u00e1s bajos para los rellenos d\u00e9rmicos","potentialAction":[{"@type":"SearchAction","target":{"@type":"EntryPoint","urlTemplate":"https:\/\/skin-heal.com\/?s={search_term_string}"},"query-input":{"@type":"PropertyValueSpecification","valueRequired":true,"valueName":"search_term_string"}}],"inLanguage":"es"}]}},"_links":{"self":[{"href":"https:\/\/skin-heal.com\/es\/wp-json\/wp\/v2\/product\/21331","targetHints":{"allow":["GET"]}}],"collection":[{"href":"https:\/\/skin-heal.com\/es\/wp-json\/wp\/v2\/product"}],"about":[{"href":"https:\/\/skin-heal.com\/es\/wp-json\/wp\/v2\/types\/product"}],"wp:featuredmedia":[{"embeddable":true,"href":"https:\/\/skin-heal.com\/es\/wp-json\/wp\/v2\/media\/21317"}],"wp:attachment":[{"href":"https:\/\/skin-heal.com\/es\/wp-json\/wp\/v2\/media?parent=21331"}],"wp:term":[{"taxonomy":"product_brand","embeddable":true,"href":"https:\/\/skin-heal.com\/es\/wp-json\/wp\/v2\/product_brand?post=21331"},{"taxonomy":"product_cat","embeddable":true,"href":"https:\/\/skin-heal.com\/es\/wp-json\/wp\/v2\/product_cat?post=21331"},{"taxonomy":"product_tag","embeddable":true,"href":"https:\/\/skin-heal.com\/es\/wp-json\/wp\/v2\/product_tag?post=21331"}],"curies":[{"name":"wp","href":"https:\/\/api.w.org\/{rel}","templated":true}]}}