{"id":21368,"date":"2020-05-19T12:12:07","date_gmt":"2020-05-19T12:12:07","guid":{"rendered":"https:\/\/skin-heal.com\/?post_type=product&#038;p=21368"},"modified":"2020-08-11T15:02:00","modified_gmt":"2020-08-11T15:02:00","slug":"es-line-pdo-3d-cog-4-threads","status":"publish","type":"product","link":"https:\/\/skin-heal.com\/es\/producto\/es-line-pdo-3d-cog-4-threads\/","title":{"rendered":"L\u00ednea ES PDO 3D Cog (4) Hilos"},"content":{"rendered":"<p>Los hilos de polidioxanona son el tipo de sutura m\u00e1s antiguo utilizado en los procedimientos de belleza. No duran tanto como los hilos de PLLA o PCL y son menos resistentes que los de \u00e1cido polil\u00e1ctico. Sin embargo, tienen varias ventajas importantes que todav\u00eda los convierten en una opci\u00f3n viable para determinadas situaciones. Es el \u00fanico material de hilo con un efecto notable de disoluci\u00f3n de la grasa. Una vez colocado, el hilo PDO no s\u00f3lo potenciar\u00e1 los fibroblastos e inducir\u00e1 la producci\u00f3n de col\u00e1geno, sino que tambi\u00e9n disolver\u00e1 de forma segura los tejidos grasos, lo que le permitir\u00e1 contornear los rasgos faciales no s\u00f3lo mediante el efecto mec\u00e1nico del hilo, sino tambi\u00e9n eliminando los tejidos grasos no deseados.<\/p>\n<p>Los hilos de PDO tardan s\u00f3lo de seis a doce meses en disolverse, pero su efecto posterior puede durar hasta un a\u00f1o despu\u00e9s. La sutura de \u00e1cido polil\u00e1ctico ha demostrado su eficacia en la eliminaci\u00f3n de las l\u00edneas finas y las arrugas superficiales de la piel y tiene un efecto positivo general en los poros de la piel.<\/p>\n<h3>Hilos de engranaje 3D: estables y rejuvenecedores<\/h3>\n<p>Los llamados hilos dentados 3D son el tipo de sutura cosm\u00e9tica m\u00e1s estable. Tienen p\u00faas en miniatura alrededor y a lo largo de la l\u00ednea del hilo, lo que les permite adherirse con seguridad a los tejidos circundantes, una vez aplicados. Esto no s\u00f3lo evita el desplazamiento del hilo, sino que tambi\u00e9n hace que la piel de la zona reaccione al objeto extra\u00f1o produciendo r\u00e1pidamente col\u00e1geno.<\/p>","protected":false},"excerpt":{"rendered":"<p>Contrariamente a lo que algunos piensan, el PDO o Polidioxanona de \"hecho\" y esta sutura 3D Cog de ES Line lo demuestra. Estos hilos pueden utilizarse eficazmente para el estiramiento de la piel y la restauraci\u00f3n de la elasticidad, mediante la inducci\u00f3n de la producci\u00f3n de col\u00e1geno y la estimulaci\u00f3n de los fibroblastos y miofibroblastos. Los hilos PDO son la elecci\u00f3n correcta para el rejuvenecimiento de la piel y el contorno facial, ya que est\u00e1n firmemente asentados por la barba del propio hilo. El producto tambi\u00e9n tiene un notable efecto lipo.<\/p>","protected":false},"featured_media":0,"template":"","meta":[],"product_brand":[],"product_cat":[122,123,124],"product_tag":[],"class_list":{"0":"post-21368","1":"product","2":"type-product","3":"status-publish","5":"product_cat-es-line","6":"product_cat-sj-medics","7":"product_cat-threads","8":"clearfix","10":"first","11":"outofstock","12":"taxable","13":"shipping-taxable","14":"purchasable","15":"product-type-simple"},"yoast_head":"<!-- This site is optimized with the Yoast SEO plugin v27.3 - https:\/\/yoast.com\/product\/yoast-seo-wordpress\/ -->\n<title>ES Line PDO 3D Cog (4) Threads - Skin Heal<\/title>\n<meta name=\"description\" content=\"ES Line PDO 3D Cog Threads can help doctors to contour the patient\u2019s face, remove superficial wrinkles and improve collagen production in the skin.\" \/>\n<meta name=\"robots\" content=\"index, follow, max-snippet:-1, max-image-preview:large, max-video-preview:-1\" \/>\n<link rel=\"canonical\" href=\"https:\/\/skin-heal.com\/es\/producto\/es-line-pdo-3d-cog-4-threads\/\" \/>\n<meta property=\"og:locale\" content=\"es_MX\" \/>\n<meta property=\"og:type\" content=\"article\" \/>\n<meta property=\"og:title\" content=\"ES Line PDO 3D Cog (4) Threads - Skin Heal\" \/>\n<meta property=\"og:description\" content=\"ES Line PDO 3D Cog Threads can help doctors to contour the patient\u2019s face, remove superficial wrinkles and improve collagen production in the skin.\" \/>\n<meta property=\"og:url\" content=\"https:\/\/skin-heal.com\/es\/producto\/es-line-pdo-3d-cog-4-threads\/\" \/>\n<meta property=\"og:site_name\" content=\"Skin Heal\" \/>\n<meta property=\"article:modified_time\" content=\"2020-08-11T15:02:00+00:00\" \/>\n<meta property=\"og:image\" content=\"https:\/\/cdn.skin-heal.com\/wp-content\/uploads\/2018\/11\/SH-logo-3.png\" \/>\n\t<meta property=\"og:image:width\" content=\"350\" \/>\n\t<meta property=\"og:image:height\" content=\"139\" \/>\n\t<meta property=\"og:image:type\" content=\"image\/png\" \/>\n<meta name=\"twitter:card\" content=\"summary_large_image\" \/>\n<meta name=\"twitter:label1\" content=\"Tiempo de lectura\" \/>\n\t<meta name=\"twitter:data1\" content=\"1 minuto\" \/>\n<script type=\"application\/ld+json\" class=\"yoast-schema-graph\">{\"@context\":\"https:\\\/\\\/schema.org\",\"@graph\":[{\"@type\":\"WebPage\",\"@id\":\"https:\\\/\\\/skin-heal.com\\\/product\\\/es-line-pdo-3d-cog-4-threads\\\/\",\"url\":\"https:\\\/\\\/skin-heal.com\\\/product\\\/es-line-pdo-3d-cog-4-threads\\\/\",\"name\":\"ES Line PDO 3D Cog (4) Threads - Skin Heal\",\"isPartOf\":{\"@id\":\"https:\\\/\\\/skin-heal.com\\\/#website\"},\"datePublished\":\"2020-05-19T12:12:07+00:00\",\"dateModified\":\"2020-08-11T15:02:00+00:00\",\"description\":\"ES Line PDO 3D Cog Threads can help doctors to contour the patient\u2019s face, remove superficial wrinkles and improve collagen production in the skin.\",\"breadcrumb\":{\"@id\":\"https:\\\/\\\/skin-heal.com\\\/product\\\/es-line-pdo-3d-cog-4-threads\\\/#breadcrumb\"},\"inLanguage\":\"es\",\"potentialAction\":[{\"@type\":\"ReadAction\",\"target\":[\"https:\\\/\\\/skin-heal.com\\\/product\\\/es-line-pdo-3d-cog-4-threads\\\/\"]}]},{\"@type\":\"BreadcrumbList\",\"@id\":\"https:\\\/\\\/skin-heal.com\\\/product\\\/es-line-pdo-3d-cog-4-threads\\\/#breadcrumb\",\"itemListElement\":[{\"@type\":\"ListItem\",\"position\":1,\"name\":\"Home\",\"item\":\"https:\\\/\\\/skin-heal.com\\\/\"},{\"@type\":\"ListItem\",\"position\":2,\"name\":\"Store\",\"item\":\"https:\\\/\\\/skin-heal.com\\\/store\\\/\"},{\"@type\":\"ListItem\",\"position\":3,\"name\":\"ES Line PDO 3D Cog (4) Threads\"}]},{\"@type\":\"WebSite\",\"@id\":\"https:\\\/\\\/skin-heal.com\\\/#website\",\"url\":\"https:\\\/\\\/skin-heal.com\\\/\",\"name\":\"Skin Heal\",\"description\":\"Lowest Prices for Dermal Fillers\",\"potentialAction\":[{\"@type\":\"SearchAction\",\"target\":{\"@type\":\"EntryPoint\",\"urlTemplate\":\"https:\\\/\\\/skin-heal.com\\\/?s={search_term_string}\"},\"query-input\":{\"@type\":\"PropertyValueSpecification\",\"valueRequired\":true,\"valueName\":\"search_term_string\"}}],\"inLanguage\":\"es\"}]}<\/script>\n<!-- \/ Yoast SEO plugin. -->","yoast_head_json":{"title":"ES Line PDO 3D Cog (4) Hilos - Skin Heal","description":"Los hilos ES Line PDO 3D Cog pueden ayudar a los m\u00e9dicos a contornear el rostro del paciente, eliminar las arrugas superficiales y mejorar la producci\u00f3n de col\u00e1geno en la piel.","robots":{"index":"index","follow":"follow","max-snippet":"max-snippet:-1","max-image-preview":"max-image-preview:large","max-video-preview":"max-video-preview:-1"},"canonical":"https:\/\/skin-heal.com\/es\/producto\/es-line-pdo-3d-cog-4-threads\/","og_locale":"es_MX","og_type":"article","og_title":"ES Line PDO 3D Cog (4) Threads - Skin Heal","og_description":"ES Line PDO 3D Cog Threads can help doctors to contour the patient\u2019s face, remove superficial wrinkles and improve collagen production in the skin.","og_url":"https:\/\/skin-heal.com\/es\/producto\/es-line-pdo-3d-cog-4-threads\/","og_site_name":"Skin Heal","article_modified_time":"2020-08-11T15:02:00+00:00","og_image":[{"width":350,"height":139,"url":"https:\/\/cdn.skin-heal.com\/wp-content\/uploads\/2018\/11\/SH-logo-3.png","type":"image\/png"}],"twitter_card":"summary_large_image","twitter_misc":{"Tiempo de lectura":"1 minuto"},"schema":{"@context":"https:\/\/schema.org","@graph":[{"@type":"WebPage","@id":"https:\/\/skin-heal.com\/product\/es-line-pdo-3d-cog-4-threads\/","url":"https:\/\/skin-heal.com\/product\/es-line-pdo-3d-cog-4-threads\/","name":"ES Line PDO 3D Cog (4) Hilos - Skin Heal","isPartOf":{"@id":"https:\/\/skin-heal.com\/#website"},"datePublished":"2020-05-19T12:12:07+00:00","dateModified":"2020-08-11T15:02:00+00:00","description":"Los hilos ES Line PDO 3D Cog pueden ayudar a los m\u00e9dicos a contornear el rostro del paciente, eliminar las arrugas superficiales y mejorar la producci\u00f3n de col\u00e1geno en la piel.","breadcrumb":{"@id":"https:\/\/skin-heal.com\/product\/es-line-pdo-3d-cog-4-threads\/#breadcrumb"},"inLanguage":"es","potentialAction":[{"@type":"ReadAction","target":["https:\/\/skin-heal.com\/product\/es-line-pdo-3d-cog-4-threads\/"]}]},{"@type":"BreadcrumbList","@id":"https:\/\/skin-heal.com\/product\/es-line-pdo-3d-cog-4-threads\/#breadcrumb","itemListElement":[{"@type":"ListItem","position":1,"name":"Home","item":"https:\/\/skin-heal.com\/"},{"@type":"ListItem","position":2,"name":"Store","item":"https:\/\/skin-heal.com\/store\/"},{"@type":"ListItem","position":3,"name":"ES Line PDO 3D Cog (4) Threads"}]},{"@type":"WebSite","@id":"https:\/\/skin-heal.com\/#website","url":"https:\/\/skin-heal.com\/","name":"Curaci\u00f3n de la piel","description":"Los precios m\u00e1s bajos para los rellenos d\u00e9rmicos","potentialAction":[{"@type":"SearchAction","target":{"@type":"EntryPoint","urlTemplate":"https:\/\/skin-heal.com\/?s={search_term_string}"},"query-input":{"@type":"PropertyValueSpecification","valueRequired":true,"valueName":"search_term_string"}}],"inLanguage":"es"}]}},"_links":{"self":[{"href":"https:\/\/skin-heal.com\/es\/wp-json\/wp\/v2\/product\/21368","targetHints":{"allow":["GET"]}}],"collection":[{"href":"https:\/\/skin-heal.com\/es\/wp-json\/wp\/v2\/product"}],"about":[{"href":"https:\/\/skin-heal.com\/es\/wp-json\/wp\/v2\/types\/product"}],"wp:attachment":[{"href":"https:\/\/skin-heal.com\/es\/wp-json\/wp\/v2\/media?parent=21368"}],"wp:term":[{"taxonomy":"product_brand","embeddable":true,"href":"https:\/\/skin-heal.com\/es\/wp-json\/wp\/v2\/product_brand?post=21368"},{"taxonomy":"product_cat","embeddable":true,"href":"https:\/\/skin-heal.com\/es\/wp-json\/wp\/v2\/product_cat?post=21368"},{"taxonomy":"product_tag","embeddable":true,"href":"https:\/\/skin-heal.com\/es\/wp-json\/wp\/v2\/product_tag?post=21368"}],"curies":[{"name":"wp","href":"https:\/\/api.w.org\/{rel}","templated":true}]}}