{"id":21374,"date":"2020-05-19T12:21:07","date_gmt":"2020-05-19T12:21:07","guid":{"rendered":"https:\/\/skin-heal.com\/?post_type=product&#038;p=21374"},"modified":"2022-06-15T18:04:34","modified_gmt":"2022-06-15T18:04:34","slug":"es-line-placl-3d-cog-4-threads","status":"publish","type":"product","link":"https:\/\/skin-heal.com\/es\/producto\/es-line-placl-3d-cog-4-threads\/","title":{"rendered":"L\u00ednea ES PLACL 3D Cog (4) Hilos"},"content":{"rendered":"<p>Desarrollado a mediados de los a\u00f1os 90, el lifting con hilos tensores ha pasado de ser un procedimiento poco conocido a ser una alternativa preferida a la cirug\u00eda pl\u00e1stica. Mediante el uso de hilos, los m\u00e9dicos pueden lograr el levantamiento de tejidos blandos y fl\u00e1cidos de una manera mucho menos invasiva, que no requiere ning\u00fan tiempo de inactividad del paciente.<\/p>\n<h3>Principales ventajas de los hilos PLACL 3D Cog de ES Line<\/h3>\n<p>Como se ha se\u00f1alado, se trata de una alternativa de hilos Aptos. Para ser uno tiene que adherirse a las normas como:<\/p>\n<ul>\n<li>Calidad general del producto<\/li>\n<li>Efecto duradero del hilo<\/li>\n<li>Mejora notable y efecto lifting<\/li>\n<li>Relaci\u00f3n calidad-precio superior<\/li>\n<\/ul>\n<p>Se trata de una sutura duradera, que puede durar hasta dos a\u00f1os antes de disolverse completamente, como los hilos de PCL normales, y ejercer el efecto beneficioso posterior a la disoluci\u00f3n de una mejor hidrataci\u00f3n de la piel. Al mismo tiempo tiene la fuerza de los hilos de PLLA, que ya de por s\u00ed son excelentes para mejorar la producci\u00f3n de col\u00e1geno y rejuvenecer la piel, tienen el efecto amplificado por el engranaje circular (3D) del hilo, que hace que los tejidos vecinos aporten un volumen de col\u00e1geno varias veces mayor.<\/p>\n<p>Lo que hace que los hilos PLACL destaquen es que equilibran la Policaprolactona y el \u00c1cido Polil\u00e1ctico, eliminando los aspectos negativos (como la peor resistencia del PCL) al contrarrestarlo con los beneficios de mejora de la piel del otro tipo de hilo, combin\u00e1ndolos en un \u00fanico producto de sutura.<\/p>","protected":false},"excerpt":{"rendered":"<p>Los hilos ES Line PLACL con barrado 3D Cog representan una alternativa m\u00e1s asequible, pero de igual calidad que los hilos Aptos. Incorporan una tecnolog\u00eda innovadora que permite fusionar las ventajas del \u00e1cido polil\u00e1ctico y la sutura de policaprolactona en un \u00fanico producto, lo que puede garantizar al paciente el efecto lifting y el rejuvenecimiento cut\u00e1neo deseados. Una soluci\u00f3n duradera y no quir\u00fargica, el barrado circular de estos hilos proporciona una estabilidad superior una vez aplicados bajo la piel.<\/p>","protected":false},"featured_media":21381,"template":"","meta":[],"product_brand":[],"product_cat":[122,123,124,92],"product_tag":[],"class_list":{"0":"post-21374","1":"product","2":"type-product","3":"status-publish","4":"has-post-thumbnail","6":"product_cat-es-line","7":"product_cat-sj-medics","8":"product_cat-threads","9":"product_cat-zishel-group","10":"clearfix","12":"first","13":"outofstock","14":"taxable","15":"shipping-taxable","16":"purchasable","17":"product-type-simple"},"yoast_head":"<!-- This site is optimized with the Yoast SEO plugin v27.4 - https:\/\/yoast.com\/product\/yoast-seo-wordpress\/ -->\n<title>ES Line PLACL 3D Cog (4) Threads - Skin Heal<\/title>\n<meta name=\"robots\" content=\"index, follow, max-snippet:-1, max-image-preview:large, max-video-preview:-1\" \/>\n<link rel=\"canonical\" href=\"https:\/\/skin-heal.com\/es\/producto\/es-line-placl-3d-cog-4-threads\/\" \/>\n<meta property=\"og:locale\" content=\"es_MX\" \/>\n<meta property=\"og:type\" content=\"article\" \/>\n<meta property=\"og:title\" content=\"ES Line PLACL 3D Cog (4) Threads - Skin Heal\" \/>\n<meta property=\"og:description\" content=\"The ES Line PLACL threads with 3D Cog barbing represent a more affordable, but just as high quality alternative to Aptos threads. They incorporate an innovative technology which allows the advantages of Poly-L-Lactic Acid and Polycaprolactone suture to be fused in a single product, which can guarantee the patient the desired lifting effect and skin rejuvenation. A lasting, non-surgical solution, the circular barbing of these threads provides with superior stability once applied under the skin.\" \/>\n<meta property=\"og:url\" content=\"https:\/\/skin-heal.com\/es\/producto\/es-line-placl-3d-cog-4-threads\/\" \/>\n<meta property=\"og:site_name\" content=\"Skin Heal\" \/>\n<meta property=\"article:modified_time\" content=\"2022-06-15T18:04:34+00:00\" \/>\n<meta property=\"og:image\" content=\"https:\/\/cdn.skin-heal.com\/wp-content\/uploads\/2020\/05\/PLACL-3D-Cog.jpg\" \/>\n\t<meta property=\"og:image:width\" content=\"600\" \/>\n\t<meta property=\"og:image:height\" content=\"600\" \/>\n\t<meta property=\"og:image:type\" content=\"image\/jpeg\" \/>\n<meta name=\"twitter:card\" content=\"summary_large_image\" \/>\n<meta name=\"twitter:label1\" content=\"Tiempo de lectura\" \/>\n\t<meta name=\"twitter:data1\" content=\"1 minuto\" \/>\n<script type=\"application\/ld+json\" class=\"yoast-schema-graph\">{\"@context\":\"https:\\\/\\\/schema.org\",\"@graph\":[{\"@type\":\"WebPage\",\"@id\":\"https:\\\/\\\/skin-heal.com\\\/product\\\/es-line-placl-3d-cog-4-threads\\\/\",\"url\":\"https:\\\/\\\/skin-heal.com\\\/product\\\/es-line-placl-3d-cog-4-threads\\\/\",\"name\":\"ES Line PLACL 3D Cog (4) Threads - Skin Heal\",\"isPartOf\":{\"@id\":\"https:\\\/\\\/skin-heal.com\\\/#website\"},\"primaryImageOfPage\":{\"@id\":\"https:\\\/\\\/skin-heal.com\\\/product\\\/es-line-placl-3d-cog-4-threads\\\/#primaryimage\"},\"image\":{\"@id\":\"https:\\\/\\\/skin-heal.com\\\/product\\\/es-line-placl-3d-cog-4-threads\\\/#primaryimage\"},\"thumbnailUrl\":\"https:\\\/\\\/skin-heal.com\\\/wp-content\\\/uploads\\\/2020\\\/05\\\/PLACL-3D-Cog.jpg\",\"datePublished\":\"2020-05-19T12:21:07+00:00\",\"dateModified\":\"2022-06-15T18:04:34+00:00\",\"breadcrumb\":{\"@id\":\"https:\\\/\\\/skin-heal.com\\\/product\\\/es-line-placl-3d-cog-4-threads\\\/#breadcrumb\"},\"inLanguage\":\"es\",\"potentialAction\":[{\"@type\":\"ReadAction\",\"target\":[\"https:\\\/\\\/skin-heal.com\\\/product\\\/es-line-placl-3d-cog-4-threads\\\/\"]}]},{\"@type\":\"ImageObject\",\"inLanguage\":\"es\",\"@id\":\"https:\\\/\\\/skin-heal.com\\\/product\\\/es-line-placl-3d-cog-4-threads\\\/#primaryimage\",\"url\":\"https:\\\/\\\/skin-heal.com\\\/wp-content\\\/uploads\\\/2020\\\/05\\\/PLACL-3D-Cog.jpg\",\"contentUrl\":\"https:\\\/\\\/skin-heal.com\\\/wp-content\\\/uploads\\\/2020\\\/05\\\/PLACL-3D-Cog.jpg\",\"width\":600,\"height\":600,\"caption\":\"PLACL 3D Cog\"},{\"@type\":\"BreadcrumbList\",\"@id\":\"https:\\\/\\\/skin-heal.com\\\/product\\\/es-line-placl-3d-cog-4-threads\\\/#breadcrumb\",\"itemListElement\":[{\"@type\":\"ListItem\",\"position\":1,\"name\":\"Home\",\"item\":\"https:\\\/\\\/skin-heal.com\\\/\"},{\"@type\":\"ListItem\",\"position\":2,\"name\":\"Store\",\"item\":\"https:\\\/\\\/skin-heal.com\\\/store\\\/\"},{\"@type\":\"ListItem\",\"position\":3,\"name\":\"ES Line PLACL 3D Cog (4) Threads\"}]},{\"@type\":\"WebSite\",\"@id\":\"https:\\\/\\\/skin-heal.com\\\/#website\",\"url\":\"https:\\\/\\\/skin-heal.com\\\/\",\"name\":\"Skin Heal\",\"description\":\"Lowest Prices for Dermal Fillers\",\"potentialAction\":[{\"@type\":\"SearchAction\",\"target\":{\"@type\":\"EntryPoint\",\"urlTemplate\":\"https:\\\/\\\/skin-heal.com\\\/?s={search_term_string}\"},\"query-input\":{\"@type\":\"PropertyValueSpecification\",\"valueRequired\":true,\"valueName\":\"search_term_string\"}}],\"inLanguage\":\"es\"}]}<\/script>\n<!-- \/ Yoast SEO plugin. -->","yoast_head_json":{"title":"ES Line PLACL 3D Cog (4) Hilos - Skin Heal","robots":{"index":"index","follow":"follow","max-snippet":"max-snippet:-1","max-image-preview":"max-image-preview:large","max-video-preview":"max-video-preview:-1"},"canonical":"https:\/\/skin-heal.com\/es\/producto\/es-line-placl-3d-cog-4-threads\/","og_locale":"es_MX","og_type":"article","og_title":"ES Line PLACL 3D Cog (4) Threads - Skin Heal","og_description":"The ES Line PLACL threads with 3D Cog barbing represent a more affordable, but just as high quality alternative to Aptos threads. They incorporate an innovative technology which allows the advantages of Poly-L-Lactic Acid and Polycaprolactone suture to be fused in a single product, which can guarantee the patient the desired lifting effect and skin rejuvenation. A lasting, non-surgical solution, the circular barbing of these threads provides with superior stability once applied under the skin.","og_url":"https:\/\/skin-heal.com\/es\/producto\/es-line-placl-3d-cog-4-threads\/","og_site_name":"Skin Heal","article_modified_time":"2022-06-15T18:04:34+00:00","og_image":[{"width":600,"height":600,"url":"https:\/\/cdn.skin-heal.com\/wp-content\/uploads\/2020\/05\/PLACL-3D-Cog.jpg","type":"image\/jpeg"}],"twitter_card":"summary_large_image","twitter_misc":{"Tiempo de lectura":"1 minuto"},"schema":{"@context":"https:\/\/schema.org","@graph":[{"@type":"WebPage","@id":"https:\/\/skin-heal.com\/product\/es-line-placl-3d-cog-4-threads\/","url":"https:\/\/skin-heal.com\/product\/es-line-placl-3d-cog-4-threads\/","name":"ES Line PLACL 3D Cog (4) Hilos - Skin Heal","isPartOf":{"@id":"https:\/\/skin-heal.com\/#website"},"primaryImageOfPage":{"@id":"https:\/\/skin-heal.com\/product\/es-line-placl-3d-cog-4-threads\/#primaryimage"},"image":{"@id":"https:\/\/skin-heal.com\/product\/es-line-placl-3d-cog-4-threads\/#primaryimage"},"thumbnailUrl":"https:\/\/cdn.skin-heal.com\/wp-content\/uploads\/2020\/05\/PLACL-3D-Cog.jpg","datePublished":"2020-05-19T12:21:07+00:00","dateModified":"2022-06-15T18:04:34+00:00","breadcrumb":{"@id":"https:\/\/skin-heal.com\/product\/es-line-placl-3d-cog-4-threads\/#breadcrumb"},"inLanguage":"es","potentialAction":[{"@type":"ReadAction","target":["https:\/\/skin-heal.com\/product\/es-line-placl-3d-cog-4-threads\/"]}]},{"@type":"ImageObject","inLanguage":"es","@id":"https:\/\/skin-heal.com\/product\/es-line-placl-3d-cog-4-threads\/#primaryimage","url":"https:\/\/cdn.skin-heal.com\/wp-content\/uploads\/2020\/05\/PLACL-3D-Cog.jpg","contentUrl":"https:\/\/cdn.skin-heal.com\/wp-content\/uploads\/2020\/05\/PLACL-3D-Cog.jpg","width":600,"height":600,"caption":"PLACL 3D Cog"},{"@type":"BreadcrumbList","@id":"https:\/\/skin-heal.com\/product\/es-line-placl-3d-cog-4-threads\/#breadcrumb","itemListElement":[{"@type":"ListItem","position":1,"name":"Home","item":"https:\/\/skin-heal.com\/"},{"@type":"ListItem","position":2,"name":"Store","item":"https:\/\/skin-heal.com\/store\/"},{"@type":"ListItem","position":3,"name":"ES Line PLACL 3D Cog (4) Threads"}]},{"@type":"WebSite","@id":"https:\/\/skin-heal.com\/#website","url":"https:\/\/skin-heal.com\/","name":"Curaci\u00f3n de la piel","description":"Los precios m\u00e1s bajos para los rellenos d\u00e9rmicos","potentialAction":[{"@type":"SearchAction","target":{"@type":"EntryPoint","urlTemplate":"https:\/\/skin-heal.com\/?s={search_term_string}"},"query-input":{"@type":"PropertyValueSpecification","valueRequired":true,"valueName":"search_term_string"}}],"inLanguage":"es"}]}},"_links":{"self":[{"href":"https:\/\/skin-heal.com\/es\/wp-json\/wp\/v2\/product\/21374","targetHints":{"allow":["GET"]}}],"collection":[{"href":"https:\/\/skin-heal.com\/es\/wp-json\/wp\/v2\/product"}],"about":[{"href":"https:\/\/skin-heal.com\/es\/wp-json\/wp\/v2\/types\/product"}],"wp:featuredmedia":[{"embeddable":true,"href":"https:\/\/skin-heal.com\/es\/wp-json\/wp\/v2\/media\/21381"}],"wp:attachment":[{"href":"https:\/\/skin-heal.com\/es\/wp-json\/wp\/v2\/media?parent=21374"}],"wp:term":[{"taxonomy":"product_brand","embeddable":true,"href":"https:\/\/skin-heal.com\/es\/wp-json\/wp\/v2\/product_brand?post=21374"},{"taxonomy":"product_cat","embeddable":true,"href":"https:\/\/skin-heal.com\/es\/wp-json\/wp\/v2\/product_cat?post=21374"},{"taxonomy":"product_tag","embeddable":true,"href":"https:\/\/skin-heal.com\/es\/wp-json\/wp\/v2\/product_tag?post=21374"}],"curies":[{"name":"wp","href":"https:\/\/api.w.org\/{rel}","templated":true}]}}