{"id":21376,"date":"2020-05-19T12:22:27","date_gmt":"2020-05-19T12:22:27","guid":{"rendered":"https:\/\/skin-heal.com\/?post_type=product&#038;p=21376"},"modified":"2022-06-15T18:04:34","modified_gmt":"2022-06-15T18:04:34","slug":"es-line-placl-double-cog-4-threads","status":"publish","type":"product","link":"https:\/\/skin-heal.com\/es\/producto\/es-line-placl-double-cog-4-threads\/","title":{"rendered":"L\u00ednea ES PLACL de doble pi\u00f1\u00f3n (4) hilos"},"content":{"rendered":"<p>Los hilos dentados son, en esencia, la versi\u00f3n mejorada de los hilos monofilares, con su textura general suave y sin torsi\u00f3n alguna. Sin embargo, hay una diferencia importante: las p\u00faas. La sutura de doble diente tiene p\u00faas a cada lado del hilo, que facilitan su fijaci\u00f3n a los tejidos. Por un lado, esto proporciona la estabilidad necesaria del hilo y le permite ejercer un efecto de elevaci\u00f3n visible en los tejidos fl\u00e1cidos, pero al mismo tiempo, las p\u00faas potencian la producci\u00f3n de col\u00e1geno en la zona que rodea al hilo, amplificando el efecto de rejuvenecimiento de la piel.<\/p>\n<h3>Qu\u00e9 son los hilos PLACL<\/h3>\n<p>Los hilos ES Line PLACL o P(LA\/CL) tienen los mismos beneficios que los hilos Aptos. El \u00e1cido polil\u00e1ctico, o m\u00e1s conocido como hilos PLLA son muy duraderos y tienen un excelente efecto voluminizador. Se han utilizado como sustituto de los rellenos d\u00e9rmicos e incluso de las inyecciones de Botulinum, en ciertos casos. Adem\u00e1s, potencian la producci\u00f3n de col\u00e1geno de tipo 1 y 3.<\/p>\n<p>Por otro lado, los hilos de PCL (policaprolactona) son suaves, se disuelven durante m\u00e1s tiempo y tienden a hidratar la piel mejor que los hilos de PDO y PLLA. Por no hablar de que mejoran la producci\u00f3n de col\u00e1geno durante m\u00e1s de un a\u00f1o despu\u00e9s de haberse disuelto por completo.<\/p>\n<p>Los hilos de doble pi\u00f1\u00f3n de la l\u00ednea PLACL ES combinan estas propiedades y permiten:<\/p>\n<ul>\n<li>Mejora de la elevaci\u00f3n de los tejidos fl\u00e1cidos<\/li>\n<li>Aumento de la producci\u00f3n de col\u00e1geno en la piel<\/li>\n<li>Mejora el equilibrio de la hidrataci\u00f3n de la piel<\/li>\n<li>Efecto rejuvenecedor general<\/li>\n<\/ul>","protected":false},"excerpt":{"rendered":"<p>Estos hilos Double Cog de ES Line, representan una tecnolog\u00eda innovadora en la producci\u00f3n de suturas, que la mayor\u00eda de la gente asocia con los productos Aptos. Lo que hasta hace unos a\u00f1os se consideraba imposible, combina los mejores aspectos de los hilos de PLLA y PCL - la durabilidad del primero con las propiedades hidratantes y rejuvenecedoras de la piel del segundo. Se trata de un hilo de doble diente, que se asienta firmemente una vez insertado bajo la piel, proporcionando una excelente estabilidad, lo que lo convierte en una excelente opci\u00f3n para usos como el lifting de la l\u00ednea de la mand\u00edbula.<\/p>","protected":false},"featured_media":21383,"template":"","meta":[],"product_brand":[],"product_cat":[122,123,124],"product_tag":[],"class_list":{"0":"post-21376","1":"product","2":"type-product","3":"status-publish","4":"has-post-thumbnail","6":"product_cat-es-line","7":"product_cat-sj-medics","8":"product_cat-threads","9":"clearfix","11":"first","12":"outofstock","13":"taxable","14":"shipping-taxable","15":"purchasable","16":"product-type-simple"},"yoast_head":"<!-- This site is optimized with the Yoast SEO plugin v27.3 - https:\/\/yoast.com\/product\/yoast-seo-wordpress\/ -->\n<title>ES Line PLACL Double Cog (4) Threads - Skin Heal<\/title>\n<meta name=\"description\" content=\"ES Line PLACL Double Cog threads are an innovative product, which emulates the best properties of Aptos threads of skin rejuvenation and tissue lifting.\" \/>\n<meta name=\"robots\" content=\"index, follow, max-snippet:-1, max-image-preview:large, max-video-preview:-1\" \/>\n<link rel=\"canonical\" href=\"https:\/\/skin-heal.com\/es\/producto\/es-line-placl-double-cog-4-threads\/\" \/>\n<meta property=\"og:locale\" content=\"es_MX\" \/>\n<meta property=\"og:type\" content=\"article\" \/>\n<meta property=\"og:title\" content=\"ES Line PLACL Double Cog (4) Threads - Skin Heal\" \/>\n<meta property=\"og:description\" content=\"ES Line PLACL Double Cog threads are an innovative product, which emulates the best properties of Aptos threads of skin rejuvenation and tissue lifting.\" \/>\n<meta property=\"og:url\" content=\"https:\/\/skin-heal.com\/es\/producto\/es-line-placl-double-cog-4-threads\/\" \/>\n<meta property=\"og:site_name\" content=\"Skin Heal\" \/>\n<meta property=\"article:modified_time\" content=\"2022-06-15T18:04:34+00:00\" \/>\n<meta property=\"og:image\" content=\"https:\/\/cdn.skin-heal.com\/wp-content\/uploads\/2020\/05\/PLACL-Double-Cog.jpg\" \/>\n\t<meta property=\"og:image:width\" content=\"600\" \/>\n\t<meta property=\"og:image:height\" content=\"600\" \/>\n\t<meta property=\"og:image:type\" content=\"image\/jpeg\" \/>\n<meta name=\"twitter:card\" content=\"summary_large_image\" \/>\n<meta name=\"twitter:label1\" content=\"Tiempo de lectura\" \/>\n\t<meta name=\"twitter:data1\" content=\"1 minuto\" \/>\n<script type=\"application\/ld+json\" class=\"yoast-schema-graph\">{\"@context\":\"https:\\\/\\\/schema.org\",\"@graph\":[{\"@type\":\"WebPage\",\"@id\":\"https:\\\/\\\/skin-heal.com\\\/product\\\/es-line-placl-double-cog-4-threads\\\/\",\"url\":\"https:\\\/\\\/skin-heal.com\\\/product\\\/es-line-placl-double-cog-4-threads\\\/\",\"name\":\"ES Line PLACL Double Cog (4) Threads - Skin Heal\",\"isPartOf\":{\"@id\":\"https:\\\/\\\/skin-heal.com\\\/#website\"},\"primaryImageOfPage\":{\"@id\":\"https:\\\/\\\/skin-heal.com\\\/product\\\/es-line-placl-double-cog-4-threads\\\/#primaryimage\"},\"image\":{\"@id\":\"https:\\\/\\\/skin-heal.com\\\/product\\\/es-line-placl-double-cog-4-threads\\\/#primaryimage\"},\"thumbnailUrl\":\"https:\\\/\\\/skin-heal.com\\\/wp-content\\\/uploads\\\/2020\\\/05\\\/PLACL-Double-Cog.jpg\",\"datePublished\":\"2020-05-19T12:22:27+00:00\",\"dateModified\":\"2022-06-15T18:04:34+00:00\",\"description\":\"ES Line PLACL Double Cog threads are an innovative product, which emulates the best properties of Aptos threads of skin rejuvenation and tissue lifting.\",\"breadcrumb\":{\"@id\":\"https:\\\/\\\/skin-heal.com\\\/product\\\/es-line-placl-double-cog-4-threads\\\/#breadcrumb\"},\"inLanguage\":\"es\",\"potentialAction\":[{\"@type\":\"ReadAction\",\"target\":[\"https:\\\/\\\/skin-heal.com\\\/product\\\/es-line-placl-double-cog-4-threads\\\/\"]}]},{\"@type\":\"ImageObject\",\"inLanguage\":\"es\",\"@id\":\"https:\\\/\\\/skin-heal.com\\\/product\\\/es-line-placl-double-cog-4-threads\\\/#primaryimage\",\"url\":\"https:\\\/\\\/skin-heal.com\\\/wp-content\\\/uploads\\\/2020\\\/05\\\/PLACL-Double-Cog.jpg\",\"contentUrl\":\"https:\\\/\\\/skin-heal.com\\\/wp-content\\\/uploads\\\/2020\\\/05\\\/PLACL-Double-Cog.jpg\",\"width\":600,\"height\":600,\"caption\":\"PLACL Double Cog\"},{\"@type\":\"BreadcrumbList\",\"@id\":\"https:\\\/\\\/skin-heal.com\\\/product\\\/es-line-placl-double-cog-4-threads\\\/#breadcrumb\",\"itemListElement\":[{\"@type\":\"ListItem\",\"position\":1,\"name\":\"Home\",\"item\":\"https:\\\/\\\/skin-heal.com\\\/\"},{\"@type\":\"ListItem\",\"position\":2,\"name\":\"Store\",\"item\":\"https:\\\/\\\/skin-heal.com\\\/store\\\/\"},{\"@type\":\"ListItem\",\"position\":3,\"name\":\"ES Line PLACL Double Cog (4) Threads\"}]},{\"@type\":\"WebSite\",\"@id\":\"https:\\\/\\\/skin-heal.com\\\/#website\",\"url\":\"https:\\\/\\\/skin-heal.com\\\/\",\"name\":\"Skin Heal\",\"description\":\"Lowest Prices for Dermal Fillers\",\"potentialAction\":[{\"@type\":\"SearchAction\",\"target\":{\"@type\":\"EntryPoint\",\"urlTemplate\":\"https:\\\/\\\/skin-heal.com\\\/?s={search_term_string}\"},\"query-input\":{\"@type\":\"PropertyValueSpecification\",\"valueRequired\":true,\"valueName\":\"search_term_string\"}}],\"inLanguage\":\"es\"}]}<\/script>\n<!-- \/ Yoast SEO plugin. -->","yoast_head_json":{"title":"ES Line PLACL Doble diente (4) Hilos - Skin Heal","description":"Los hilos ES Line PLACL Double Cog son un producto innovador, que emula las mejores propiedades de los hilos Aptos de rejuvenecimiento cut\u00e1neo y lifting de tejidos.","robots":{"index":"index","follow":"follow","max-snippet":"max-snippet:-1","max-image-preview":"max-image-preview:large","max-video-preview":"max-video-preview:-1"},"canonical":"https:\/\/skin-heal.com\/es\/producto\/es-line-placl-double-cog-4-threads\/","og_locale":"es_MX","og_type":"article","og_title":"ES Line PLACL Double Cog (4) Threads - Skin Heal","og_description":"ES Line PLACL Double Cog threads are an innovative product, which emulates the best properties of Aptos threads of skin rejuvenation and tissue lifting.","og_url":"https:\/\/skin-heal.com\/es\/producto\/es-line-placl-double-cog-4-threads\/","og_site_name":"Skin Heal","article_modified_time":"2022-06-15T18:04:34+00:00","og_image":[{"width":600,"height":600,"url":"https:\/\/cdn.skin-heal.com\/wp-content\/uploads\/2020\/05\/PLACL-Double-Cog.jpg","type":"image\/jpeg"}],"twitter_card":"summary_large_image","twitter_misc":{"Tiempo de lectura":"1 minuto"},"schema":{"@context":"https:\/\/schema.org","@graph":[{"@type":"WebPage","@id":"https:\/\/skin-heal.com\/product\/es-line-placl-double-cog-4-threads\/","url":"https:\/\/skin-heal.com\/product\/es-line-placl-double-cog-4-threads\/","name":"ES Line PLACL Doble diente (4) Hilos - Skin Heal","isPartOf":{"@id":"https:\/\/skin-heal.com\/#website"},"primaryImageOfPage":{"@id":"https:\/\/skin-heal.com\/product\/es-line-placl-double-cog-4-threads\/#primaryimage"},"image":{"@id":"https:\/\/skin-heal.com\/product\/es-line-placl-double-cog-4-threads\/#primaryimage"},"thumbnailUrl":"https:\/\/cdn.skin-heal.com\/wp-content\/uploads\/2020\/05\/PLACL-Double-Cog.jpg","datePublished":"2020-05-19T12:22:27+00:00","dateModified":"2022-06-15T18:04:34+00:00","description":"Los hilos ES Line PLACL Double Cog son un producto innovador, que emula las mejores propiedades de los hilos Aptos de rejuvenecimiento cut\u00e1neo y lifting de tejidos.","breadcrumb":{"@id":"https:\/\/skin-heal.com\/product\/es-line-placl-double-cog-4-threads\/#breadcrumb"},"inLanguage":"es","potentialAction":[{"@type":"ReadAction","target":["https:\/\/skin-heal.com\/product\/es-line-placl-double-cog-4-threads\/"]}]},{"@type":"ImageObject","inLanguage":"es","@id":"https:\/\/skin-heal.com\/product\/es-line-placl-double-cog-4-threads\/#primaryimage","url":"https:\/\/cdn.skin-heal.com\/wp-content\/uploads\/2020\/05\/PLACL-Double-Cog.jpg","contentUrl":"https:\/\/cdn.skin-heal.com\/wp-content\/uploads\/2020\/05\/PLACL-Double-Cog.jpg","width":600,"height":600,"caption":"PLACL Double Cog"},{"@type":"BreadcrumbList","@id":"https:\/\/skin-heal.com\/product\/es-line-placl-double-cog-4-threads\/#breadcrumb","itemListElement":[{"@type":"ListItem","position":1,"name":"Home","item":"https:\/\/skin-heal.com\/"},{"@type":"ListItem","position":2,"name":"Store","item":"https:\/\/skin-heal.com\/store\/"},{"@type":"ListItem","position":3,"name":"ES Line PLACL Double Cog (4) Threads"}]},{"@type":"WebSite","@id":"https:\/\/skin-heal.com\/#website","url":"https:\/\/skin-heal.com\/","name":"Curaci\u00f3n de la piel","description":"Los precios m\u00e1s bajos para los rellenos d\u00e9rmicos","potentialAction":[{"@type":"SearchAction","target":{"@type":"EntryPoint","urlTemplate":"https:\/\/skin-heal.com\/?s={search_term_string}"},"query-input":{"@type":"PropertyValueSpecification","valueRequired":true,"valueName":"search_term_string"}}],"inLanguage":"es"}]}},"_links":{"self":[{"href":"https:\/\/skin-heal.com\/es\/wp-json\/wp\/v2\/product\/21376","targetHints":{"allow":["GET"]}}],"collection":[{"href":"https:\/\/skin-heal.com\/es\/wp-json\/wp\/v2\/product"}],"about":[{"href":"https:\/\/skin-heal.com\/es\/wp-json\/wp\/v2\/types\/product"}],"wp:featuredmedia":[{"embeddable":true,"href":"https:\/\/skin-heal.com\/es\/wp-json\/wp\/v2\/media\/21383"}],"wp:attachment":[{"href":"https:\/\/skin-heal.com\/es\/wp-json\/wp\/v2\/media?parent=21376"}],"wp:term":[{"taxonomy":"product_brand","embeddable":true,"href":"https:\/\/skin-heal.com\/es\/wp-json\/wp\/v2\/product_brand?post=21376"},{"taxonomy":"product_cat","embeddable":true,"href":"https:\/\/skin-heal.com\/es\/wp-json\/wp\/v2\/product_cat?post=21376"},{"taxonomy":"product_tag","embeddable":true,"href":"https:\/\/skin-heal.com\/es\/wp-json\/wp\/v2\/product_tag?post=21376"}],"curies":[{"name":"wp","href":"https:\/\/api.w.org\/{rel}","templated":true}]}}