{"id":21377,"date":"2020-05-19T12:24:11","date_gmt":"2020-05-19T12:24:11","guid":{"rendered":"https:\/\/skin-heal.com\/?post_type=product&#038;p=21377"},"modified":"2020-08-11T15:02:00","modified_gmt":"2020-08-11T15:02:00","slug":"es-line-placl-single-screw-10-threads","status":"publish","type":"product","link":"https:\/\/skin-heal.com\/es\/producto\/es-line-placl-single-screw-10-threads\/","title":{"rendered":"L\u00ednea ES PLACL Rosca simple (10)"},"content":{"rendered":"<p>Lo que caracteriza a los hilos de tornillo es que se enredan alrededor de la aguja de inserci\u00f3n, a diferencia de los hilos rectos. Esto permite que sea una excelente soluci\u00f3n no quir\u00fargica para dar volumen a la piel, que puede incluso sustituir a los rellenos esculturales en determinadas situaciones y eliminar la necesidad de inyectar rellenos en depresiones profundas de la piel o pliegues graves.<\/p>\n<p>Esta noci\u00f3n de los hilos de rosca \u00fanica ES Line PLACL como alternativa a los rellenos se ve favorecida por las propiedades espec\u00edficas de la sutura de \u00e1cido polil\u00e1ctico. Una de sus principales ventajas es el aumento superior de la producci\u00f3n de col\u00e1geno tipo 1 y tipo 3, as\u00ed como la mejora general del volumen de la piel. La fuerza de los hilos de PLLA (y, por extensi\u00f3n, de PLACL) los convierte en la sutura preferida para el lifting facial.<\/p>\n<p>Pero lo que diferencia a estos hilos tensores es que, adem\u00e1s de levantar los tejidos sueltos, tambi\u00e9n mejoran el estado de la piel del paciente a largo plazo. Aqu\u00ed es donde entra en juego la policaprolactona. Proporciona a los hilos faciales PLACL una longevidad de hasta dos a\u00f1os y un efecto posterior de un a\u00f1o adicional de impulso en la producci\u00f3n de col\u00e1geno, mayores niveles de humedad.<\/p>\n<h3>Entonces, \u00bfpor qu\u00e9 las roscas simples PLACL de la l\u00ednea ES?<\/h3>\n<p>Los hilos PLACL son el siguiente paso en los productos de sutura para el lifting y este hilo de un solo tornillo de ES Line lo demuestra al proporcionar a los m\u00e9dicos y a los pacientes una soluci\u00f3n duradera de voluminizaci\u00f3n y rejuvenecimiento de la piel, con una calidad, hasta hace poco, s\u00f3lo asociada a los hilos Aptos.<\/p>","protected":false},"excerpt":{"rendered":"<p>Los hilos de un solo tornillo de la l\u00ednea ES PLACL se utilizan principalmente para fines generales de lifting facial. Estos productos de sutura pueden estabilizar y levantar los tejidos fl\u00e1cidos, restaurar el volumen e igualar las depresiones en la piel de la cara del paciente. Adem\u00e1s, fusionan las ventajas y eliminan los contras de los hilos PLLA y PCL, utilizando una innovadora tecnolog\u00eda PLACL, introducida por primera vez por Aptos, que permite no s\u00f3lo levantar la piel fl\u00e1cida, sino mejorar en general su estado, rejuveneci\u00e9ndola e impulsando la producci\u00f3n de col\u00e1geno.<\/p>","protected":false},"featured_media":21384,"template":"","meta":[],"product_brand":[],"product_cat":[122,123,124],"product_tag":[],"class_list":{"0":"post-21377","1":"product","2":"type-product","3":"status-publish","4":"has-post-thumbnail","6":"product_cat-es-line","7":"product_cat-sj-medics","8":"product_cat-threads","9":"clearfix","11":"first","12":"outofstock","13":"taxable","14":"shipping-taxable","15":"purchasable","16":"product-type-simple"},"yoast_head":"<!-- This site is optimized with the Yoast SEO plugin v27.4 - https:\/\/yoast.com\/product\/yoast-seo-wordpress\/ -->\n<title>ES Line PLACL Single Screw (10) Threads - Skin Heal<\/title>\n<meta name=\"description\" content=\"For improved volume, lifting of sagging tissues and overall skin rejuvenations ES Line PLACL Single Screw Thread provide an all-in-one suture solution.\" \/>\n<meta name=\"robots\" content=\"index, follow, max-snippet:-1, max-image-preview:large, max-video-preview:-1\" \/>\n<link rel=\"canonical\" href=\"https:\/\/skin-heal.com\/es\/producto\/es-line-placl-single-screw-10-threads\/\" \/>\n<meta property=\"og:locale\" content=\"es_MX\" \/>\n<meta property=\"og:type\" content=\"article\" \/>\n<meta property=\"og:title\" content=\"ES Line PLACL Single Screw (10) Threads - Skin Heal\" \/>\n<meta property=\"og:description\" content=\"For improved volume, lifting of sagging tissues and overall skin rejuvenations ES Line PLACL Single Screw Thread provide an all-in-one suture solution.\" \/>\n<meta property=\"og:url\" content=\"https:\/\/skin-heal.com\/es\/producto\/es-line-placl-single-screw-10-threads\/\" \/>\n<meta property=\"og:site_name\" content=\"Skin Heal\" \/>\n<meta property=\"article:modified_time\" content=\"2020-08-11T15:02:00+00:00\" \/>\n<meta property=\"og:image\" content=\"https:\/\/cdn.skin-heal.com\/wp-content\/uploads\/2020\/05\/PLACL-Single-Screw.jpg\" \/>\n\t<meta property=\"og:image:width\" content=\"600\" \/>\n\t<meta property=\"og:image:height\" content=\"600\" \/>\n\t<meta property=\"og:image:type\" content=\"image\/jpeg\" \/>\n<meta name=\"twitter:card\" content=\"summary_large_image\" \/>\n<meta name=\"twitter:label1\" content=\"Tiempo de lectura\" \/>\n\t<meta name=\"twitter:data1\" content=\"1 minuto\" \/>\n<script type=\"application\/ld+json\" class=\"yoast-schema-graph\">{\"@context\":\"https:\\\/\\\/schema.org\",\"@graph\":[{\"@type\":\"WebPage\",\"@id\":\"https:\\\/\\\/skin-heal.com\\\/product\\\/es-line-placl-single-screw-10-threads\\\/\",\"url\":\"https:\\\/\\\/skin-heal.com\\\/product\\\/es-line-placl-single-screw-10-threads\\\/\",\"name\":\"ES Line PLACL Single Screw (10) Threads - Skin Heal\",\"isPartOf\":{\"@id\":\"https:\\\/\\\/skin-heal.com\\\/#website\"},\"primaryImageOfPage\":{\"@id\":\"https:\\\/\\\/skin-heal.com\\\/product\\\/es-line-placl-single-screw-10-threads\\\/#primaryimage\"},\"image\":{\"@id\":\"https:\\\/\\\/skin-heal.com\\\/product\\\/es-line-placl-single-screw-10-threads\\\/#primaryimage\"},\"thumbnailUrl\":\"https:\\\/\\\/skin-heal.com\\\/wp-content\\\/uploads\\\/2020\\\/05\\\/PLACL-Single-Screw.jpg\",\"datePublished\":\"2020-05-19T12:24:11+00:00\",\"dateModified\":\"2020-08-11T15:02:00+00:00\",\"description\":\"For improved volume, lifting of sagging tissues and overall skin rejuvenations ES Line PLACL Single Screw Thread provide an all-in-one suture solution.\",\"breadcrumb\":{\"@id\":\"https:\\\/\\\/skin-heal.com\\\/product\\\/es-line-placl-single-screw-10-threads\\\/#breadcrumb\"},\"inLanguage\":\"es\",\"potentialAction\":[{\"@type\":\"ReadAction\",\"target\":[\"https:\\\/\\\/skin-heal.com\\\/product\\\/es-line-placl-single-screw-10-threads\\\/\"]}]},{\"@type\":\"ImageObject\",\"inLanguage\":\"es\",\"@id\":\"https:\\\/\\\/skin-heal.com\\\/product\\\/es-line-placl-single-screw-10-threads\\\/#primaryimage\",\"url\":\"https:\\\/\\\/skin-heal.com\\\/wp-content\\\/uploads\\\/2020\\\/05\\\/PLACL-Single-Screw.jpg\",\"contentUrl\":\"https:\\\/\\\/skin-heal.com\\\/wp-content\\\/uploads\\\/2020\\\/05\\\/PLACL-Single-Screw.jpg\",\"width\":600,\"height\":600,\"caption\":\"PLACL Single Screw\"},{\"@type\":\"BreadcrumbList\",\"@id\":\"https:\\\/\\\/skin-heal.com\\\/product\\\/es-line-placl-single-screw-10-threads\\\/#breadcrumb\",\"itemListElement\":[{\"@type\":\"ListItem\",\"position\":1,\"name\":\"Home\",\"item\":\"https:\\\/\\\/skin-heal.com\\\/\"},{\"@type\":\"ListItem\",\"position\":2,\"name\":\"Store\",\"item\":\"https:\\\/\\\/skin-heal.com\\\/store\\\/\"},{\"@type\":\"ListItem\",\"position\":3,\"name\":\"ES Line PLACL Single Screw (10) Threads\"}]},{\"@type\":\"WebSite\",\"@id\":\"https:\\\/\\\/skin-heal.com\\\/#website\",\"url\":\"https:\\\/\\\/skin-heal.com\\\/\",\"name\":\"Skin Heal\",\"description\":\"Lowest Prices for Dermal Fillers\",\"potentialAction\":[{\"@type\":\"SearchAction\",\"target\":{\"@type\":\"EntryPoint\",\"urlTemplate\":\"https:\\\/\\\/skin-heal.com\\\/?s={search_term_string}\"},\"query-input\":{\"@type\":\"PropertyValueSpecification\",\"valueRequired\":true,\"valueName\":\"search_term_string\"}}],\"inLanguage\":\"es\"}]}<\/script>\n<!-- \/ Yoast SEO plugin. -->","yoast_head_json":{"title":"L\u00ednea ES PLACL Tornillo simple (10) Roscas - Skin Heal","description":"Para mejorar el volumen, elevar los tejidos fl\u00e1cidos y rejuvenecer la piel en general, ES Line PLACL Single Screw Thread proporciona una soluci\u00f3n de sutura todo en uno.","robots":{"index":"index","follow":"follow","max-snippet":"max-snippet:-1","max-image-preview":"max-image-preview:large","max-video-preview":"max-video-preview:-1"},"canonical":"https:\/\/skin-heal.com\/es\/producto\/es-line-placl-single-screw-10-threads\/","og_locale":"es_MX","og_type":"article","og_title":"ES Line PLACL Single Screw (10) Threads - Skin Heal","og_description":"For improved volume, lifting of sagging tissues and overall skin rejuvenations ES Line PLACL Single Screw Thread provide an all-in-one suture solution.","og_url":"https:\/\/skin-heal.com\/es\/producto\/es-line-placl-single-screw-10-threads\/","og_site_name":"Skin Heal","article_modified_time":"2020-08-11T15:02:00+00:00","og_image":[{"width":600,"height":600,"url":"https:\/\/cdn.skin-heal.com\/wp-content\/uploads\/2020\/05\/PLACL-Single-Screw.jpg","type":"image\/jpeg"}],"twitter_card":"summary_large_image","twitter_misc":{"Tiempo de lectura":"1 minuto"},"schema":{"@context":"https:\/\/schema.org","@graph":[{"@type":"WebPage","@id":"https:\/\/skin-heal.com\/product\/es-line-placl-single-screw-10-threads\/","url":"https:\/\/skin-heal.com\/product\/es-line-placl-single-screw-10-threads\/","name":"L\u00ednea ES PLACL Tornillo simple (10) Roscas - Skin Heal","isPartOf":{"@id":"https:\/\/skin-heal.com\/#website"},"primaryImageOfPage":{"@id":"https:\/\/skin-heal.com\/product\/es-line-placl-single-screw-10-threads\/#primaryimage"},"image":{"@id":"https:\/\/skin-heal.com\/product\/es-line-placl-single-screw-10-threads\/#primaryimage"},"thumbnailUrl":"https:\/\/cdn.skin-heal.com\/wp-content\/uploads\/2020\/05\/PLACL-Single-Screw.jpg","datePublished":"2020-05-19T12:24:11+00:00","dateModified":"2020-08-11T15:02:00+00:00","description":"Para mejorar el volumen, elevar los tejidos fl\u00e1cidos y rejuvenecer la piel en general, ES Line PLACL Single Screw Thread proporciona una soluci\u00f3n de sutura todo en uno.","breadcrumb":{"@id":"https:\/\/skin-heal.com\/product\/es-line-placl-single-screw-10-threads\/#breadcrumb"},"inLanguage":"es","potentialAction":[{"@type":"ReadAction","target":["https:\/\/skin-heal.com\/product\/es-line-placl-single-screw-10-threads\/"]}]},{"@type":"ImageObject","inLanguage":"es","@id":"https:\/\/skin-heal.com\/product\/es-line-placl-single-screw-10-threads\/#primaryimage","url":"https:\/\/cdn.skin-heal.com\/wp-content\/uploads\/2020\/05\/PLACL-Single-Screw.jpg","contentUrl":"https:\/\/cdn.skin-heal.com\/wp-content\/uploads\/2020\/05\/PLACL-Single-Screw.jpg","width":600,"height":600,"caption":"PLACL Single Screw"},{"@type":"BreadcrumbList","@id":"https:\/\/skin-heal.com\/product\/es-line-placl-single-screw-10-threads\/#breadcrumb","itemListElement":[{"@type":"ListItem","position":1,"name":"Home","item":"https:\/\/skin-heal.com\/"},{"@type":"ListItem","position":2,"name":"Store","item":"https:\/\/skin-heal.com\/store\/"},{"@type":"ListItem","position":3,"name":"ES Line PLACL Single Screw (10) Threads"}]},{"@type":"WebSite","@id":"https:\/\/skin-heal.com\/#website","url":"https:\/\/skin-heal.com\/","name":"Curaci\u00f3n de la piel","description":"Los precios m\u00e1s bajos para los rellenos d\u00e9rmicos","potentialAction":[{"@type":"SearchAction","target":{"@type":"EntryPoint","urlTemplate":"https:\/\/skin-heal.com\/?s={search_term_string}"},"query-input":{"@type":"PropertyValueSpecification","valueRequired":true,"valueName":"search_term_string"}}],"inLanguage":"es"}]}},"_links":{"self":[{"href":"https:\/\/skin-heal.com\/es\/wp-json\/wp\/v2\/product\/21377","targetHints":{"allow":["GET"]}}],"collection":[{"href":"https:\/\/skin-heal.com\/es\/wp-json\/wp\/v2\/product"}],"about":[{"href":"https:\/\/skin-heal.com\/es\/wp-json\/wp\/v2\/types\/product"}],"wp:featuredmedia":[{"embeddable":true,"href":"https:\/\/skin-heal.com\/es\/wp-json\/wp\/v2\/media\/21384"}],"wp:attachment":[{"href":"https:\/\/skin-heal.com\/es\/wp-json\/wp\/v2\/media?parent=21377"}],"wp:term":[{"taxonomy":"product_brand","embeddable":true,"href":"https:\/\/skin-heal.com\/es\/wp-json\/wp\/v2\/product_brand?post=21377"},{"taxonomy":"product_cat","embeddable":true,"href":"https:\/\/skin-heal.com\/es\/wp-json\/wp\/v2\/product_cat?post=21377"},{"taxonomy":"product_tag","embeddable":true,"href":"https:\/\/skin-heal.com\/es\/wp-json\/wp\/v2\/product_tag?post=21377"}],"curies":[{"name":"wp","href":"https:\/\/api.w.org\/{rel}","templated":true}]}}