{"id":21378,"date":"2020-05-19T12:25:15","date_gmt":"2020-05-19T12:25:15","guid":{"rendered":"https:\/\/skin-heal.com\/?post_type=product&#038;p=21378"},"modified":"2020-08-11T15:01:59","modified_gmt":"2020-08-11T15:01:59","slug":"es-line-plla-3d-cog-4-threads","status":"publish","type":"product","link":"https:\/\/skin-heal.com\/es\/producto\/es-line-plla-3d-cog-4-threads\/","title":{"rendered":"L\u00ednea ES PLLA 3D Cog (4) Hilos"},"content":{"rendered":"<p>Los hilos de PLLA mejoran la producci\u00f3n de col\u00e1geno m\u00e1s que los hilos de PDO cl\u00e1sicos. Los hilos de lifting de \u00e1cido polil\u00e1ctico aumentan enormemente la producci\u00f3n de col\u00e1geno de tipo 1 y 3. Son m\u00e1s resistentes, duran m\u00e1s, pero al mismo tiempo se disuelven de forma completamente segura dentro del cuerpo, convirti\u00e9ndose en lactato, glucosa, etc.<\/p>\n<p>La producci\u00f3n de col\u00e1geno tambi\u00e9n aumenta gracias a las barbas del propio hilo. Lo t\u00edpico de los engranajes 3D es que haya barbas en miniatura a cada lado y a lo largo del hilo. Desempe\u00f1an un doble papel. Por un lado, las barbas amplifican la reacci\u00f3n del cuerpo al objeto externo que lleva dentro, haciendo que la piel produzca mayores niveles de col\u00e1geno. En segundo lugar, las barbas hacen que el hilo sea mucho m\u00e1s estable, impidiendo la posibilidad de que se desplace y eliminando la necesidad de un punto de fijaci\u00f3n, que necesitan, por ejemplo, los hilos simples.<\/p>\n<h3>Hilos tensores - alternativa a los rellenos<\/h3>\n<p>Muchos dermat\u00f3logos y cirujanos pl\u00e1sticos recomiendan los hilos tensores PLLA 3D de ES Line a la cirug\u00eda tradicional o a las inyecciones de relleno\/Botulinum. El procedimiento es mucho menos invasivo que la cirug\u00eda, mientras que al mismo tiempo los efectos logrados de enderezamiento, voluminizaci\u00f3n y revitalizaci\u00f3n de la piel y los tejidos fl\u00e1cidos de los hilos de elevaci\u00f3n son m\u00e1s largos (y a menudo superiores) que los inyectables.<\/p>","protected":false},"excerpt":{"rendered":"<p>Estos hilos PLLA 3D Cog de ES Line ofrecen una de las soluciones de lifting m\u00e1s sanas del mercado. Por un lado, los hilos de lifting de PLLA (\u00e1cido polil\u00e1ctico) son los m\u00e1s resistentes del mercado, ya que ofrecen un enderezamiento de los tejidos fl\u00e1cidos de hasta dos a\u00f1os, a la vez que potencian el volumen de las zonas de depresi\u00f3n cut\u00e1nea. Sin embargo, este hilo tambi\u00e9n cuenta con una barra dentada en 3D, lo que significa que el efecto de refuerzo de la producci\u00f3n de col\u00e1geno se amplifica a\u00fan m\u00e1s, proporcionando una calidad a la altura de los productos Aptos.<\/p>","protected":false},"featured_media":21386,"template":"","meta":[],"product_brand":[],"product_cat":[122,123,124],"product_tag":[],"class_list":{"0":"post-21378","1":"product","2":"type-product","3":"status-publish","4":"has-post-thumbnail","6":"product_cat-es-line","7":"product_cat-sj-medics","8":"product_cat-threads","9":"clearfix","11":"first","12":"outofstock","13":"taxable","14":"shipping-taxable","15":"purchasable","16":"product-type-simple"},"yoast_head":"<!-- This site is optimized with the Yoast SEO plugin v27.4 - https:\/\/yoast.com\/product\/yoast-seo-wordpress\/ -->\n<title>ES Line PLLA 3D Cog (4) Threads - Skin Heal<\/title>\n<meta name=\"description\" content=\"Restore volume and straighten sagging skin and tissues with the ES Line PLLA 3D Cog Threads, which will fixate sagging tissues and improve collagen production.\" \/>\n<meta name=\"robots\" content=\"index, follow, max-snippet:-1, max-image-preview:large, max-video-preview:-1\" \/>\n<link rel=\"canonical\" href=\"https:\/\/skin-heal.com\/es\/producto\/es-line-plla-3d-cog-4-threads\/\" \/>\n<meta property=\"og:locale\" content=\"es_MX\" \/>\n<meta property=\"og:type\" content=\"article\" \/>\n<meta property=\"og:title\" content=\"ES Line PLLA 3D Cog (4) Threads - Skin Heal\" \/>\n<meta property=\"og:description\" content=\"Restore volume and straighten sagging skin and tissues with the ES Line PLLA 3D Cog Threads, which will fixate sagging tissues and improve collagen production.\" \/>\n<meta property=\"og:url\" content=\"https:\/\/skin-heal.com\/es\/producto\/es-line-plla-3d-cog-4-threads\/\" \/>\n<meta property=\"og:site_name\" content=\"Skin Heal\" \/>\n<meta property=\"article:modified_time\" content=\"2020-08-11T15:01:59+00:00\" \/>\n<meta property=\"og:image\" content=\"https:\/\/cdn.skin-heal.com\/wp-content\/uploads\/2020\/05\/PLLA-3D-Cog.jpg\" \/>\n\t<meta property=\"og:image:width\" content=\"600\" \/>\n\t<meta property=\"og:image:height\" content=\"600\" \/>\n\t<meta property=\"og:image:type\" content=\"image\/jpeg\" \/>\n<meta name=\"twitter:card\" content=\"summary_large_image\" \/>\n<meta name=\"twitter:label1\" content=\"Tiempo de lectura\" \/>\n\t<meta name=\"twitter:data1\" content=\"1 minuto\" \/>\n<script type=\"application\/ld+json\" class=\"yoast-schema-graph\">{\"@context\":\"https:\\\/\\\/schema.org\",\"@graph\":[{\"@type\":\"WebPage\",\"@id\":\"https:\\\/\\\/skin-heal.com\\\/product\\\/es-line-plla-3d-cog-4-threads\\\/\",\"url\":\"https:\\\/\\\/skin-heal.com\\\/product\\\/es-line-plla-3d-cog-4-threads\\\/\",\"name\":\"ES Line PLLA 3D Cog (4) Threads - Skin Heal\",\"isPartOf\":{\"@id\":\"https:\\\/\\\/skin-heal.com\\\/#website\"},\"primaryImageOfPage\":{\"@id\":\"https:\\\/\\\/skin-heal.com\\\/product\\\/es-line-plla-3d-cog-4-threads\\\/#primaryimage\"},\"image\":{\"@id\":\"https:\\\/\\\/skin-heal.com\\\/product\\\/es-line-plla-3d-cog-4-threads\\\/#primaryimage\"},\"thumbnailUrl\":\"https:\\\/\\\/skin-heal.com\\\/wp-content\\\/uploads\\\/2020\\\/05\\\/PLLA-3D-Cog.jpg\",\"datePublished\":\"2020-05-19T12:25:15+00:00\",\"dateModified\":\"2020-08-11T15:01:59+00:00\",\"description\":\"Restore volume and straighten sagging skin and tissues with the ES Line PLLA 3D Cog Threads, which will fixate sagging tissues and improve collagen production.\",\"breadcrumb\":{\"@id\":\"https:\\\/\\\/skin-heal.com\\\/product\\\/es-line-plla-3d-cog-4-threads\\\/#breadcrumb\"},\"inLanguage\":\"es\",\"potentialAction\":[{\"@type\":\"ReadAction\",\"target\":[\"https:\\\/\\\/skin-heal.com\\\/product\\\/es-line-plla-3d-cog-4-threads\\\/\"]}]},{\"@type\":\"ImageObject\",\"inLanguage\":\"es\",\"@id\":\"https:\\\/\\\/skin-heal.com\\\/product\\\/es-line-plla-3d-cog-4-threads\\\/#primaryimage\",\"url\":\"https:\\\/\\\/skin-heal.com\\\/wp-content\\\/uploads\\\/2020\\\/05\\\/PLLA-3D-Cog.jpg\",\"contentUrl\":\"https:\\\/\\\/skin-heal.com\\\/wp-content\\\/uploads\\\/2020\\\/05\\\/PLLA-3D-Cog.jpg\",\"width\":600,\"height\":600,\"caption\":\"PLLA 3D Cog\"},{\"@type\":\"BreadcrumbList\",\"@id\":\"https:\\\/\\\/skin-heal.com\\\/product\\\/es-line-plla-3d-cog-4-threads\\\/#breadcrumb\",\"itemListElement\":[{\"@type\":\"ListItem\",\"position\":1,\"name\":\"Home\",\"item\":\"https:\\\/\\\/skin-heal.com\\\/\"},{\"@type\":\"ListItem\",\"position\":2,\"name\":\"Store\",\"item\":\"https:\\\/\\\/skin-heal.com\\\/store\\\/\"},{\"@type\":\"ListItem\",\"position\":3,\"name\":\"ES Line PLLA 3D Cog (4) Threads\"}]},{\"@type\":\"WebSite\",\"@id\":\"https:\\\/\\\/skin-heal.com\\\/#website\",\"url\":\"https:\\\/\\\/skin-heal.com\\\/\",\"name\":\"Skin Heal\",\"description\":\"Lowest Prices for Dermal Fillers\",\"potentialAction\":[{\"@type\":\"SearchAction\",\"target\":{\"@type\":\"EntryPoint\",\"urlTemplate\":\"https:\\\/\\\/skin-heal.com\\\/?s={search_term_string}\"},\"query-input\":{\"@type\":\"PropertyValueSpecification\",\"valueRequired\":true,\"valueName\":\"search_term_string\"}}],\"inLanguage\":\"es\"}]}<\/script>\n<!-- \/ Yoast SEO plugin. -->","yoast_head_json":{"title":"ES Line PLLA 3D Cog (4) Hilos - Skin Heal","description":"Restaure el volumen y alise la piel y los tejidos fl\u00e1cidos con los hilos ES Line PLLA 3D Cog Threads, que fijar\u00e1n los tejidos fl\u00e1cidos y mejorar\u00e1n la producci\u00f3n de col\u00e1geno.","robots":{"index":"index","follow":"follow","max-snippet":"max-snippet:-1","max-image-preview":"max-image-preview:large","max-video-preview":"max-video-preview:-1"},"canonical":"https:\/\/skin-heal.com\/es\/producto\/es-line-plla-3d-cog-4-threads\/","og_locale":"es_MX","og_type":"article","og_title":"ES Line PLLA 3D Cog (4) Threads - Skin Heal","og_description":"Restore volume and straighten sagging skin and tissues with the ES Line PLLA 3D Cog Threads, which will fixate sagging tissues and improve collagen production.","og_url":"https:\/\/skin-heal.com\/es\/producto\/es-line-plla-3d-cog-4-threads\/","og_site_name":"Skin Heal","article_modified_time":"2020-08-11T15:01:59+00:00","og_image":[{"width":600,"height":600,"url":"https:\/\/cdn.skin-heal.com\/wp-content\/uploads\/2020\/05\/PLLA-3D-Cog.jpg","type":"image\/jpeg"}],"twitter_card":"summary_large_image","twitter_misc":{"Tiempo de lectura":"1 minuto"},"schema":{"@context":"https:\/\/schema.org","@graph":[{"@type":"WebPage","@id":"https:\/\/skin-heal.com\/product\/es-line-plla-3d-cog-4-threads\/","url":"https:\/\/skin-heal.com\/product\/es-line-plla-3d-cog-4-threads\/","name":"ES Line PLLA 3D Cog (4) Hilos - Skin Heal","isPartOf":{"@id":"https:\/\/skin-heal.com\/#website"},"primaryImageOfPage":{"@id":"https:\/\/skin-heal.com\/product\/es-line-plla-3d-cog-4-threads\/#primaryimage"},"image":{"@id":"https:\/\/skin-heal.com\/product\/es-line-plla-3d-cog-4-threads\/#primaryimage"},"thumbnailUrl":"https:\/\/cdn.skin-heal.com\/wp-content\/uploads\/2020\/05\/PLLA-3D-Cog.jpg","datePublished":"2020-05-19T12:25:15+00:00","dateModified":"2020-08-11T15:01:59+00:00","description":"Restaure el volumen y alise la piel y los tejidos fl\u00e1cidos con los hilos ES Line PLLA 3D Cog Threads, que fijar\u00e1n los tejidos fl\u00e1cidos y mejorar\u00e1n la producci\u00f3n de col\u00e1geno.","breadcrumb":{"@id":"https:\/\/skin-heal.com\/product\/es-line-plla-3d-cog-4-threads\/#breadcrumb"},"inLanguage":"es","potentialAction":[{"@type":"ReadAction","target":["https:\/\/skin-heal.com\/product\/es-line-plla-3d-cog-4-threads\/"]}]},{"@type":"ImageObject","inLanguage":"es","@id":"https:\/\/skin-heal.com\/product\/es-line-plla-3d-cog-4-threads\/#primaryimage","url":"https:\/\/cdn.skin-heal.com\/wp-content\/uploads\/2020\/05\/PLLA-3D-Cog.jpg","contentUrl":"https:\/\/cdn.skin-heal.com\/wp-content\/uploads\/2020\/05\/PLLA-3D-Cog.jpg","width":600,"height":600,"caption":"PLLA 3D Cog"},{"@type":"BreadcrumbList","@id":"https:\/\/skin-heal.com\/product\/es-line-plla-3d-cog-4-threads\/#breadcrumb","itemListElement":[{"@type":"ListItem","position":1,"name":"Home","item":"https:\/\/skin-heal.com\/"},{"@type":"ListItem","position":2,"name":"Store","item":"https:\/\/skin-heal.com\/store\/"},{"@type":"ListItem","position":3,"name":"ES Line PLLA 3D Cog (4) Threads"}]},{"@type":"WebSite","@id":"https:\/\/skin-heal.com\/#website","url":"https:\/\/skin-heal.com\/","name":"Curaci\u00f3n de la piel","description":"Los precios m\u00e1s bajos para los rellenos d\u00e9rmicos","potentialAction":[{"@type":"SearchAction","target":{"@type":"EntryPoint","urlTemplate":"https:\/\/skin-heal.com\/?s={search_term_string}"},"query-input":{"@type":"PropertyValueSpecification","valueRequired":true,"valueName":"search_term_string"}}],"inLanguage":"es"}]}},"_links":{"self":[{"href":"https:\/\/skin-heal.com\/es\/wp-json\/wp\/v2\/product\/21378","targetHints":{"allow":["GET"]}}],"collection":[{"href":"https:\/\/skin-heal.com\/es\/wp-json\/wp\/v2\/product"}],"about":[{"href":"https:\/\/skin-heal.com\/es\/wp-json\/wp\/v2\/types\/product"}],"wp:featuredmedia":[{"embeddable":true,"href":"https:\/\/skin-heal.com\/es\/wp-json\/wp\/v2\/media\/21386"}],"wp:attachment":[{"href":"https:\/\/skin-heal.com\/es\/wp-json\/wp\/v2\/media?parent=21378"}],"wp:term":[{"taxonomy":"product_brand","embeddable":true,"href":"https:\/\/skin-heal.com\/es\/wp-json\/wp\/v2\/product_brand?post=21378"},{"taxonomy":"product_cat","embeddable":true,"href":"https:\/\/skin-heal.com\/es\/wp-json\/wp\/v2\/product_cat?post=21378"},{"taxonomy":"product_tag","embeddable":true,"href":"https:\/\/skin-heal.com\/es\/wp-json\/wp\/v2\/product_tag?post=21378"}],"curies":[{"name":"wp","href":"https:\/\/api.w.org\/{rel}","templated":true}]}}