{"id":21379,"date":"2020-05-19T12:27:38","date_gmt":"2020-05-19T12:27:38","guid":{"rendered":"https:\/\/skin-heal.com\/?post_type=product&#038;p=21379"},"modified":"2022-06-15T18:04:34","modified_gmt":"2022-06-15T18:04:34","slug":"es-line-plla-single-screw-10-threads","status":"publish","type":"product","link":"https:\/\/skin-heal.com\/es\/producto\/es-line-plla-single-screw-10-threads\/","title":{"rendered":"L\u00ednea ES PLLA de un solo tornillo (10) roscado"},"content":{"rendered":"<p>Los hilos de lifting de PLLA han sustituido a la sutura tradicional de PDO durante alg\u00fan tiempo, tanto como soluci\u00f3n quir\u00fargica como est\u00e9tica. Son m\u00e1s duraderos y pueden durar dentro de la piel hasta dos a\u00f1os. Lo t\u00edpico de los hilos de \u00e1cido polil\u00e1ctico es que son el tipo de sutura de lifting m\u00e1s resistente, superando a los hilos de polidioxanona y policaprolactona. Este es el material preferido para los hilos de lifting.<\/p>\n<h3>Alternativa de rosca \u00fanica de PLLA a los rellenos<\/h3>\n<p>Los hilos tensores siempre han sido concebidos como una alternativa a la cirug\u00eda pl\u00e1stica tradicional, proporcionando un efecto de elevaci\u00f3n de los tejidos fl\u00e1cidos no permanente de una forma mucho menos invasiva. Si se aplican correctamente, los hilos pueden permitir evitar el uso de rellenos densos para rellenar las depresiones visibles de la piel o las inyecciones de botulina para enderezar los tejidos. Los hilos de \u00e1cido polil\u00e1ctico ofrecen una soluci\u00f3n m\u00e1s duradera, que no requiere los procedimientos de retoque adicionales, t\u00edpicos de los tratamientos de relleno e inyecci\u00f3n de Botox.<\/p>\n<p>Pero eso no es todo. Los hilos de PLLA de la l\u00ednea ES tienen a\u00fan m\u00e1s ventajas en comparaci\u00f3n con la sutura PDO tradicional:<\/p>\n<ul>\n<li>Provocan una mayor tasa de producci\u00f3n de col\u00e1geno tipo 1 y tipo 3<\/li>\n<li>Mejores propiedades voluminizadoras de la piel<\/li>\n<li>Inflamaci\u00f3n muy peque\u00f1a o nula de los tejidos circundantes<\/li>\n<li>Proporciona un efecto similar o mejor al de la DOP<\/li>\n<\/ul>","protected":false},"excerpt":{"rendered":"<p>Estos hilos PLLA de ES Line se basan en el \u00e1cido polil\u00e1ctico, lo que define sus propiedades f\u00edsicas. Son hilos de elevaci\u00f3n fuertes y duraderos, que estabilizan y enderezan los tejidos ca\u00eddos y las depresiones de la piel. Al tratarse de un hilo de un solo tornillo, se mejoran a\u00fan m\u00e1s las propiedades de restauraci\u00f3n de volumen de la sutura y puede utilizarse con mucho \u00e9xito como sustituto de los rellenos o del Botox en determinadas situaciones. Lo t\u00edpico de los hilos de la l\u00ednea ES es que ofrecen un nivel de calidad de sutura de elevaci\u00f3n de Aptos.<\/p>","protected":false},"featured_media":21388,"template":"","meta":[],"product_brand":[],"product_cat":[122,123,124],"product_tag":[],"class_list":{"0":"post-21379","1":"product","2":"type-product","3":"status-publish","4":"has-post-thumbnail","6":"product_cat-es-line","7":"product_cat-sj-medics","8":"product_cat-threads","9":"clearfix","11":"first","12":"outofstock","13":"taxable","14":"shipping-taxable","15":"purchasable","16":"product-type-simple"},"yoast_head":"<!-- This site is optimized with the Yoast SEO plugin v27.3 - https:\/\/yoast.com\/product\/yoast-seo-wordpress\/ -->\n<title>ES Line PLLA Single Screw (10) Threads - Skin Heal<\/title>\n<meta name=\"description\" content=\"ES Line PLLA Single screw threads are strong Poly-L-Lactic Acid solutions for face lifting and volumizing the skin, with boost in collagen production.\" \/>\n<meta name=\"robots\" content=\"index, follow, max-snippet:-1, max-image-preview:large, max-video-preview:-1\" \/>\n<link rel=\"canonical\" href=\"https:\/\/skin-heal.com\/es\/producto\/es-line-plla-single-screw-10-threads\/\" \/>\n<meta property=\"og:locale\" content=\"es_MX\" \/>\n<meta property=\"og:type\" content=\"article\" \/>\n<meta property=\"og:title\" content=\"ES Line PLLA Single Screw (10) Threads - Skin Heal\" \/>\n<meta property=\"og:description\" content=\"ES Line PLLA Single screw threads are strong Poly-L-Lactic Acid solutions for face lifting and volumizing the skin, with boost in collagen production.\" \/>\n<meta property=\"og:url\" content=\"https:\/\/skin-heal.com\/es\/producto\/es-line-plla-single-screw-10-threads\/\" \/>\n<meta property=\"og:site_name\" content=\"Skin Heal\" \/>\n<meta property=\"article:modified_time\" content=\"2022-06-15T18:04:34+00:00\" \/>\n<meta property=\"og:image\" content=\"https:\/\/cdn.skin-heal.com\/wp-content\/uploads\/2020\/05\/PLLA-Single-Screw.jpg\" \/>\n\t<meta property=\"og:image:width\" content=\"600\" \/>\n\t<meta property=\"og:image:height\" content=\"600\" \/>\n\t<meta property=\"og:image:type\" content=\"image\/jpeg\" \/>\n<meta name=\"twitter:card\" content=\"summary_large_image\" \/>\n<meta name=\"twitter:label1\" content=\"Tiempo de lectura\" \/>\n\t<meta name=\"twitter:data1\" content=\"1 minuto\" \/>\n<script type=\"application\/ld+json\" class=\"yoast-schema-graph\">{\"@context\":\"https:\\\/\\\/schema.org\",\"@graph\":[{\"@type\":\"WebPage\",\"@id\":\"https:\\\/\\\/skin-heal.com\\\/product\\\/es-line-plla-single-screw-10-threads\\\/\",\"url\":\"https:\\\/\\\/skin-heal.com\\\/product\\\/es-line-plla-single-screw-10-threads\\\/\",\"name\":\"ES Line PLLA Single Screw (10) Threads - Skin Heal\",\"isPartOf\":{\"@id\":\"https:\\\/\\\/skin-heal.com\\\/#website\"},\"primaryImageOfPage\":{\"@id\":\"https:\\\/\\\/skin-heal.com\\\/product\\\/es-line-plla-single-screw-10-threads\\\/#primaryimage\"},\"image\":{\"@id\":\"https:\\\/\\\/skin-heal.com\\\/product\\\/es-line-plla-single-screw-10-threads\\\/#primaryimage\"},\"thumbnailUrl\":\"https:\\\/\\\/skin-heal.com\\\/wp-content\\\/uploads\\\/2020\\\/05\\\/PLLA-Single-Screw.jpg\",\"datePublished\":\"2020-05-19T12:27:38+00:00\",\"dateModified\":\"2022-06-15T18:04:34+00:00\",\"description\":\"ES Line PLLA Single screw threads are strong Poly-L-Lactic Acid solutions for face lifting and volumizing the skin, with boost in collagen production.\",\"breadcrumb\":{\"@id\":\"https:\\\/\\\/skin-heal.com\\\/product\\\/es-line-plla-single-screw-10-threads\\\/#breadcrumb\"},\"inLanguage\":\"es\",\"potentialAction\":[{\"@type\":\"ReadAction\",\"target\":[\"https:\\\/\\\/skin-heal.com\\\/product\\\/es-line-plla-single-screw-10-threads\\\/\"]}]},{\"@type\":\"ImageObject\",\"inLanguage\":\"es\",\"@id\":\"https:\\\/\\\/skin-heal.com\\\/product\\\/es-line-plla-single-screw-10-threads\\\/#primaryimage\",\"url\":\"https:\\\/\\\/skin-heal.com\\\/wp-content\\\/uploads\\\/2020\\\/05\\\/PLLA-Single-Screw.jpg\",\"contentUrl\":\"https:\\\/\\\/skin-heal.com\\\/wp-content\\\/uploads\\\/2020\\\/05\\\/PLLA-Single-Screw.jpg\",\"width\":600,\"height\":600,\"caption\":\"PLLA Single Screw\"},{\"@type\":\"BreadcrumbList\",\"@id\":\"https:\\\/\\\/skin-heal.com\\\/product\\\/es-line-plla-single-screw-10-threads\\\/#breadcrumb\",\"itemListElement\":[{\"@type\":\"ListItem\",\"position\":1,\"name\":\"Home\",\"item\":\"https:\\\/\\\/skin-heal.com\\\/\"},{\"@type\":\"ListItem\",\"position\":2,\"name\":\"Store\",\"item\":\"https:\\\/\\\/skin-heal.com\\\/store\\\/\"},{\"@type\":\"ListItem\",\"position\":3,\"name\":\"ES Line PLLA Single Screw (10) Threads\"}]},{\"@type\":\"WebSite\",\"@id\":\"https:\\\/\\\/skin-heal.com\\\/#website\",\"url\":\"https:\\\/\\\/skin-heal.com\\\/\",\"name\":\"Skin Heal\",\"description\":\"Lowest Prices for Dermal Fillers\",\"potentialAction\":[{\"@type\":\"SearchAction\",\"target\":{\"@type\":\"EntryPoint\",\"urlTemplate\":\"https:\\\/\\\/skin-heal.com\\\/?s={search_term_string}\"},\"query-input\":{\"@type\":\"PropertyValueSpecification\",\"valueRequired\":true,\"valueName\":\"search_term_string\"}}],\"inLanguage\":\"es\"}]}<\/script>\n<!-- \/ Yoast SEO plugin. -->","yoast_head_json":{"title":"L\u00ednea ES PLLA Tornillo Simple (10) Roscas - Skin Heal","description":"ES Line PLLA Single screw threads son soluciones fuertes de \u00c1cido Polil\u00e1ctico para el lifting facial y la voluminizaci\u00f3n de la piel, con aumento de la producci\u00f3n de col\u00e1geno.","robots":{"index":"index","follow":"follow","max-snippet":"max-snippet:-1","max-image-preview":"max-image-preview:large","max-video-preview":"max-video-preview:-1"},"canonical":"https:\/\/skin-heal.com\/es\/producto\/es-line-plla-single-screw-10-threads\/","og_locale":"es_MX","og_type":"article","og_title":"ES Line PLLA Single Screw (10) Threads - Skin Heal","og_description":"ES Line PLLA Single screw threads are strong Poly-L-Lactic Acid solutions for face lifting and volumizing the skin, with boost in collagen production.","og_url":"https:\/\/skin-heal.com\/es\/producto\/es-line-plla-single-screw-10-threads\/","og_site_name":"Skin Heal","article_modified_time":"2022-06-15T18:04:34+00:00","og_image":[{"width":600,"height":600,"url":"https:\/\/cdn.skin-heal.com\/wp-content\/uploads\/2020\/05\/PLLA-Single-Screw.jpg","type":"image\/jpeg"}],"twitter_card":"summary_large_image","twitter_misc":{"Tiempo de lectura":"1 minuto"},"schema":{"@context":"https:\/\/schema.org","@graph":[{"@type":"WebPage","@id":"https:\/\/skin-heal.com\/product\/es-line-plla-single-screw-10-threads\/","url":"https:\/\/skin-heal.com\/product\/es-line-plla-single-screw-10-threads\/","name":"L\u00ednea ES PLLA Tornillo Simple (10) Roscas - Skin Heal","isPartOf":{"@id":"https:\/\/skin-heal.com\/#website"},"primaryImageOfPage":{"@id":"https:\/\/skin-heal.com\/product\/es-line-plla-single-screw-10-threads\/#primaryimage"},"image":{"@id":"https:\/\/skin-heal.com\/product\/es-line-plla-single-screw-10-threads\/#primaryimage"},"thumbnailUrl":"https:\/\/cdn.skin-heal.com\/wp-content\/uploads\/2020\/05\/PLLA-Single-Screw.jpg","datePublished":"2020-05-19T12:27:38+00:00","dateModified":"2022-06-15T18:04:34+00:00","description":"ES Line PLLA Single screw threads son soluciones fuertes de \u00c1cido Polil\u00e1ctico para el lifting facial y la voluminizaci\u00f3n de la piel, con aumento de la producci\u00f3n de col\u00e1geno.","breadcrumb":{"@id":"https:\/\/skin-heal.com\/product\/es-line-plla-single-screw-10-threads\/#breadcrumb"},"inLanguage":"es","potentialAction":[{"@type":"ReadAction","target":["https:\/\/skin-heal.com\/product\/es-line-plla-single-screw-10-threads\/"]}]},{"@type":"ImageObject","inLanguage":"es","@id":"https:\/\/skin-heal.com\/product\/es-line-plla-single-screw-10-threads\/#primaryimage","url":"https:\/\/cdn.skin-heal.com\/wp-content\/uploads\/2020\/05\/PLLA-Single-Screw.jpg","contentUrl":"https:\/\/cdn.skin-heal.com\/wp-content\/uploads\/2020\/05\/PLLA-Single-Screw.jpg","width":600,"height":600,"caption":"PLLA Single Screw"},{"@type":"BreadcrumbList","@id":"https:\/\/skin-heal.com\/product\/es-line-plla-single-screw-10-threads\/#breadcrumb","itemListElement":[{"@type":"ListItem","position":1,"name":"Home","item":"https:\/\/skin-heal.com\/"},{"@type":"ListItem","position":2,"name":"Store","item":"https:\/\/skin-heal.com\/store\/"},{"@type":"ListItem","position":3,"name":"ES Line PLLA Single Screw (10) Threads"}]},{"@type":"WebSite","@id":"https:\/\/skin-heal.com\/#website","url":"https:\/\/skin-heal.com\/","name":"Curaci\u00f3n de la piel","description":"Los precios m\u00e1s bajos para los rellenos d\u00e9rmicos","potentialAction":[{"@type":"SearchAction","target":{"@type":"EntryPoint","urlTemplate":"https:\/\/skin-heal.com\/?s={search_term_string}"},"query-input":{"@type":"PropertyValueSpecification","valueRequired":true,"valueName":"search_term_string"}}],"inLanguage":"es"}]}},"_links":{"self":[{"href":"https:\/\/skin-heal.com\/es\/wp-json\/wp\/v2\/product\/21379","targetHints":{"allow":["GET"]}}],"collection":[{"href":"https:\/\/skin-heal.com\/es\/wp-json\/wp\/v2\/product"}],"about":[{"href":"https:\/\/skin-heal.com\/es\/wp-json\/wp\/v2\/types\/product"}],"wp:featuredmedia":[{"embeddable":true,"href":"https:\/\/skin-heal.com\/es\/wp-json\/wp\/v2\/media\/21388"}],"wp:attachment":[{"href":"https:\/\/skin-heal.com\/es\/wp-json\/wp\/v2\/media?parent=21379"}],"wp:term":[{"taxonomy":"product_brand","embeddable":true,"href":"https:\/\/skin-heal.com\/es\/wp-json\/wp\/v2\/product_brand?post=21379"},{"taxonomy":"product_cat","embeddable":true,"href":"https:\/\/skin-heal.com\/es\/wp-json\/wp\/v2\/product_cat?post=21379"},{"taxonomy":"product_tag","embeddable":true,"href":"https:\/\/skin-heal.com\/es\/wp-json\/wp\/v2\/product_tag?post=21379"}],"curies":[{"name":"wp","href":"https:\/\/api.w.org\/{rel}","templated":true}]}}