{"id":216,"date":"2018-11-14T09:53:36","date_gmt":"2018-11-14T09:53:36","guid":{"rendered":"https:\/\/skin-heal.com\/?post_type=product&#038;p=216"},"modified":"2022-12-16T17:52:10","modified_gmt":"2022-12-16T15:52:10","slug":"monalisa-hard-type-1x1ml","status":"publish","type":"product","link":"https:\/\/skin-heal.com\/es\/producto\/monalisa-hard-type-1x1ml\/","title":{"rendered":"Monalisa Tipo Duro (1x1ml)"},"content":{"rendered":"<h3>Contenido<\/h3>\n<ul>\n<li>Volumen de la jeringa: 1,0 mL<\/li>\n<li>Concentraci\u00f3n: 600\u00b5m<\/li>\n<li>Tama\u00f1o de la aguja: 30G TW<\/li>\n<li>Lugar(es) de inyecci\u00f3n: Capa media o profunda del subcutis<\/li>\n<li>Almacenamiento: 2-25\u00b0C<\/li>\n<li>Concentraci\u00f3n de lidoca\u00edna: 0,3%<\/li>\n<\/ul>\n<h3>Sin dolor y sin molestias<\/h3>\n<p>Algunos creen que la enigm\u00e1tica expresi\u00f3n de la Mona Lisa de Da Vinci se debe al dolor. Sin embargo, con Monalisa Hard, el dolor no aparece en ninguna parte. Al igual que todos los dem\u00e1s rellenos cut\u00e1neos de esta marca, \u00e9ste est\u00e1 infundido con lidoca\u00edna. Por lo tanto, los pacientes disfrutan de una experiencia m\u00e1s indolora durante el proceso de inyecci\u00f3n. El dise\u00f1o de la jeringuilla que viene en la caja permite una distribuci\u00f3n equitativa de la fuerza durante la operaci\u00f3n de tratamiento. Los cl\u00ednicos tienen un mejor agarre y, gracias a las impresionantes propiedades antideslizantes de este dispositivo m\u00e9dico, el tratamiento puede llevarse a cabo con una mayor precisi\u00f3n.<\/p>\n<h3>Inyecci\u00f3n cut\u00e1nea para esculpir el rostro de nueva generaci\u00f3n<\/h3>\n<p>Cuando se utiliza para la remodelaci\u00f3n del ment\u00f3n y del rostro o para el aumento de la nariz, Monalisa Hard consigue proporcionar un volumen de aspecto natural. Las part\u00edculas de \u00e1cido hialur\u00f3nico de este innovador relleno d\u00e9rmico son uniformes y notablemente densas, lo que significa que el producto suele empezar a disolverse de forma natural 6 meses despu\u00e9s del tratamiento.<\/p>","protected":false},"excerpt":{"rendered":"<p>Monalisa Hard forma parte de la l\u00ednea Monalisa de Genoss de rellenos cut\u00e1neos de primera categor\u00eda y se ha desarrollado espec\u00edficamente para ofrecer soluciones eficaces y sin riesgo para la eliminaci\u00f3n del surco nasogeniano, el aumento nasal y la escultura del \u00f3valo facial y el ment\u00f3n. Tiene un precio bajo y, sin embargo, ofrece mejores resultados que muchos otros productos de rejuvenecimiento de la piel. Su secreto del \u00e9xito: sus part\u00edculas de HA hiperreticuladas, un dise\u00f1o innovador y unos resultados de tratamiento inigualables.<\/p>","protected":false},"featured_media":491,"template":"","meta":[],"product_brand":[],"product_cat":[79,58,36],"product_tag":[],"class_list":{"0":"post-216","1":"product","2":"type-product","3":"status-publish","4":"has-post-thumbnail","6":"product_cat-dermal-fillers","7":"product_cat-genoss","8":"product_cat-monalisa","9":"clearfix","11":"first","12":"outofstock","13":"taxable","14":"shipping-taxable","15":"purchasable","16":"product-type-simple"},"yoast_head":"<!-- This site is optimized with the Yoast SEO plugin v27.3 - https:\/\/yoast.com\/product\/yoast-seo-wordpress\/ -->\n<title>Monalisa Hard Type (1x1ml) - Skin Heal<\/title>\n<meta name=\"description\" content=\"Rely on Monalisa Hard for a painless nasolabial fold removal, skin and check countering or nasal augmentation. This skin filler uses a Hy-BRED formula.\" \/>\n<meta name=\"robots\" content=\"index, follow, max-snippet:-1, max-image-preview:large, max-video-preview:-1\" \/>\n<link rel=\"canonical\" href=\"https:\/\/skin-heal.com\/es\/producto\/monalisa-hard-type-1x1ml\/\" \/>\n<meta property=\"og:locale\" content=\"es_MX\" \/>\n<meta property=\"og:type\" content=\"article\" \/>\n<meta property=\"og:title\" content=\"Monalisa Hard Type (1x1ml) - Skin Heal\" \/>\n<meta property=\"og:description\" content=\"Rely on Monalisa Hard for a painless nasolabial fold removal, skin and check countering or nasal augmentation. This skin filler uses a Hy-BRED formula.\" \/>\n<meta property=\"og:url\" content=\"https:\/\/skin-heal.com\/es\/producto\/monalisa-hard-type-1x1ml\/\" \/>\n<meta property=\"og:site_name\" content=\"Skin Heal\" \/>\n<meta property=\"article:modified_time\" content=\"2022-12-16T15:52:10+00:00\" \/>\n<meta property=\"og:image\" content=\"https:\/\/cdn.skin-heal.com\/wp-content\/uploads\/2018\/11\/Monalisa-Hard.jpg\" \/>\n\t<meta property=\"og:image:width\" content=\"600\" \/>\n\t<meta property=\"og:image:height\" content=\"600\" \/>\n\t<meta property=\"og:image:type\" content=\"image\/jpeg\" \/>\n<meta name=\"twitter:card\" content=\"summary_large_image\" \/>\n<meta name=\"twitter:label1\" content=\"Tiempo de lectura\" \/>\n\t<meta name=\"twitter:data1\" content=\"1 minuto\" \/>\n<script type=\"application\/ld+json\" class=\"yoast-schema-graph\">{\"@context\":\"https:\\\/\\\/schema.org\",\"@graph\":[{\"@type\":\"WebPage\",\"@id\":\"https:\\\/\\\/skin-heal.com\\\/product\\\/monalisa-hard-type-1x1ml\\\/\",\"url\":\"https:\\\/\\\/skin-heal.com\\\/product\\\/monalisa-hard-type-1x1ml\\\/\",\"name\":\"Monalisa Hard Type (1x1ml) - Skin Heal\",\"isPartOf\":{\"@id\":\"https:\\\/\\\/skin-heal.com\\\/#website\"},\"primaryImageOfPage\":{\"@id\":\"https:\\\/\\\/skin-heal.com\\\/product\\\/monalisa-hard-type-1x1ml\\\/#primaryimage\"},\"image\":{\"@id\":\"https:\\\/\\\/skin-heal.com\\\/product\\\/monalisa-hard-type-1x1ml\\\/#primaryimage\"},\"thumbnailUrl\":\"https:\\\/\\\/skin-heal.com\\\/wp-content\\\/uploads\\\/2018\\\/11\\\/Monalisa-Hard.jpg\",\"datePublished\":\"2018-11-14T09:53:36+00:00\",\"dateModified\":\"2022-12-16T15:52:10+00:00\",\"description\":\"Rely on Monalisa Hard for a painless nasolabial fold removal, skin and check countering or nasal augmentation. This skin filler uses a Hy-BRED formula.\",\"breadcrumb\":{\"@id\":\"https:\\\/\\\/skin-heal.com\\\/product\\\/monalisa-hard-type-1x1ml\\\/#breadcrumb\"},\"inLanguage\":\"es\",\"potentialAction\":[{\"@type\":\"ReadAction\",\"target\":[\"https:\\\/\\\/skin-heal.com\\\/product\\\/monalisa-hard-type-1x1ml\\\/\"]}]},{\"@type\":\"ImageObject\",\"inLanguage\":\"es\",\"@id\":\"https:\\\/\\\/skin-heal.com\\\/product\\\/monalisa-hard-type-1x1ml\\\/#primaryimage\",\"url\":\"https:\\\/\\\/skin-heal.com\\\/wp-content\\\/uploads\\\/2018\\\/11\\\/Monalisa-Hard.jpg\",\"contentUrl\":\"https:\\\/\\\/skin-heal.com\\\/wp-content\\\/uploads\\\/2018\\\/11\\\/Monalisa-Hard.jpg\",\"width\":600,\"height\":600,\"caption\":\"Monalisa Hard\"},{\"@type\":\"BreadcrumbList\",\"@id\":\"https:\\\/\\\/skin-heal.com\\\/product\\\/monalisa-hard-type-1x1ml\\\/#breadcrumb\",\"itemListElement\":[{\"@type\":\"ListItem\",\"position\":1,\"name\":\"Home\",\"item\":\"https:\\\/\\\/skin-heal.com\\\/\"},{\"@type\":\"ListItem\",\"position\":2,\"name\":\"Store\",\"item\":\"https:\\\/\\\/skin-heal.com\\\/store\\\/\"},{\"@type\":\"ListItem\",\"position\":3,\"name\":\"Monalisa Hard Type (1x1ml)\"}]},{\"@type\":\"WebSite\",\"@id\":\"https:\\\/\\\/skin-heal.com\\\/#website\",\"url\":\"https:\\\/\\\/skin-heal.com\\\/\",\"name\":\"Skin Heal\",\"description\":\"Lowest Prices for Dermal Fillers\",\"potentialAction\":[{\"@type\":\"SearchAction\",\"target\":{\"@type\":\"EntryPoint\",\"urlTemplate\":\"https:\\\/\\\/skin-heal.com\\\/?s={search_term_string}\"},\"query-input\":{\"@type\":\"PropertyValueSpecification\",\"valueRequired\":true,\"valueName\":\"search_term_string\"}}],\"inLanguage\":\"es\"}]}<\/script>\n<!-- \/ Yoast SEO plugin. -->","yoast_head_json":{"title":"Monalisa Tipo Duro (1x1ml) - Skin Heal","description":"Conf\u00ede en Monalisa Hard para eliminar de forma indolora los pliegues nasolabiales, contrarrestar la piel y las marcas o aumentar la nariz. Este relleno cut\u00e1neo utiliza una f\u00f3rmula Hy-BRED.","robots":{"index":"index","follow":"follow","max-snippet":"max-snippet:-1","max-image-preview":"max-image-preview:large","max-video-preview":"max-video-preview:-1"},"canonical":"https:\/\/skin-heal.com\/es\/producto\/monalisa-hard-type-1x1ml\/","og_locale":"es_MX","og_type":"article","og_title":"Monalisa Hard Type (1x1ml) - Skin Heal","og_description":"Rely on Monalisa Hard for a painless nasolabial fold removal, skin and check countering or nasal augmentation. This skin filler uses a Hy-BRED formula.","og_url":"https:\/\/skin-heal.com\/es\/producto\/monalisa-hard-type-1x1ml\/","og_site_name":"Skin Heal","article_modified_time":"2022-12-16T15:52:10+00:00","og_image":[{"width":600,"height":600,"url":"https:\/\/cdn.skin-heal.com\/wp-content\/uploads\/2018\/11\/Monalisa-Hard.jpg","type":"image\/jpeg"}],"twitter_card":"summary_large_image","twitter_misc":{"Tiempo de lectura":"1 minuto"},"schema":{"@context":"https:\/\/schema.org","@graph":[{"@type":"WebPage","@id":"https:\/\/skin-heal.com\/product\/monalisa-hard-type-1x1ml\/","url":"https:\/\/skin-heal.com\/product\/monalisa-hard-type-1x1ml\/","name":"Monalisa Tipo Duro (1x1ml) - Skin Heal","isPartOf":{"@id":"https:\/\/skin-heal.com\/#website"},"primaryImageOfPage":{"@id":"https:\/\/skin-heal.com\/product\/monalisa-hard-type-1x1ml\/#primaryimage"},"image":{"@id":"https:\/\/skin-heal.com\/product\/monalisa-hard-type-1x1ml\/#primaryimage"},"thumbnailUrl":"https:\/\/cdn.skin-heal.com\/wp-content\/uploads\/2018\/11\/Monalisa-Hard.jpg","datePublished":"2018-11-14T09:53:36+00:00","dateModified":"2022-12-16T15:52:10+00:00","description":"Conf\u00ede en Monalisa Hard para eliminar de forma indolora los pliegues nasolabiales, contrarrestar la piel y las marcas o aumentar la nariz. Este relleno cut\u00e1neo utiliza una f\u00f3rmula Hy-BRED.","breadcrumb":{"@id":"https:\/\/skin-heal.com\/product\/monalisa-hard-type-1x1ml\/#breadcrumb"},"inLanguage":"es","potentialAction":[{"@type":"ReadAction","target":["https:\/\/skin-heal.com\/product\/monalisa-hard-type-1x1ml\/"]}]},{"@type":"ImageObject","inLanguage":"es","@id":"https:\/\/skin-heal.com\/product\/monalisa-hard-type-1x1ml\/#primaryimage","url":"https:\/\/cdn.skin-heal.com\/wp-content\/uploads\/2018\/11\/Monalisa-Hard.jpg","contentUrl":"https:\/\/cdn.skin-heal.com\/wp-content\/uploads\/2018\/11\/Monalisa-Hard.jpg","width":600,"height":600,"caption":"Monalisa Hard"},{"@type":"BreadcrumbList","@id":"https:\/\/skin-heal.com\/product\/monalisa-hard-type-1x1ml\/#breadcrumb","itemListElement":[{"@type":"ListItem","position":1,"name":"Home","item":"https:\/\/skin-heal.com\/"},{"@type":"ListItem","position":2,"name":"Store","item":"https:\/\/skin-heal.com\/store\/"},{"@type":"ListItem","position":3,"name":"Monalisa Hard Type (1x1ml)"}]},{"@type":"WebSite","@id":"https:\/\/skin-heal.com\/#website","url":"https:\/\/skin-heal.com\/","name":"Curaci\u00f3n de la piel","description":"Los precios m\u00e1s bajos para los rellenos d\u00e9rmicos","potentialAction":[{"@type":"SearchAction","target":{"@type":"EntryPoint","urlTemplate":"https:\/\/skin-heal.com\/?s={search_term_string}"},"query-input":{"@type":"PropertyValueSpecification","valueRequired":true,"valueName":"search_term_string"}}],"inLanguage":"es"}]}},"_links":{"self":[{"href":"https:\/\/skin-heal.com\/es\/wp-json\/wp\/v2\/product\/216","targetHints":{"allow":["GET"]}}],"collection":[{"href":"https:\/\/skin-heal.com\/es\/wp-json\/wp\/v2\/product"}],"about":[{"href":"https:\/\/skin-heal.com\/es\/wp-json\/wp\/v2\/types\/product"}],"wp:featuredmedia":[{"embeddable":true,"href":"https:\/\/skin-heal.com\/es\/wp-json\/wp\/v2\/media\/491"}],"wp:attachment":[{"href":"https:\/\/skin-heal.com\/es\/wp-json\/wp\/v2\/media?parent=216"}],"wp:term":[{"taxonomy":"product_brand","embeddable":true,"href":"https:\/\/skin-heal.com\/es\/wp-json\/wp\/v2\/product_brand?post=216"},{"taxonomy":"product_cat","embeddable":true,"href":"https:\/\/skin-heal.com\/es\/wp-json\/wp\/v2\/product_cat?post=216"},{"taxonomy":"product_tag","embeddable":true,"href":"https:\/\/skin-heal.com\/es\/wp-json\/wp\/v2\/product_tag?post=216"}],"curies":[{"name":"wp","href":"https:\/\/api.w.org\/{rel}","templated":true}]}}