{"id":2163,"date":"2019-06-13T12:21:03","date_gmt":"2019-06-13T12:21:03","guid":{"rendered":"https:\/\/skin-heal.com\/?post_type=product&#038;p=2163"},"modified":"2025-06-06T18:33:21","modified_gmt":"2025-06-06T15:33:21","slug":"glowing-fill-new-1-x-1ml","status":"publish","type":"product","link":"https:\/\/skin-heal.com\/es\/producto\/glowing-fill-new-1-x-1ml\/","title":{"rendered":"Glowing Fill New (2 x 1ml Dual Pack)"},"content":{"rendered":"<p><strong>La m\u00e1s reciente obra maestra coreana para eliminar las arrugas<\/strong><\/p>\n<p>Corea del Sur, el pa\u00eds de la belleza y de las soluciones antienvejecimiento modernas, es el pa\u00eds del que procede este pionero relleno d\u00e9rmico. Aunque sali\u00f3 al mercado no hace mucho tiempo, Glowing Fill New ha demostrado su ambici\u00f3n por barrer a su competencia a trav\u00e9s de su:<\/p>\n<ul>\n<li><strong>Revolucionaria tecnolog\u00eda R-Square<\/strong> - para un tratamiento antiarrugas de nueva generaci\u00f3n<\/li>\n<li><strong>Estructura f\u00e1sica de varios niveles<\/strong> - para obtener resultados m\u00e1s naturales y duraderos<\/li>\n<li><strong>Agujas de gama alta<\/strong> - para un dolor y un malestar nulos<\/li>\n<li><strong>Composici\u00f3n de HA puro<\/strong> - para no tener efectos secundarios<\/li>\n<\/ul>\n<p>La textura y la concentraci\u00f3n de este relleno cut\u00e1neo de primera clase se han adaptado para atacar y eliminar las l\u00edneas y arrugas superficiales (<em>L\u00edneas glabelares, patas de gallo, l\u00edneas periorales, etc.<\/em>). Y como est\u00e1 destinado a ser inyectado en la capa superficial de la dermis, tambi\u00e9n tiene una estructura de gel suave y lisa. Al mismo tiempo, sin embargo, la tasa de migraci\u00f3n del gel es m\u00ednima, lo que permite una mayor <u>resultados precisos que pasar\u00e1n la prueba del tiempo<\/u> durante varios meses. Por lo tanto, aunque las citas de mantenimiento ser\u00e1n necesarias cada pocas semanas aproximadamente, los efectos rejuvenecedores cosm\u00e9ticos de este producto tienen una longevidad significativamente mayor en comparaci\u00f3n con otras soluciones de este tipo.<\/p>\n<p><strong>Satisfacci\u00f3n garantizada del paciente<\/strong><\/p>\n<p>Glowing Fill New obtiene una alta puntuaci\u00f3n en lo que respecta a la satisfacci\u00f3n de los pacientes. El tratamiento dura s\u00f3lo unos minutos y no requiere tiempo de inactividad. Por lo tanto, cualquier persona que se someta a un tratamiento antienvejecimiento con este relleno d\u00e9rmico de primera categor\u00eda no necesitar\u00e1 cambiar su rutina diaria. El riesgo de sobrellenado o infrallenado es casi inexistente, lo que conduce a resultados perfectamente equilibrados. Con su <strong>f\u00f3rmula con infusi\u00f3n de lidoca\u00edna<\/strong>El dolor tambi\u00e9n est\u00e1 fuera de juego.<\/p>","protected":false},"excerpt":{"rendered":"<p>Glowing Fill New es un <u>Relleno de \u00e1cido hialur\u00f3nico reticulado duradero<\/u> que viene reci\u00e9n salido del laboratorio. Lanzado en 2019, este producto de rejuvenecimiento cosm\u00e9tico altamente eficaz ya ha conseguido aterrizar en la tienda online de Skin Heal gracias a su impresionante pureza de HA, su viscoelasticidad mejorada y su inigualable durabilidad. Tiene el potencial de convertirse en la mejor inyecci\u00f3n de relleno para el <em>correcci\u00f3n temporal de las l\u00edneas de expresi\u00f3n<\/em>. Una prueba y usted tambi\u00e9n se convencer\u00e1 de ello.<\/p>","protected":false},"featured_media":2170,"template":"","meta":[],"product_brand":[],"product_cat":[103,79,102,144],"product_tag":[145],"class_list":{"0":"post-2163","1":"product","2":"type-product","3":"status-publish","4":"has-post-thumbnail","6":"product_cat-cg-bio","7":"product_cat-dermal-fillers","8":"product_cat-glowing-fill","9":"product_cat-holiday-mega-sale","10":"product_tag-5off","11":"clearfix","13":"first","14":"outofstock","15":"sale","16":"taxable","17":"shipping-taxable","18":"purchasable","19":"product-type-simple"},"yoast_head":"<!-- This site is optimized with the Yoast SEO plugin v27.3 - https:\/\/yoast.com\/product\/yoast-seo-wordpress\/ -->\n<title>Glowing Fill New (2 x 1ml Dual Pack) - Skin Heal<\/title>\n<meta name=\"description\" content=\"Buy Glowing Fill New from Skin Heal and enjoy low-risk removal of fine lines. Glowing Fill New is a professional-grade HA filler that has no side effects.\" \/>\n<meta name=\"robots\" content=\"index, follow, max-snippet:-1, max-image-preview:large, max-video-preview:-1\" \/>\n<link rel=\"canonical\" href=\"https:\/\/skin-heal.com\/es\/producto\/glowing-fill-new-1-x-1ml\/\" \/>\n<meta property=\"og:locale\" content=\"es_MX\" \/>\n<meta property=\"og:type\" content=\"article\" \/>\n<meta property=\"og:title\" content=\"Glowing Fill New (2 x 1ml Dual Pack) - Skin Heal\" \/>\n<meta property=\"og:description\" content=\"Buy Glowing Fill New from Skin Heal and enjoy low-risk removal of fine lines. Glowing Fill New is a professional-grade HA filler that has no side effects.\" \/>\n<meta property=\"og:url\" content=\"https:\/\/skin-heal.com\/es\/producto\/glowing-fill-new-1-x-1ml\/\" \/>\n<meta property=\"og:site_name\" content=\"Skin Heal\" \/>\n<meta property=\"article:modified_time\" content=\"2025-06-06T15:33:21+00:00\" \/>\n<meta property=\"og:image\" content=\"https:\/\/cdn.skin-heal.com\/wp-content\/uploads\/2019\/06\/Glowing-Fill-New.jpg\" \/>\n\t<meta property=\"og:image:width\" content=\"600\" \/>\n\t<meta property=\"og:image:height\" content=\"600\" \/>\n\t<meta property=\"og:image:type\" content=\"image\/jpeg\" \/>\n<meta name=\"twitter:card\" content=\"summary_large_image\" \/>\n<meta name=\"twitter:label1\" content=\"Tiempo de lectura\" \/>\n\t<meta name=\"twitter:data1\" content=\"2 minutos\" \/>\n<script type=\"application\/ld+json\" class=\"yoast-schema-graph\">{\"@context\":\"https:\\\/\\\/schema.org\",\"@graph\":[{\"@type\":\"WebPage\",\"@id\":\"https:\\\/\\\/skin-heal.com\\\/product\\\/glowing-fill-new-1-x-1ml\\\/\",\"url\":\"https:\\\/\\\/skin-heal.com\\\/product\\\/glowing-fill-new-1-x-1ml\\\/\",\"name\":\"Glowing Fill New (2 x 1ml Dual Pack) - Skin Heal\",\"isPartOf\":{\"@id\":\"https:\\\/\\\/skin-heal.com\\\/#website\"},\"primaryImageOfPage\":{\"@id\":\"https:\\\/\\\/skin-heal.com\\\/product\\\/glowing-fill-new-1-x-1ml\\\/#primaryimage\"},\"image\":{\"@id\":\"https:\\\/\\\/skin-heal.com\\\/product\\\/glowing-fill-new-1-x-1ml\\\/#primaryimage\"},\"thumbnailUrl\":\"https:\\\/\\\/skin-heal.com\\\/wp-content\\\/uploads\\\/2019\\\/06\\\/Glowing-Fill-New.jpg\",\"datePublished\":\"2019-06-13T12:21:03+00:00\",\"dateModified\":\"2025-06-06T15:33:21+00:00\",\"description\":\"Buy Glowing Fill New from Skin Heal and enjoy low-risk removal of fine lines. Glowing Fill New is a professional-grade HA filler that has no side effects.\",\"breadcrumb\":{\"@id\":\"https:\\\/\\\/skin-heal.com\\\/product\\\/glowing-fill-new-1-x-1ml\\\/#breadcrumb\"},\"inLanguage\":\"es\",\"potentialAction\":[{\"@type\":\"ReadAction\",\"target\":[\"https:\\\/\\\/skin-heal.com\\\/product\\\/glowing-fill-new-1-x-1ml\\\/\"]}]},{\"@type\":\"ImageObject\",\"inLanguage\":\"es\",\"@id\":\"https:\\\/\\\/skin-heal.com\\\/product\\\/glowing-fill-new-1-x-1ml\\\/#primaryimage\",\"url\":\"https:\\\/\\\/skin-heal.com\\\/wp-content\\\/uploads\\\/2019\\\/06\\\/Glowing-Fill-New.jpg\",\"contentUrl\":\"https:\\\/\\\/skin-heal.com\\\/wp-content\\\/uploads\\\/2019\\\/06\\\/Glowing-Fill-New.jpg\",\"width\":600,\"height\":600,\"caption\":\"Glowing Fill New\"},{\"@type\":\"BreadcrumbList\",\"@id\":\"https:\\\/\\\/skin-heal.com\\\/product\\\/glowing-fill-new-1-x-1ml\\\/#breadcrumb\",\"itemListElement\":[{\"@type\":\"ListItem\",\"position\":1,\"name\":\"Home\",\"item\":\"https:\\\/\\\/skin-heal.com\\\/\"},{\"@type\":\"ListItem\",\"position\":2,\"name\":\"Store\",\"item\":\"https:\\\/\\\/skin-heal.com\\\/store\\\/\"},{\"@type\":\"ListItem\",\"position\":3,\"name\":\"Glowing Fill New (2 x 1ml Dual Pack)\"}]},{\"@type\":\"WebSite\",\"@id\":\"https:\\\/\\\/skin-heal.com\\\/#website\",\"url\":\"https:\\\/\\\/skin-heal.com\\\/\",\"name\":\"Skin Heal\",\"description\":\"Lowest Prices for Dermal Fillers\",\"potentialAction\":[{\"@type\":\"SearchAction\",\"target\":{\"@type\":\"EntryPoint\",\"urlTemplate\":\"https:\\\/\\\/skin-heal.com\\\/?s={search_term_string}\"},\"query-input\":{\"@type\":\"PropertyValueSpecification\",\"valueRequired\":true,\"valueName\":\"search_term_string\"}}],\"inLanguage\":\"es\"}]}<\/script>\n<!-- \/ Yoast SEO plugin. -->","yoast_head_json":{"title":"Glowing Fill Nuevo (2 x 1ml Dual Pack) - Skin Heal","description":"Compre Glowing Fill New de Skin Heal y disfrute de una eliminaci\u00f3n de bajo riesgo de las l\u00edneas de expresi\u00f3n. Glowing Fill New es un relleno de HA de calidad profesional que no tiene efectos secundarios.","robots":{"index":"index","follow":"follow","max-snippet":"max-snippet:-1","max-image-preview":"max-image-preview:large","max-video-preview":"max-video-preview:-1"},"canonical":"https:\/\/skin-heal.com\/es\/producto\/glowing-fill-new-1-x-1ml\/","og_locale":"es_MX","og_type":"article","og_title":"Glowing Fill New (2 x 1ml Dual Pack) - Skin Heal","og_description":"Buy Glowing Fill New from Skin Heal and enjoy low-risk removal of fine lines. Glowing Fill New is a professional-grade HA filler that has no side effects.","og_url":"https:\/\/skin-heal.com\/es\/producto\/glowing-fill-new-1-x-1ml\/","og_site_name":"Skin Heal","article_modified_time":"2025-06-06T15:33:21+00:00","og_image":[{"width":600,"height":600,"url":"https:\/\/cdn.skin-heal.com\/wp-content\/uploads\/2019\/06\/Glowing-Fill-New.jpg","type":"image\/jpeg"}],"twitter_card":"summary_large_image","twitter_misc":{"Tiempo de lectura":"2 minutos"},"schema":{"@context":"https:\/\/schema.org","@graph":[{"@type":"WebPage","@id":"https:\/\/skin-heal.com\/product\/glowing-fill-new-1-x-1ml\/","url":"https:\/\/skin-heal.com\/product\/glowing-fill-new-1-x-1ml\/","name":"Glowing Fill Nuevo (2 x 1ml Dual Pack) - Skin Heal","isPartOf":{"@id":"https:\/\/skin-heal.com\/#website"},"primaryImageOfPage":{"@id":"https:\/\/skin-heal.com\/product\/glowing-fill-new-1-x-1ml\/#primaryimage"},"image":{"@id":"https:\/\/skin-heal.com\/product\/glowing-fill-new-1-x-1ml\/#primaryimage"},"thumbnailUrl":"https:\/\/cdn.skin-heal.com\/wp-content\/uploads\/2019\/06\/Glowing-Fill-New.jpg","datePublished":"2019-06-13T12:21:03+00:00","dateModified":"2025-06-06T15:33:21+00:00","description":"Compre Glowing Fill New de Skin Heal y disfrute de una eliminaci\u00f3n de bajo riesgo de las l\u00edneas de expresi\u00f3n. Glowing Fill New es un relleno de HA de calidad profesional que no tiene efectos secundarios.","breadcrumb":{"@id":"https:\/\/skin-heal.com\/product\/glowing-fill-new-1-x-1ml\/#breadcrumb"},"inLanguage":"es","potentialAction":[{"@type":"ReadAction","target":["https:\/\/skin-heal.com\/product\/glowing-fill-new-1-x-1ml\/"]}]},{"@type":"ImageObject","inLanguage":"es","@id":"https:\/\/skin-heal.com\/product\/glowing-fill-new-1-x-1ml\/#primaryimage","url":"https:\/\/cdn.skin-heal.com\/wp-content\/uploads\/2019\/06\/Glowing-Fill-New.jpg","contentUrl":"https:\/\/cdn.skin-heal.com\/wp-content\/uploads\/2019\/06\/Glowing-Fill-New.jpg","width":600,"height":600,"caption":"Glowing Fill New"},{"@type":"BreadcrumbList","@id":"https:\/\/skin-heal.com\/product\/glowing-fill-new-1-x-1ml\/#breadcrumb","itemListElement":[{"@type":"ListItem","position":1,"name":"Home","item":"https:\/\/skin-heal.com\/"},{"@type":"ListItem","position":2,"name":"Store","item":"https:\/\/skin-heal.com\/store\/"},{"@type":"ListItem","position":3,"name":"Glowing Fill New (2 x 1ml Dual Pack)"}]},{"@type":"WebSite","@id":"https:\/\/skin-heal.com\/#website","url":"https:\/\/skin-heal.com\/","name":"Curaci\u00f3n de la piel","description":"Los precios m\u00e1s bajos para los rellenos d\u00e9rmicos","potentialAction":[{"@type":"SearchAction","target":{"@type":"EntryPoint","urlTemplate":"https:\/\/skin-heal.com\/?s={search_term_string}"},"query-input":{"@type":"PropertyValueSpecification","valueRequired":true,"valueName":"search_term_string"}}],"inLanguage":"es"}]}},"_links":{"self":[{"href":"https:\/\/skin-heal.com\/es\/wp-json\/wp\/v2\/product\/2163","targetHints":{"allow":["GET"]}}],"collection":[{"href":"https:\/\/skin-heal.com\/es\/wp-json\/wp\/v2\/product"}],"about":[{"href":"https:\/\/skin-heal.com\/es\/wp-json\/wp\/v2\/types\/product"}],"wp:featuredmedia":[{"embeddable":true,"href":"https:\/\/skin-heal.com\/es\/wp-json\/wp\/v2\/media\/2170"}],"wp:attachment":[{"href":"https:\/\/skin-heal.com\/es\/wp-json\/wp\/v2\/media?parent=2163"}],"wp:term":[{"taxonomy":"product_brand","embeddable":true,"href":"https:\/\/skin-heal.com\/es\/wp-json\/wp\/v2\/product_brand?post=2163"},{"taxonomy":"product_cat","embeddable":true,"href":"https:\/\/skin-heal.com\/es\/wp-json\/wp\/v2\/product_cat?post=2163"},{"taxonomy":"product_tag","embeddable":true,"href":"https:\/\/skin-heal.com\/es\/wp-json\/wp\/v2\/product_tag?post=2163"}],"curies":[{"name":"wp","href":"https:\/\/api.w.org\/{rel}","templated":true}]}}