{"id":2164,"date":"2019-06-13T12:21:58","date_gmt":"2019-06-13T12:21:58","guid":{"rendered":"https:\/\/skin-heal.com\/?post_type=product&#038;p=2164"},"modified":"2025-06-06T18:33:21","modified_gmt":"2025-06-06T15:33:21","slug":"glowing-fill-half-1-x-1ml","status":"publish","type":"product","link":"https:\/\/skin-heal.com\/es\/producto\/glowing-fill-half-1-x-1ml\/","title":{"rendered":"Glowing Fill Half (2 x 1ml Dual Pack)"},"content":{"rendered":"<p><strong>\u00bfQu\u00e9 hace que Glowing Fill Half sea tan especial?<\/strong><\/p>\n<p>Hay una gran cantidad de rellenos labiales eficaces, pero Glowing Fill Half destaca f\u00e1cilmente con la <u>muchas ventajas<\/u> que ofrece tanto a los pacientes como a los cirujanos est\u00e9ticos cualificados. Por ejemplo, es:<\/p>\n<ul>\n<li><strong>Seguro<\/strong> y capaz de restablecer el equilibrio h\u00eddrico de la piel gracias a su composici\u00f3n de \u00e1cido hialur\u00f3nico purificado y totalmente hidratado<\/li>\n<li><strong>De larga duraci\u00f3n<\/strong> ya que tiene unas propiedades reol\u00f3gicas impresionantes y una estructura f\u00e1sica multicapa<\/li>\n<li><strong>F\u00e1cil de inyectar<\/strong> gracias a su textura suave pero estable y resistente<\/li>\n<li>Se caracteriza por su <strong>calidad de primer nivel<\/strong> ya que se produce con tecnolog\u00eda de punta y viene con agujas de primera calidad fabricadas en Jap\u00f3n<\/li>\n<\/ul>\n<p>Adem\u00e1s, a diferencia de la mayor\u00eda de los rellenos de \u00e1cido hialur\u00f3nico m\u00e1s populares, que se ci\u00f1en a una f\u00f3rmula predominantemente gelatinosa o a una compuesta por part\u00edculas de AH de tama\u00f1o variable, esta extraordinaria inyecci\u00f3n de relleno labial combina lo mejor de ambos mundos a trav\u00e9s de una <u>marca registrada R-Square Technology<\/u>. Por ello, tiene dos capas que en gran medida <em>prolongar los efectos del tratamiento<\/em> y eliminar el riesgo de resultados no deseados.<\/p>\n<p><strong>Resultados de aspecto natural impresionantes<\/strong><\/p>\n<p>Gracias a la estructura \u00fanica de Glowing Fill Half, los procedimientos de realce de labios m\u00ednimamente invasivos que implican su aplicaci\u00f3n siempre consiguen proporcionar a los pacientes un aspecto mejorado y perfectamente equilibrado. Aunque el riesgo de sobrellenado se minimiza extremadamente con este producto de rejuvenecimiento cosm\u00e9tico antienvejecimiento, su alta sensibilidad a la hialuronidasa significa que incluso si el paciente no est\u00e1 satisfecho con los resultados, \u00e9stos pueden ser <em>f\u00e1cilmente mejorable y reformable<\/em> en cualquier momento despu\u00e9s del procedimiento de inyecci\u00f3n.<\/p>","protected":false},"excerpt":{"rendered":"<p><u>Aumento de labios sin cirug\u00eda<\/u> a trav\u00e9s de rellenos d\u00e9rmicos a base de HA ya no es doloroso ni esconde riesgos de resultados poco naturales o de sobrellenado y Glowing Fill Half es la raz\u00f3n de ello. Desarrollado por un fiable fabricante surcoreano en innovadores laboratorios, este <em>inyecci\u00f3n labial duradera<\/em> acaba de salir al mercado. Skin Heal est\u00e1 aqu\u00ed para ofrecerle un acceso anticipado a las impresionantes capacidades de rejuvenecimiento cosm\u00e9tico y contorno facial de este excepcional producto.<\/p>","protected":false},"featured_media":2172,"template":"","meta":[],"product_brand":[],"product_cat":[103,79,102,144],"product_tag":[145],"class_list":{"0":"post-2164","1":"product","2":"type-product","3":"status-publish","4":"has-post-thumbnail","6":"product_cat-cg-bio","7":"product_cat-dermal-fillers","8":"product_cat-glowing-fill","9":"product_cat-holiday-mega-sale","10":"product_tag-5off","11":"clearfix","13":"first","14":"outofstock","15":"sale","16":"taxable","17":"shipping-taxable","18":"purchasable","19":"product-type-simple"},"yoast_head":"<!-- This site is optimized with the Yoast SEO plugin v27.3 - https:\/\/yoast.com\/product\/yoast-seo-wordpress\/ -->\n<title>Glowing Fill Half (2 x 1ml Dual Pack) - Skin Heal<\/title>\n<meta name=\"description\" content=\"Glowing Fill Half is a top-class lip filler injection distributed by Skin Heal. Balanced lip enhancement results are guaranteed with Glowing Fill Half.\" \/>\n<meta name=\"robots\" content=\"index, follow, max-snippet:-1, max-image-preview:large, max-video-preview:-1\" \/>\n<link rel=\"canonical\" href=\"https:\/\/skin-heal.com\/es\/producto\/glowing-fill-half-1-x-1ml\/\" \/>\n<meta property=\"og:locale\" content=\"es_MX\" \/>\n<meta property=\"og:type\" content=\"article\" \/>\n<meta property=\"og:title\" content=\"Glowing Fill Half (2 x 1ml Dual Pack) - Skin Heal\" \/>\n<meta property=\"og:description\" content=\"Glowing Fill Half is a top-class lip filler injection distributed by Skin Heal. Balanced lip enhancement results are guaranteed with Glowing Fill Half.\" \/>\n<meta property=\"og:url\" content=\"https:\/\/skin-heal.com\/es\/producto\/glowing-fill-half-1-x-1ml\/\" \/>\n<meta property=\"og:site_name\" content=\"Skin Heal\" \/>\n<meta property=\"article:modified_time\" content=\"2025-06-06T15:33:21+00:00\" \/>\n<meta property=\"og:image\" content=\"https:\/\/cdn.skin-heal.com\/wp-content\/uploads\/2019\/06\/Glowing-Fill-Half.jpg\" \/>\n\t<meta property=\"og:image:width\" content=\"600\" \/>\n\t<meta property=\"og:image:height\" content=\"600\" \/>\n\t<meta property=\"og:image:type\" content=\"image\/jpeg\" \/>\n<meta name=\"twitter:card\" content=\"summary_large_image\" \/>\n<meta name=\"twitter:label1\" content=\"Tiempo de lectura\" \/>\n\t<meta name=\"twitter:data1\" content=\"2 minutos\" \/>\n<script type=\"application\/ld+json\" class=\"yoast-schema-graph\">{\"@context\":\"https:\\\/\\\/schema.org\",\"@graph\":[{\"@type\":\"WebPage\",\"@id\":\"https:\\\/\\\/skin-heal.com\\\/product\\\/glowing-fill-half-1-x-1ml\\\/\",\"url\":\"https:\\\/\\\/skin-heal.com\\\/product\\\/glowing-fill-half-1-x-1ml\\\/\",\"name\":\"Glowing Fill Half (2 x 1ml Dual Pack) - Skin Heal\",\"isPartOf\":{\"@id\":\"https:\\\/\\\/skin-heal.com\\\/#website\"},\"primaryImageOfPage\":{\"@id\":\"https:\\\/\\\/skin-heal.com\\\/product\\\/glowing-fill-half-1-x-1ml\\\/#primaryimage\"},\"image\":{\"@id\":\"https:\\\/\\\/skin-heal.com\\\/product\\\/glowing-fill-half-1-x-1ml\\\/#primaryimage\"},\"thumbnailUrl\":\"https:\\\/\\\/skin-heal.com\\\/wp-content\\\/uploads\\\/2019\\\/06\\\/Glowing-Fill-Half.jpg\",\"datePublished\":\"2019-06-13T12:21:58+00:00\",\"dateModified\":\"2025-06-06T15:33:21+00:00\",\"description\":\"Glowing Fill Half is a top-class lip filler injection distributed by Skin Heal. Balanced lip enhancement results are guaranteed with Glowing Fill Half.\",\"breadcrumb\":{\"@id\":\"https:\\\/\\\/skin-heal.com\\\/product\\\/glowing-fill-half-1-x-1ml\\\/#breadcrumb\"},\"inLanguage\":\"es\",\"potentialAction\":[{\"@type\":\"ReadAction\",\"target\":[\"https:\\\/\\\/skin-heal.com\\\/product\\\/glowing-fill-half-1-x-1ml\\\/\"]}]},{\"@type\":\"ImageObject\",\"inLanguage\":\"es\",\"@id\":\"https:\\\/\\\/skin-heal.com\\\/product\\\/glowing-fill-half-1-x-1ml\\\/#primaryimage\",\"url\":\"https:\\\/\\\/skin-heal.com\\\/wp-content\\\/uploads\\\/2019\\\/06\\\/Glowing-Fill-Half.jpg\",\"contentUrl\":\"https:\\\/\\\/skin-heal.com\\\/wp-content\\\/uploads\\\/2019\\\/06\\\/Glowing-Fill-Half.jpg\",\"width\":600,\"height\":600,\"caption\":\"Glowing Fill Half\"},{\"@type\":\"BreadcrumbList\",\"@id\":\"https:\\\/\\\/skin-heal.com\\\/product\\\/glowing-fill-half-1-x-1ml\\\/#breadcrumb\",\"itemListElement\":[{\"@type\":\"ListItem\",\"position\":1,\"name\":\"Home\",\"item\":\"https:\\\/\\\/skin-heal.com\\\/\"},{\"@type\":\"ListItem\",\"position\":2,\"name\":\"Store\",\"item\":\"https:\\\/\\\/skin-heal.com\\\/store\\\/\"},{\"@type\":\"ListItem\",\"position\":3,\"name\":\"Glowing Fill Half (2 x 1ml Dual Pack)\"}]},{\"@type\":\"WebSite\",\"@id\":\"https:\\\/\\\/skin-heal.com\\\/#website\",\"url\":\"https:\\\/\\\/skin-heal.com\\\/\",\"name\":\"Skin Heal\",\"description\":\"Lowest Prices for Dermal Fillers\",\"potentialAction\":[{\"@type\":\"SearchAction\",\"target\":{\"@type\":\"EntryPoint\",\"urlTemplate\":\"https:\\\/\\\/skin-heal.com\\\/?s={search_term_string}\"},\"query-input\":{\"@type\":\"PropertyValueSpecification\",\"valueRequired\":true,\"valueName\":\"search_term_string\"}}],\"inLanguage\":\"es\"}]}<\/script>\n<!-- \/ Yoast SEO plugin. -->","yoast_head_json":{"title":"Glowing Fill Half (2 x 1ml Dual Pack) - Skin Heal","description":"Glowing Fill Half es una inyecci\u00f3n de relleno labial de primera calidad distribuida por Skin Heal. Glowing Fill Half garantiza unos resultados equilibrados en la mejora de los labios.","robots":{"index":"index","follow":"follow","max-snippet":"max-snippet:-1","max-image-preview":"max-image-preview:large","max-video-preview":"max-video-preview:-1"},"canonical":"https:\/\/skin-heal.com\/es\/producto\/glowing-fill-half-1-x-1ml\/","og_locale":"es_MX","og_type":"article","og_title":"Glowing Fill Half (2 x 1ml Dual Pack) - Skin Heal","og_description":"Glowing Fill Half is a top-class lip filler injection distributed by Skin Heal. Balanced lip enhancement results are guaranteed with Glowing Fill Half.","og_url":"https:\/\/skin-heal.com\/es\/producto\/glowing-fill-half-1-x-1ml\/","og_site_name":"Skin Heal","article_modified_time":"2025-06-06T15:33:21+00:00","og_image":[{"width":600,"height":600,"url":"https:\/\/cdn.skin-heal.com\/wp-content\/uploads\/2019\/06\/Glowing-Fill-Half.jpg","type":"image\/jpeg"}],"twitter_card":"summary_large_image","twitter_misc":{"Tiempo de lectura":"2 minutos"},"schema":{"@context":"https:\/\/schema.org","@graph":[{"@type":"WebPage","@id":"https:\/\/skin-heal.com\/product\/glowing-fill-half-1-x-1ml\/","url":"https:\/\/skin-heal.com\/product\/glowing-fill-half-1-x-1ml\/","name":"Glowing Fill Half (2 x 1ml Dual Pack) - Skin Heal","isPartOf":{"@id":"https:\/\/skin-heal.com\/#website"},"primaryImageOfPage":{"@id":"https:\/\/skin-heal.com\/product\/glowing-fill-half-1-x-1ml\/#primaryimage"},"image":{"@id":"https:\/\/skin-heal.com\/product\/glowing-fill-half-1-x-1ml\/#primaryimage"},"thumbnailUrl":"https:\/\/cdn.skin-heal.com\/wp-content\/uploads\/2019\/06\/Glowing-Fill-Half.jpg","datePublished":"2019-06-13T12:21:58+00:00","dateModified":"2025-06-06T15:33:21+00:00","description":"Glowing Fill Half es una inyecci\u00f3n de relleno labial de primera calidad distribuida por Skin Heal. Glowing Fill Half garantiza unos resultados equilibrados en la mejora de los labios.","breadcrumb":{"@id":"https:\/\/skin-heal.com\/product\/glowing-fill-half-1-x-1ml\/#breadcrumb"},"inLanguage":"es","potentialAction":[{"@type":"ReadAction","target":["https:\/\/skin-heal.com\/product\/glowing-fill-half-1-x-1ml\/"]}]},{"@type":"ImageObject","inLanguage":"es","@id":"https:\/\/skin-heal.com\/product\/glowing-fill-half-1-x-1ml\/#primaryimage","url":"https:\/\/cdn.skin-heal.com\/wp-content\/uploads\/2019\/06\/Glowing-Fill-Half.jpg","contentUrl":"https:\/\/cdn.skin-heal.com\/wp-content\/uploads\/2019\/06\/Glowing-Fill-Half.jpg","width":600,"height":600,"caption":"Glowing Fill Half"},{"@type":"BreadcrumbList","@id":"https:\/\/skin-heal.com\/product\/glowing-fill-half-1-x-1ml\/#breadcrumb","itemListElement":[{"@type":"ListItem","position":1,"name":"Home","item":"https:\/\/skin-heal.com\/"},{"@type":"ListItem","position":2,"name":"Store","item":"https:\/\/skin-heal.com\/store\/"},{"@type":"ListItem","position":3,"name":"Glowing Fill Half (2 x 1ml Dual Pack)"}]},{"@type":"WebSite","@id":"https:\/\/skin-heal.com\/#website","url":"https:\/\/skin-heal.com\/","name":"Curaci\u00f3n de la piel","description":"Los precios m\u00e1s bajos para los rellenos d\u00e9rmicos","potentialAction":[{"@type":"SearchAction","target":{"@type":"EntryPoint","urlTemplate":"https:\/\/skin-heal.com\/?s={search_term_string}"},"query-input":{"@type":"PropertyValueSpecification","valueRequired":true,"valueName":"search_term_string"}}],"inLanguage":"es"}]}},"_links":{"self":[{"href":"https:\/\/skin-heal.com\/es\/wp-json\/wp\/v2\/product\/2164","targetHints":{"allow":["GET"]}}],"collection":[{"href":"https:\/\/skin-heal.com\/es\/wp-json\/wp\/v2\/product"}],"about":[{"href":"https:\/\/skin-heal.com\/es\/wp-json\/wp\/v2\/types\/product"}],"wp:featuredmedia":[{"embeddable":true,"href":"https:\/\/skin-heal.com\/es\/wp-json\/wp\/v2\/media\/2172"}],"wp:attachment":[{"href":"https:\/\/skin-heal.com\/es\/wp-json\/wp\/v2\/media?parent=2164"}],"wp:term":[{"taxonomy":"product_brand","embeddable":true,"href":"https:\/\/skin-heal.com\/es\/wp-json\/wp\/v2\/product_brand?post=2164"},{"taxonomy":"product_cat","embeddable":true,"href":"https:\/\/skin-heal.com\/es\/wp-json\/wp\/v2\/product_cat?post=2164"},{"taxonomy":"product_tag","embeddable":true,"href":"https:\/\/skin-heal.com\/es\/wp-json\/wp\/v2\/product_tag?post=2164"}],"curies":[{"name":"wp","href":"https:\/\/api.w.org\/{rel}","templated":true}]}}