{"id":2165,"date":"2019-06-13T12:53:24","date_gmt":"2019-06-13T12:53:24","guid":{"rendered":"https:\/\/skin-heal.com\/?post_type=product&#038;p=2165"},"modified":"2025-06-06T18:33:21","modified_gmt":"2025-06-06T15:33:21","slug":"glowing-fill-full-1-x-1ml","status":"publish","type":"product","link":"https:\/\/skin-heal.com\/es\/producto\/glowing-fill-full-1-x-1ml\/","title":{"rendered":"Glowing Fill Full (2 x 1ml Dual Pack)"},"content":{"rendered":"<p><strong>Conquista las arrugas y pliegues severos en un instante<\/strong><\/p>\n<p>Glowing Fill Full puede inyectarse f\u00e1cilmente en las capas m\u00e1s profundas de la piel <em>sin causar molestias a los pacientes<\/em>. Esto se debe a que tiene una textura muy suave que no requiere que los m\u00e9dicos utilicen demasiada presi\u00f3n o fuerza durante el proceso de inyecci\u00f3n. Puede utilizarse como tratamiento m\u00ednimamente invasivo para <u>contorno facial sin complicaciones<\/u> o para mejorar o remodelar el aspecto de las siguientes zonas de la cara:<\/p>\n<ul>\n<li><strong>Chin<\/strong><\/li>\n<li><strong>Nariz<\/strong><\/li>\n<li><strong>Mejillas<\/strong><\/li>\n<li><strong>Labios<\/strong><\/li>\n<\/ul>\n<p>Incluso el m\u00e1s severo y <em>pliegues nasolabiales extremos y l\u00edneas de marioneta<\/em> pueden alisarse eficazmente con este relleno de tejidos blandos de nueva generaci\u00f3n. El riesgo de sobrellenado se minimiza gracias a la formulaci\u00f3n f\u00e1sica multicapa caracter\u00edstica de este producto, que presenta no s\u00f3lo una capa de part\u00edculas de AH sino tambi\u00e9n una en forma de gel suave. Es precisamente esta \u00faltima la que prolonga considerablemente los resultados del tratamiento.<\/p>\n<p><strong>\u00bfTiene efectos secundarios?<\/strong><\/p>\n<p>El \u00e1cido hialur\u00f3nico que se encuentra en Glowing Fill Full es de origen no animal, por lo que el propio gel de relleno <u>no causa efectos adversos<\/u>. Sin embargo, los pacientes con piel sensible pueden notar enrojecimiento, aumento de la sensibilidad, hinchaz\u00f3n o hematomas alrededor de los lugares de destino, ya que son reacciones normales despu\u00e9s de un procedimiento de inyecci\u00f3n.<\/p>","protected":false},"excerpt":{"rendered":"<p>Puede que Glowing Fill Full se haya lanzado en 2019 pero este <strong>excelente relleno de la piel<\/strong> se ha hecho un nombre. \u00bfPor qu\u00e9? Porque <em>reduce los pliegues y arrugas graves<\/em> sin bistur\u00ed, tiempos de inactividad ni dolor. Adem\u00e1s, tiene la concentraci\u00f3n justa de gel de \u00e1cido hialur\u00f3nico esterilizado para proporcionar a los pacientes unos resultados de contorno facial sorprendentes. Skin Heal acaba de incluirlo en su amplio cat\u00e1logo y se ha ganado r\u00e1pidamente el estatus de vendedor r\u00e1pido.<\/p>","protected":false},"featured_media":2171,"template":"","meta":[],"product_brand":[],"product_cat":[103,79,102,144],"product_tag":[145],"class_list":{"0":"post-2165","1":"product","2":"type-product","3":"status-publish","4":"has-post-thumbnail","6":"product_cat-cg-bio","7":"product_cat-dermal-fillers","8":"product_cat-glowing-fill","9":"product_cat-holiday-mega-sale","10":"product_tag-5off","11":"clearfix","13":"first","14":"outofstock","15":"sale","16":"taxable","17":"shipping-taxable","18":"purchasable","19":"product-type-simple"},"yoast_head":"<!-- This site is optimized with the Yoast SEO plugin v27.3 - https:\/\/yoast.com\/product\/yoast-seo-wordpress\/ -->\n<title>Glowing Fill Full (2 x 1ml Dual Pack) - Skin Heal<\/title>\n<meta name=\"description\" content=\"With Glowing Fill Full, severe wrinkle reduction and facial contouring are safe and easy. Visit Skin Heal to get reliable skin filler Glowing Fill Full.\" \/>\n<meta name=\"robots\" content=\"index, follow, max-snippet:-1, max-image-preview:large, max-video-preview:-1\" \/>\n<link rel=\"canonical\" href=\"https:\/\/skin-heal.com\/es\/producto\/glowing-fill-full-1-x-1ml\/\" \/>\n<meta property=\"og:locale\" content=\"es_MX\" \/>\n<meta property=\"og:type\" content=\"article\" \/>\n<meta property=\"og:title\" content=\"Glowing Fill Full (2 x 1ml Dual Pack) - Skin Heal\" \/>\n<meta property=\"og:description\" content=\"With Glowing Fill Full, severe wrinkle reduction and facial contouring are safe and easy. Visit Skin Heal to get reliable skin filler Glowing Fill Full.\" \/>\n<meta property=\"og:url\" content=\"https:\/\/skin-heal.com\/es\/producto\/glowing-fill-full-1-x-1ml\/\" \/>\n<meta property=\"og:site_name\" content=\"Skin Heal\" \/>\n<meta property=\"article:modified_time\" content=\"2025-06-06T15:33:21+00:00\" \/>\n<meta property=\"og:image\" content=\"https:\/\/cdn.skin-heal.com\/wp-content\/uploads\/2019\/06\/Glowing-Fill-Full.jpg\" \/>\n\t<meta property=\"og:image:width\" content=\"600\" \/>\n\t<meta property=\"og:image:height\" content=\"600\" \/>\n\t<meta property=\"og:image:type\" content=\"image\/jpeg\" \/>\n<meta name=\"twitter:card\" content=\"summary_large_image\" \/>\n<meta name=\"twitter:label1\" content=\"Tiempo de lectura\" \/>\n\t<meta name=\"twitter:data1\" content=\"2 minutos\" \/>\n<script type=\"application\/ld+json\" class=\"yoast-schema-graph\">{\"@context\":\"https:\\\/\\\/schema.org\",\"@graph\":[{\"@type\":\"WebPage\",\"@id\":\"https:\\\/\\\/skin-heal.com\\\/product\\\/glowing-fill-full-1-x-1ml\\\/\",\"url\":\"https:\\\/\\\/skin-heal.com\\\/product\\\/glowing-fill-full-1-x-1ml\\\/\",\"name\":\"Glowing Fill Full (2 x 1ml Dual Pack) - Skin Heal\",\"isPartOf\":{\"@id\":\"https:\\\/\\\/skin-heal.com\\\/#website\"},\"primaryImageOfPage\":{\"@id\":\"https:\\\/\\\/skin-heal.com\\\/product\\\/glowing-fill-full-1-x-1ml\\\/#primaryimage\"},\"image\":{\"@id\":\"https:\\\/\\\/skin-heal.com\\\/product\\\/glowing-fill-full-1-x-1ml\\\/#primaryimage\"},\"thumbnailUrl\":\"https:\\\/\\\/skin-heal.com\\\/wp-content\\\/uploads\\\/2019\\\/06\\\/Glowing-Fill-Full.jpg\",\"datePublished\":\"2019-06-13T12:53:24+00:00\",\"dateModified\":\"2025-06-06T15:33:21+00:00\",\"description\":\"With Glowing Fill Full, severe wrinkle reduction and facial contouring are safe and easy. Visit Skin Heal to get reliable skin filler Glowing Fill Full.\",\"breadcrumb\":{\"@id\":\"https:\\\/\\\/skin-heal.com\\\/product\\\/glowing-fill-full-1-x-1ml\\\/#breadcrumb\"},\"inLanguage\":\"es\",\"potentialAction\":[{\"@type\":\"ReadAction\",\"target\":[\"https:\\\/\\\/skin-heal.com\\\/product\\\/glowing-fill-full-1-x-1ml\\\/\"]}]},{\"@type\":\"ImageObject\",\"inLanguage\":\"es\",\"@id\":\"https:\\\/\\\/skin-heal.com\\\/product\\\/glowing-fill-full-1-x-1ml\\\/#primaryimage\",\"url\":\"https:\\\/\\\/skin-heal.com\\\/wp-content\\\/uploads\\\/2019\\\/06\\\/Glowing-Fill-Full.jpg\",\"contentUrl\":\"https:\\\/\\\/skin-heal.com\\\/wp-content\\\/uploads\\\/2019\\\/06\\\/Glowing-Fill-Full.jpg\",\"width\":600,\"height\":600,\"caption\":\"Glowing Fill Full\"},{\"@type\":\"BreadcrumbList\",\"@id\":\"https:\\\/\\\/skin-heal.com\\\/product\\\/glowing-fill-full-1-x-1ml\\\/#breadcrumb\",\"itemListElement\":[{\"@type\":\"ListItem\",\"position\":1,\"name\":\"Home\",\"item\":\"https:\\\/\\\/skin-heal.com\\\/\"},{\"@type\":\"ListItem\",\"position\":2,\"name\":\"Store\",\"item\":\"https:\\\/\\\/skin-heal.com\\\/store\\\/\"},{\"@type\":\"ListItem\",\"position\":3,\"name\":\"Glowing Fill Full (2 x 1ml Dual Pack)\"}]},{\"@type\":\"WebSite\",\"@id\":\"https:\\\/\\\/skin-heal.com\\\/#website\",\"url\":\"https:\\\/\\\/skin-heal.com\\\/\",\"name\":\"Skin Heal\",\"description\":\"Lowest Prices for Dermal Fillers\",\"potentialAction\":[{\"@type\":\"SearchAction\",\"target\":{\"@type\":\"EntryPoint\",\"urlTemplate\":\"https:\\\/\\\/skin-heal.com\\\/?s={search_term_string}\"},\"query-input\":{\"@type\":\"PropertyValueSpecification\",\"valueRequired\":true,\"valueName\":\"search_term_string\"}}],\"inLanguage\":\"es\"}]}<\/script>\n<!-- \/ Yoast SEO plugin. -->","yoast_head_json":{"title":"Glowing Fill Full (2 x 1ml Dual Pack) - Skin Heal","description":"Con Glowing Fill Full, la reducci\u00f3n de arrugas severas y el contorno facial son seguros y f\u00e1ciles. Visite Skin Heal para obtener el relleno cut\u00e1neo fiable Glowing Fill Full.","robots":{"index":"index","follow":"follow","max-snippet":"max-snippet:-1","max-image-preview":"max-image-preview:large","max-video-preview":"max-video-preview:-1"},"canonical":"https:\/\/skin-heal.com\/es\/producto\/glowing-fill-full-1-x-1ml\/","og_locale":"es_MX","og_type":"article","og_title":"Glowing Fill Full (2 x 1ml Dual Pack) - Skin Heal","og_description":"With Glowing Fill Full, severe wrinkle reduction and facial contouring are safe and easy. Visit Skin Heal to get reliable skin filler Glowing Fill Full.","og_url":"https:\/\/skin-heal.com\/es\/producto\/glowing-fill-full-1-x-1ml\/","og_site_name":"Skin Heal","article_modified_time":"2025-06-06T15:33:21+00:00","og_image":[{"width":600,"height":600,"url":"https:\/\/cdn.skin-heal.com\/wp-content\/uploads\/2019\/06\/Glowing-Fill-Full.jpg","type":"image\/jpeg"}],"twitter_card":"summary_large_image","twitter_misc":{"Tiempo de lectura":"2 minutos"},"schema":{"@context":"https:\/\/schema.org","@graph":[{"@type":"WebPage","@id":"https:\/\/skin-heal.com\/product\/glowing-fill-full-1-x-1ml\/","url":"https:\/\/skin-heal.com\/product\/glowing-fill-full-1-x-1ml\/","name":"Glowing Fill Full (2 x 1ml Dual Pack) - Skin Heal","isPartOf":{"@id":"https:\/\/skin-heal.com\/#website"},"primaryImageOfPage":{"@id":"https:\/\/skin-heal.com\/product\/glowing-fill-full-1-x-1ml\/#primaryimage"},"image":{"@id":"https:\/\/skin-heal.com\/product\/glowing-fill-full-1-x-1ml\/#primaryimage"},"thumbnailUrl":"https:\/\/cdn.skin-heal.com\/wp-content\/uploads\/2019\/06\/Glowing-Fill-Full.jpg","datePublished":"2019-06-13T12:53:24+00:00","dateModified":"2025-06-06T15:33:21+00:00","description":"Con Glowing Fill Full, la reducci\u00f3n de arrugas severas y el contorno facial son seguros y f\u00e1ciles. Visite Skin Heal para obtener el relleno cut\u00e1neo fiable Glowing Fill Full.","breadcrumb":{"@id":"https:\/\/skin-heal.com\/product\/glowing-fill-full-1-x-1ml\/#breadcrumb"},"inLanguage":"es","potentialAction":[{"@type":"ReadAction","target":["https:\/\/skin-heal.com\/product\/glowing-fill-full-1-x-1ml\/"]}]},{"@type":"ImageObject","inLanguage":"es","@id":"https:\/\/skin-heal.com\/product\/glowing-fill-full-1-x-1ml\/#primaryimage","url":"https:\/\/cdn.skin-heal.com\/wp-content\/uploads\/2019\/06\/Glowing-Fill-Full.jpg","contentUrl":"https:\/\/cdn.skin-heal.com\/wp-content\/uploads\/2019\/06\/Glowing-Fill-Full.jpg","width":600,"height":600,"caption":"Glowing Fill Full"},{"@type":"BreadcrumbList","@id":"https:\/\/skin-heal.com\/product\/glowing-fill-full-1-x-1ml\/#breadcrumb","itemListElement":[{"@type":"ListItem","position":1,"name":"Home","item":"https:\/\/skin-heal.com\/"},{"@type":"ListItem","position":2,"name":"Store","item":"https:\/\/skin-heal.com\/store\/"},{"@type":"ListItem","position":3,"name":"Glowing Fill Full (2 x 1ml Dual Pack)"}]},{"@type":"WebSite","@id":"https:\/\/skin-heal.com\/#website","url":"https:\/\/skin-heal.com\/","name":"Curaci\u00f3n de la piel","description":"Los precios m\u00e1s bajos para los rellenos d\u00e9rmicos","potentialAction":[{"@type":"SearchAction","target":{"@type":"EntryPoint","urlTemplate":"https:\/\/skin-heal.com\/?s={search_term_string}"},"query-input":{"@type":"PropertyValueSpecification","valueRequired":true,"valueName":"search_term_string"}}],"inLanguage":"es"}]}},"_links":{"self":[{"href":"https:\/\/skin-heal.com\/es\/wp-json\/wp\/v2\/product\/2165","targetHints":{"allow":["GET"]}}],"collection":[{"href":"https:\/\/skin-heal.com\/es\/wp-json\/wp\/v2\/product"}],"about":[{"href":"https:\/\/skin-heal.com\/es\/wp-json\/wp\/v2\/types\/product"}],"wp:featuredmedia":[{"embeddable":true,"href":"https:\/\/skin-heal.com\/es\/wp-json\/wp\/v2\/media\/2171"}],"wp:attachment":[{"href":"https:\/\/skin-heal.com\/es\/wp-json\/wp\/v2\/media?parent=2165"}],"wp:term":[{"taxonomy":"product_brand","embeddable":true,"href":"https:\/\/skin-heal.com\/es\/wp-json\/wp\/v2\/product_brand?post=2165"},{"taxonomy":"product_cat","embeddable":true,"href":"https:\/\/skin-heal.com\/es\/wp-json\/wp\/v2\/product_cat?post=2165"},{"taxonomy":"product_tag","embeddable":true,"href":"https:\/\/skin-heal.com\/es\/wp-json\/wp\/v2\/product_tag?post=2165"}],"curies":[{"name":"wp","href":"https:\/\/api.w.org\/{rel}","templated":true}]}}