{"id":21660,"date":"2020-06-04T14:08:50","date_gmt":"2020-06-04T14:08:50","guid":{"rendered":"https:\/\/skin-heal.com\/?post_type=product&#038;p=21660"},"modified":"2022-12-16T18:26:49","modified_gmt":"2022-12-16T16:26:49","slug":"jbp-laennec-50-x-2ml","status":"publish","type":"product","link":"https:\/\/skin-heal.com\/es\/producto\/jbp-laennec-50-x-2ml\/","title":{"rendered":"GC Laennec (50 x 2ml) - Alternativa JBP"},"content":{"rendered":"<p>GreenCross Wellbeing es una de las principales empresas coreanas que fabrica dispositivos y productos m\u00e9dicos, as\u00ed como soluciones con aplicaci\u00f3n en la industria de la belleza, que tambi\u00e9n mantiene una estrecha colaboraci\u00f3n con JBP. Tras a\u00f1os de desarrollo, ha producido uno de los productos m\u00e1s maravillosos disponibles en el mercado actual. Los supuestos beneficios para la salud del GC Laennec incluyen desde el alivio de los s\u00edntomas de la menopausia hasta el impulso de la fertilidad. Los ensayos cl\u00ednicos, sin embargo, han demostrado incuestionablemente la eficacia de GC Laennec para:<\/p>\n<ul>\n<li>Eliminaci\u00f3n de arrugas<\/li>\n<li>Reducci\u00f3n de la producci\u00f3n de sebo<\/li>\n<li>Ralentizar o incluso detener los procesos naturales de envejecimiento de la piel<\/li>\n<li>Rejuvenecimiento general de la piel<\/li>\n<li>Mejora duradera de la hidrataci\u00f3n de la piel<\/li>\n<li>Efecto positivo para una variedad de condiciones de la piel<\/li>\n<\/ul>\n<h3>GC Laennec - un extracto de placenta humana<\/h3>\n<p>Un tratamiento completo con GC Laennec, que es una alternativa directa a JBP Laennec, garantizar\u00e1 que la piel del paciente est\u00e9 en perfectas condiciones durante un largo periodo de tiempo. El ingrediente principal, el extracto de placenta humana, lo garantizar\u00e1. Se trata de una de las sustancias m\u00e1s ricas en vitaminas, factores de crecimiento, nutrientes y minerales que se utiliza en la industria de la belleza. Se utiliza tanto para fines m\u00e9dicos como cosm\u00e9ticos y tiene una amplia aplicaci\u00f3n en una serie de industrias y productos, siendo uno de los ingredientes m\u00e1s potentes utilizados para los productos de cuidado de la piel.<\/p>","protected":false},"excerpt":{"rendered":"<p>GC Laennec es una soluci\u00f3n de fabricaci\u00f3n coreana y patentada en Jap\u00f3n que tiene una amplia gama de beneficios para la salud y la belleza del organismo humano. Laennec es mucho m\u00e1s que un producto de mesoterapia. Se trata de una soluci\u00f3n cosm\u00e9tica y de bienestar basada en el extracto de placenta humana, que tiene propiedades curativas y rejuvenecedoras muy potentes que afectan positivamente no s\u00f3lo a la zona de aplicaci\u00f3n\/inyecci\u00f3n sino a todo el cuerpo del paciente y puede ser \u00fatil con cualquier cosa, desde los problemas de la piel hasta la ca\u00edda del cabello, pasando por las enfermedades cr\u00f3nicas de la piel y otras afecciones m\u00e9dicas.<\/p>","protected":false},"featured_media":33054,"template":"","meta":[],"product_brand":[],"product_cat":[54,80,144],"product_tag":[146],"class_list":{"0":"post-21660","1":"product","2":"type-product","3":"status-publish","4":"has-post-thumbnail","6":"product_cat-jbp","7":"product_cat-mesotherapy","8":"product_cat-holiday-mega-sale","9":"product_tag-10off","10":"clearfix","12":"first","13":"instock","14":"sale","15":"taxable","16":"shipping-taxable","17":"purchasable","18":"product-type-simple"},"yoast_head":"<!-- This site is optimized with the Yoast SEO plugin v27.3 - https:\/\/yoast.com\/product\/yoast-seo-wordpress\/ -->\n<title>GC Laennec (50 x 2ml) - JBP Alternative - Skin Heal<\/title>\n<meta name=\"description\" content=\"JBP Laennec uses the power of human placenta extract to completely rejuvenate the skin in a process that goes beyond regular mesotherapy.\" \/>\n<meta name=\"robots\" content=\"index, follow, max-snippet:-1, max-image-preview:large, max-video-preview:-1\" \/>\n<link rel=\"canonical\" href=\"https:\/\/skin-heal.com\/es\/producto\/jbp-laennec-50-x-2ml\/\" \/>\n<meta property=\"og:locale\" content=\"es_MX\" \/>\n<meta property=\"og:type\" content=\"article\" \/>\n<meta property=\"og:title\" content=\"GC Laennec (50 x 2ml) - JBP Alternative - Skin Heal\" \/>\n<meta property=\"og:description\" content=\"JBP Laennec uses the power of human placenta extract to completely rejuvenate the skin in a process that goes beyond regular mesotherapy.\" \/>\n<meta property=\"og:url\" content=\"https:\/\/skin-heal.com\/es\/producto\/jbp-laennec-50-x-2ml\/\" \/>\n<meta property=\"og:site_name\" content=\"Skin Heal\" \/>\n<meta property=\"article:modified_time\" content=\"2022-12-16T16:26:49+00:00\" \/>\n<meta property=\"og:image\" content=\"https:\/\/cdn.skin-heal.com\/wp-content\/uploads\/2020\/06\/GreenCross-GC-Laennec.jpg\" \/>\n\t<meta property=\"og:image:width\" content=\"600\" \/>\n\t<meta property=\"og:image:height\" content=\"600\" \/>\n\t<meta property=\"og:image:type\" content=\"image\/jpeg\" \/>\n<meta name=\"twitter:card\" content=\"summary_large_image\" \/>\n<meta name=\"twitter:label1\" content=\"Tiempo de lectura\" \/>\n\t<meta name=\"twitter:data1\" content=\"1 minuto\" \/>\n<script type=\"application\/ld+json\" class=\"yoast-schema-graph\">{\"@context\":\"https:\\\/\\\/schema.org\",\"@graph\":[{\"@type\":\"WebPage\",\"@id\":\"https:\\\/\\\/skin-heal.com\\\/product\\\/jbp-laennec-50-x-2ml\\\/\",\"url\":\"https:\\\/\\\/skin-heal.com\\\/product\\\/jbp-laennec-50-x-2ml\\\/\",\"name\":\"GC Laennec (50 x 2ml) - JBP Alternative - Skin Heal\",\"isPartOf\":{\"@id\":\"https:\\\/\\\/skin-heal.com\\\/#website\"},\"primaryImageOfPage\":{\"@id\":\"https:\\\/\\\/skin-heal.com\\\/product\\\/jbp-laennec-50-x-2ml\\\/#primaryimage\"},\"image\":{\"@id\":\"https:\\\/\\\/skin-heal.com\\\/product\\\/jbp-laennec-50-x-2ml\\\/#primaryimage\"},\"thumbnailUrl\":\"https:\\\/\\\/skin-heal.com\\\/wp-content\\\/uploads\\\/2020\\\/06\\\/GreenCross-GC-Laennec.jpg\",\"datePublished\":\"2020-06-04T14:08:50+00:00\",\"dateModified\":\"2022-12-16T16:26:49+00:00\",\"description\":\"JBP Laennec uses the power of human placenta extract to completely rejuvenate the skin in a process that goes beyond regular mesotherapy.\",\"breadcrumb\":{\"@id\":\"https:\\\/\\\/skin-heal.com\\\/product\\\/jbp-laennec-50-x-2ml\\\/#breadcrumb\"},\"inLanguage\":\"es\",\"potentialAction\":[{\"@type\":\"ReadAction\",\"target\":[\"https:\\\/\\\/skin-heal.com\\\/product\\\/jbp-laennec-50-x-2ml\\\/\"]}]},{\"@type\":\"ImageObject\",\"inLanguage\":\"es\",\"@id\":\"https:\\\/\\\/skin-heal.com\\\/product\\\/jbp-laennec-50-x-2ml\\\/#primaryimage\",\"url\":\"https:\\\/\\\/skin-heal.com\\\/wp-content\\\/uploads\\\/2020\\\/06\\\/GreenCross-GC-Laennec.jpg\",\"contentUrl\":\"https:\\\/\\\/skin-heal.com\\\/wp-content\\\/uploads\\\/2020\\\/06\\\/GreenCross-GC-Laennec.jpg\",\"width\":600,\"height\":600,\"caption\":\"GreenCross GC Laennec\"},{\"@type\":\"BreadcrumbList\",\"@id\":\"https:\\\/\\\/skin-heal.com\\\/product\\\/jbp-laennec-50-x-2ml\\\/#breadcrumb\",\"itemListElement\":[{\"@type\":\"ListItem\",\"position\":1,\"name\":\"Home\",\"item\":\"https:\\\/\\\/skin-heal.com\\\/\"},{\"@type\":\"ListItem\",\"position\":2,\"name\":\"Store\",\"item\":\"https:\\\/\\\/skin-heal.com\\\/store\\\/\"},{\"@type\":\"ListItem\",\"position\":3,\"name\":\"GC Laennec (50 x 2ml) &#8211; JBP Alternative\"}]},{\"@type\":\"WebSite\",\"@id\":\"https:\\\/\\\/skin-heal.com\\\/#website\",\"url\":\"https:\\\/\\\/skin-heal.com\\\/\",\"name\":\"Skin Heal\",\"description\":\"Lowest Prices for Dermal Fillers\",\"potentialAction\":[{\"@type\":\"SearchAction\",\"target\":{\"@type\":\"EntryPoint\",\"urlTemplate\":\"https:\\\/\\\/skin-heal.com\\\/?s={search_term_string}\"},\"query-input\":{\"@type\":\"PropertyValueSpecification\",\"valueRequired\":true,\"valueName\":\"search_term_string\"}}],\"inLanguage\":\"es\"}]}<\/script>\n<!-- \/ Yoast SEO plugin. -->","yoast_head_json":{"title":"GC Laennec (50 x 2ml) - JBP Alternative - Skin Heal","description":"JBP Laennec utiliza el poder del extracto de placenta humana para rejuvenecer completamente la piel en un proceso que va m\u00e1s all\u00e1 de la mesoterapia habitual.","robots":{"index":"index","follow":"follow","max-snippet":"max-snippet:-1","max-image-preview":"max-image-preview:large","max-video-preview":"max-video-preview:-1"},"canonical":"https:\/\/skin-heal.com\/es\/producto\/jbp-laennec-50-x-2ml\/","og_locale":"es_MX","og_type":"article","og_title":"GC Laennec (50 x 2ml) - JBP Alternative - Skin Heal","og_description":"JBP Laennec uses the power of human placenta extract to completely rejuvenate the skin in a process that goes beyond regular mesotherapy.","og_url":"https:\/\/skin-heal.com\/es\/producto\/jbp-laennec-50-x-2ml\/","og_site_name":"Skin Heal","article_modified_time":"2022-12-16T16:26:49+00:00","og_image":[{"width":600,"height":600,"url":"https:\/\/cdn.skin-heal.com\/wp-content\/uploads\/2020\/06\/GreenCross-GC-Laennec.jpg","type":"image\/jpeg"}],"twitter_card":"summary_large_image","twitter_misc":{"Tiempo de lectura":"1 minuto"},"schema":{"@context":"https:\/\/schema.org","@graph":[{"@type":"WebPage","@id":"https:\/\/skin-heal.com\/product\/jbp-laennec-50-x-2ml\/","url":"https:\/\/skin-heal.com\/product\/jbp-laennec-50-x-2ml\/","name":"GC Laennec (50 x 2ml) - JBP Alternative - Skin Heal","isPartOf":{"@id":"https:\/\/skin-heal.com\/#website"},"primaryImageOfPage":{"@id":"https:\/\/skin-heal.com\/product\/jbp-laennec-50-x-2ml\/#primaryimage"},"image":{"@id":"https:\/\/skin-heal.com\/product\/jbp-laennec-50-x-2ml\/#primaryimage"},"thumbnailUrl":"https:\/\/cdn.skin-heal.com\/wp-content\/uploads\/2020\/06\/GreenCross-GC-Laennec.jpg","datePublished":"2020-06-04T14:08:50+00:00","dateModified":"2022-12-16T16:26:49+00:00","description":"JBP Laennec utiliza el poder del extracto de placenta humana para rejuvenecer completamente la piel en un proceso que va m\u00e1s all\u00e1 de la mesoterapia habitual.","breadcrumb":{"@id":"https:\/\/skin-heal.com\/product\/jbp-laennec-50-x-2ml\/#breadcrumb"},"inLanguage":"es","potentialAction":[{"@type":"ReadAction","target":["https:\/\/skin-heal.com\/product\/jbp-laennec-50-x-2ml\/"]}]},{"@type":"ImageObject","inLanguage":"es","@id":"https:\/\/skin-heal.com\/product\/jbp-laennec-50-x-2ml\/#primaryimage","url":"https:\/\/cdn.skin-heal.com\/wp-content\/uploads\/2020\/06\/GreenCross-GC-Laennec.jpg","contentUrl":"https:\/\/cdn.skin-heal.com\/wp-content\/uploads\/2020\/06\/GreenCross-GC-Laennec.jpg","width":600,"height":600,"caption":"GreenCross GC Laennec"},{"@type":"BreadcrumbList","@id":"https:\/\/skin-heal.com\/product\/jbp-laennec-50-x-2ml\/#breadcrumb","itemListElement":[{"@type":"ListItem","position":1,"name":"Home","item":"https:\/\/skin-heal.com\/"},{"@type":"ListItem","position":2,"name":"Store","item":"https:\/\/skin-heal.com\/store\/"},{"@type":"ListItem","position":3,"name":"GC Laennec (50 x 2ml) &#8211; JBP Alternative"}]},{"@type":"WebSite","@id":"https:\/\/skin-heal.com\/#website","url":"https:\/\/skin-heal.com\/","name":"Curaci\u00f3n de la piel","description":"Los precios m\u00e1s bajos para los rellenos d\u00e9rmicos","potentialAction":[{"@type":"SearchAction","target":{"@type":"EntryPoint","urlTemplate":"https:\/\/skin-heal.com\/?s={search_term_string}"},"query-input":{"@type":"PropertyValueSpecification","valueRequired":true,"valueName":"search_term_string"}}],"inLanguage":"es"}]}},"_links":{"self":[{"href":"https:\/\/skin-heal.com\/es\/wp-json\/wp\/v2\/product\/21660","targetHints":{"allow":["GET"]}}],"collection":[{"href":"https:\/\/skin-heal.com\/es\/wp-json\/wp\/v2\/product"}],"about":[{"href":"https:\/\/skin-heal.com\/es\/wp-json\/wp\/v2\/types\/product"}],"wp:featuredmedia":[{"embeddable":true,"href":"https:\/\/skin-heal.com\/es\/wp-json\/wp\/v2\/media\/33054"}],"wp:attachment":[{"href":"https:\/\/skin-heal.com\/es\/wp-json\/wp\/v2\/media?parent=21660"}],"wp:term":[{"taxonomy":"product_brand","embeddable":true,"href":"https:\/\/skin-heal.com\/es\/wp-json\/wp\/v2\/product_brand?post=21660"},{"taxonomy":"product_cat","embeddable":true,"href":"https:\/\/skin-heal.com\/es\/wp-json\/wp\/v2\/product_cat?post=21660"},{"taxonomy":"product_tag","embeddable":true,"href":"https:\/\/skin-heal.com\/es\/wp-json\/wp\/v2\/product_tag?post=21660"}],"curies":[{"name":"wp","href":"https:\/\/api.w.org\/{rel}","templated":true}]}}