{"id":217,"date":"2018-11-14T09:51:47","date_gmt":"2018-11-14T09:51:47","guid":{"rendered":"https:\/\/skin-heal.com\/?post_type=product&#038;p=217"},"modified":"2022-12-16T17:52:11","modified_gmt":"2022-12-16T15:52:11","slug":"monalisa-soft-type-1x1ml","status":"publish","type":"product","link":"https:\/\/skin-heal.com\/es\/producto\/monalisa-soft-type-1x1ml\/","title":{"rendered":"Monalisa Tipo Blando (1x1ml)"},"content":{"rendered":"<h3>Un relleno cut\u00e1neo sin riesgos que cumple con las normas mundiales de calidad<\/h3>\n<p>Monalisa Soft es un producto de primera clase detr\u00e1s del cual se encuentra Genoss, una marca que destaca por sus rigurosos procedimientos de prueba y su ambici\u00f3n de cumplir con las m\u00e1s estrictas normas internacionales de seguridad y calidad. Por ello, este eficaz relleno de HA no contiene residuos de BDDE. Estos \u00faltimos son sustancias qu\u00edmicas que se utilizan a menudo en la producci\u00f3n de productos cosm\u00e9ticos de rejuvenecimiento porque pueden aumentar la concentraci\u00f3n de part\u00edculas de \u00e1cido hialur\u00f3nico. Al mismo tiempo, sin embargo, estos mismos residuos qu\u00edmicos aumentan los riesgos de efectos secundarios. Al tratarse de un producto sin BDDE, este dispositivo m\u00e9dico contribuye a un tratamiento de eliminaci\u00f3n de l\u00edneas finas extremadamente seguro. Consta \u00fanicamente de part\u00edculas de \u00e1cido hialur\u00f3nico reticulado muy puras, lo que permite obtener efectos mejores y m\u00e1s duraderos despu\u00e9s del procedimiento.<\/p>\n<ul>\n<li>Tama\u00f1o de las part\u00edculas: 200 \u00b5m<\/li>\n<li>Concentraci\u00f3n: 24 mg\/mL<\/li>\n<li>Utilizaci\u00f3n: Correcci\u00f3n de las l\u00edneas de expresi\u00f3n alrededor de los ojos (patas de gallo) o en el entrecejo<\/li>\n<\/ul>\n<h3>\u00bfC\u00f3mo se aplica Monalisa Soft?<\/h3>\n<p>Este producto se aplica en la dermis superficial del paciente mediante una inyecci\u00f3n. El procedimiento debe ser realizado siempre por un cl\u00ednico certificado. Adem\u00e1s del relleno de HA, el envase tambi\u00e9n incluye una aguja de pared fina de 30G que ayuda a que la inyecci\u00f3n sea suave y estable.<\/p>\n<p>El precio asequible de Monalisa Soft hace que sea un producto accesible y orientado a los resultados.<\/p>","protected":false},"excerpt":{"rendered":"<p>Seguro, de confianza y con un precio competitivo, no es de extra\u00f1ar que Monalisa Soft ofrezca un \u00edndice de satisfacci\u00f3n tan impresionante tanto entre los cl\u00ednicos como entre los pacientes. Destinado a corregir las patas de gallo y las arrugas superficiales del entrecejo, este relleno d\u00e9rmico de \u00e1cido hialur\u00f3nico tiene una alta puntuaci\u00f3n en lo que respecta al mantenimiento del volumen porque es un producto m\u00e9dico innovador que se basa en la llamada tecnolog\u00eda Hy-BRID. Los resultados est\u00e1n garantizados durante al menos medio a\u00f1o.<\/p>","protected":false},"featured_media":492,"template":"","meta":[],"product_brand":[],"product_cat":[79,58,36],"product_tag":[],"class_list":{"0":"post-217","1":"product","2":"type-product","3":"status-publish","4":"has-post-thumbnail","6":"product_cat-dermal-fillers","7":"product_cat-genoss","8":"product_cat-monalisa","9":"clearfix","11":"first","12":"outofstock","13":"taxable","14":"shipping-taxable","15":"purchasable","16":"product-type-simple"},"yoast_head":"<!-- This site is optimized with the Yoast SEO plugin v27.4 - https:\/\/yoast.com\/product\/yoast-seo-wordpress\/ -->\n<title>Monalisa Soft Type (1x1ml) - Skin Heal<\/title>\n<meta name=\"description\" content=\"Monalisa Soft is a reasonably-priced dermal filler. It quickly corrects fine lines without exposing the patient to any risks or harmful side effects.\" \/>\n<meta name=\"robots\" content=\"index, follow, max-snippet:-1, max-image-preview:large, max-video-preview:-1\" \/>\n<link rel=\"canonical\" href=\"https:\/\/skin-heal.com\/es\/producto\/monalisa-soft-type-1x1ml\/\" \/>\n<meta property=\"og:locale\" content=\"es_MX\" \/>\n<meta property=\"og:type\" content=\"article\" \/>\n<meta property=\"og:title\" content=\"Monalisa Soft Type (1x1ml) - Skin Heal\" \/>\n<meta property=\"og:description\" content=\"Monalisa Soft is a reasonably-priced dermal filler. It quickly corrects fine lines without exposing the patient to any risks or harmful side effects.\" \/>\n<meta property=\"og:url\" content=\"https:\/\/skin-heal.com\/es\/producto\/monalisa-soft-type-1x1ml\/\" \/>\n<meta property=\"og:site_name\" content=\"Skin Heal\" \/>\n<meta property=\"article:modified_time\" content=\"2022-12-16T15:52:11+00:00\" \/>\n<meta property=\"og:image\" content=\"https:\/\/cdn.skin-heal.com\/wp-content\/uploads\/2018\/11\/Monalisa-Soft.jpg\" \/>\n\t<meta property=\"og:image:width\" content=\"600\" \/>\n\t<meta property=\"og:image:height\" content=\"600\" \/>\n\t<meta property=\"og:image:type\" content=\"image\/jpeg\" \/>\n<meta name=\"twitter:card\" content=\"summary_large_image\" \/>\n<meta name=\"twitter:label1\" content=\"Tiempo de lectura\" \/>\n\t<meta name=\"twitter:data1\" content=\"1 minuto\" \/>\n<script type=\"application\/ld+json\" class=\"yoast-schema-graph\">{\"@context\":\"https:\\\/\\\/schema.org\",\"@graph\":[{\"@type\":\"WebPage\",\"@id\":\"https:\\\/\\\/skin-heal.com\\\/product\\\/monalisa-soft-type-1x1ml\\\/\",\"url\":\"https:\\\/\\\/skin-heal.com\\\/product\\\/monalisa-soft-type-1x1ml\\\/\",\"name\":\"Monalisa Soft Type (1x1ml) - Skin Heal\",\"isPartOf\":{\"@id\":\"https:\\\/\\\/skin-heal.com\\\/#website\"},\"primaryImageOfPage\":{\"@id\":\"https:\\\/\\\/skin-heal.com\\\/product\\\/monalisa-soft-type-1x1ml\\\/#primaryimage\"},\"image\":{\"@id\":\"https:\\\/\\\/skin-heal.com\\\/product\\\/monalisa-soft-type-1x1ml\\\/#primaryimage\"},\"thumbnailUrl\":\"https:\\\/\\\/skin-heal.com\\\/wp-content\\\/uploads\\\/2018\\\/11\\\/Monalisa-Soft.jpg\",\"datePublished\":\"2018-11-14T09:51:47+00:00\",\"dateModified\":\"2022-12-16T15:52:11+00:00\",\"description\":\"Monalisa Soft is a reasonably-priced dermal filler. It quickly corrects fine lines without exposing the patient to any risks or harmful side effects.\",\"breadcrumb\":{\"@id\":\"https:\\\/\\\/skin-heal.com\\\/product\\\/monalisa-soft-type-1x1ml\\\/#breadcrumb\"},\"inLanguage\":\"es\",\"potentialAction\":[{\"@type\":\"ReadAction\",\"target\":[\"https:\\\/\\\/skin-heal.com\\\/product\\\/monalisa-soft-type-1x1ml\\\/\"]}]},{\"@type\":\"ImageObject\",\"inLanguage\":\"es\",\"@id\":\"https:\\\/\\\/skin-heal.com\\\/product\\\/monalisa-soft-type-1x1ml\\\/#primaryimage\",\"url\":\"https:\\\/\\\/skin-heal.com\\\/wp-content\\\/uploads\\\/2018\\\/11\\\/Monalisa-Soft.jpg\",\"contentUrl\":\"https:\\\/\\\/skin-heal.com\\\/wp-content\\\/uploads\\\/2018\\\/11\\\/Monalisa-Soft.jpg\",\"width\":600,\"height\":600,\"caption\":\"Monalisa Soft\"},{\"@type\":\"BreadcrumbList\",\"@id\":\"https:\\\/\\\/skin-heal.com\\\/product\\\/monalisa-soft-type-1x1ml\\\/#breadcrumb\",\"itemListElement\":[{\"@type\":\"ListItem\",\"position\":1,\"name\":\"Home\",\"item\":\"https:\\\/\\\/skin-heal.com\\\/\"},{\"@type\":\"ListItem\",\"position\":2,\"name\":\"Store\",\"item\":\"https:\\\/\\\/skin-heal.com\\\/store\\\/\"},{\"@type\":\"ListItem\",\"position\":3,\"name\":\"Monalisa Soft Type (1x1ml)\"}]},{\"@type\":\"WebSite\",\"@id\":\"https:\\\/\\\/skin-heal.com\\\/#website\",\"url\":\"https:\\\/\\\/skin-heal.com\\\/\",\"name\":\"Skin Heal\",\"description\":\"Lowest Prices for Dermal Fillers\",\"potentialAction\":[{\"@type\":\"SearchAction\",\"target\":{\"@type\":\"EntryPoint\",\"urlTemplate\":\"https:\\\/\\\/skin-heal.com\\\/?s={search_term_string}\"},\"query-input\":{\"@type\":\"PropertyValueSpecification\",\"valueRequired\":true,\"valueName\":\"search_term_string\"}}],\"inLanguage\":\"es\"}]}<\/script>\n<!-- \/ Yoast SEO plugin. -->","yoast_head_json":{"title":"Monalisa Tipo Suave (1x1ml) - Skin Heal","description":"Monalisa Soft es un relleno d\u00e9rmico de precio razonable. Corrige r\u00e1pidamente las l\u00edneas de expresi\u00f3n sin exponer al paciente a riesgos ni efectos secundarios nocivos.","robots":{"index":"index","follow":"follow","max-snippet":"max-snippet:-1","max-image-preview":"max-image-preview:large","max-video-preview":"max-video-preview:-1"},"canonical":"https:\/\/skin-heal.com\/es\/producto\/monalisa-soft-type-1x1ml\/","og_locale":"es_MX","og_type":"article","og_title":"Monalisa Soft Type (1x1ml) - Skin Heal","og_description":"Monalisa Soft is a reasonably-priced dermal filler. It quickly corrects fine lines without exposing the patient to any risks or harmful side effects.","og_url":"https:\/\/skin-heal.com\/es\/producto\/monalisa-soft-type-1x1ml\/","og_site_name":"Skin Heal","article_modified_time":"2022-12-16T15:52:11+00:00","og_image":[{"width":600,"height":600,"url":"https:\/\/cdn.skin-heal.com\/wp-content\/uploads\/2018\/11\/Monalisa-Soft.jpg","type":"image\/jpeg"}],"twitter_card":"summary_large_image","twitter_misc":{"Tiempo de lectura":"1 minuto"},"schema":{"@context":"https:\/\/schema.org","@graph":[{"@type":"WebPage","@id":"https:\/\/skin-heal.com\/product\/monalisa-soft-type-1x1ml\/","url":"https:\/\/skin-heal.com\/product\/monalisa-soft-type-1x1ml\/","name":"Monalisa Tipo Suave (1x1ml) - Skin Heal","isPartOf":{"@id":"https:\/\/skin-heal.com\/#website"},"primaryImageOfPage":{"@id":"https:\/\/skin-heal.com\/product\/monalisa-soft-type-1x1ml\/#primaryimage"},"image":{"@id":"https:\/\/skin-heal.com\/product\/monalisa-soft-type-1x1ml\/#primaryimage"},"thumbnailUrl":"https:\/\/cdn.skin-heal.com\/wp-content\/uploads\/2018\/11\/Monalisa-Soft.jpg","datePublished":"2018-11-14T09:51:47+00:00","dateModified":"2022-12-16T15:52:11+00:00","description":"Monalisa Soft es un relleno d\u00e9rmico de precio razonable. Corrige r\u00e1pidamente las l\u00edneas de expresi\u00f3n sin exponer al paciente a riesgos ni efectos secundarios nocivos.","breadcrumb":{"@id":"https:\/\/skin-heal.com\/product\/monalisa-soft-type-1x1ml\/#breadcrumb"},"inLanguage":"es","potentialAction":[{"@type":"ReadAction","target":["https:\/\/skin-heal.com\/product\/monalisa-soft-type-1x1ml\/"]}]},{"@type":"ImageObject","inLanguage":"es","@id":"https:\/\/skin-heal.com\/product\/monalisa-soft-type-1x1ml\/#primaryimage","url":"https:\/\/cdn.skin-heal.com\/wp-content\/uploads\/2018\/11\/Monalisa-Soft.jpg","contentUrl":"https:\/\/cdn.skin-heal.com\/wp-content\/uploads\/2018\/11\/Monalisa-Soft.jpg","width":600,"height":600,"caption":"Monalisa Soft"},{"@type":"BreadcrumbList","@id":"https:\/\/skin-heal.com\/product\/monalisa-soft-type-1x1ml\/#breadcrumb","itemListElement":[{"@type":"ListItem","position":1,"name":"Home","item":"https:\/\/skin-heal.com\/"},{"@type":"ListItem","position":2,"name":"Store","item":"https:\/\/skin-heal.com\/store\/"},{"@type":"ListItem","position":3,"name":"Monalisa Soft Type (1x1ml)"}]},{"@type":"WebSite","@id":"https:\/\/skin-heal.com\/#website","url":"https:\/\/skin-heal.com\/","name":"Curaci\u00f3n de la piel","description":"Los precios m\u00e1s bajos para los rellenos d\u00e9rmicos","potentialAction":[{"@type":"SearchAction","target":{"@type":"EntryPoint","urlTemplate":"https:\/\/skin-heal.com\/?s={search_term_string}"},"query-input":{"@type":"PropertyValueSpecification","valueRequired":true,"valueName":"search_term_string"}}],"inLanguage":"es"}]}},"_links":{"self":[{"href":"https:\/\/skin-heal.com\/es\/wp-json\/wp\/v2\/product\/217","targetHints":{"allow":["GET"]}}],"collection":[{"href":"https:\/\/skin-heal.com\/es\/wp-json\/wp\/v2\/product"}],"about":[{"href":"https:\/\/skin-heal.com\/es\/wp-json\/wp\/v2\/types\/product"}],"wp:featuredmedia":[{"embeddable":true,"href":"https:\/\/skin-heal.com\/es\/wp-json\/wp\/v2\/media\/492"}],"wp:attachment":[{"href":"https:\/\/skin-heal.com\/es\/wp-json\/wp\/v2\/media?parent=217"}],"wp:term":[{"taxonomy":"product_brand","embeddable":true,"href":"https:\/\/skin-heal.com\/es\/wp-json\/wp\/v2\/product_brand?post=217"},{"taxonomy":"product_cat","embeddable":true,"href":"https:\/\/skin-heal.com\/es\/wp-json\/wp\/v2\/product_cat?post=217"},{"taxonomy":"product_tag","embeddable":true,"href":"https:\/\/skin-heal.com\/es\/wp-json\/wp\/v2\/product_tag?post=217"}],"curies":[{"name":"wp","href":"https:\/\/api.w.org\/{rel}","templated":true}]}}