{"id":218,"date":"2018-11-14T09:53:42","date_gmt":"2018-11-14T09:53:42","guid":{"rendered":"https:\/\/skin-heal.com\/?post_type=product&#038;p=218"},"modified":"2024-05-19T22:43:39","modified_gmt":"2024-05-19T19:43:39","slug":"monalisa-mild-type-1x1ml","status":"publish","type":"product","link":"https:\/\/skin-heal.com\/es\/producto\/monalisa-mild-type-1x1ml\/","title":{"rendered":"Monalisa Tipo Suave (1x1ml)"},"content":{"rendered":"<h3>Las numerosas ventajas de utilizar Monalisa Mild<\/h3>\n<p>Se trata de un relleno cut\u00e1neo l\u00edder en la industria cuyo uso puede personalizarse f\u00e1cilmente para satisfacer las necesidades de una amplia gama de pacientes. El objetivo principal de este dispositivo m\u00e9dico de primera clase es combatir las l\u00edneas finas y las arrugas que son resultado directo del envejecimiento, de factores ambientales espec\u00edficos como la exposici\u00f3n excesiva al sol, el cansancio cr\u00f3nico, etc. Adem\u00e1s, la edici\u00f3n Mild de la l\u00ednea Monalisa tambi\u00e9n puede servir como producto de rejuvenecimiento de la piel, ya que puede aumentar el volumen de la piel del rostro y dar un aspecto m\u00e1s joven y radiante.<\/p>\n<ul>\n<li>Cumple todas las normas y reglamentos mundiales<\/li>\n<li>Contiene \u00e1cido hialur\u00f3nico reticulado de fabricaci\u00f3n propia<\/li>\n<li>Viene sin residuos de BDDE<\/li>\n<li>No basado en animales<\/li>\n<li>Dise\u00f1o ergon\u00f3mico que ofrece un mejor agarre para una inyecci\u00f3n m\u00e1s suave<\/li>\n<\/ul>\n<h3>Duraci\u00f3n de los resultados<\/h3>\n<p>Dado que este relleno de HA est\u00e1 dise\u00f1ado para corregir l\u00edneas y arrugas de poca o media profundidad, se inyecta en la capa media o superficial de la dermis. Los efectos despu\u00e9s de un tratamiento con Monalisa Mild son visibles inmediatamente porque las part\u00edculas de AH de este producto tienen una concentraci\u00f3n de 400\u00b5m y se caracterizan por su incre\u00edble viscoelasticidad. La combinaci\u00f3n de estos factores proporciona efectos duraderos que pueden durar unos 6 meses o incluso m\u00e1s.<\/p>","protected":false},"excerpt":{"rendered":"<p>El relleno de tejidos blandos de primera calidad Monalisa Mild proporciona efectos sorprendentes e inmediatos en la reducci\u00f3n y correcci\u00f3n de las l\u00edneas de la frente y el perioral. Su f\u00f3rmula \u00fanica tambi\u00e9n puede a\u00f1adir volumen a los tejidos faciales blandos. Por ello, este fiable producto puede utilizarse en pacientes que necesitan volumen en las mejillas. Se presenta en una jeringa de dise\u00f1o inteligente que hace que el procedimiento de inyecci\u00f3n sea r\u00e1pido, f\u00e1cil y suave.<\/p>","protected":false},"featured_media":490,"template":"","meta":[],"product_brand":[],"product_cat":[79,58,36,144],"product_tag":[146],"class_list":{"0":"post-218","1":"product","2":"type-product","3":"status-publish","4":"has-post-thumbnail","6":"product_cat-dermal-fillers","7":"product_cat-genoss","8":"product_cat-monalisa","9":"product_cat-holiday-mega-sale","10":"product_tag-10off","11":"clearfix","13":"first","14":"outofstock","15":"sale","16":"taxable","17":"shipping-taxable","18":"purchasable","19":"product-type-simple"},"yoast_head":"<!-- This site is optimized with the Yoast SEO plugin v27.4 - https:\/\/yoast.com\/product\/yoast-seo-wordpress\/ -->\n<title>Monalisa Mild Type (1x1ml) - Skin Heal<\/title>\n<meta name=\"description\" content=\"Monalisa Mild targets perioral and forehead lines and offers durable cheek volume. This leading dermal filler is affordable but it offers top quality.\" \/>\n<meta name=\"robots\" content=\"index, follow, max-snippet:-1, max-image-preview:large, max-video-preview:-1\" \/>\n<link rel=\"canonical\" href=\"https:\/\/skin-heal.com\/es\/producto\/monalisa-mild-type-1x1ml\/\" \/>\n<meta property=\"og:locale\" content=\"es_MX\" \/>\n<meta property=\"og:type\" content=\"article\" \/>\n<meta property=\"og:title\" content=\"Monalisa Mild Type (1x1ml) - Skin Heal\" \/>\n<meta property=\"og:description\" content=\"Monalisa Mild targets perioral and forehead lines and offers durable cheek volume. This leading dermal filler is affordable but it offers top quality.\" \/>\n<meta property=\"og:url\" content=\"https:\/\/skin-heal.com\/es\/producto\/monalisa-mild-type-1x1ml\/\" \/>\n<meta property=\"og:site_name\" content=\"Skin Heal\" \/>\n<meta property=\"article:modified_time\" content=\"2024-05-19T19:43:39+00:00\" \/>\n<meta property=\"og:image\" content=\"https:\/\/cdn.skin-heal.com\/wp-content\/uploads\/2018\/11\/Monalisa-Mild.jpg\" \/>\n\t<meta property=\"og:image:width\" content=\"600\" \/>\n\t<meta property=\"og:image:height\" content=\"600\" \/>\n\t<meta property=\"og:image:type\" content=\"image\/jpeg\" \/>\n<meta name=\"twitter:card\" content=\"summary_large_image\" \/>\n<meta name=\"twitter:label1\" content=\"Tiempo de lectura\" \/>\n\t<meta name=\"twitter:data1\" content=\"1 minuto\" \/>\n<script type=\"application\/ld+json\" class=\"yoast-schema-graph\">{\"@context\":\"https:\\\/\\\/schema.org\",\"@graph\":[{\"@type\":\"WebPage\",\"@id\":\"https:\\\/\\\/skin-heal.com\\\/product\\\/monalisa-mild-type-1x1ml\\\/\",\"url\":\"https:\\\/\\\/skin-heal.com\\\/product\\\/monalisa-mild-type-1x1ml\\\/\",\"name\":\"Monalisa Mild Type (1x1ml) - Skin Heal\",\"isPartOf\":{\"@id\":\"https:\\\/\\\/skin-heal.com\\\/#website\"},\"primaryImageOfPage\":{\"@id\":\"https:\\\/\\\/skin-heal.com\\\/product\\\/monalisa-mild-type-1x1ml\\\/#primaryimage\"},\"image\":{\"@id\":\"https:\\\/\\\/skin-heal.com\\\/product\\\/monalisa-mild-type-1x1ml\\\/#primaryimage\"},\"thumbnailUrl\":\"https:\\\/\\\/skin-heal.com\\\/wp-content\\\/uploads\\\/2018\\\/11\\\/Monalisa-Mild.jpg\",\"datePublished\":\"2018-11-14T09:53:42+00:00\",\"dateModified\":\"2024-05-19T19:43:39+00:00\",\"description\":\"Monalisa Mild targets perioral and forehead lines and offers durable cheek volume. This leading dermal filler is affordable but it offers top quality.\",\"breadcrumb\":{\"@id\":\"https:\\\/\\\/skin-heal.com\\\/product\\\/monalisa-mild-type-1x1ml\\\/#breadcrumb\"},\"inLanguage\":\"es\",\"potentialAction\":[{\"@type\":\"ReadAction\",\"target\":[\"https:\\\/\\\/skin-heal.com\\\/product\\\/monalisa-mild-type-1x1ml\\\/\"]}]},{\"@type\":\"ImageObject\",\"inLanguage\":\"es\",\"@id\":\"https:\\\/\\\/skin-heal.com\\\/product\\\/monalisa-mild-type-1x1ml\\\/#primaryimage\",\"url\":\"https:\\\/\\\/skin-heal.com\\\/wp-content\\\/uploads\\\/2018\\\/11\\\/Monalisa-Mild.jpg\",\"contentUrl\":\"https:\\\/\\\/skin-heal.com\\\/wp-content\\\/uploads\\\/2018\\\/11\\\/Monalisa-Mild.jpg\",\"width\":600,\"height\":600,\"caption\":\"Monalisa Mild\"},{\"@type\":\"BreadcrumbList\",\"@id\":\"https:\\\/\\\/skin-heal.com\\\/product\\\/monalisa-mild-type-1x1ml\\\/#breadcrumb\",\"itemListElement\":[{\"@type\":\"ListItem\",\"position\":1,\"name\":\"Home\",\"item\":\"https:\\\/\\\/skin-heal.com\\\/\"},{\"@type\":\"ListItem\",\"position\":2,\"name\":\"Store\",\"item\":\"https:\\\/\\\/skin-heal.com\\\/store\\\/\"},{\"@type\":\"ListItem\",\"position\":3,\"name\":\"Monalisa Mild Type (1x1ml)\"}]},{\"@type\":\"WebSite\",\"@id\":\"https:\\\/\\\/skin-heal.com\\\/#website\",\"url\":\"https:\\\/\\\/skin-heal.com\\\/\",\"name\":\"Skin Heal\",\"description\":\"Lowest Prices for Dermal Fillers\",\"potentialAction\":[{\"@type\":\"SearchAction\",\"target\":{\"@type\":\"EntryPoint\",\"urlTemplate\":\"https:\\\/\\\/skin-heal.com\\\/?s={search_term_string}\"},\"query-input\":{\"@type\":\"PropertyValueSpecification\",\"valueRequired\":true,\"valueName\":\"search_term_string\"}}],\"inLanguage\":\"es\"}]}<\/script>\n<!-- \/ Yoast SEO plugin. -->","yoast_head_json":{"title":"Monalisa Tipo Suave (1x1ml) - Skin Heal","description":"Monalisa Mild act\u00faa sobre las l\u00edneas periorales y de la frente y ofrece un volumen duradero en las mejillas. Este relleno d\u00e9rmico l\u00edder es asequible pero ofrece la m\u00e1xima calidad.","robots":{"index":"index","follow":"follow","max-snippet":"max-snippet:-1","max-image-preview":"max-image-preview:large","max-video-preview":"max-video-preview:-1"},"canonical":"https:\/\/skin-heal.com\/es\/producto\/monalisa-mild-type-1x1ml\/","og_locale":"es_MX","og_type":"article","og_title":"Monalisa Mild Type (1x1ml) - Skin Heal","og_description":"Monalisa Mild targets perioral and forehead lines and offers durable cheek volume. This leading dermal filler is affordable but it offers top quality.","og_url":"https:\/\/skin-heal.com\/es\/producto\/monalisa-mild-type-1x1ml\/","og_site_name":"Skin Heal","article_modified_time":"2024-05-19T19:43:39+00:00","og_image":[{"width":600,"height":600,"url":"https:\/\/cdn.skin-heal.com\/wp-content\/uploads\/2018\/11\/Monalisa-Mild.jpg","type":"image\/jpeg"}],"twitter_card":"summary_large_image","twitter_misc":{"Tiempo de lectura":"1 minuto"},"schema":{"@context":"https:\/\/schema.org","@graph":[{"@type":"WebPage","@id":"https:\/\/skin-heal.com\/product\/monalisa-mild-type-1x1ml\/","url":"https:\/\/skin-heal.com\/product\/monalisa-mild-type-1x1ml\/","name":"Monalisa Tipo Suave (1x1ml) - Skin Heal","isPartOf":{"@id":"https:\/\/skin-heal.com\/#website"},"primaryImageOfPage":{"@id":"https:\/\/skin-heal.com\/product\/monalisa-mild-type-1x1ml\/#primaryimage"},"image":{"@id":"https:\/\/skin-heal.com\/product\/monalisa-mild-type-1x1ml\/#primaryimage"},"thumbnailUrl":"https:\/\/cdn.skin-heal.com\/wp-content\/uploads\/2018\/11\/Monalisa-Mild.jpg","datePublished":"2018-11-14T09:53:42+00:00","dateModified":"2024-05-19T19:43:39+00:00","description":"Monalisa Mild act\u00faa sobre las l\u00edneas periorales y de la frente y ofrece un volumen duradero en las mejillas. Este relleno d\u00e9rmico l\u00edder es asequible pero ofrece la m\u00e1xima calidad.","breadcrumb":{"@id":"https:\/\/skin-heal.com\/product\/monalisa-mild-type-1x1ml\/#breadcrumb"},"inLanguage":"es","potentialAction":[{"@type":"ReadAction","target":["https:\/\/skin-heal.com\/product\/monalisa-mild-type-1x1ml\/"]}]},{"@type":"ImageObject","inLanguage":"es","@id":"https:\/\/skin-heal.com\/product\/monalisa-mild-type-1x1ml\/#primaryimage","url":"https:\/\/cdn.skin-heal.com\/wp-content\/uploads\/2018\/11\/Monalisa-Mild.jpg","contentUrl":"https:\/\/cdn.skin-heal.com\/wp-content\/uploads\/2018\/11\/Monalisa-Mild.jpg","width":600,"height":600,"caption":"Monalisa Mild"},{"@type":"BreadcrumbList","@id":"https:\/\/skin-heal.com\/product\/monalisa-mild-type-1x1ml\/#breadcrumb","itemListElement":[{"@type":"ListItem","position":1,"name":"Home","item":"https:\/\/skin-heal.com\/"},{"@type":"ListItem","position":2,"name":"Store","item":"https:\/\/skin-heal.com\/store\/"},{"@type":"ListItem","position":3,"name":"Monalisa Mild Type (1x1ml)"}]},{"@type":"WebSite","@id":"https:\/\/skin-heal.com\/#website","url":"https:\/\/skin-heal.com\/","name":"Curaci\u00f3n de la piel","description":"Los precios m\u00e1s bajos para los rellenos d\u00e9rmicos","potentialAction":[{"@type":"SearchAction","target":{"@type":"EntryPoint","urlTemplate":"https:\/\/skin-heal.com\/?s={search_term_string}"},"query-input":{"@type":"PropertyValueSpecification","valueRequired":true,"valueName":"search_term_string"}}],"inLanguage":"es"}]}},"_links":{"self":[{"href":"https:\/\/skin-heal.com\/es\/wp-json\/wp\/v2\/product\/218","targetHints":{"allow":["GET"]}}],"collection":[{"href":"https:\/\/skin-heal.com\/es\/wp-json\/wp\/v2\/product"}],"about":[{"href":"https:\/\/skin-heal.com\/es\/wp-json\/wp\/v2\/types\/product"}],"wp:featuredmedia":[{"embeddable":true,"href":"https:\/\/skin-heal.com\/es\/wp-json\/wp\/v2\/media\/490"}],"wp:attachment":[{"href":"https:\/\/skin-heal.com\/es\/wp-json\/wp\/v2\/media?parent=218"}],"wp:term":[{"taxonomy":"product_brand","embeddable":true,"href":"https:\/\/skin-heal.com\/es\/wp-json\/wp\/v2\/product_brand?post=218"},{"taxonomy":"product_cat","embeddable":true,"href":"https:\/\/skin-heal.com\/es\/wp-json\/wp\/v2\/product_cat?post=218"},{"taxonomy":"product_tag","embeddable":true,"href":"https:\/\/skin-heal.com\/es\/wp-json\/wp\/v2\/product_tag?post=218"}],"curies":[{"name":"wp","href":"https:\/\/api.w.org\/{rel}","templated":true}]}}