{"id":219,"date":"2018-11-14T10:01:51","date_gmt":"2018-11-14T10:01:51","guid":{"rendered":"https:\/\/skin-heal.com\/?post_type=product&#038;p=219"},"modified":"2022-05-05T08:02:11","modified_gmt":"2022-05-05T08:02:11","slug":"monalisa-ultra-type-1x1ml","status":"publish","type":"product","link":"https:\/\/skin-heal.com\/es\/producto\/monalisa-ultra-type-1x1ml\/","title":{"rendered":"Tipo Monalisa Ultra (1x1ml)"},"content":{"rendered":"<h3>Uno de los rellenos de AH m\u00e1s naturales y puros disponibles en la actualidad<\/h3>\n<p>Monalisa Ultra es un producto altamente eficaz y cualquier tratamiento de rejuvenecimiento de la piel que se realice con \u00e9l no conlleva ning\u00fan efecto secundario nocivo. Esto se debe a que se trata de un producto m\u00e9dico de calidad que tiene las siguientes propiedades y caracter\u00edsticas:<\/p>\n<ul>\n<li>100% biol\u00f3gicamente compatible con el cuerpo humano<\/li>\n<li>Sin HA de origen animal<\/li>\n<li>No contiene trazas de la peligrosa sustancia qu\u00edmica BDDE<\/li>\n<li>Se descompone naturalmente por el cuerpo del paciente<\/li>\n<li>Se somete a un exhaustivo proceso de purificaci\u00f3n<\/li>\n<\/ul>\n<p>Monalisa Ultra ha superado con \u00e9xito el control de calidad est\u00e1ndar mundial y su aplicaci\u00f3n ha sido aprobada oficialmente por todos los reguladores necesarios del sector. La \u00fanica contraindicaci\u00f3n que tiene se refiere a los pacientes que padecen necrosis glabelar o una infecci\u00f3n activa, as\u00ed como a los que son al\u00e9rgicos a la lidoca\u00edna o a los rellenos cut\u00e1neos.<\/p>\n<h3>Precisi\u00f3n por encima de todo<\/h3>\n<p>El tama\u00f1o de las part\u00edculas de \u00e1cido hialur\u00f3nico de este producto es considerablemente mayor en comparaci\u00f3n con las part\u00edculas de AH que se encuentran en otros rellenos de tejidos blandos de esta marca: 900\u00b5m. Sin embargo, la aguja superfina y el dise\u00f1o pensado de este dispositivo m\u00e9dico contribuyen a un proceso de inyecci\u00f3n preciso que se produce con una molestia m\u00ednima o incluso nula para el paciente.<\/p>","protected":false},"excerpt":{"rendered":"<p>Para obtener resultados ultraexcelentes, ultraduraderos y ultraimpresionantes en el esculpido facial, conf\u00ede en Monalisa Ultra, un relleno cut\u00e1neo de primera clase que puede utilizarse para el aumento nasal y el contrarresto de la piel y el rostro. Con este producto de rejuvenecimiento cut\u00e1neo sin residuos y aprobado por el sector, el tratamiento se realiza con riesgos m\u00ednimos y la elasticidad y densidad de la piel mejoran de la forma m\u00e1s natural e inocua posible. Ha sido fabricado por la marca de renombre mundial Genoss y sus part\u00edculas de \u00e1cido hialur\u00f3nico reticulado evitan la migraci\u00f3n del implante.<\/p>","protected":false},"featured_media":489,"template":"","meta":[],"product_brand":[],"product_cat":[79,58,36],"product_tag":[],"class_list":{"0":"post-219","1":"product","2":"type-product","3":"status-publish","4":"has-post-thumbnail","6":"product_cat-dermal-fillers","7":"product_cat-genoss","8":"product_cat-monalisa","9":"clearfix","11":"first","12":"outofstock","13":"taxable","14":"shipping-taxable","15":"purchasable","16":"product-type-simple"},"yoast_head":"<!-- This site is optimized with the Yoast SEO plugin v27.4 - https:\/\/yoast.com\/product\/yoast-seo-wordpress\/ -->\n<title>Monalisa Ultra Type (1x1ml) - Skin Heal<\/title>\n<meta name=\"description\" content=\"Produced by Genoss, Monalisa Ultra is a top-tier HA filler developed for face sculpting. It complies with all global standards and it is highly pure.\" \/>\n<meta name=\"robots\" content=\"index, follow, max-snippet:-1, max-image-preview:large, max-video-preview:-1\" \/>\n<link rel=\"canonical\" href=\"https:\/\/skin-heal.com\/es\/producto\/monalisa-ultra-type-1x1ml\/\" \/>\n<meta property=\"og:locale\" content=\"es_MX\" \/>\n<meta property=\"og:type\" content=\"article\" \/>\n<meta property=\"og:title\" content=\"Monalisa Ultra Type (1x1ml) - Skin Heal\" \/>\n<meta property=\"og:description\" content=\"Produced by Genoss, Monalisa Ultra is a top-tier HA filler developed for face sculpting. It complies with all global standards and it is highly pure.\" \/>\n<meta property=\"og:url\" content=\"https:\/\/skin-heal.com\/es\/producto\/monalisa-ultra-type-1x1ml\/\" \/>\n<meta property=\"og:site_name\" content=\"Skin Heal\" \/>\n<meta property=\"article:modified_time\" content=\"2022-05-05T08:02:11+00:00\" \/>\n<meta property=\"og:image\" content=\"https:\/\/cdn.skin-heal.com\/wp-content\/uploads\/2018\/11\/Monalisa-Ultra.jpg\" \/>\n\t<meta property=\"og:image:width\" content=\"450\" \/>\n\t<meta property=\"og:image:height\" content=\"450\" \/>\n\t<meta property=\"og:image:type\" content=\"image\/jpeg\" \/>\n<meta name=\"twitter:card\" content=\"summary_large_image\" \/>\n<meta name=\"twitter:label1\" content=\"Tiempo de lectura\" \/>\n\t<meta name=\"twitter:data1\" content=\"1 minuto\" \/>\n<script type=\"application\/ld+json\" class=\"yoast-schema-graph\">{\"@context\":\"https:\\\/\\\/schema.org\",\"@graph\":[{\"@type\":\"WebPage\",\"@id\":\"https:\\\/\\\/skin-heal.com\\\/product\\\/monalisa-ultra-type-1x1ml\\\/\",\"url\":\"https:\\\/\\\/skin-heal.com\\\/product\\\/monalisa-ultra-type-1x1ml\\\/\",\"name\":\"Monalisa Ultra Type (1x1ml) - Skin Heal\",\"isPartOf\":{\"@id\":\"https:\\\/\\\/skin-heal.com\\\/#website\"},\"primaryImageOfPage\":{\"@id\":\"https:\\\/\\\/skin-heal.com\\\/product\\\/monalisa-ultra-type-1x1ml\\\/#primaryimage\"},\"image\":{\"@id\":\"https:\\\/\\\/skin-heal.com\\\/product\\\/monalisa-ultra-type-1x1ml\\\/#primaryimage\"},\"thumbnailUrl\":\"https:\\\/\\\/skin-heal.com\\\/wp-content\\\/uploads\\\/2018\\\/11\\\/Monalisa-Ultra.jpg\",\"datePublished\":\"2018-11-14T10:01:51+00:00\",\"dateModified\":\"2022-05-05T08:02:11+00:00\",\"description\":\"Produced by Genoss, Monalisa Ultra is a top-tier HA filler developed for face sculpting. It complies with all global standards and it is highly pure.\",\"breadcrumb\":{\"@id\":\"https:\\\/\\\/skin-heal.com\\\/product\\\/monalisa-ultra-type-1x1ml\\\/#breadcrumb\"},\"inLanguage\":\"es\",\"potentialAction\":[{\"@type\":\"ReadAction\",\"target\":[\"https:\\\/\\\/skin-heal.com\\\/product\\\/monalisa-ultra-type-1x1ml\\\/\"]}]},{\"@type\":\"ImageObject\",\"inLanguage\":\"es\",\"@id\":\"https:\\\/\\\/skin-heal.com\\\/product\\\/monalisa-ultra-type-1x1ml\\\/#primaryimage\",\"url\":\"https:\\\/\\\/skin-heal.com\\\/wp-content\\\/uploads\\\/2018\\\/11\\\/Monalisa-Ultra.jpg\",\"contentUrl\":\"https:\\\/\\\/skin-heal.com\\\/wp-content\\\/uploads\\\/2018\\\/11\\\/Monalisa-Ultra.jpg\",\"width\":450,\"height\":450,\"caption\":\"Monalisa Ultra\"},{\"@type\":\"BreadcrumbList\",\"@id\":\"https:\\\/\\\/skin-heal.com\\\/product\\\/monalisa-ultra-type-1x1ml\\\/#breadcrumb\",\"itemListElement\":[{\"@type\":\"ListItem\",\"position\":1,\"name\":\"Home\",\"item\":\"https:\\\/\\\/skin-heal.com\\\/\"},{\"@type\":\"ListItem\",\"position\":2,\"name\":\"Store\",\"item\":\"https:\\\/\\\/skin-heal.com\\\/store\\\/\"},{\"@type\":\"ListItem\",\"position\":3,\"name\":\"Monalisa Ultra Type (1x1ml)\"}]},{\"@type\":\"WebSite\",\"@id\":\"https:\\\/\\\/skin-heal.com\\\/#website\",\"url\":\"https:\\\/\\\/skin-heal.com\\\/\",\"name\":\"Skin Heal\",\"description\":\"Lowest Prices for Dermal Fillers\",\"potentialAction\":[{\"@type\":\"SearchAction\",\"target\":{\"@type\":\"EntryPoint\",\"urlTemplate\":\"https:\\\/\\\/skin-heal.com\\\/?s={search_term_string}\"},\"query-input\":{\"@type\":\"PropertyValueSpecification\",\"valueRequired\":true,\"valueName\":\"search_term_string\"}}],\"inLanguage\":\"es\"}]}<\/script>\n<!-- \/ Yoast SEO plugin. -->","yoast_head_json":{"title":"Monalisa Ultra Tipo (1x1ml) - Skin Heal","description":"Producido por Genoss, Monalisa Ultra es un relleno de HA de primer nivel desarrollado para esculpir el rostro. Cumple todas las normas mundiales y es de gran pureza.","robots":{"index":"index","follow":"follow","max-snippet":"max-snippet:-1","max-image-preview":"max-image-preview:large","max-video-preview":"max-video-preview:-1"},"canonical":"https:\/\/skin-heal.com\/es\/producto\/monalisa-ultra-type-1x1ml\/","og_locale":"es_MX","og_type":"article","og_title":"Monalisa Ultra Type (1x1ml) - Skin Heal","og_description":"Produced by Genoss, Monalisa Ultra is a top-tier HA filler developed for face sculpting. It complies with all global standards and it is highly pure.","og_url":"https:\/\/skin-heal.com\/es\/producto\/monalisa-ultra-type-1x1ml\/","og_site_name":"Skin Heal","article_modified_time":"2022-05-05T08:02:11+00:00","og_image":[{"width":450,"height":450,"url":"https:\/\/cdn.skin-heal.com\/wp-content\/uploads\/2018\/11\/Monalisa-Ultra.jpg","type":"image\/jpeg"}],"twitter_card":"summary_large_image","twitter_misc":{"Tiempo de lectura":"1 minuto"},"schema":{"@context":"https:\/\/schema.org","@graph":[{"@type":"WebPage","@id":"https:\/\/skin-heal.com\/product\/monalisa-ultra-type-1x1ml\/","url":"https:\/\/skin-heal.com\/product\/monalisa-ultra-type-1x1ml\/","name":"Monalisa Ultra Tipo (1x1ml) - Skin Heal","isPartOf":{"@id":"https:\/\/skin-heal.com\/#website"},"primaryImageOfPage":{"@id":"https:\/\/skin-heal.com\/product\/monalisa-ultra-type-1x1ml\/#primaryimage"},"image":{"@id":"https:\/\/skin-heal.com\/product\/monalisa-ultra-type-1x1ml\/#primaryimage"},"thumbnailUrl":"https:\/\/cdn.skin-heal.com\/wp-content\/uploads\/2018\/11\/Monalisa-Ultra.jpg","datePublished":"2018-11-14T10:01:51+00:00","dateModified":"2022-05-05T08:02:11+00:00","description":"Producido por Genoss, Monalisa Ultra es un relleno de HA de primer nivel desarrollado para esculpir el rostro. Cumple todas las normas mundiales y es de gran pureza.","breadcrumb":{"@id":"https:\/\/skin-heal.com\/product\/monalisa-ultra-type-1x1ml\/#breadcrumb"},"inLanguage":"es","potentialAction":[{"@type":"ReadAction","target":["https:\/\/skin-heal.com\/product\/monalisa-ultra-type-1x1ml\/"]}]},{"@type":"ImageObject","inLanguage":"es","@id":"https:\/\/skin-heal.com\/product\/monalisa-ultra-type-1x1ml\/#primaryimage","url":"https:\/\/cdn.skin-heal.com\/wp-content\/uploads\/2018\/11\/Monalisa-Ultra.jpg","contentUrl":"https:\/\/cdn.skin-heal.com\/wp-content\/uploads\/2018\/11\/Monalisa-Ultra.jpg","width":450,"height":450,"caption":"Monalisa Ultra"},{"@type":"BreadcrumbList","@id":"https:\/\/skin-heal.com\/product\/monalisa-ultra-type-1x1ml\/#breadcrumb","itemListElement":[{"@type":"ListItem","position":1,"name":"Home","item":"https:\/\/skin-heal.com\/"},{"@type":"ListItem","position":2,"name":"Store","item":"https:\/\/skin-heal.com\/store\/"},{"@type":"ListItem","position":3,"name":"Monalisa Ultra Type (1x1ml)"}]},{"@type":"WebSite","@id":"https:\/\/skin-heal.com\/#website","url":"https:\/\/skin-heal.com\/","name":"Curaci\u00f3n de la piel","description":"Los precios m\u00e1s bajos para los rellenos d\u00e9rmicos","potentialAction":[{"@type":"SearchAction","target":{"@type":"EntryPoint","urlTemplate":"https:\/\/skin-heal.com\/?s={search_term_string}"},"query-input":{"@type":"PropertyValueSpecification","valueRequired":true,"valueName":"search_term_string"}}],"inLanguage":"es"}]}},"_links":{"self":[{"href":"https:\/\/skin-heal.com\/es\/wp-json\/wp\/v2\/product\/219","targetHints":{"allow":["GET"]}}],"collection":[{"href":"https:\/\/skin-heal.com\/es\/wp-json\/wp\/v2\/product"}],"about":[{"href":"https:\/\/skin-heal.com\/es\/wp-json\/wp\/v2\/types\/product"}],"wp:featuredmedia":[{"embeddable":true,"href":"https:\/\/skin-heal.com\/es\/wp-json\/wp\/v2\/media\/489"}],"wp:attachment":[{"href":"https:\/\/skin-heal.com\/es\/wp-json\/wp\/v2\/media?parent=219"}],"wp:term":[{"taxonomy":"product_brand","embeddable":true,"href":"https:\/\/skin-heal.com\/es\/wp-json\/wp\/v2\/product_brand?post=219"},{"taxonomy":"product_cat","embeddable":true,"href":"https:\/\/skin-heal.com\/es\/wp-json\/wp\/v2\/product_cat?post=219"},{"taxonomy":"product_tag","embeddable":true,"href":"https:\/\/skin-heal.com\/es\/wp-json\/wp\/v2\/product_tag?post=219"}],"curies":[{"name":"wp","href":"https:\/\/api.w.org\/{rel}","templated":true}]}}