{"id":221,"date":"2018-11-14T10:25:52","date_gmt":"2018-11-14T10:25:52","guid":{"rendered":"https:\/\/skin-heal.com\/?post_type=product&#038;p=221"},"modified":"2026-04-02T14:37:48","modified_gmt":"2026-04-02T11:37:48","slug":"revolax-fine-1x1-1ml","status":"publish","type":"product","link":"https:\/\/skin-heal.com\/es\/producto\/revolax-fine-1x1-1ml\/","title":{"rendered":"Revolax Fine (1\u00d71,1ml)"},"content":{"rendered":"<h3>\u00bfQu\u00e9 es Revolax Fine?<\/h3>\n<p>Este producto, que forma parte de la l\u00ednea de rellenos de \u00e1cido hialur\u00f3nico Revolax, se centra \u00fanicamente en el tratamiento de las arrugas faciales superficiales y finas. A diferencia de otros productos emblem\u00e1ticos de rejuvenecimiento de la piel de esta marca, \u00e9ste no se caracteriza por una consistencia espesa, sino que su estructura reticulada y monof\u00e1sica garantiza unos efectos perfectos con una longevidad impresionante. Con \u00e9l, los pacientes suelen disfrutar de los resultados tras cada inyecci\u00f3n de relleno durante 12 o incluso 18 meses.<\/p>\n<h3>\u00bfQu\u00e9 seguridad tiene este producto y el tratamiento que se realiza con \u00e9l?<\/h3>\n<p>Este producto seguro para eliminar las l\u00edneas de expresi\u00f3n puede inyectarse en la piel del cuello, la frente y el lagrimal, zonas en las que la piel suele ser muy fina y delicada. La implantaci\u00f3n es superficial y no suele tener efectos secundarios. En algunos pacientes puede observarse una hinchaz\u00f3n moderada alrededor de los puntos de inyecci\u00f3n, pero suele remitir en unas horas. Incluso cuando Revolax Fine se utiliza en zonas sensibles y extremadamente finas de la piel, la lidoca\u00edna del relleno d\u00e9rmico reduce cualquier dolor causado durante el tratamiento.<\/p>\n<h3>Informaci\u00f3n adicional<\/h3>\n<p>Ingredientes activos: \u00c1cido hialur\u00f3nico (24mg\/mL) y lidoca\u00edna (3mg\/mL)<\/p>\n<p>Contenido de la caja: 1 jeringa precargada de 1,1mL, 2 agujas de un solo uso de 30G, un prospecto.<\/p>","protected":false},"excerpt":{"rendered":"<p>Revolax Fine hace que el tratamiento de las arrugas superficiales y finas sea r\u00e1pido, f\u00e1cil e indoloro. Producido con el uso de una tecnolog\u00eda y m\u00e9todos de nueva generaci\u00f3n, este magn\u00edfico relleno de la piel combate y elimina los primeros signos de envejecimiento y puede refrescar la piel cansada. Puede aplicarse incluso en las zonas m\u00e1s delicadas de la piel y en el cuello.<\/p>","protected":false},"featured_media":842,"template":"","meta":[],"product_brand":[],"product_cat":[56,79,34,144],"product_tag":[],"class_list":{"0":"post-221","1":"product","2":"type-product","3":"status-publish","4":"has-post-thumbnail","6":"product_cat-across","7":"product_cat-dermal-fillers","8":"product_cat-revolax","9":"product_cat-holiday-mega-sale","10":"clearfix","12":"first","13":"instock","14":"taxable","15":"shipping-taxable","16":"purchasable","17":"product-type-simple"},"yoast_head":"<!-- This site is optimized with the Yoast SEO plugin v27.4 - https:\/\/yoast.com\/product\/yoast-seo-wordpress\/ -->\n<title>Revolax Fine (1\u00d71.1ml) - Skin Heal<\/title>\n<meta name=\"description\" content=\"Revolax Fine is a quality dermal filler that offers immediate superficial and fine line removal. It can be applied to delicate areas of the skin and neck.\" \/>\n<meta name=\"robots\" content=\"index, follow, max-snippet:-1, max-image-preview:large, max-video-preview:-1\" \/>\n<link rel=\"canonical\" href=\"https:\/\/skin-heal.com\/es\/producto\/revolax-fine-1x1-1ml\/\" \/>\n<meta property=\"og:locale\" content=\"es_MX\" \/>\n<meta property=\"og:type\" content=\"article\" \/>\n<meta property=\"og:title\" content=\"Revolax Fine (1\u00d71.1ml) - Skin Heal\" \/>\n<meta property=\"og:description\" content=\"Revolax Fine is a quality dermal filler that offers immediate superficial and fine line removal. It can be applied to delicate areas of the skin and neck.\" \/>\n<meta property=\"og:url\" content=\"https:\/\/skin-heal.com\/es\/producto\/revolax-fine-1x1-1ml\/\" \/>\n<meta property=\"og:site_name\" content=\"Skin Heal\" \/>\n<meta property=\"article:modified_time\" content=\"2026-04-02T11:37:48+00:00\" \/>\n<meta property=\"og:image\" content=\"https:\/\/cdn.skin-heal.com\/wp-content\/uploads\/2018\/11\/Revolax-Fine.jpg\" \/>\n\t<meta property=\"og:image:width\" content=\"600\" \/>\n\t<meta property=\"og:image:height\" content=\"600\" \/>\n\t<meta property=\"og:image:type\" content=\"image\/jpeg\" \/>\n<meta name=\"twitter:card\" content=\"summary_large_image\" \/>\n<meta name=\"twitter:label1\" content=\"Tiempo de lectura\" \/>\n\t<meta name=\"twitter:data1\" content=\"1 minuto\" \/>\n<script type=\"application\/ld+json\" class=\"yoast-schema-graph\">{\"@context\":\"https:\\\/\\\/schema.org\",\"@graph\":[{\"@type\":\"WebPage\",\"@id\":\"https:\\\/\\\/skin-heal.com\\\/product\\\/revolax-fine-1x1-1ml\\\/\",\"url\":\"https:\\\/\\\/skin-heal.com\\\/product\\\/revolax-fine-1x1-1ml\\\/\",\"name\":\"Revolax Fine (1\u00d71.1ml) - Skin Heal\",\"isPartOf\":{\"@id\":\"https:\\\/\\\/skin-heal.com\\\/#website\"},\"primaryImageOfPage\":{\"@id\":\"https:\\\/\\\/skin-heal.com\\\/product\\\/revolax-fine-1x1-1ml\\\/#primaryimage\"},\"image\":{\"@id\":\"https:\\\/\\\/skin-heal.com\\\/product\\\/revolax-fine-1x1-1ml\\\/#primaryimage\"},\"thumbnailUrl\":\"https:\\\/\\\/skin-heal.com\\\/wp-content\\\/uploads\\\/2018\\\/11\\\/Revolax-Fine.jpg\",\"datePublished\":\"2018-11-14T10:25:52+00:00\",\"dateModified\":\"2026-04-02T11:37:48+00:00\",\"description\":\"Revolax Fine is a quality dermal filler that offers immediate superficial and fine line removal. It can be applied to delicate areas of the skin and neck.\",\"breadcrumb\":{\"@id\":\"https:\\\/\\\/skin-heal.com\\\/product\\\/revolax-fine-1x1-1ml\\\/#breadcrumb\"},\"inLanguage\":\"es\",\"potentialAction\":[{\"@type\":\"ReadAction\",\"target\":[\"https:\\\/\\\/skin-heal.com\\\/product\\\/revolax-fine-1x1-1ml\\\/\"]}]},{\"@type\":\"ImageObject\",\"inLanguage\":\"es\",\"@id\":\"https:\\\/\\\/skin-heal.com\\\/product\\\/revolax-fine-1x1-1ml\\\/#primaryimage\",\"url\":\"https:\\\/\\\/skin-heal.com\\\/wp-content\\\/uploads\\\/2018\\\/11\\\/Revolax-Fine.jpg\",\"contentUrl\":\"https:\\\/\\\/skin-heal.com\\\/wp-content\\\/uploads\\\/2018\\\/11\\\/Revolax-Fine.jpg\",\"width\":600,\"height\":600,\"caption\":\"Revolax Fine\"},{\"@type\":\"BreadcrumbList\",\"@id\":\"https:\\\/\\\/skin-heal.com\\\/product\\\/revolax-fine-1x1-1ml\\\/#breadcrumb\",\"itemListElement\":[{\"@type\":\"ListItem\",\"position\":1,\"name\":\"Home\",\"item\":\"https:\\\/\\\/skin-heal.com\\\/\"},{\"@type\":\"ListItem\",\"position\":2,\"name\":\"Store\",\"item\":\"https:\\\/\\\/skin-heal.com\\\/store\\\/\"},{\"@type\":\"ListItem\",\"position\":3,\"name\":\"Revolax Fine (1\u00d71.1ml)\"}]},{\"@type\":\"WebSite\",\"@id\":\"https:\\\/\\\/skin-heal.com\\\/#website\",\"url\":\"https:\\\/\\\/skin-heal.com\\\/\",\"name\":\"Skin Heal\",\"description\":\"Lowest Prices for Dermal Fillers\",\"potentialAction\":[{\"@type\":\"SearchAction\",\"target\":{\"@type\":\"EntryPoint\",\"urlTemplate\":\"https:\\\/\\\/skin-heal.com\\\/?s={search_term_string}\"},\"query-input\":{\"@type\":\"PropertyValueSpecification\",\"valueRequired\":true,\"valueName\":\"search_term_string\"}}],\"inLanguage\":\"es\"}]}<\/script>\n<!-- \/ Yoast SEO plugin. -->","yoast_head_json":{"title":"Revolax Fino (1\u00d71,1ml) - Skin Heal","description":"Revolax Fine es un relleno d\u00e9rmico de calidad que ofrece una eliminaci\u00f3n inmediata de las l\u00edneas superficiales y finas. Puede aplicarse en zonas delicadas de la piel y el cuello.","robots":{"index":"index","follow":"follow","max-snippet":"max-snippet:-1","max-image-preview":"max-image-preview:large","max-video-preview":"max-video-preview:-1"},"canonical":"https:\/\/skin-heal.com\/es\/producto\/revolax-fine-1x1-1ml\/","og_locale":"es_MX","og_type":"article","og_title":"Revolax Fine (1\u00d71.1ml) - Skin Heal","og_description":"Revolax Fine is a quality dermal filler that offers immediate superficial and fine line removal. It can be applied to delicate areas of the skin and neck.","og_url":"https:\/\/skin-heal.com\/es\/producto\/revolax-fine-1x1-1ml\/","og_site_name":"Skin Heal","article_modified_time":"2026-04-02T11:37:48+00:00","og_image":[{"width":600,"height":600,"url":"https:\/\/cdn.skin-heal.com\/wp-content\/uploads\/2018\/11\/Revolax-Fine.jpg","type":"image\/jpeg"}],"twitter_card":"summary_large_image","twitter_misc":{"Tiempo de lectura":"1 minuto"},"schema":{"@context":"https:\/\/schema.org","@graph":[{"@type":"WebPage","@id":"https:\/\/skin-heal.com\/product\/revolax-fine-1x1-1ml\/","url":"https:\/\/skin-heal.com\/product\/revolax-fine-1x1-1ml\/","name":"Revolax Fino (1\u00d71,1ml) - Skin Heal","isPartOf":{"@id":"https:\/\/skin-heal.com\/#website"},"primaryImageOfPage":{"@id":"https:\/\/skin-heal.com\/product\/revolax-fine-1x1-1ml\/#primaryimage"},"image":{"@id":"https:\/\/skin-heal.com\/product\/revolax-fine-1x1-1ml\/#primaryimage"},"thumbnailUrl":"https:\/\/cdn.skin-heal.com\/wp-content\/uploads\/2018\/11\/Revolax-Fine.jpg","datePublished":"2018-11-14T10:25:52+00:00","dateModified":"2026-04-02T11:37:48+00:00","description":"Revolax Fine es un relleno d\u00e9rmico de calidad que ofrece una eliminaci\u00f3n inmediata de las l\u00edneas superficiales y finas. Puede aplicarse en zonas delicadas de la piel y el cuello.","breadcrumb":{"@id":"https:\/\/skin-heal.com\/product\/revolax-fine-1x1-1ml\/#breadcrumb"},"inLanguage":"es","potentialAction":[{"@type":"ReadAction","target":["https:\/\/skin-heal.com\/product\/revolax-fine-1x1-1ml\/"]}]},{"@type":"ImageObject","inLanguage":"es","@id":"https:\/\/skin-heal.com\/product\/revolax-fine-1x1-1ml\/#primaryimage","url":"https:\/\/cdn.skin-heal.com\/wp-content\/uploads\/2018\/11\/Revolax-Fine.jpg","contentUrl":"https:\/\/cdn.skin-heal.com\/wp-content\/uploads\/2018\/11\/Revolax-Fine.jpg","width":600,"height":600,"caption":"Revolax Fine"},{"@type":"BreadcrumbList","@id":"https:\/\/skin-heal.com\/product\/revolax-fine-1x1-1ml\/#breadcrumb","itemListElement":[{"@type":"ListItem","position":1,"name":"Home","item":"https:\/\/skin-heal.com\/"},{"@type":"ListItem","position":2,"name":"Store","item":"https:\/\/skin-heal.com\/store\/"},{"@type":"ListItem","position":3,"name":"Revolax Fine (1\u00d71.1ml)"}]},{"@type":"WebSite","@id":"https:\/\/skin-heal.com\/#website","url":"https:\/\/skin-heal.com\/","name":"Curaci\u00f3n de la piel","description":"Los precios m\u00e1s bajos para los rellenos d\u00e9rmicos","potentialAction":[{"@type":"SearchAction","target":{"@type":"EntryPoint","urlTemplate":"https:\/\/skin-heal.com\/?s={search_term_string}"},"query-input":{"@type":"PropertyValueSpecification","valueRequired":true,"valueName":"search_term_string"}}],"inLanguage":"es"}]}},"_links":{"self":[{"href":"https:\/\/skin-heal.com\/es\/wp-json\/wp\/v2\/product\/221","targetHints":{"allow":["GET"]}}],"collection":[{"href":"https:\/\/skin-heal.com\/es\/wp-json\/wp\/v2\/product"}],"about":[{"href":"https:\/\/skin-heal.com\/es\/wp-json\/wp\/v2\/types\/product"}],"wp:featuredmedia":[{"embeddable":true,"href":"https:\/\/skin-heal.com\/es\/wp-json\/wp\/v2\/media\/842"}],"wp:attachment":[{"href":"https:\/\/skin-heal.com\/es\/wp-json\/wp\/v2\/media?parent=221"}],"wp:term":[{"taxonomy":"product_brand","embeddable":true,"href":"https:\/\/skin-heal.com\/es\/wp-json\/wp\/v2\/product_brand?post=221"},{"taxonomy":"product_cat","embeddable":true,"href":"https:\/\/skin-heal.com\/es\/wp-json\/wp\/v2\/product_cat?post=221"},{"taxonomy":"product_tag","embeddable":true,"href":"https:\/\/skin-heal.com\/es\/wp-json\/wp\/v2\/product_tag?post=221"}],"curies":[{"name":"wp","href":"https:\/\/api.w.org\/{rel}","templated":true}]}}