{"id":222,"date":"2018-11-14T10:23:54","date_gmt":"2018-11-14T08:23:54","guid":{"rendered":"https:\/\/skin-heal.com\/?post_type=product&#038;p=222"},"modified":"2023-01-20T11:50:54","modified_gmt":"2023-01-20T09:50:54","slug":"revolax-deep-1x1-1ml","status":"publish","type":"product","link":"https:\/\/skin-heal.com\/es\/producto\/revolax-deep-1x1-1ml\/","title":{"rendered":"Revolax Deep (1\u00d71,1ml)"},"content":{"rendered":"<h3>Un producto de una nueva generaci\u00f3n<\/h3>\n<p>Revolax Deep es un relleno cut\u00e1neo de m\u00e1xima calidad que puede utilizarse tanto para esculpir el rostro como para eliminar las arrugas. Fue fabricado por Across, una marca l\u00edder en el campo de la producci\u00f3n de dispositivos m\u00e9dicos, productos de rejuvenecimiento cosm\u00e9tico y alimentos saludables, utilizando tecnolog\u00eda de vanguardia que garantiza un producto de inyecci\u00f3n cut\u00e1nea profunda de primera calidad. Por lo tanto, al igual que otras obras maestras de rejuvenecimiento de la piel Revolax, \u00e9ste cuenta con el siguiente conjunto de fant\u00e1sticos beneficios:<\/p>\n<ul>\n<li>Gran viscoelasticidad que proporciona resultados r\u00e1pidos y duraderos<\/li>\n<li>Bajo porcentaje de mitigaci\u00f3n del producto, lo que significa que el Revolax Deep HA inyectado permanecer\u00e1 en su sitio y se conservar\u00e1n los efectos conseguidos<\/li>\n<li>La estructura monof\u00e1sica de este producto, combinada con el pol\u00edmero de \u00c1cido Hialur\u00f3nico reticulado que utiliza, garantiza resultados duraderos (12-18 meses) una vez inyectado en profundidad en la piel<\/li>\n<li>Se trata de una inyecci\u00f3n de relleno sin base animal y totalmente compatible con el tejido humano, lo que hace que la proporci\u00f3n de efectos secundarios sea casi nula<\/li>\n<\/ul>\n<p>Sin embargo, lo que diferencia a Revolax Deep es que se dirige exclusivamente a los pliegues y arrugas profundos. Por ello, tiene una consistencia m\u00e1s espesa y debe inyectarse en la hipodermis del paciente (tejido subcut\u00e1neo) o en su dermis profunda. Este innovador relleno HA Revolax tambi\u00e9n cuenta con Lidoca\u00edna entre sus ingredientes gracias a la cual el proceso de inyecci\u00f3n es m\u00e1s indoloro para el paciente.<\/p>","protected":false},"excerpt":{"rendered":"<p>Revolax Deep es uno de los rellenos d\u00e9rmicos m\u00e1s duraderos del mercado. Contiene \u00c1cido Hialur\u00f3nico de alta pureza, tiene una estructura monof\u00e1sica consistente y es un producto de origen no animal. Esto lo hace incre\u00edblemente compatible con el tejido humano y los resultados no dejan de ser excelentes. Revolax Deep puede utilizarse para la eliminaci\u00f3n de arrugas profundas (especialmente alrededor de la zona nasolabial), as\u00ed como para el aumento no quir\u00fargico del ment\u00f3n, los labios y las mejillas.<\/p>","protected":false},"featured_media":841,"template":"","meta":[],"product_brand":[],"product_cat":[56,79,34],"product_tag":[],"class_list":{"0":"post-222","1":"product","2":"type-product","3":"status-publish","4":"has-post-thumbnail","6":"product_cat-across","7":"product_cat-dermal-fillers","8":"product_cat-revolax","9":"clearfix","11":"first","12":"instock","13":"taxable","14":"shipping-taxable","15":"purchasable","16":"product-type-simple"},"yoast_head":"<!-- This site is optimized with the Yoast SEO plugin v27.3 - https:\/\/yoast.com\/product\/yoast-seo-wordpress\/ -->\n<title>Revolax Deep (1\u00d71.1ml) Lip and Wrinkle HA Filler - Skin Heal<\/title>\n<meta name=\"description\" content=\"Revolax Deep is a quality HA dermal filler that contains Lidocaine and offers durable results for the treatment of deep wrinkle removal and face sculpting.\" \/>\n<meta name=\"robots\" content=\"index, follow, max-snippet:-1, max-image-preview:large, max-video-preview:-1\" \/>\n<link rel=\"canonical\" href=\"https:\/\/skin-heal.com\/es\/producto\/revolax-deep-1x1-1ml\/\" \/>\n<meta property=\"og:locale\" content=\"es_MX\" \/>\n<meta property=\"og:type\" content=\"article\" \/>\n<meta property=\"og:title\" content=\"Revolax Deep (1\u00d71.1ml) Lip and Wrinkle HA Filler - Skin Heal\" \/>\n<meta property=\"og:description\" content=\"Revolax Deep is a quality HA dermal filler that contains Lidocaine and offers durable results for the treatment of deep wrinkle removal and face sculpting.\" \/>\n<meta property=\"og:url\" content=\"https:\/\/skin-heal.com\/es\/producto\/revolax-deep-1x1-1ml\/\" \/>\n<meta property=\"og:site_name\" content=\"Skin Heal\" \/>\n<meta property=\"article:modified_time\" content=\"2023-01-20T09:50:54+00:00\" \/>\n<meta property=\"og:image\" content=\"https:\/\/cdn.skin-heal.com\/wp-content\/uploads\/2018\/11\/Revolax-Deep.jpg\" \/>\n\t<meta property=\"og:image:width\" content=\"600\" \/>\n\t<meta property=\"og:image:height\" content=\"600\" \/>\n\t<meta property=\"og:image:type\" content=\"image\/jpeg\" \/>\n<meta name=\"twitter:card\" content=\"summary_large_image\" \/>\n<meta name=\"twitter:label1\" content=\"Tiempo de lectura\" \/>\n\t<meta name=\"twitter:data1\" content=\"1 minuto\" \/>\n<script type=\"application\/ld+json\" class=\"yoast-schema-graph\">{\"@context\":\"https:\\\/\\\/schema.org\",\"@graph\":[{\"@type\":\"WebPage\",\"@id\":\"https:\\\/\\\/skin-heal.com\\\/product\\\/revolax-deep-1x1-1ml\\\/\",\"url\":\"https:\\\/\\\/skin-heal.com\\\/product\\\/revolax-deep-1x1-1ml\\\/\",\"name\":\"Revolax Deep (1\u00d71.1ml) Lip and Wrinkle HA Filler - Skin Heal\",\"isPartOf\":{\"@id\":\"https:\\\/\\\/skin-heal.com\\\/#website\"},\"primaryImageOfPage\":{\"@id\":\"https:\\\/\\\/skin-heal.com\\\/product\\\/revolax-deep-1x1-1ml\\\/#primaryimage\"},\"image\":{\"@id\":\"https:\\\/\\\/skin-heal.com\\\/product\\\/revolax-deep-1x1-1ml\\\/#primaryimage\"},\"thumbnailUrl\":\"https:\\\/\\\/skin-heal.com\\\/wp-content\\\/uploads\\\/2018\\\/11\\\/Revolax-Deep.jpg\",\"datePublished\":\"2018-11-14T08:23:54+00:00\",\"dateModified\":\"2023-01-20T09:50:54+00:00\",\"description\":\"Revolax Deep is a quality HA dermal filler that contains Lidocaine and offers durable results for the treatment of deep wrinkle removal and face sculpting.\",\"breadcrumb\":{\"@id\":\"https:\\\/\\\/skin-heal.com\\\/product\\\/revolax-deep-1x1-1ml\\\/#breadcrumb\"},\"inLanguage\":\"es\",\"potentialAction\":[{\"@type\":\"ReadAction\",\"target\":[\"https:\\\/\\\/skin-heal.com\\\/product\\\/revolax-deep-1x1-1ml\\\/\"]}]},{\"@type\":\"ImageObject\",\"inLanguage\":\"es\",\"@id\":\"https:\\\/\\\/skin-heal.com\\\/product\\\/revolax-deep-1x1-1ml\\\/#primaryimage\",\"url\":\"https:\\\/\\\/skin-heal.com\\\/wp-content\\\/uploads\\\/2018\\\/11\\\/Revolax-Deep.jpg\",\"contentUrl\":\"https:\\\/\\\/skin-heal.com\\\/wp-content\\\/uploads\\\/2018\\\/11\\\/Revolax-Deep.jpg\",\"width\":600,\"height\":600,\"caption\":\"Revolax Deep\"},{\"@type\":\"BreadcrumbList\",\"@id\":\"https:\\\/\\\/skin-heal.com\\\/product\\\/revolax-deep-1x1-1ml\\\/#breadcrumb\",\"itemListElement\":[{\"@type\":\"ListItem\",\"position\":1,\"name\":\"Home\",\"item\":\"https:\\\/\\\/skin-heal.com\\\/\"},{\"@type\":\"ListItem\",\"position\":2,\"name\":\"Store\",\"item\":\"https:\\\/\\\/skin-heal.com\\\/store\\\/\"},{\"@type\":\"ListItem\",\"position\":3,\"name\":\"Revolax Deep (1\u00d71.1ml)\"}]},{\"@type\":\"WebSite\",\"@id\":\"https:\\\/\\\/skin-heal.com\\\/#website\",\"url\":\"https:\\\/\\\/skin-heal.com\\\/\",\"name\":\"Skin Heal\",\"description\":\"Lowest Prices for Dermal Fillers\",\"potentialAction\":[{\"@type\":\"SearchAction\",\"target\":{\"@type\":\"EntryPoint\",\"urlTemplate\":\"https:\\\/\\\/skin-heal.com\\\/?s={search_term_string}\"},\"query-input\":{\"@type\":\"PropertyValueSpecification\",\"valueRequired\":true,\"valueName\":\"search_term_string\"}}],\"inLanguage\":\"es\"}]}<\/script>\n<!-- \/ Yoast SEO plugin. -->","yoast_head_json":{"title":"Revolax Deep (1\u00d71.1ml) Relleno HA Labios y Arrugas - Skin Heal","description":"Revolax Deep es un relleno d\u00e9rmico de HA de calidad que contiene Lidoca\u00edna y ofrece resultados duraderos para el tratamiento de eliminaci\u00f3n de arrugas profundas y esculpido facial.","robots":{"index":"index","follow":"follow","max-snippet":"max-snippet:-1","max-image-preview":"max-image-preview:large","max-video-preview":"max-video-preview:-1"},"canonical":"https:\/\/skin-heal.com\/es\/producto\/revolax-deep-1x1-1ml\/","og_locale":"es_MX","og_type":"article","og_title":"Revolax Deep (1\u00d71.1ml) Lip and Wrinkle HA Filler - Skin Heal","og_description":"Revolax Deep is a quality HA dermal filler that contains Lidocaine and offers durable results for the treatment of deep wrinkle removal and face sculpting.","og_url":"https:\/\/skin-heal.com\/es\/producto\/revolax-deep-1x1-1ml\/","og_site_name":"Skin Heal","article_modified_time":"2023-01-20T09:50:54+00:00","og_image":[{"width":600,"height":600,"url":"https:\/\/cdn.skin-heal.com\/wp-content\/uploads\/2018\/11\/Revolax-Deep.jpg","type":"image\/jpeg"}],"twitter_card":"summary_large_image","twitter_misc":{"Tiempo de lectura":"1 minuto"},"schema":{"@context":"https:\/\/schema.org","@graph":[{"@type":"WebPage","@id":"https:\/\/skin-heal.com\/product\/revolax-deep-1x1-1ml\/","url":"https:\/\/skin-heal.com\/product\/revolax-deep-1x1-1ml\/","name":"Revolax Deep (1\u00d71.1ml) Relleno HA Labios y Arrugas - Skin Heal","isPartOf":{"@id":"https:\/\/skin-heal.com\/#website"},"primaryImageOfPage":{"@id":"https:\/\/skin-heal.com\/product\/revolax-deep-1x1-1ml\/#primaryimage"},"image":{"@id":"https:\/\/skin-heal.com\/product\/revolax-deep-1x1-1ml\/#primaryimage"},"thumbnailUrl":"https:\/\/cdn.skin-heal.com\/wp-content\/uploads\/2018\/11\/Revolax-Deep.jpg","datePublished":"2018-11-14T08:23:54+00:00","dateModified":"2023-01-20T09:50:54+00:00","description":"Revolax Deep es un relleno d\u00e9rmico de HA de calidad que contiene Lidoca\u00edna y ofrece resultados duraderos para el tratamiento de eliminaci\u00f3n de arrugas profundas y esculpido facial.","breadcrumb":{"@id":"https:\/\/skin-heal.com\/product\/revolax-deep-1x1-1ml\/#breadcrumb"},"inLanguage":"es","potentialAction":[{"@type":"ReadAction","target":["https:\/\/skin-heal.com\/product\/revolax-deep-1x1-1ml\/"]}]},{"@type":"ImageObject","inLanguage":"es","@id":"https:\/\/skin-heal.com\/product\/revolax-deep-1x1-1ml\/#primaryimage","url":"https:\/\/cdn.skin-heal.com\/wp-content\/uploads\/2018\/11\/Revolax-Deep.jpg","contentUrl":"https:\/\/cdn.skin-heal.com\/wp-content\/uploads\/2018\/11\/Revolax-Deep.jpg","width":600,"height":600,"caption":"Revolax Deep"},{"@type":"BreadcrumbList","@id":"https:\/\/skin-heal.com\/product\/revolax-deep-1x1-1ml\/#breadcrumb","itemListElement":[{"@type":"ListItem","position":1,"name":"Home","item":"https:\/\/skin-heal.com\/"},{"@type":"ListItem","position":2,"name":"Store","item":"https:\/\/skin-heal.com\/store\/"},{"@type":"ListItem","position":3,"name":"Revolax Deep (1\u00d71.1ml)"}]},{"@type":"WebSite","@id":"https:\/\/skin-heal.com\/#website","url":"https:\/\/skin-heal.com\/","name":"Curaci\u00f3n de la piel","description":"Los precios m\u00e1s bajos para los rellenos d\u00e9rmicos","potentialAction":[{"@type":"SearchAction","target":{"@type":"EntryPoint","urlTemplate":"https:\/\/skin-heal.com\/?s={search_term_string}"},"query-input":{"@type":"PropertyValueSpecification","valueRequired":true,"valueName":"search_term_string"}}],"inLanguage":"es"}]}},"_links":{"self":[{"href":"https:\/\/skin-heal.com\/es\/wp-json\/wp\/v2\/product\/222","targetHints":{"allow":["GET"]}}],"collection":[{"href":"https:\/\/skin-heal.com\/es\/wp-json\/wp\/v2\/product"}],"about":[{"href":"https:\/\/skin-heal.com\/es\/wp-json\/wp\/v2\/types\/product"}],"wp:featuredmedia":[{"embeddable":true,"href":"https:\/\/skin-heal.com\/es\/wp-json\/wp\/v2\/media\/841"}],"wp:attachment":[{"href":"https:\/\/skin-heal.com\/es\/wp-json\/wp\/v2\/media?parent=222"}],"wp:term":[{"taxonomy":"product_brand","embeddable":true,"href":"https:\/\/skin-heal.com\/es\/wp-json\/wp\/v2\/product_brand?post=222"},{"taxonomy":"product_cat","embeddable":true,"href":"https:\/\/skin-heal.com\/es\/wp-json\/wp\/v2\/product_cat?post=222"},{"taxonomy":"product_tag","embeddable":true,"href":"https:\/\/skin-heal.com\/es\/wp-json\/wp\/v2\/product_tag?post=222"}],"curies":[{"name":"wp","href":"https:\/\/api.w.org\/{rel}","templated":true}]}}