{"id":223,"date":"2018-11-14T11:16:12","date_gmt":"2018-11-14T09:16:12","guid":{"rendered":"https:\/\/skin-heal.com\/?post_type=product&#038;p=223"},"modified":"2023-04-12T18:21:58","modified_gmt":"2023-04-12T15:21:58","slug":"dermalax-plus-1x1-1ml","status":"publish","type":"product","link":"https:\/\/skin-heal.com\/es\/producto\/dermalax-plus-1x1-1ml\/","title":{"rendered":"Dermalax Plus (1\u00d71,1ml)"},"content":{"rendered":"<p>Dermalax Plus es uno de los rellenos de HA m\u00e1s antiguos que se lanzaron al mercado mundial y, sin embargo, su popularidad no s\u00f3lo parece no haber disminuido, sino que sigue aumentando. Esto es simplemente porque este producto ofrece mejores resultados en al menos tres \u00e1reas distintas. Para empezar, tiene una amplia aplicaci\u00f3n y puede utilizarse tanto en tratamientos sencillos de eliminaci\u00f3n de l\u00edneas como en procedimientos quir\u00fargicos m\u00e1s complejos. Esto se debe a que es compatible con el organismo humano y no contiene ning\u00fan ingrediente agresivo. Por lo tanto, los efectos secundarios indeseables no son algo de lo que deba preocuparse cuando utilice este producto.<\/p>\n<h3>Longevidad media del efecto<\/h3>\n<p>La estructura de Dermalax Plus es regular y densa. Por lo tanto, la inyecci\u00f3n es suave y estable y los resultados son duraderos y de aspecto natural. Por t\u00e9rmino medio, los efectos tras una sesi\u00f3n de tratamiento con este innovador relleno de tejidos blandos duran 12 meses o incluso m\u00e1s. La migraci\u00f3n del AH est\u00e1 descartada y, una vez m\u00e1s, hay que agradec\u00e9rselo a la estructura monof\u00e1sica.<\/p>\n<h3>No hay dolor, s\u00f3lo ganancia<\/h3>\n<p>Este tipo espec\u00edfico de relleno d\u00e9rmico se inyecta en la capa superficial de la piel. Sin embargo, al igual que otros productos Dermalax, \u00e9ste tambi\u00e9n contiene lidoca\u00edna porque el precio de la belleza y la juventud no tiene que pagarse con dolor o molestias.<\/p>","protected":false},"excerpt":{"rendered":"<p>Las arrugas superficiales no tienen ninguna oportunidad contra un relleno d\u00e9rmico de primera categor\u00eda como Dermalax Plus. Aunque este producto lleva muchos a\u00f1os en el mercado, sigue reinando por encima de la competencia gracias a sus efectos duraderos, su seguridad biol\u00f3gica y su estructura regular de manchas. A diferencia de la mayor\u00eda de los productos de rejuvenecimiento de la piel de esta clase, \u00e9ste no s\u00f3lo mantiene a raya las arrugas superficiales, sino que tambi\u00e9n mantiene la piel sana.<\/p>","protected":false},"featured_media":483,"template":"","meta":[],"product_brand":[],"product_cat":[79,35,57,144],"product_tag":[148],"class_list":{"0":"post-223","1":"product","2":"type-product","3":"status-publish","4":"has-post-thumbnail","6":"product_cat-dermal-fillers","7":"product_cat-dermalax","8":"product_cat-hugel-pharma","9":"product_cat-holiday-mega-sale","10":"product_tag-20off","11":"clearfix","13":"first","14":"outofstock","15":"sale","16":"taxable","17":"shipping-taxable","18":"purchasable","19":"product-type-simple"},"yoast_head":"<!-- This site is optimized with the Yoast SEO plugin v27.3 - https:\/\/yoast.com\/product\/yoast-seo-wordpress\/ -->\n<title>Dermalax Plus (1\u00d71.1ml) - Skin Heal<\/title>\n<meta name=\"description\" content=\"Dermalax Plus immediately eliminates shallow wrinkles. This superb dermal filler is highly durable, safe and it continues to be a market leader even today.\" \/>\n<meta name=\"robots\" content=\"index, follow, max-snippet:-1, max-image-preview:large, max-video-preview:-1\" \/>\n<link rel=\"canonical\" href=\"https:\/\/skin-heal.com\/es\/producto\/dermalax-plus-1x1-1ml\/\" \/>\n<meta property=\"og:locale\" content=\"es_MX\" \/>\n<meta property=\"og:type\" content=\"article\" \/>\n<meta property=\"og:title\" content=\"Dermalax Plus (1\u00d71.1ml) - Skin Heal\" \/>\n<meta property=\"og:description\" content=\"Dermalax Plus immediately eliminates shallow wrinkles. This superb dermal filler is highly durable, safe and it continues to be a market leader even today.\" \/>\n<meta property=\"og:url\" content=\"https:\/\/skin-heal.com\/es\/producto\/dermalax-plus-1x1-1ml\/\" \/>\n<meta property=\"og:site_name\" content=\"Skin Heal\" \/>\n<meta property=\"article:modified_time\" content=\"2023-04-12T15:21:58+00:00\" \/>\n<meta property=\"og:image\" content=\"https:\/\/cdn.skin-heal.com\/wp-content\/uploads\/2018\/11\/Dermalax-Plus.jpg\" \/>\n\t<meta property=\"og:image:width\" content=\"500\" \/>\n\t<meta property=\"og:image:height\" content=\"500\" \/>\n\t<meta property=\"og:image:type\" content=\"image\/jpeg\" \/>\n<meta name=\"twitter:card\" content=\"summary_large_image\" \/>\n<meta name=\"twitter:label1\" content=\"Tiempo de lectura\" \/>\n\t<meta name=\"twitter:data1\" content=\"1 minuto\" \/>\n<script type=\"application\/ld+json\" class=\"yoast-schema-graph\">{\"@context\":\"https:\\\/\\\/schema.org\",\"@graph\":[{\"@type\":\"WebPage\",\"@id\":\"https:\\\/\\\/skin-heal.com\\\/product\\\/dermalax-plus-1x1-1ml\\\/\",\"url\":\"https:\\\/\\\/skin-heal.com\\\/product\\\/dermalax-plus-1x1-1ml\\\/\",\"name\":\"Dermalax Plus (1\u00d71.1ml) - Skin Heal\",\"isPartOf\":{\"@id\":\"https:\\\/\\\/skin-heal.com\\\/#website\"},\"primaryImageOfPage\":{\"@id\":\"https:\\\/\\\/skin-heal.com\\\/product\\\/dermalax-plus-1x1-1ml\\\/#primaryimage\"},\"image\":{\"@id\":\"https:\\\/\\\/skin-heal.com\\\/product\\\/dermalax-plus-1x1-1ml\\\/#primaryimage\"},\"thumbnailUrl\":\"https:\\\/\\\/skin-heal.com\\\/wp-content\\\/uploads\\\/2018\\\/11\\\/Dermalax-Plus.jpg\",\"datePublished\":\"2018-11-14T09:16:12+00:00\",\"dateModified\":\"2023-04-12T15:21:58+00:00\",\"description\":\"Dermalax Plus immediately eliminates shallow wrinkles. This superb dermal filler is highly durable, safe and it continues to be a market leader even today.\",\"breadcrumb\":{\"@id\":\"https:\\\/\\\/skin-heal.com\\\/product\\\/dermalax-plus-1x1-1ml\\\/#breadcrumb\"},\"inLanguage\":\"es\",\"potentialAction\":[{\"@type\":\"ReadAction\",\"target\":[\"https:\\\/\\\/skin-heal.com\\\/product\\\/dermalax-plus-1x1-1ml\\\/\"]}]},{\"@type\":\"ImageObject\",\"inLanguage\":\"es\",\"@id\":\"https:\\\/\\\/skin-heal.com\\\/product\\\/dermalax-plus-1x1-1ml\\\/#primaryimage\",\"url\":\"https:\\\/\\\/skin-heal.com\\\/wp-content\\\/uploads\\\/2018\\\/11\\\/Dermalax-Plus.jpg\",\"contentUrl\":\"https:\\\/\\\/skin-heal.com\\\/wp-content\\\/uploads\\\/2018\\\/11\\\/Dermalax-Plus.jpg\",\"width\":500,\"height\":500,\"caption\":\"Dermalax Plus\"},{\"@type\":\"BreadcrumbList\",\"@id\":\"https:\\\/\\\/skin-heal.com\\\/product\\\/dermalax-plus-1x1-1ml\\\/#breadcrumb\",\"itemListElement\":[{\"@type\":\"ListItem\",\"position\":1,\"name\":\"Home\",\"item\":\"https:\\\/\\\/skin-heal.com\\\/\"},{\"@type\":\"ListItem\",\"position\":2,\"name\":\"Store\",\"item\":\"https:\\\/\\\/skin-heal.com\\\/store\\\/\"},{\"@type\":\"ListItem\",\"position\":3,\"name\":\"Dermalax Plus (1\u00d71.1ml)\"}]},{\"@type\":\"WebSite\",\"@id\":\"https:\\\/\\\/skin-heal.com\\\/#website\",\"url\":\"https:\\\/\\\/skin-heal.com\\\/\",\"name\":\"Skin Heal\",\"description\":\"Lowest Prices for Dermal Fillers\",\"potentialAction\":[{\"@type\":\"SearchAction\",\"target\":{\"@type\":\"EntryPoint\",\"urlTemplate\":\"https:\\\/\\\/skin-heal.com\\\/?s={search_term_string}\"},\"query-input\":{\"@type\":\"PropertyValueSpecification\",\"valueRequired\":true,\"valueName\":\"search_term_string\"}}],\"inLanguage\":\"es\"}]}<\/script>\n<!-- \/ Yoast SEO plugin. -->","yoast_head_json":{"title":"Dermalax Plus (1\u00d71,1ml) - Skin Heal","description":"Dermalax Plus elimina inmediatamente las arrugas superficiales. Este magn\u00edfico relleno d\u00e9rmico es muy duradero, seguro y sigue siendo l\u00edder del mercado incluso hoy en d\u00eda.","robots":{"index":"index","follow":"follow","max-snippet":"max-snippet:-1","max-image-preview":"max-image-preview:large","max-video-preview":"max-video-preview:-1"},"canonical":"https:\/\/skin-heal.com\/es\/producto\/dermalax-plus-1x1-1ml\/","og_locale":"es_MX","og_type":"article","og_title":"Dermalax Plus (1\u00d71.1ml) - Skin Heal","og_description":"Dermalax Plus immediately eliminates shallow wrinkles. This superb dermal filler is highly durable, safe and it continues to be a market leader even today.","og_url":"https:\/\/skin-heal.com\/es\/producto\/dermalax-plus-1x1-1ml\/","og_site_name":"Skin Heal","article_modified_time":"2023-04-12T15:21:58+00:00","og_image":[{"width":500,"height":500,"url":"https:\/\/cdn.skin-heal.com\/wp-content\/uploads\/2018\/11\/Dermalax-Plus.jpg","type":"image\/jpeg"}],"twitter_card":"summary_large_image","twitter_misc":{"Tiempo de lectura":"1 minuto"},"schema":{"@context":"https:\/\/schema.org","@graph":[{"@type":"WebPage","@id":"https:\/\/skin-heal.com\/product\/dermalax-plus-1x1-1ml\/","url":"https:\/\/skin-heal.com\/product\/dermalax-plus-1x1-1ml\/","name":"Dermalax Plus (1\u00d71,1ml) - Skin Heal","isPartOf":{"@id":"https:\/\/skin-heal.com\/#website"},"primaryImageOfPage":{"@id":"https:\/\/skin-heal.com\/product\/dermalax-plus-1x1-1ml\/#primaryimage"},"image":{"@id":"https:\/\/skin-heal.com\/product\/dermalax-plus-1x1-1ml\/#primaryimage"},"thumbnailUrl":"https:\/\/cdn.skin-heal.com\/wp-content\/uploads\/2018\/11\/Dermalax-Plus.jpg","datePublished":"2018-11-14T09:16:12+00:00","dateModified":"2023-04-12T15:21:58+00:00","description":"Dermalax Plus elimina inmediatamente las arrugas superficiales. Este magn\u00edfico relleno d\u00e9rmico es muy duradero, seguro y sigue siendo l\u00edder del mercado incluso hoy en d\u00eda.","breadcrumb":{"@id":"https:\/\/skin-heal.com\/product\/dermalax-plus-1x1-1ml\/#breadcrumb"},"inLanguage":"es","potentialAction":[{"@type":"ReadAction","target":["https:\/\/skin-heal.com\/product\/dermalax-plus-1x1-1ml\/"]}]},{"@type":"ImageObject","inLanguage":"es","@id":"https:\/\/skin-heal.com\/product\/dermalax-plus-1x1-1ml\/#primaryimage","url":"https:\/\/cdn.skin-heal.com\/wp-content\/uploads\/2018\/11\/Dermalax-Plus.jpg","contentUrl":"https:\/\/cdn.skin-heal.com\/wp-content\/uploads\/2018\/11\/Dermalax-Plus.jpg","width":500,"height":500,"caption":"Dermalax Plus"},{"@type":"BreadcrumbList","@id":"https:\/\/skin-heal.com\/product\/dermalax-plus-1x1-1ml\/#breadcrumb","itemListElement":[{"@type":"ListItem","position":1,"name":"Home","item":"https:\/\/skin-heal.com\/"},{"@type":"ListItem","position":2,"name":"Store","item":"https:\/\/skin-heal.com\/store\/"},{"@type":"ListItem","position":3,"name":"Dermalax Plus (1\u00d71.1ml)"}]},{"@type":"WebSite","@id":"https:\/\/skin-heal.com\/#website","url":"https:\/\/skin-heal.com\/","name":"Curaci\u00f3n de la piel","description":"Los precios m\u00e1s bajos para los rellenos d\u00e9rmicos","potentialAction":[{"@type":"SearchAction","target":{"@type":"EntryPoint","urlTemplate":"https:\/\/skin-heal.com\/?s={search_term_string}"},"query-input":{"@type":"PropertyValueSpecification","valueRequired":true,"valueName":"search_term_string"}}],"inLanguage":"es"}]}},"_links":{"self":[{"href":"https:\/\/skin-heal.com\/es\/wp-json\/wp\/v2\/product\/223","targetHints":{"allow":["GET"]}}],"collection":[{"href":"https:\/\/skin-heal.com\/es\/wp-json\/wp\/v2\/product"}],"about":[{"href":"https:\/\/skin-heal.com\/es\/wp-json\/wp\/v2\/types\/product"}],"wp:featuredmedia":[{"embeddable":true,"href":"https:\/\/skin-heal.com\/es\/wp-json\/wp\/v2\/media\/483"}],"wp:attachment":[{"href":"https:\/\/skin-heal.com\/es\/wp-json\/wp\/v2\/media?parent=223"}],"wp:term":[{"taxonomy":"product_brand","embeddable":true,"href":"https:\/\/skin-heal.com\/es\/wp-json\/wp\/v2\/product_brand?post=223"},{"taxonomy":"product_cat","embeddable":true,"href":"https:\/\/skin-heal.com\/es\/wp-json\/wp\/v2\/product_cat?post=223"},{"taxonomy":"product_tag","embeddable":true,"href":"https:\/\/skin-heal.com\/es\/wp-json\/wp\/v2\/product_tag?post=223"}],"curies":[{"name":"wp","href":"https:\/\/api.w.org\/{rel}","templated":true}]}}