{"id":224,"date":"2018-11-14T11:16:58","date_gmt":"2018-11-14T11:16:58","guid":{"rendered":"https:\/\/skin-heal.com\/?post_type=product&#038;p=224"},"modified":"2022-12-16T18:27:02","modified_gmt":"2022-12-16T16:27:02","slug":"dermalax-implant-plus-2x1-1ml","status":"publish","type":"product","link":"https:\/\/skin-heal.com\/es\/producto\/dermalax-implant-plus-2x1-1ml\/","title":{"rendered":"Dermalax Implant Plus (2\u00d71,1ml)"},"content":{"rendered":"<h3>Una r\u00e1pida descripci\u00f3n del producto<\/h3>\n<ul>\n<li>Ingredientes: \u00c1cido Hialur\u00f3nico Estabilizado (24mg\/mL), Lidoca\u00edna (0.3%)<\/li>\n<li>Zona de inyecci\u00f3n: Hipod\u00e9rmica, en la dermis profunda<\/li>\n<li>Indicaciones comunes: Eliminaci\u00f3n de pliegues y arrugas profundas; remodelaci\u00f3n del contorno facial (labios, mejillas, etc.)<\/li>\n<li>Duraci\u00f3n de los efectos: Un m\u00ednimo de 12 meses<\/li>\n<li>Cada caja contiene: 2 jeringas de 1,1 mL, 2 agujas desechables de 27G<\/li>\n<\/ul>\n<p>Todos los rellenos de HA que est\u00e1n dise\u00f1ados para tratar pliegues y arrugas m\u00e1s profundos requieren que el producto se inyecte m\u00e1s profundamente en la piel del paciente. Por ello, este procedimiento suele conllevar un cierto nivel de incomodidad y dolor. Sin embargo, con Dermalax Implant Plus no es as\u00ed. Este relleno cut\u00e1neo de alta calidad lleva una infusi\u00f3n de lidoca\u00edna que minimiza o incluso elimina por completo cualquier sensaci\u00f3n desagradable o dolor que pueda surgir durante el proceso de inyecci\u00f3n. Las finas y afiladas agujas de un solo uso que se incluyen en el envase del producto tambi\u00e9n contribuyen a que el tratamiento de rejuvenecimiento de la piel sea indoloro.<\/p>\n<p>Dermalax Implant Plus contiene \u00c1cido Hialur\u00f3nico reticulado que es bastante similar al producido naturalmente por el organismo humano. Este econ\u00f3mico relleno de AH no ha sido probado en animales, lo que lo convierte en un producto muy seguro. Los efectos secundarios son poco frecuentes.<\/p>","protected":false},"excerpt":{"rendered":"<p>Dermalax Implant Plus es el arsenal pesado de la l\u00ednea de rellenos cut\u00e1neos de Dermalax. Se dirige a las arrugas y pliegues severos. Al mismo tiempo, sin embargo, es un fant\u00e1stico producto para esculpir la cara con el que los cirujanos cosm\u00e9ticos y los expertos en est\u00e9tica pueden remodelar los contornos faciales clave (como los labios y las mejillas). Un tratamiento de rejuvenecimiento est\u00e9tico realizado con este producto no conlleva ninguna molestia ni efectos secundarios perjudiciales para los pacientes.<\/p>","protected":false},"featured_media":482,"template":"","meta":[],"product_brand":[],"product_cat":[79,35,57,144],"product_tag":[146],"class_list":{"0":"post-224","1":"product","2":"type-product","3":"status-publish","4":"has-post-thumbnail","6":"product_cat-dermal-fillers","7":"product_cat-dermalax","8":"product_cat-hugel-pharma","9":"product_cat-holiday-mega-sale","10":"product_tag-10off","11":"clearfix","13":"first","14":"instock","15":"sale","16":"taxable","17":"shipping-taxable","18":"purchasable","19":"product-type-simple"},"yoast_head":"<!-- This site is optimized with the Yoast SEO plugin v27.4 - https:\/\/yoast.com\/product\/yoast-seo-wordpress\/ -->\n<title>Dermalax Implant Plus (2\u00d71.1ml) - Skin Heal<\/title>\n<meta name=\"description\" content=\"Dermalax Implant Plus provides patients with a fast deep wrinkle and fold removal solution. Even extensive face counting is painless with this skin filler.\" \/>\n<meta name=\"robots\" content=\"index, follow, max-snippet:-1, max-image-preview:large, max-video-preview:-1\" \/>\n<link rel=\"canonical\" href=\"https:\/\/skin-heal.com\/es\/producto\/dermalax-implant-plus-2x1-1ml\/\" \/>\n<meta property=\"og:locale\" content=\"es_MX\" \/>\n<meta property=\"og:type\" content=\"article\" \/>\n<meta property=\"og:title\" content=\"Dermalax Implant Plus (2\u00d71.1ml) - Skin Heal\" \/>\n<meta property=\"og:description\" content=\"Dermalax Implant Plus provides patients with a fast deep wrinkle and fold removal solution. Even extensive face counting is painless with this skin filler.\" \/>\n<meta property=\"og:url\" content=\"https:\/\/skin-heal.com\/es\/producto\/dermalax-implant-plus-2x1-1ml\/\" \/>\n<meta property=\"og:site_name\" content=\"Skin Heal\" \/>\n<meta property=\"article:modified_time\" content=\"2022-12-16T16:27:02+00:00\" \/>\n<meta property=\"og:image\" content=\"https:\/\/cdn.skin-heal.com\/wp-content\/uploads\/2018\/11\/Dermalax-Implant-Plus.jpg\" \/>\n\t<meta property=\"og:image:width\" content=\"500\" \/>\n\t<meta property=\"og:image:height\" content=\"500\" \/>\n\t<meta property=\"og:image:type\" content=\"image\/jpeg\" \/>\n<meta name=\"twitter:card\" content=\"summary_large_image\" \/>\n<meta name=\"twitter:label1\" content=\"Tiempo de lectura\" \/>\n\t<meta name=\"twitter:data1\" content=\"1 minuto\" \/>\n<script type=\"application\/ld+json\" class=\"yoast-schema-graph\">{\"@context\":\"https:\\\/\\\/schema.org\",\"@graph\":[{\"@type\":\"WebPage\",\"@id\":\"https:\\\/\\\/skin-heal.com\\\/product\\\/dermalax-implant-plus-2x1-1ml\\\/\",\"url\":\"https:\\\/\\\/skin-heal.com\\\/product\\\/dermalax-implant-plus-2x1-1ml\\\/\",\"name\":\"Dermalax Implant Plus (2\u00d71.1ml) - Skin Heal\",\"isPartOf\":{\"@id\":\"https:\\\/\\\/skin-heal.com\\\/#website\"},\"primaryImageOfPage\":{\"@id\":\"https:\\\/\\\/skin-heal.com\\\/product\\\/dermalax-implant-plus-2x1-1ml\\\/#primaryimage\"},\"image\":{\"@id\":\"https:\\\/\\\/skin-heal.com\\\/product\\\/dermalax-implant-plus-2x1-1ml\\\/#primaryimage\"},\"thumbnailUrl\":\"https:\\\/\\\/skin-heal.com\\\/wp-content\\\/uploads\\\/2018\\\/11\\\/Dermalax-Implant-Plus.jpg\",\"datePublished\":\"2018-11-14T11:16:58+00:00\",\"dateModified\":\"2022-12-16T16:27:02+00:00\",\"description\":\"Dermalax Implant Plus provides patients with a fast deep wrinkle and fold removal solution. Even extensive face counting is painless with this skin filler.\",\"breadcrumb\":{\"@id\":\"https:\\\/\\\/skin-heal.com\\\/product\\\/dermalax-implant-plus-2x1-1ml\\\/#breadcrumb\"},\"inLanguage\":\"es\",\"potentialAction\":[{\"@type\":\"ReadAction\",\"target\":[\"https:\\\/\\\/skin-heal.com\\\/product\\\/dermalax-implant-plus-2x1-1ml\\\/\"]}]},{\"@type\":\"ImageObject\",\"inLanguage\":\"es\",\"@id\":\"https:\\\/\\\/skin-heal.com\\\/product\\\/dermalax-implant-plus-2x1-1ml\\\/#primaryimage\",\"url\":\"https:\\\/\\\/skin-heal.com\\\/wp-content\\\/uploads\\\/2018\\\/11\\\/Dermalax-Implant-Plus.jpg\",\"contentUrl\":\"https:\\\/\\\/skin-heal.com\\\/wp-content\\\/uploads\\\/2018\\\/11\\\/Dermalax-Implant-Plus.jpg\",\"width\":500,\"height\":500,\"caption\":\"Dermalax Implant Plus\"},{\"@type\":\"BreadcrumbList\",\"@id\":\"https:\\\/\\\/skin-heal.com\\\/product\\\/dermalax-implant-plus-2x1-1ml\\\/#breadcrumb\",\"itemListElement\":[{\"@type\":\"ListItem\",\"position\":1,\"name\":\"Home\",\"item\":\"https:\\\/\\\/skin-heal.com\\\/\"},{\"@type\":\"ListItem\",\"position\":2,\"name\":\"Store\",\"item\":\"https:\\\/\\\/skin-heal.com\\\/store\\\/\"},{\"@type\":\"ListItem\",\"position\":3,\"name\":\"Dermalax Implant Plus (2\u00d71.1ml)\"}]},{\"@type\":\"WebSite\",\"@id\":\"https:\\\/\\\/skin-heal.com\\\/#website\",\"url\":\"https:\\\/\\\/skin-heal.com\\\/\",\"name\":\"Skin Heal\",\"description\":\"Lowest Prices for Dermal Fillers\",\"potentialAction\":[{\"@type\":\"SearchAction\",\"target\":{\"@type\":\"EntryPoint\",\"urlTemplate\":\"https:\\\/\\\/skin-heal.com\\\/?s={search_term_string}\"},\"query-input\":{\"@type\":\"PropertyValueSpecification\",\"valueRequired\":true,\"valueName\":\"search_term_string\"}}],\"inLanguage\":\"es\"}]}<\/script>\n<!-- \/ Yoast SEO plugin. -->","yoast_head_json":{"title":"Dermalax Implante Plus (2\u00d71,1ml) - Skin Heal","description":"Dermalax Implant Plus proporciona a los pacientes una soluci\u00f3n r\u00e1pida para la eliminaci\u00f3n de arrugas y pliegues profundos. Incluso el recuento facial extenso es indoloro con este relleno cut\u00e1neo.","robots":{"index":"index","follow":"follow","max-snippet":"max-snippet:-1","max-image-preview":"max-image-preview:large","max-video-preview":"max-video-preview:-1"},"canonical":"https:\/\/skin-heal.com\/es\/producto\/dermalax-implant-plus-2x1-1ml\/","og_locale":"es_MX","og_type":"article","og_title":"Dermalax Implant Plus (2\u00d71.1ml) - Skin Heal","og_description":"Dermalax Implant Plus provides patients with a fast deep wrinkle and fold removal solution. Even extensive face counting is painless with this skin filler.","og_url":"https:\/\/skin-heal.com\/es\/producto\/dermalax-implant-plus-2x1-1ml\/","og_site_name":"Skin Heal","article_modified_time":"2022-12-16T16:27:02+00:00","og_image":[{"width":500,"height":500,"url":"https:\/\/cdn.skin-heal.com\/wp-content\/uploads\/2018\/11\/Dermalax-Implant-Plus.jpg","type":"image\/jpeg"}],"twitter_card":"summary_large_image","twitter_misc":{"Tiempo de lectura":"1 minuto"},"schema":{"@context":"https:\/\/schema.org","@graph":[{"@type":"WebPage","@id":"https:\/\/skin-heal.com\/product\/dermalax-implant-plus-2x1-1ml\/","url":"https:\/\/skin-heal.com\/product\/dermalax-implant-plus-2x1-1ml\/","name":"Dermalax Implante Plus (2\u00d71,1ml) - Skin Heal","isPartOf":{"@id":"https:\/\/skin-heal.com\/#website"},"primaryImageOfPage":{"@id":"https:\/\/skin-heal.com\/product\/dermalax-implant-plus-2x1-1ml\/#primaryimage"},"image":{"@id":"https:\/\/skin-heal.com\/product\/dermalax-implant-plus-2x1-1ml\/#primaryimage"},"thumbnailUrl":"https:\/\/cdn.skin-heal.com\/wp-content\/uploads\/2018\/11\/Dermalax-Implant-Plus.jpg","datePublished":"2018-11-14T11:16:58+00:00","dateModified":"2022-12-16T16:27:02+00:00","description":"Dermalax Implant Plus proporciona a los pacientes una soluci\u00f3n r\u00e1pida para la eliminaci\u00f3n de arrugas y pliegues profundos. Incluso el recuento facial extenso es indoloro con este relleno cut\u00e1neo.","breadcrumb":{"@id":"https:\/\/skin-heal.com\/product\/dermalax-implant-plus-2x1-1ml\/#breadcrumb"},"inLanguage":"es","potentialAction":[{"@type":"ReadAction","target":["https:\/\/skin-heal.com\/product\/dermalax-implant-plus-2x1-1ml\/"]}]},{"@type":"ImageObject","inLanguage":"es","@id":"https:\/\/skin-heal.com\/product\/dermalax-implant-plus-2x1-1ml\/#primaryimage","url":"https:\/\/cdn.skin-heal.com\/wp-content\/uploads\/2018\/11\/Dermalax-Implant-Plus.jpg","contentUrl":"https:\/\/cdn.skin-heal.com\/wp-content\/uploads\/2018\/11\/Dermalax-Implant-Plus.jpg","width":500,"height":500,"caption":"Dermalax Implant Plus"},{"@type":"BreadcrumbList","@id":"https:\/\/skin-heal.com\/product\/dermalax-implant-plus-2x1-1ml\/#breadcrumb","itemListElement":[{"@type":"ListItem","position":1,"name":"Home","item":"https:\/\/skin-heal.com\/"},{"@type":"ListItem","position":2,"name":"Store","item":"https:\/\/skin-heal.com\/store\/"},{"@type":"ListItem","position":3,"name":"Dermalax Implant Plus (2\u00d71.1ml)"}]},{"@type":"WebSite","@id":"https:\/\/skin-heal.com\/#website","url":"https:\/\/skin-heal.com\/","name":"Curaci\u00f3n de la piel","description":"Los precios m\u00e1s bajos para los rellenos d\u00e9rmicos","potentialAction":[{"@type":"SearchAction","target":{"@type":"EntryPoint","urlTemplate":"https:\/\/skin-heal.com\/?s={search_term_string}"},"query-input":{"@type":"PropertyValueSpecification","valueRequired":true,"valueName":"search_term_string"}}],"inLanguage":"es"}]}},"_links":{"self":[{"href":"https:\/\/skin-heal.com\/es\/wp-json\/wp\/v2\/product\/224","targetHints":{"allow":["GET"]}}],"collection":[{"href":"https:\/\/skin-heal.com\/es\/wp-json\/wp\/v2\/product"}],"about":[{"href":"https:\/\/skin-heal.com\/es\/wp-json\/wp\/v2\/types\/product"}],"wp:featuredmedia":[{"embeddable":true,"href":"https:\/\/skin-heal.com\/es\/wp-json\/wp\/v2\/media\/482"}],"wp:attachment":[{"href":"https:\/\/skin-heal.com\/es\/wp-json\/wp\/v2\/media?parent=224"}],"wp:term":[{"taxonomy":"product_brand","embeddable":true,"href":"https:\/\/skin-heal.com\/es\/wp-json\/wp\/v2\/product_brand?post=224"},{"taxonomy":"product_cat","embeddable":true,"href":"https:\/\/skin-heal.com\/es\/wp-json\/wp\/v2\/product_cat?post=224"},{"taxonomy":"product_tag","embeddable":true,"href":"https:\/\/skin-heal.com\/es\/wp-json\/wp\/v2\/product_tag?post=224"}],"curies":[{"name":"wp","href":"https:\/\/api.w.org\/{rel}","templated":true}]}}