{"id":225,"date":"2018-11-14T11:19:23","date_gmt":"2018-11-14T09:19:23","guid":{"rendered":"https:\/\/skin-heal.com\/?post_type=product&#038;p=225"},"modified":"2025-06-20T18:18:16","modified_gmt":"2025-06-20T15:18:16","slug":"dermalax-deep-plus-1x1-1ml","status":"publish","type":"product","link":"https:\/\/skin-heal.com\/es\/producto\/dermalax-deep-plus-1x1-1ml\/","title":{"rendered":"Dermalax Deep Plus (1\u00d71,1ml)"},"content":{"rendered":"<h3>Los m\u00faltiples usos de Dermalax Deep Plus<\/h3>\n<p>Una de las principales ventajas de este fiable relleno cut\u00e1neo es que no s\u00f3lo est\u00e1 disponible a un precio asequible, sino que tambi\u00e9n tiene una larga lista de aplicaciones. Dado que este incre\u00edble producto tiene una estructura de bloque monof\u00e1sico, tiene el poder de hacer la piel m\u00e1s suave y de restaurar el volumen de los tejidos blandos tratados. Adem\u00e1s, es la primera elecci\u00f3n de muchos cirujanos pl\u00e1sticos y dermat\u00f3logos est\u00e9ticos que desean proporcionar a sus pacientes una correcci\u00f3n duradera de las arrugas, las bolsas de los ojos y los pliegues.<\/p>\n<p>El esculpido y contorneado de la cara tambi\u00e9n puede realizarse con Dermalax Deep Plus. Las zonas faciales que se pueden remodelar con este relleno d\u00e9rmico de primera clase incluyen los labios, la barbilla, la nariz, la frente y la cara en su conjunto.<\/p>\n<h3>Propiedades \u00fanicas<\/h3>\n<p>Lo que hace que este relleno de HA para la piel destaque entre otros productos de esta gama son sus cualidades rejuvenecedoras \u00fanicas. Puede hidratar y alisar la piel y estimular la producci\u00f3n de elastina, col\u00e1geno e incluso la regeneraci\u00f3n de las c\u00e9lulas envejecidas.<\/p>\n<p>Dermalax Deep Plus es un producto probado y seguro para su uso en todo tipo de pieles, siempre que lo aplique un m\u00e9dico profesional certificado.<\/p>","protected":false},"excerpt":{"rendered":"<p>Dermalax Deep Plus es un relleno de \u00e1cido hialur\u00f3nico bien establecido y est\u00e1 dise\u00f1ado espec\u00edficamente para la eliminaci\u00f3n de pliegues nasolabiales y arrugas profundas. Tiene un excelente rendimiento cuyo efecto permanece visible durante al menos 12 meses despu\u00e9s del tratamiento. Adem\u00e1s del rejuvenecimiento de la piel, este revolucionario dispositivo m\u00e9dico tambi\u00e9n puede utilizarse para el contorno facial y el tratamiento de la zona perioral.<\/p>","protected":false},"featured_media":481,"template":"","meta":[],"product_brand":[],"product_cat":[79,35,57,144],"product_tag":[146],"class_list":{"0":"post-225","1":"product","2":"type-product","3":"status-publish","4":"has-post-thumbnail","6":"product_cat-dermal-fillers","7":"product_cat-dermalax","8":"product_cat-hugel-pharma","9":"product_cat-holiday-mega-sale","10":"product_tag-10off","11":"clearfix","13":"first","14":"outofstock","15":"sale","16":"taxable","17":"shipping-taxable","18":"purchasable","19":"product-type-simple"},"yoast_head":"<!-- This site is optimized with the Yoast SEO plugin v27.3 - https:\/\/yoast.com\/product\/yoast-seo-wordpress\/ -->\n<title>Dermalax Deep Plus (1\u00d71.1ml) - Skin Heal<\/title>\n<meta name=\"description\" content=\"Dermalax Deep Plus is among the most popular dermal fillers on the market. It offers top results in facial contouring and it can correct deep wrinkles.\" \/>\n<meta name=\"robots\" content=\"index, follow, max-snippet:-1, max-image-preview:large, max-video-preview:-1\" \/>\n<link rel=\"canonical\" href=\"https:\/\/skin-heal.com\/es\/producto\/dermalax-deep-plus-1x1-1ml\/\" \/>\n<meta property=\"og:locale\" content=\"es_MX\" \/>\n<meta property=\"og:type\" content=\"article\" \/>\n<meta property=\"og:title\" content=\"Dermalax Deep Plus (1\u00d71.1ml) - Skin Heal\" \/>\n<meta property=\"og:description\" content=\"Dermalax Deep Plus is among the most popular dermal fillers on the market. It offers top results in facial contouring and it can correct deep wrinkles.\" \/>\n<meta property=\"og:url\" content=\"https:\/\/skin-heal.com\/es\/producto\/dermalax-deep-plus-1x1-1ml\/\" \/>\n<meta property=\"og:site_name\" content=\"Skin Heal\" \/>\n<meta property=\"article:modified_time\" content=\"2025-06-20T15:18:16+00:00\" \/>\n<meta property=\"og:image\" content=\"https:\/\/cdn.skin-heal.com\/wp-content\/uploads\/2018\/11\/Dermalax-Deep-Plus.jpg\" \/>\n\t<meta property=\"og:image:width\" content=\"500\" \/>\n\t<meta property=\"og:image:height\" content=\"500\" \/>\n\t<meta property=\"og:image:type\" content=\"image\/jpeg\" \/>\n<meta name=\"twitter:card\" content=\"summary_large_image\" \/>\n<meta name=\"twitter:label1\" content=\"Tiempo de lectura\" \/>\n\t<meta name=\"twitter:data1\" content=\"1 minuto\" \/>\n<script type=\"application\/ld+json\" class=\"yoast-schema-graph\">{\"@context\":\"https:\\\/\\\/schema.org\",\"@graph\":[{\"@type\":\"WebPage\",\"@id\":\"https:\\\/\\\/skin-heal.com\\\/product\\\/dermalax-deep-plus-1x1-1ml\\\/\",\"url\":\"https:\\\/\\\/skin-heal.com\\\/product\\\/dermalax-deep-plus-1x1-1ml\\\/\",\"name\":\"Dermalax Deep Plus (1\u00d71.1ml) - Skin Heal\",\"isPartOf\":{\"@id\":\"https:\\\/\\\/skin-heal.com\\\/#website\"},\"primaryImageOfPage\":{\"@id\":\"https:\\\/\\\/skin-heal.com\\\/product\\\/dermalax-deep-plus-1x1-1ml\\\/#primaryimage\"},\"image\":{\"@id\":\"https:\\\/\\\/skin-heal.com\\\/product\\\/dermalax-deep-plus-1x1-1ml\\\/#primaryimage\"},\"thumbnailUrl\":\"https:\\\/\\\/skin-heal.com\\\/wp-content\\\/uploads\\\/2018\\\/11\\\/Dermalax-Deep-Plus.jpg\",\"datePublished\":\"2018-11-14T09:19:23+00:00\",\"dateModified\":\"2025-06-20T15:18:16+00:00\",\"description\":\"Dermalax Deep Plus is among the most popular dermal fillers on the market. It offers top results in facial contouring and it can correct deep wrinkles.\",\"breadcrumb\":{\"@id\":\"https:\\\/\\\/skin-heal.com\\\/product\\\/dermalax-deep-plus-1x1-1ml\\\/#breadcrumb\"},\"inLanguage\":\"es\",\"potentialAction\":[{\"@type\":\"ReadAction\",\"target\":[\"https:\\\/\\\/skin-heal.com\\\/product\\\/dermalax-deep-plus-1x1-1ml\\\/\"]}]},{\"@type\":\"ImageObject\",\"inLanguage\":\"es\",\"@id\":\"https:\\\/\\\/skin-heal.com\\\/product\\\/dermalax-deep-plus-1x1-1ml\\\/#primaryimage\",\"url\":\"https:\\\/\\\/skin-heal.com\\\/wp-content\\\/uploads\\\/2018\\\/11\\\/Dermalax-Deep-Plus.jpg\",\"contentUrl\":\"https:\\\/\\\/skin-heal.com\\\/wp-content\\\/uploads\\\/2018\\\/11\\\/Dermalax-Deep-Plus.jpg\",\"width\":500,\"height\":500,\"caption\":\"Dermalax Deep Plus\"},{\"@type\":\"BreadcrumbList\",\"@id\":\"https:\\\/\\\/skin-heal.com\\\/product\\\/dermalax-deep-plus-1x1-1ml\\\/#breadcrumb\",\"itemListElement\":[{\"@type\":\"ListItem\",\"position\":1,\"name\":\"Home\",\"item\":\"https:\\\/\\\/skin-heal.com\\\/\"},{\"@type\":\"ListItem\",\"position\":2,\"name\":\"Store\",\"item\":\"https:\\\/\\\/skin-heal.com\\\/store\\\/\"},{\"@type\":\"ListItem\",\"position\":3,\"name\":\"Dermalax Deep Plus (1\u00d71.1ml)\"}]},{\"@type\":\"WebSite\",\"@id\":\"https:\\\/\\\/skin-heal.com\\\/#website\",\"url\":\"https:\\\/\\\/skin-heal.com\\\/\",\"name\":\"Skin Heal\",\"description\":\"Lowest Prices for Dermal Fillers\",\"potentialAction\":[{\"@type\":\"SearchAction\",\"target\":{\"@type\":\"EntryPoint\",\"urlTemplate\":\"https:\\\/\\\/skin-heal.com\\\/?s={search_term_string}\"},\"query-input\":{\"@type\":\"PropertyValueSpecification\",\"valueRequired\":true,\"valueName\":\"search_term_string\"}}],\"inLanguage\":\"es\"}]}<\/script>\n<!-- \/ Yoast SEO plugin. -->","yoast_head_json":{"title":"Dermalax Deep Plus (1\u00d71,1ml) - Skin Heal","description":"Dermalax Deep Plus es uno de los rellenos d\u00e9rmicos m\u00e1s populares del mercado. Ofrece los mejores resultados en el contorno facial y puede corregir arrugas profundas.","robots":{"index":"index","follow":"follow","max-snippet":"max-snippet:-1","max-image-preview":"max-image-preview:large","max-video-preview":"max-video-preview:-1"},"canonical":"https:\/\/skin-heal.com\/es\/producto\/dermalax-deep-plus-1x1-1ml\/","og_locale":"es_MX","og_type":"article","og_title":"Dermalax Deep Plus (1\u00d71.1ml) - Skin Heal","og_description":"Dermalax Deep Plus is among the most popular dermal fillers on the market. It offers top results in facial contouring and it can correct deep wrinkles.","og_url":"https:\/\/skin-heal.com\/es\/producto\/dermalax-deep-plus-1x1-1ml\/","og_site_name":"Skin Heal","article_modified_time":"2025-06-20T15:18:16+00:00","og_image":[{"width":500,"height":500,"url":"https:\/\/cdn.skin-heal.com\/wp-content\/uploads\/2018\/11\/Dermalax-Deep-Plus.jpg","type":"image\/jpeg"}],"twitter_card":"summary_large_image","twitter_misc":{"Tiempo de lectura":"1 minuto"},"schema":{"@context":"https:\/\/schema.org","@graph":[{"@type":"WebPage","@id":"https:\/\/skin-heal.com\/product\/dermalax-deep-plus-1x1-1ml\/","url":"https:\/\/skin-heal.com\/product\/dermalax-deep-plus-1x1-1ml\/","name":"Dermalax Deep Plus (1\u00d71,1ml) - Skin Heal","isPartOf":{"@id":"https:\/\/skin-heal.com\/#website"},"primaryImageOfPage":{"@id":"https:\/\/skin-heal.com\/product\/dermalax-deep-plus-1x1-1ml\/#primaryimage"},"image":{"@id":"https:\/\/skin-heal.com\/product\/dermalax-deep-plus-1x1-1ml\/#primaryimage"},"thumbnailUrl":"https:\/\/cdn.skin-heal.com\/wp-content\/uploads\/2018\/11\/Dermalax-Deep-Plus.jpg","datePublished":"2018-11-14T09:19:23+00:00","dateModified":"2025-06-20T15:18:16+00:00","description":"Dermalax Deep Plus es uno de los rellenos d\u00e9rmicos m\u00e1s populares del mercado. Ofrece los mejores resultados en el contorno facial y puede corregir arrugas profundas.","breadcrumb":{"@id":"https:\/\/skin-heal.com\/product\/dermalax-deep-plus-1x1-1ml\/#breadcrumb"},"inLanguage":"es","potentialAction":[{"@type":"ReadAction","target":["https:\/\/skin-heal.com\/product\/dermalax-deep-plus-1x1-1ml\/"]}]},{"@type":"ImageObject","inLanguage":"es","@id":"https:\/\/skin-heal.com\/product\/dermalax-deep-plus-1x1-1ml\/#primaryimage","url":"https:\/\/cdn.skin-heal.com\/wp-content\/uploads\/2018\/11\/Dermalax-Deep-Plus.jpg","contentUrl":"https:\/\/cdn.skin-heal.com\/wp-content\/uploads\/2018\/11\/Dermalax-Deep-Plus.jpg","width":500,"height":500,"caption":"Dermalax Deep Plus"},{"@type":"BreadcrumbList","@id":"https:\/\/skin-heal.com\/product\/dermalax-deep-plus-1x1-1ml\/#breadcrumb","itemListElement":[{"@type":"ListItem","position":1,"name":"Home","item":"https:\/\/skin-heal.com\/"},{"@type":"ListItem","position":2,"name":"Store","item":"https:\/\/skin-heal.com\/store\/"},{"@type":"ListItem","position":3,"name":"Dermalax Deep Plus (1\u00d71.1ml)"}]},{"@type":"WebSite","@id":"https:\/\/skin-heal.com\/#website","url":"https:\/\/skin-heal.com\/","name":"Curaci\u00f3n de la piel","description":"Los precios m\u00e1s bajos para los rellenos d\u00e9rmicos","potentialAction":[{"@type":"SearchAction","target":{"@type":"EntryPoint","urlTemplate":"https:\/\/skin-heal.com\/?s={search_term_string}"},"query-input":{"@type":"PropertyValueSpecification","valueRequired":true,"valueName":"search_term_string"}}],"inLanguage":"es"}]}},"_links":{"self":[{"href":"https:\/\/skin-heal.com\/es\/wp-json\/wp\/v2\/product\/225","targetHints":{"allow":["GET"]}}],"collection":[{"href":"https:\/\/skin-heal.com\/es\/wp-json\/wp\/v2\/product"}],"about":[{"href":"https:\/\/skin-heal.com\/es\/wp-json\/wp\/v2\/types\/product"}],"wp:featuredmedia":[{"embeddable":true,"href":"https:\/\/skin-heal.com\/es\/wp-json\/wp\/v2\/media\/481"}],"wp:attachment":[{"href":"https:\/\/skin-heal.com\/es\/wp-json\/wp\/v2\/media?parent=225"}],"wp:term":[{"taxonomy":"product_brand","embeddable":true,"href":"https:\/\/skin-heal.com\/es\/wp-json\/wp\/v2\/product_brand?post=225"},{"taxonomy":"product_cat","embeddable":true,"href":"https:\/\/skin-heal.com\/es\/wp-json\/wp\/v2\/product_cat?post=225"},{"taxonomy":"product_tag","embeddable":true,"href":"https:\/\/skin-heal.com\/es\/wp-json\/wp\/v2\/product_tag?post=225"}],"curies":[{"name":"wp","href":"https:\/\/api.w.org\/{rel}","templated":true}]}}