{"id":226,"date":"2018-11-14T11:24:53","date_gmt":"2018-11-14T09:24:53","guid":{"rendered":"https:\/\/skin-heal.com\/?post_type=product&#038;p=226"},"modified":"2026-04-17T18:23:04","modified_gmt":"2026-04-17T15:23:04","slug":"rejeunesse-fine-1x1ml","status":"publish","type":"product","link":"https:\/\/skin-heal.com\/es\/producto\/rejeunesse-fine-1x1ml\/","title":{"rendered":"Rejeunesse Fine (1\u00d71,1ml)"},"content":{"rendered":"<h3>Los valores clave de Rejeunesse Fine<\/h3>\n<p>En la producci\u00f3n de Rejeunesse Fine se ha utilizado una tecnolog\u00eda especial de alta concentraci\u00f3n de reticulaci\u00f3n (HCCL). Esto, as\u00ed como otros factores, como la presencia de HA no animal en el relleno y las funcionalidades vers\u00e1tiles del dispositivo m\u00e9dico, hacen de esta soluci\u00f3n de eliminaci\u00f3n de l\u00edneas un producto de vanguardia. No tiene uno, sino cinco grandes beneficios.<\/p>\n<ol>\n<li>Dura m\u00e1s tiempo - La revolucionaria tecnolog\u00eda HCCL de este producto ralentiza enormemente la disoluci\u00f3n del \u00c1cido Hialur\u00f3nico, proporcionando efectos sorprendentes que pueden durar m\u00e1s de 12 meses.<\/li>\n<li>Satisfacci\u00f3n garantizada - Puede utilizarse para la correcci\u00f3n de una amplia gama de l\u00edneas finas y arrugas superficiales, incluyendo las l\u00edneas periorbitales, periorales y de preocupaci\u00f3n.<\/li>\n<li>Notablemente seguro - Un relleno d\u00e9rmico inocuo para la salud que no contiene pir\u00f3genos ni residuos y que no contiene HA de origen animal<\/li>\n<li>Tratamiento indoloro - El producto contiene lidoca\u00edna y tiene una estructura monof\u00e1sica. Ambos factores hacen que la inyecci\u00f3n sea suave, estable y sin ninguna molestia.<\/li>\n<li>Alta eficacia - Los resultados no s\u00f3lo son duraderos, sino que pueden verse inmediatamente despu\u00e9s del tratamiento, ya que este eliminador de l\u00edneas no provoca ninguna hinchaz\u00f3n de la piel, pero s\u00ed proporciona un volumen estable y de aspecto natural.<\/li>\n<\/ol>","protected":false},"excerpt":{"rendered":"<p>Rejeunesse Fine - un producto cuyo nombre debe recordar si busca un relleno cut\u00e1neo que ofrezca resultados garantizados en la lucha contra las arrugas faciales superficiales. Esta obra maestra del rejuvenecimiento de la piel se aplica en el rostro del paciente mediante una inyecci\u00f3n d\u00e9rmica y ofrece una eliminaci\u00f3n y correcci\u00f3n de l\u00edneas visibles. Se infunde con lidoca\u00edna (0,3%) para evitar cualquier sensaci\u00f3n desagradable o dolor durante el tratamiento.<\/p>","protected":false},"featured_media":480,"template":"","meta":[],"product_brand":[],"product_cat":[79,59,37,144],"product_tag":[],"class_list":{"0":"post-226","1":"product","2":"type-product","3":"status-publish","4":"has-post-thumbnail","6":"product_cat-dermal-fillers","7":"product_cat-medi-n-research","8":"product_cat-rejeunesse","9":"product_cat-holiday-mega-sale","10":"clearfix","12":"first","13":"instock","14":"taxable","15":"shipping-taxable","16":"purchasable","17":"product-type-simple"},"yoast_head":"<!-- This site is optimized with the Yoast SEO plugin v27.4 - https:\/\/yoast.com\/product\/yoast-seo-wordpress\/ -->\n<title>Rejeunesse Fine (1x1.1ml) - Skin Heal<\/title>\n<meta name=\"description\" content=\"As a quality HA filler, Rejeunesse Fine provides the desired skin rejuvenation and fine line correction results the longevity of which is 12 months or more.\" \/>\n<meta name=\"robots\" content=\"index, follow, max-snippet:-1, max-image-preview:large, max-video-preview:-1\" \/>\n<link rel=\"canonical\" href=\"https:\/\/skin-heal.com\/es\/producto\/rejeunesse-fine-1x1ml\/\" \/>\n<meta property=\"og:locale\" content=\"es_MX\" \/>\n<meta property=\"og:type\" content=\"article\" \/>\n<meta property=\"og:title\" content=\"Rejeunesse Fine (1x1.1ml) - Skin Heal\" \/>\n<meta property=\"og:description\" content=\"As a quality HA filler, Rejeunesse Fine provides the desired skin rejuvenation and fine line correction results the longevity of which is 12 months or more.\" \/>\n<meta property=\"og:url\" content=\"https:\/\/skin-heal.com\/es\/producto\/rejeunesse-fine-1x1ml\/\" \/>\n<meta property=\"og:site_name\" content=\"Skin Heal\" \/>\n<meta property=\"article:modified_time\" content=\"2026-04-17T15:23:04+00:00\" \/>\n<meta property=\"og:image\" content=\"https:\/\/cdn.skin-heal.com\/wp-content\/uploads\/2018\/11\/Rejeunesse-Fine.jpg\" \/>\n\t<meta property=\"og:image:width\" content=\"600\" \/>\n\t<meta property=\"og:image:height\" content=\"600\" \/>\n\t<meta property=\"og:image:type\" content=\"image\/jpeg\" \/>\n<meta name=\"twitter:card\" content=\"summary_large_image\" \/>\n<meta name=\"twitter:label1\" content=\"Tiempo de lectura\" \/>\n\t<meta name=\"twitter:data1\" content=\"1 minuto\" \/>\n<script type=\"application\/ld+json\" class=\"yoast-schema-graph\">{\"@context\":\"https:\\\/\\\/schema.org\",\"@graph\":[{\"@type\":\"WebPage\",\"@id\":\"https:\\\/\\\/skin-heal.com\\\/product\\\/rejeunesse-fine-1x1ml\\\/\",\"url\":\"https:\\\/\\\/skin-heal.com\\\/product\\\/rejeunesse-fine-1x1ml\\\/\",\"name\":\"Rejeunesse Fine (1x1.1ml) - Skin Heal\",\"isPartOf\":{\"@id\":\"https:\\\/\\\/skin-heal.com\\\/#website\"},\"primaryImageOfPage\":{\"@id\":\"https:\\\/\\\/skin-heal.com\\\/product\\\/rejeunesse-fine-1x1ml\\\/#primaryimage\"},\"image\":{\"@id\":\"https:\\\/\\\/skin-heal.com\\\/product\\\/rejeunesse-fine-1x1ml\\\/#primaryimage\"},\"thumbnailUrl\":\"https:\\\/\\\/skin-heal.com\\\/wp-content\\\/uploads\\\/2018\\\/11\\\/Rejeunesse-Fine.jpg\",\"datePublished\":\"2018-11-14T09:24:53+00:00\",\"dateModified\":\"2026-04-17T15:23:04+00:00\",\"description\":\"As a quality HA filler, Rejeunesse Fine provides the desired skin rejuvenation and fine line correction results the longevity of which is 12 months or more.\",\"breadcrumb\":{\"@id\":\"https:\\\/\\\/skin-heal.com\\\/product\\\/rejeunesse-fine-1x1ml\\\/#breadcrumb\"},\"inLanguage\":\"es\",\"potentialAction\":[{\"@type\":\"ReadAction\",\"target\":[\"https:\\\/\\\/skin-heal.com\\\/product\\\/rejeunesse-fine-1x1ml\\\/\"]}]},{\"@type\":\"ImageObject\",\"inLanguage\":\"es\",\"@id\":\"https:\\\/\\\/skin-heal.com\\\/product\\\/rejeunesse-fine-1x1ml\\\/#primaryimage\",\"url\":\"https:\\\/\\\/skin-heal.com\\\/wp-content\\\/uploads\\\/2018\\\/11\\\/Rejeunesse-Fine.jpg\",\"contentUrl\":\"https:\\\/\\\/skin-heal.com\\\/wp-content\\\/uploads\\\/2018\\\/11\\\/Rejeunesse-Fine.jpg\",\"width\":600,\"height\":600,\"caption\":\"Rejeunesse Fine\"},{\"@type\":\"BreadcrumbList\",\"@id\":\"https:\\\/\\\/skin-heal.com\\\/product\\\/rejeunesse-fine-1x1ml\\\/#breadcrumb\",\"itemListElement\":[{\"@type\":\"ListItem\",\"position\":1,\"name\":\"Home\",\"item\":\"https:\\\/\\\/skin-heal.com\\\/\"},{\"@type\":\"ListItem\",\"position\":2,\"name\":\"Store\",\"item\":\"https:\\\/\\\/skin-heal.com\\\/store\\\/\"},{\"@type\":\"ListItem\",\"position\":3,\"name\":\"Rejeunesse Fine (1&#215;1.1ml)\"}]},{\"@type\":\"WebSite\",\"@id\":\"https:\\\/\\\/skin-heal.com\\\/#website\",\"url\":\"https:\\\/\\\/skin-heal.com\\\/\",\"name\":\"Skin Heal\",\"description\":\"Lowest Prices for Dermal Fillers\",\"potentialAction\":[{\"@type\":\"SearchAction\",\"target\":{\"@type\":\"EntryPoint\",\"urlTemplate\":\"https:\\\/\\\/skin-heal.com\\\/?s={search_term_string}\"},\"query-input\":{\"@type\":\"PropertyValueSpecification\",\"valueRequired\":true,\"valueName\":\"search_term_string\"}}],\"inLanguage\":\"es\"}]}<\/script>\n<!-- \/ Yoast SEO plugin. -->","yoast_head_json":{"title":"Rejeunesse Fina (1x1,1ml) - Skin Heal","description":"Como relleno de HA de calidad, Rejeunesse Fine proporciona los resultados deseados de rejuvenecimiento de la piel y correcci\u00f3n de l\u00edneas finas cuya longevidad es de 12 meses o m\u00e1s.","robots":{"index":"index","follow":"follow","max-snippet":"max-snippet:-1","max-image-preview":"max-image-preview:large","max-video-preview":"max-video-preview:-1"},"canonical":"https:\/\/skin-heal.com\/es\/producto\/rejeunesse-fine-1x1ml\/","og_locale":"es_MX","og_type":"article","og_title":"Rejeunesse Fine (1x1.1ml) - Skin Heal","og_description":"As a quality HA filler, Rejeunesse Fine provides the desired skin rejuvenation and fine line correction results the longevity of which is 12 months or more.","og_url":"https:\/\/skin-heal.com\/es\/producto\/rejeunesse-fine-1x1ml\/","og_site_name":"Skin Heal","article_modified_time":"2026-04-17T15:23:04+00:00","og_image":[{"width":600,"height":600,"url":"https:\/\/cdn.skin-heal.com\/wp-content\/uploads\/2018\/11\/Rejeunesse-Fine.jpg","type":"image\/jpeg"}],"twitter_card":"summary_large_image","twitter_misc":{"Tiempo de lectura":"1 minuto"},"schema":{"@context":"https:\/\/schema.org","@graph":[{"@type":"WebPage","@id":"https:\/\/skin-heal.com\/product\/rejeunesse-fine-1x1ml\/","url":"https:\/\/skin-heal.com\/product\/rejeunesse-fine-1x1ml\/","name":"Rejeunesse Fina (1x1,1ml) - Skin Heal","isPartOf":{"@id":"https:\/\/skin-heal.com\/#website"},"primaryImageOfPage":{"@id":"https:\/\/skin-heal.com\/product\/rejeunesse-fine-1x1ml\/#primaryimage"},"image":{"@id":"https:\/\/skin-heal.com\/product\/rejeunesse-fine-1x1ml\/#primaryimage"},"thumbnailUrl":"https:\/\/cdn.skin-heal.com\/wp-content\/uploads\/2018\/11\/Rejeunesse-Fine.jpg","datePublished":"2018-11-14T09:24:53+00:00","dateModified":"2026-04-17T15:23:04+00:00","description":"Como relleno de HA de calidad, Rejeunesse Fine proporciona los resultados deseados de rejuvenecimiento de la piel y correcci\u00f3n de l\u00edneas finas cuya longevidad es de 12 meses o m\u00e1s.","breadcrumb":{"@id":"https:\/\/skin-heal.com\/product\/rejeunesse-fine-1x1ml\/#breadcrumb"},"inLanguage":"es","potentialAction":[{"@type":"ReadAction","target":["https:\/\/skin-heal.com\/product\/rejeunesse-fine-1x1ml\/"]}]},{"@type":"ImageObject","inLanguage":"es","@id":"https:\/\/skin-heal.com\/product\/rejeunesse-fine-1x1ml\/#primaryimage","url":"https:\/\/cdn.skin-heal.com\/wp-content\/uploads\/2018\/11\/Rejeunesse-Fine.jpg","contentUrl":"https:\/\/cdn.skin-heal.com\/wp-content\/uploads\/2018\/11\/Rejeunesse-Fine.jpg","width":600,"height":600,"caption":"Rejeunesse Fine"},{"@type":"BreadcrumbList","@id":"https:\/\/skin-heal.com\/product\/rejeunesse-fine-1x1ml\/#breadcrumb","itemListElement":[{"@type":"ListItem","position":1,"name":"Home","item":"https:\/\/skin-heal.com\/"},{"@type":"ListItem","position":2,"name":"Store","item":"https:\/\/skin-heal.com\/store\/"},{"@type":"ListItem","position":3,"name":"Rejeunesse Fine (1&#215;1.1ml)"}]},{"@type":"WebSite","@id":"https:\/\/skin-heal.com\/#website","url":"https:\/\/skin-heal.com\/","name":"Curaci\u00f3n de la piel","description":"Los precios m\u00e1s bajos para los rellenos d\u00e9rmicos","potentialAction":[{"@type":"SearchAction","target":{"@type":"EntryPoint","urlTemplate":"https:\/\/skin-heal.com\/?s={search_term_string}"},"query-input":{"@type":"PropertyValueSpecification","valueRequired":true,"valueName":"search_term_string"}}],"inLanguage":"es"}]}},"_links":{"self":[{"href":"https:\/\/skin-heal.com\/es\/wp-json\/wp\/v2\/product\/226","targetHints":{"allow":["GET"]}}],"collection":[{"href":"https:\/\/skin-heal.com\/es\/wp-json\/wp\/v2\/product"}],"about":[{"href":"https:\/\/skin-heal.com\/es\/wp-json\/wp\/v2\/types\/product"}],"wp:featuredmedia":[{"embeddable":true,"href":"https:\/\/skin-heal.com\/es\/wp-json\/wp\/v2\/media\/480"}],"wp:attachment":[{"href":"https:\/\/skin-heal.com\/es\/wp-json\/wp\/v2\/media?parent=226"}],"wp:term":[{"taxonomy":"product_brand","embeddable":true,"href":"https:\/\/skin-heal.com\/es\/wp-json\/wp\/v2\/product_brand?post=226"},{"taxonomy":"product_cat","embeddable":true,"href":"https:\/\/skin-heal.com\/es\/wp-json\/wp\/v2\/product_cat?post=226"},{"taxonomy":"product_tag","embeddable":true,"href":"https:\/\/skin-heal.com\/es\/wp-json\/wp\/v2\/product_tag?post=226"}],"curies":[{"name":"wp","href":"https:\/\/api.w.org\/{rel}","templated":true}]}}