{"id":227,"date":"2018-11-14T11:26:02","date_gmt":"2018-11-14T11:26:02","guid":{"rendered":"https:\/\/skin-heal.com\/?post_type=product&#038;p=227"},"modified":"2024-10-30T14:32:29","modified_gmt":"2024-10-30T12:32:29","slug":"rejeunesse-deep-1x1ml","status":"publish","type":"product","link":"https:\/\/skin-heal.com\/es\/producto\/rejeunesse-deep-1x1ml\/","title":{"rendered":"Rejeunesse Deep (1\u00d71,1ml)"},"content":{"rendered":"<h3>Las arrugas no tienen ninguna posibilidad contra Rejeunesse Deep<\/h3>\n<p>La concentraci\u00f3n de HA en este relleno de tejidos blandos de alta calidad es de 24mg\/mL y est\u00e1 pensado para ser inyectado en la dermis media o profunda. Pero esa no es la raz\u00f3n por la que este dispositivo m\u00e9dico de \u00faltima generaci\u00f3n lleva la palabra \"profundo\" en su nombre. Rejeunesse Deep tiene \u00e9xito donde muchos otros rellenos d\u00e9rmicos fracasan, ya que puede combatir las depresiones de tama\u00f1o medio o severo del rostro, eliminando las arrugas moderadas o profundas de la glabela (la piel del entrecejo donde se forman las llamadas l\u00edneas de expresi\u00f3n) y de muchas otras zonas de la cara. Esto se consigue gracias a las propiedades de alta viscoelasticidad de este producto y a la innovadora tecnolog\u00eda de \u00e1cido hialur\u00f3nico reticulado que se ha utilizado en la producci\u00f3n de este producto sanitario. Ambos limitan la migraci\u00f3n del relleno una vez inyectado en el tejido.<\/p>\n<h3>Un resumen de las principales ventajas:<\/h3>\n<ul>\n<li>Transparente<\/li>\n<li>Doblemente esterilizado<\/li>\n<li>Rastros m\u00ednimos de BDDE<\/li>\n<li>Resultados del tratamiento con una longevidad de 12 a 18 meses<\/li>\n<li>Totalmente libre de animales<\/li>\n<\/ul>\n<p>Rejeunesse Deep tiene una vida \u00fatil de 24 meses si se almacena lejos de la luz solar directa y a una temperatura de entre 2 y 25\u00b0C.<\/p>","protected":false},"excerpt":{"rendered":"<p>La correcci\u00f3n de los pliegues y arrugas profundas de la piel es m\u00e1s f\u00e1cil que nunca y todo gracias a las propiedades \u00fanicas de rejuvenecimiento de la piel de Rejeunesse Deep. Se trata de un relleno de \u00e1cido hialur\u00f3nico muy valorado no s\u00f3lo por los pacientes sino tambi\u00e9n por los dermat\u00f3logos est\u00e9ticos. A\u00f1ade un volumen muy necesario en las zonas faciales con arrugas profundas y tambi\u00e9n puede utilizarse para el contorno facial.<\/p>","protected":false},"featured_media":479,"template":"","meta":[],"product_brand":[],"product_cat":[79,59,37,144],"product_tag":[146],"class_list":{"0":"post-227","1":"product","2":"type-product","3":"status-publish","4":"has-post-thumbnail","6":"product_cat-dermal-fillers","7":"product_cat-medi-n-research","8":"product_cat-rejeunesse","9":"product_cat-holiday-mega-sale","10":"product_tag-10off","11":"clearfix","13":"first","14":"instock","15":"sale","16":"taxable","17":"shipping-taxable","18":"purchasable","19":"product-type-simple"},"yoast_head":"<!-- This site is optimized with the Yoast SEO plugin v27.3 - https:\/\/yoast.com\/product\/yoast-seo-wordpress\/ -->\n<title>Rejeunesse Deep (1x1.1ml) - Skin Heal<\/title>\n<meta name=\"description\" content=\"Rejeunesse Deep is a non-animal HA filler that is used in the treatment of moderate to deep wrinkles. The results after one injection last 12-18 months.\" \/>\n<meta name=\"robots\" content=\"index, follow, max-snippet:-1, max-image-preview:large, max-video-preview:-1\" \/>\n<link rel=\"canonical\" href=\"https:\/\/skin-heal.com\/es\/producto\/rejeunesse-deep-1x1ml\/\" \/>\n<meta property=\"og:locale\" content=\"es_MX\" \/>\n<meta property=\"og:type\" content=\"article\" \/>\n<meta property=\"og:title\" content=\"Rejeunesse Deep (1x1.1ml) - Skin Heal\" \/>\n<meta property=\"og:description\" content=\"Rejeunesse Deep is a non-animal HA filler that is used in the treatment of moderate to deep wrinkles. The results after one injection last 12-18 months.\" \/>\n<meta property=\"og:url\" content=\"https:\/\/skin-heal.com\/es\/producto\/rejeunesse-deep-1x1ml\/\" \/>\n<meta property=\"og:site_name\" content=\"Skin Heal\" \/>\n<meta property=\"article:modified_time\" content=\"2024-10-30T12:32:29+00:00\" \/>\n<meta property=\"og:image\" content=\"https:\/\/cdn.skin-heal.com\/wp-content\/uploads\/2018\/11\/Rejeunesse-Deep.jpg\" \/>\n\t<meta property=\"og:image:width\" content=\"600\" \/>\n\t<meta property=\"og:image:height\" content=\"600\" \/>\n\t<meta property=\"og:image:type\" content=\"image\/jpeg\" \/>\n<meta name=\"twitter:card\" content=\"summary_large_image\" \/>\n<meta name=\"twitter:label1\" content=\"Tiempo de lectura\" \/>\n\t<meta name=\"twitter:data1\" content=\"1 minuto\" \/>\n<script type=\"application\/ld+json\" class=\"yoast-schema-graph\">{\"@context\":\"https:\\\/\\\/schema.org\",\"@graph\":[{\"@type\":\"WebPage\",\"@id\":\"https:\\\/\\\/skin-heal.com\\\/product\\\/rejeunesse-deep-1x1ml\\\/\",\"url\":\"https:\\\/\\\/skin-heal.com\\\/product\\\/rejeunesse-deep-1x1ml\\\/\",\"name\":\"Rejeunesse Deep (1x1.1ml) - Skin Heal\",\"isPartOf\":{\"@id\":\"https:\\\/\\\/skin-heal.com\\\/#website\"},\"primaryImageOfPage\":{\"@id\":\"https:\\\/\\\/skin-heal.com\\\/product\\\/rejeunesse-deep-1x1ml\\\/#primaryimage\"},\"image\":{\"@id\":\"https:\\\/\\\/skin-heal.com\\\/product\\\/rejeunesse-deep-1x1ml\\\/#primaryimage\"},\"thumbnailUrl\":\"https:\\\/\\\/skin-heal.com\\\/wp-content\\\/uploads\\\/2018\\\/11\\\/Rejeunesse-Deep.jpg\",\"datePublished\":\"2018-11-14T11:26:02+00:00\",\"dateModified\":\"2024-10-30T12:32:29+00:00\",\"description\":\"Rejeunesse Deep is a non-animal HA filler that is used in the treatment of moderate to deep wrinkles. The results after one injection last 12-18 months.\",\"breadcrumb\":{\"@id\":\"https:\\\/\\\/skin-heal.com\\\/product\\\/rejeunesse-deep-1x1ml\\\/#breadcrumb\"},\"inLanguage\":\"es\",\"potentialAction\":[{\"@type\":\"ReadAction\",\"target\":[\"https:\\\/\\\/skin-heal.com\\\/product\\\/rejeunesse-deep-1x1ml\\\/\"]}]},{\"@type\":\"ImageObject\",\"inLanguage\":\"es\",\"@id\":\"https:\\\/\\\/skin-heal.com\\\/product\\\/rejeunesse-deep-1x1ml\\\/#primaryimage\",\"url\":\"https:\\\/\\\/skin-heal.com\\\/wp-content\\\/uploads\\\/2018\\\/11\\\/Rejeunesse-Deep.jpg\",\"contentUrl\":\"https:\\\/\\\/skin-heal.com\\\/wp-content\\\/uploads\\\/2018\\\/11\\\/Rejeunesse-Deep.jpg\",\"width\":600,\"height\":600,\"caption\":\"Rejeunesse Deep\"},{\"@type\":\"BreadcrumbList\",\"@id\":\"https:\\\/\\\/skin-heal.com\\\/product\\\/rejeunesse-deep-1x1ml\\\/#breadcrumb\",\"itemListElement\":[{\"@type\":\"ListItem\",\"position\":1,\"name\":\"Home\",\"item\":\"https:\\\/\\\/skin-heal.com\\\/\"},{\"@type\":\"ListItem\",\"position\":2,\"name\":\"Store\",\"item\":\"https:\\\/\\\/skin-heal.com\\\/store\\\/\"},{\"@type\":\"ListItem\",\"position\":3,\"name\":\"Rejeunesse Deep (1&#215;1.1ml)\"}]},{\"@type\":\"WebSite\",\"@id\":\"https:\\\/\\\/skin-heal.com\\\/#website\",\"url\":\"https:\\\/\\\/skin-heal.com\\\/\",\"name\":\"Skin Heal\",\"description\":\"Lowest Prices for Dermal Fillers\",\"potentialAction\":[{\"@type\":\"SearchAction\",\"target\":{\"@type\":\"EntryPoint\",\"urlTemplate\":\"https:\\\/\\\/skin-heal.com\\\/?s={search_term_string}\"},\"query-input\":{\"@type\":\"PropertyValueSpecification\",\"valueRequired\":true,\"valueName\":\"search_term_string\"}}],\"inLanguage\":\"es\"}]}<\/script>\n<!-- \/ Yoast SEO plugin. -->","yoast_head_json":{"title":"Rejeunesse Deep (1x1,1ml) - Skin Heal","description":"Rejeunesse Deep es un relleno de HA de origen no animal que se utiliza en el tratamiento de arrugas de moderadas a profundas. Los resultados tras una inyecci\u00f3n duran entre 12 y 18 meses.","robots":{"index":"index","follow":"follow","max-snippet":"max-snippet:-1","max-image-preview":"max-image-preview:large","max-video-preview":"max-video-preview:-1"},"canonical":"https:\/\/skin-heal.com\/es\/producto\/rejeunesse-deep-1x1ml\/","og_locale":"es_MX","og_type":"article","og_title":"Rejeunesse Deep (1x1.1ml) - Skin Heal","og_description":"Rejeunesse Deep is a non-animal HA filler that is used in the treatment of moderate to deep wrinkles. The results after one injection last 12-18 months.","og_url":"https:\/\/skin-heal.com\/es\/producto\/rejeunesse-deep-1x1ml\/","og_site_name":"Skin Heal","article_modified_time":"2024-10-30T12:32:29+00:00","og_image":[{"width":600,"height":600,"url":"https:\/\/cdn.skin-heal.com\/wp-content\/uploads\/2018\/11\/Rejeunesse-Deep.jpg","type":"image\/jpeg"}],"twitter_card":"summary_large_image","twitter_misc":{"Tiempo de lectura":"1 minuto"},"schema":{"@context":"https:\/\/schema.org","@graph":[{"@type":"WebPage","@id":"https:\/\/skin-heal.com\/product\/rejeunesse-deep-1x1ml\/","url":"https:\/\/skin-heal.com\/product\/rejeunesse-deep-1x1ml\/","name":"Rejeunesse Deep (1x1,1ml) - Skin Heal","isPartOf":{"@id":"https:\/\/skin-heal.com\/#website"},"primaryImageOfPage":{"@id":"https:\/\/skin-heal.com\/product\/rejeunesse-deep-1x1ml\/#primaryimage"},"image":{"@id":"https:\/\/skin-heal.com\/product\/rejeunesse-deep-1x1ml\/#primaryimage"},"thumbnailUrl":"https:\/\/cdn.skin-heal.com\/wp-content\/uploads\/2018\/11\/Rejeunesse-Deep.jpg","datePublished":"2018-11-14T11:26:02+00:00","dateModified":"2024-10-30T12:32:29+00:00","description":"Rejeunesse Deep es un relleno de HA de origen no animal que se utiliza en el tratamiento de arrugas de moderadas a profundas. Los resultados tras una inyecci\u00f3n duran entre 12 y 18 meses.","breadcrumb":{"@id":"https:\/\/skin-heal.com\/product\/rejeunesse-deep-1x1ml\/#breadcrumb"},"inLanguage":"es","potentialAction":[{"@type":"ReadAction","target":["https:\/\/skin-heal.com\/product\/rejeunesse-deep-1x1ml\/"]}]},{"@type":"ImageObject","inLanguage":"es","@id":"https:\/\/skin-heal.com\/product\/rejeunesse-deep-1x1ml\/#primaryimage","url":"https:\/\/cdn.skin-heal.com\/wp-content\/uploads\/2018\/11\/Rejeunesse-Deep.jpg","contentUrl":"https:\/\/cdn.skin-heal.com\/wp-content\/uploads\/2018\/11\/Rejeunesse-Deep.jpg","width":600,"height":600,"caption":"Rejeunesse Deep"},{"@type":"BreadcrumbList","@id":"https:\/\/skin-heal.com\/product\/rejeunesse-deep-1x1ml\/#breadcrumb","itemListElement":[{"@type":"ListItem","position":1,"name":"Home","item":"https:\/\/skin-heal.com\/"},{"@type":"ListItem","position":2,"name":"Store","item":"https:\/\/skin-heal.com\/store\/"},{"@type":"ListItem","position":3,"name":"Rejeunesse Deep (1&#215;1.1ml)"}]},{"@type":"WebSite","@id":"https:\/\/skin-heal.com\/#website","url":"https:\/\/skin-heal.com\/","name":"Curaci\u00f3n de la piel","description":"Los precios m\u00e1s bajos para los rellenos d\u00e9rmicos","potentialAction":[{"@type":"SearchAction","target":{"@type":"EntryPoint","urlTemplate":"https:\/\/skin-heal.com\/?s={search_term_string}"},"query-input":{"@type":"PropertyValueSpecification","valueRequired":true,"valueName":"search_term_string"}}],"inLanguage":"es"}]}},"_links":{"self":[{"href":"https:\/\/skin-heal.com\/es\/wp-json\/wp\/v2\/product\/227","targetHints":{"allow":["GET"]}}],"collection":[{"href":"https:\/\/skin-heal.com\/es\/wp-json\/wp\/v2\/product"}],"about":[{"href":"https:\/\/skin-heal.com\/es\/wp-json\/wp\/v2\/types\/product"}],"wp:featuredmedia":[{"embeddable":true,"href":"https:\/\/skin-heal.com\/es\/wp-json\/wp\/v2\/media\/479"}],"wp:attachment":[{"href":"https:\/\/skin-heal.com\/es\/wp-json\/wp\/v2\/media?parent=227"}],"wp:term":[{"taxonomy":"product_brand","embeddable":true,"href":"https:\/\/skin-heal.com\/es\/wp-json\/wp\/v2\/product_brand?post=227"},{"taxonomy":"product_cat","embeddable":true,"href":"https:\/\/skin-heal.com\/es\/wp-json\/wp\/v2\/product_cat?post=227"},{"taxonomy":"product_tag","embeddable":true,"href":"https:\/\/skin-heal.com\/es\/wp-json\/wp\/v2\/product_tag?post=227"}],"curies":[{"name":"wp","href":"https:\/\/api.w.org\/{rel}","templated":true}]}}