{"id":229,"date":"2018-11-14T11:28:25","date_gmt":"2018-11-14T11:28:25","guid":{"rendered":"https:\/\/skin-heal.com\/?post_type=product&#038;p=229"},"modified":"2020-04-16T13:20:28","modified_gmt":"2020-04-16T13:20:28","slug":"rejeunesse-sparkle-3-x-2-5ml","status":"publish","type":"product","link":"https:\/\/skin-heal.com\/es\/producto\/rejeunesse-sparkle-3-x-2-5ml\/","title":{"rendered":"Rejeunesse Sparkle (3 x 2,5ml)"},"content":{"rendered":"<p>Como todos los dem\u00e1s rellenos de HA, Rejeunesse Sparkle contiene \u00e1cido hialur\u00f3nico. Este elemento est\u00e1 presente y es producido naturalmente por el cuerpo humano y tiene muchas cualidades maravillosas que dan a la piel un aspecto joven y radiante. El AH juega un papel crucial en el mantenimiento de la firmeza de la piel, los niveles de hidrataci\u00f3n, la elasticidad, etc. Pero a medida que el cuerpo envejece, este importante elemento se agota, lo que da lugar a l\u00edneas, arrugas, pliegues y muchas otras imperfecciones de la piel. Sin embargo, al inyectar la dermis superficial del paciente con este producto, los m\u00e9dicos pueden corregir inmediatamente las l\u00edneas finas y poco profundas alrededor o debajo de los ojos, alrededor de la boca o las arrugas superficiales de la frente (l\u00edneas de preocupaci\u00f3n).<\/p>\n<p>A diferencia de la mayor\u00eda de los rellenos de AH, Rejeunesse Sparkle no depende de altas dosis de BDDE para potenciar las propiedades de reticulaci\u00f3n del producto, ya que dichas endotoxinas suelen causar m\u00e1s da\u00f1o que beneficio y provocan efectos secundarios como la rigidez de la piel. No obstante, incluso sin BDDE, este producto consigue efectos impresionantes y duraderos porque se ha producido con el uso de la tecnolog\u00eda especial de alta concentraci\u00f3n de reticulaci\u00f3n.<\/p>\n<h3>Rejeunesse El brillo en cifras<\/h3>\n<ul>\n<li>20mg\/mL - Concentraci\u00f3n de \u00e1cido hialur\u00f3nico<\/li>\n<li>3mg\/ml - concentraci\u00f3n de lidoca\u00edna<\/li>\n<li>5mL - envase<\/li>\n<li>De 6 a 8 meses: longevidad de los resultados tras un \u00fanico tratamiento de inyecci\u00f3n<\/li>\n<li>24 meses - vida \u00fatil (desde la fecha de producci\u00f3n)<\/li>\n<li>0% - HA de origen animal<\/li>\n<li>100% - part\u00edculas de \u00e1cido hialur\u00f3nico reticulado<\/li>\n<\/ul>\n<p>2-25\u00b0C - temperaturas de almacenamiento<\/p>","protected":false},"excerpt":{"rendered":"<p>Rejeunesse Sparkle es un relleno de \u00e1cido hialur\u00f3nico polivalente. No s\u00f3lo elimina las l\u00edneas superficiales, sino que tambi\u00e9n se caracteriza por sus excelentes propiedades de rejuvenecimiento e hidrataci\u00f3n de la piel. Este producto de nueva generaci\u00f3n contiene una cantidad m\u00ednima de BDDE y cuenta con una tecnolog\u00eda HCCL. Como resultado, no esconde ning\u00fan riesgo para la salud del paciente y hace que el tratamiento sea altamente eficaz. Los resultados parecen naturales y duran mucho tiempo.<\/p>","protected":false},"featured_media":477,"template":"","meta":[],"product_brand":[],"product_cat":[79,59,37],"product_tag":[],"class_list":{"0":"post-229","1":"product","2":"type-product","3":"status-publish","4":"has-post-thumbnail","6":"product_cat-dermal-fillers","7":"product_cat-medi-n-research","8":"product_cat-rejeunesse","9":"clearfix","11":"first","12":"outofstock","13":"taxable","14":"shipping-taxable","15":"product-type-simple"},"yoast_head":"<!-- This site is optimized with the Yoast SEO plugin v27.4 - https:\/\/yoast.com\/product\/yoast-seo-wordpress\/ -->\n<title>Rejeunesse Sparkle (3 x 2.5ml) - Skin Heal<\/title>\n<meta name=\"description\" content=\"Rejeunesse Sparkle is a trusted skin filler for fine line removal. Available at Skin Heal, Rejeunesse Sparkle\u2019s pure HA formula enables deep skin hydration.\" \/>\n<meta name=\"robots\" content=\"index, follow, max-snippet:-1, max-image-preview:large, max-video-preview:-1\" \/>\n<link rel=\"canonical\" href=\"https:\/\/skin-heal.com\/es\/producto\/rejeunesse-sparkle-3-x-2-5ml\/\" \/>\n<meta property=\"og:locale\" content=\"es_MX\" \/>\n<meta property=\"og:type\" content=\"article\" \/>\n<meta property=\"og:title\" content=\"Rejeunesse Sparkle (3 x 2.5ml) - Skin Heal\" \/>\n<meta property=\"og:description\" content=\"Rejeunesse Sparkle is a trusted skin filler for fine line removal. Available at Skin Heal, Rejeunesse Sparkle\u2019s pure HA formula enables deep skin hydration.\" \/>\n<meta property=\"og:url\" content=\"https:\/\/skin-heal.com\/es\/producto\/rejeunesse-sparkle-3-x-2-5ml\/\" \/>\n<meta property=\"og:site_name\" content=\"Skin Heal\" \/>\n<meta property=\"article:modified_time\" content=\"2020-04-16T13:20:28+00:00\" \/>\n<meta property=\"og:image\" content=\"https:\/\/cdn.skin-heal.com\/wp-content\/uploads\/2018\/11\/Rejeunesse-Sparkle.jpg\" \/>\n\t<meta property=\"og:image:width\" content=\"500\" \/>\n\t<meta property=\"og:image:height\" content=\"500\" \/>\n\t<meta property=\"og:image:type\" content=\"image\/jpeg\" \/>\n<meta name=\"twitter:card\" content=\"summary_large_image\" \/>\n<meta name=\"twitter:label1\" content=\"Tiempo de lectura\" \/>\n\t<meta name=\"twitter:data1\" content=\"1 minuto\" \/>\n<script type=\"application\/ld+json\" class=\"yoast-schema-graph\">{\"@context\":\"https:\\\/\\\/schema.org\",\"@graph\":[{\"@type\":\"WebPage\",\"@id\":\"https:\\\/\\\/skin-heal.com\\\/product\\\/rejeunesse-sparkle-3-x-2-5ml\\\/\",\"url\":\"https:\\\/\\\/skin-heal.com\\\/product\\\/rejeunesse-sparkle-3-x-2-5ml\\\/\",\"name\":\"Rejeunesse Sparkle (3 x 2.5ml) - Skin Heal\",\"isPartOf\":{\"@id\":\"https:\\\/\\\/skin-heal.com\\\/#website\"},\"primaryImageOfPage\":{\"@id\":\"https:\\\/\\\/skin-heal.com\\\/product\\\/rejeunesse-sparkle-3-x-2-5ml\\\/#primaryimage\"},\"image\":{\"@id\":\"https:\\\/\\\/skin-heal.com\\\/product\\\/rejeunesse-sparkle-3-x-2-5ml\\\/#primaryimage\"},\"thumbnailUrl\":\"https:\\\/\\\/skin-heal.com\\\/wp-content\\\/uploads\\\/2018\\\/11\\\/Rejeunesse-Sparkle.jpg\",\"datePublished\":\"2018-11-14T11:28:25+00:00\",\"dateModified\":\"2020-04-16T13:20:28+00:00\",\"description\":\"Rejeunesse Sparkle is a trusted skin filler for fine line removal. Available at Skin Heal, Rejeunesse Sparkle\u2019s pure HA formula enables deep skin hydration.\",\"breadcrumb\":{\"@id\":\"https:\\\/\\\/skin-heal.com\\\/product\\\/rejeunesse-sparkle-3-x-2-5ml\\\/#breadcrumb\"},\"inLanguage\":\"es\",\"potentialAction\":[{\"@type\":\"ReadAction\",\"target\":[\"https:\\\/\\\/skin-heal.com\\\/product\\\/rejeunesse-sparkle-3-x-2-5ml\\\/\"]}]},{\"@type\":\"ImageObject\",\"inLanguage\":\"es\",\"@id\":\"https:\\\/\\\/skin-heal.com\\\/product\\\/rejeunesse-sparkle-3-x-2-5ml\\\/#primaryimage\",\"url\":\"https:\\\/\\\/skin-heal.com\\\/wp-content\\\/uploads\\\/2018\\\/11\\\/Rejeunesse-Sparkle.jpg\",\"contentUrl\":\"https:\\\/\\\/skin-heal.com\\\/wp-content\\\/uploads\\\/2018\\\/11\\\/Rejeunesse-Sparkle.jpg\",\"width\":500,\"height\":500,\"caption\":\"Rejeunesse Sparkle\"},{\"@type\":\"BreadcrumbList\",\"@id\":\"https:\\\/\\\/skin-heal.com\\\/product\\\/rejeunesse-sparkle-3-x-2-5ml\\\/#breadcrumb\",\"itemListElement\":[{\"@type\":\"ListItem\",\"position\":1,\"name\":\"Home\",\"item\":\"https:\\\/\\\/skin-heal.com\\\/\"},{\"@type\":\"ListItem\",\"position\":2,\"name\":\"Store\",\"item\":\"https:\\\/\\\/skin-heal.com\\\/store\\\/\"},{\"@type\":\"ListItem\",\"position\":3,\"name\":\"Rejeunesse Sparkle (3 x 2.5ml)\"}]},{\"@type\":\"WebSite\",\"@id\":\"https:\\\/\\\/skin-heal.com\\\/#website\",\"url\":\"https:\\\/\\\/skin-heal.com\\\/\",\"name\":\"Skin Heal\",\"description\":\"Lowest Prices for Dermal Fillers\",\"potentialAction\":[{\"@type\":\"SearchAction\",\"target\":{\"@type\":\"EntryPoint\",\"urlTemplate\":\"https:\\\/\\\/skin-heal.com\\\/?s={search_term_string}\"},\"query-input\":{\"@type\":\"PropertyValueSpecification\",\"valueRequired\":true,\"valueName\":\"search_term_string\"}}],\"inLanguage\":\"es\"}]}<\/script>\n<!-- \/ Yoast SEO plugin. -->","yoast_head_json":{"title":"Rejeunesse Sparkle (3 x 2,5ml) - Skin Heal","description":"Rejeunesse Sparkle es un relleno cut\u00e1neo de confianza para la eliminaci\u00f3n de l\u00edneas finas. Disponible en Skin Heal, la f\u00f3rmula de HA puro de Rejeunesse Sparkle permite una hidrataci\u00f3n profunda de la piel.","robots":{"index":"index","follow":"follow","max-snippet":"max-snippet:-1","max-image-preview":"max-image-preview:large","max-video-preview":"max-video-preview:-1"},"canonical":"https:\/\/skin-heal.com\/es\/producto\/rejeunesse-sparkle-3-x-2-5ml\/","og_locale":"es_MX","og_type":"article","og_title":"Rejeunesse Sparkle (3 x 2.5ml) - Skin Heal","og_description":"Rejeunesse Sparkle is a trusted skin filler for fine line removal. Available at Skin Heal, Rejeunesse Sparkle\u2019s pure HA formula enables deep skin hydration.","og_url":"https:\/\/skin-heal.com\/es\/producto\/rejeunesse-sparkle-3-x-2-5ml\/","og_site_name":"Skin Heal","article_modified_time":"2020-04-16T13:20:28+00:00","og_image":[{"width":500,"height":500,"url":"https:\/\/cdn.skin-heal.com\/wp-content\/uploads\/2018\/11\/Rejeunesse-Sparkle.jpg","type":"image\/jpeg"}],"twitter_card":"summary_large_image","twitter_misc":{"Tiempo de lectura":"1 minuto"},"schema":{"@context":"https:\/\/schema.org","@graph":[{"@type":"WebPage","@id":"https:\/\/skin-heal.com\/product\/rejeunesse-sparkle-3-x-2-5ml\/","url":"https:\/\/skin-heal.com\/product\/rejeunesse-sparkle-3-x-2-5ml\/","name":"Rejeunesse Sparkle (3 x 2,5ml) - Skin Heal","isPartOf":{"@id":"https:\/\/skin-heal.com\/#website"},"primaryImageOfPage":{"@id":"https:\/\/skin-heal.com\/product\/rejeunesse-sparkle-3-x-2-5ml\/#primaryimage"},"image":{"@id":"https:\/\/skin-heal.com\/product\/rejeunesse-sparkle-3-x-2-5ml\/#primaryimage"},"thumbnailUrl":"https:\/\/cdn.skin-heal.com\/wp-content\/uploads\/2018\/11\/Rejeunesse-Sparkle.jpg","datePublished":"2018-11-14T11:28:25+00:00","dateModified":"2020-04-16T13:20:28+00:00","description":"Rejeunesse Sparkle es un relleno cut\u00e1neo de confianza para la eliminaci\u00f3n de l\u00edneas finas. Disponible en Skin Heal, la f\u00f3rmula de HA puro de Rejeunesse Sparkle permite una hidrataci\u00f3n profunda de la piel.","breadcrumb":{"@id":"https:\/\/skin-heal.com\/product\/rejeunesse-sparkle-3-x-2-5ml\/#breadcrumb"},"inLanguage":"es","potentialAction":[{"@type":"ReadAction","target":["https:\/\/skin-heal.com\/product\/rejeunesse-sparkle-3-x-2-5ml\/"]}]},{"@type":"ImageObject","inLanguage":"es","@id":"https:\/\/skin-heal.com\/product\/rejeunesse-sparkle-3-x-2-5ml\/#primaryimage","url":"https:\/\/cdn.skin-heal.com\/wp-content\/uploads\/2018\/11\/Rejeunesse-Sparkle.jpg","contentUrl":"https:\/\/cdn.skin-heal.com\/wp-content\/uploads\/2018\/11\/Rejeunesse-Sparkle.jpg","width":500,"height":500,"caption":"Rejeunesse Sparkle"},{"@type":"BreadcrumbList","@id":"https:\/\/skin-heal.com\/product\/rejeunesse-sparkle-3-x-2-5ml\/#breadcrumb","itemListElement":[{"@type":"ListItem","position":1,"name":"Home","item":"https:\/\/skin-heal.com\/"},{"@type":"ListItem","position":2,"name":"Store","item":"https:\/\/skin-heal.com\/store\/"},{"@type":"ListItem","position":3,"name":"Rejeunesse Sparkle (3 x 2.5ml)"}]},{"@type":"WebSite","@id":"https:\/\/skin-heal.com\/#website","url":"https:\/\/skin-heal.com\/","name":"Curaci\u00f3n de la piel","description":"Los precios m\u00e1s bajos para los rellenos d\u00e9rmicos","potentialAction":[{"@type":"SearchAction","target":{"@type":"EntryPoint","urlTemplate":"https:\/\/skin-heal.com\/?s={search_term_string}"},"query-input":{"@type":"PropertyValueSpecification","valueRequired":true,"valueName":"search_term_string"}}],"inLanguage":"es"}]}},"_links":{"self":[{"href":"https:\/\/skin-heal.com\/es\/wp-json\/wp\/v2\/product\/229","targetHints":{"allow":["GET"]}}],"collection":[{"href":"https:\/\/skin-heal.com\/es\/wp-json\/wp\/v2\/product"}],"about":[{"href":"https:\/\/skin-heal.com\/es\/wp-json\/wp\/v2\/types\/product"}],"wp:featuredmedia":[{"embeddable":true,"href":"https:\/\/skin-heal.com\/es\/wp-json\/wp\/v2\/media\/477"}],"wp:attachment":[{"href":"https:\/\/skin-heal.com\/es\/wp-json\/wp\/v2\/media?parent=229"}],"wp:term":[{"taxonomy":"product_brand","embeddable":true,"href":"https:\/\/skin-heal.com\/es\/wp-json\/wp\/v2\/product_brand?post=229"},{"taxonomy":"product_cat","embeddable":true,"href":"https:\/\/skin-heal.com\/es\/wp-json\/wp\/v2\/product_cat?post=229"},{"taxonomy":"product_tag","embeddable":true,"href":"https:\/\/skin-heal.com\/es\/wp-json\/wp\/v2\/product_tag?post=229"}],"curies":[{"name":"wp","href":"https:\/\/api.w.org\/{rel}","templated":true}]}}