{"id":22930,"date":"2020-08-12T15:21:14","date_gmt":"2020-08-12T15:21:14","guid":{"rendered":"https:\/\/skin-heal.com\/?post_type=product&#038;p=22930"},"modified":"2021-05-14T10:24:28","modified_gmt":"2021-05-14T10:24:28","slug":"yvoire-classic-plus-1-x-1ml","status":"publish","type":"product","link":"https:\/\/skin-heal.com\/es\/producto\/yvoire-classic-plus-1-x-1ml\/","title":{"rendered":"Yvoire Classic Plus (1 x 1ml)"},"content":{"rendered":"<h3>\u00bfPor qu\u00e9 el relleno Yvoire Classic?<\/h3>\n<p>Decir que el mercado de los rellenos d\u00e9rmicos est\u00e1 sobresaturado ser\u00eda quedarse muy corto. Los clientes tienen una elecci\u00f3n aparentemente interminable entre los rellenos inyectables de \u00e1cido hialur\u00f3nico. Encontrar el producto de AH correcto puede ser una tarea realmente desalentadora. Sin embargo, cuando se trata de combatir los signos de la edad, espec\u00edficamente la piel del rostro, Yvoire Classic Plus de LG realmente destaca. Este producto de belleza para la eliminaci\u00f3n de arrugas representa la m\u00e1xima calidad que puede ofrecer la industria coreana de la belleza. Durante el proceso de fabricaci\u00f3n del relleno se ha utilizado la tecnolog\u00eda especial HICE, que garantiza que el gel tenga la m\u00e1xima elasticidad y una mayor duraci\u00f3n, con un riesgo m\u00ednimo para el paciente.<\/p>\n<h3>\u00bfPara qui\u00e9n es este relleno de HA?<\/h3>\n<p>Yvoire Classic tiene una mayor concertaci\u00f3n de \u00e1cido hialur\u00f3nico que los rellenos regulares \"suaves\", que no est\u00e1n en el \u00e1rea de los rellenos \"profundos\", lo que lo pone en la posici\u00f3n \u00fanica de ser apropiado tanto para las arrugas delicadas y la eliminaci\u00f3n de l\u00edneas finas, as\u00ed como la eliminaci\u00f3n de las l\u00edneas glabelares, la inyecci\u00f3n del l\u00f3bulo de la oreja, pero tambi\u00e9n para hacer frente a las l\u00edneas de marioneta menos pronunciadas o incluso la agumentaci\u00f3n de los labios, para los pacientes que prefieren una sensaci\u00f3n un poco m\u00e1s suave al labio.<\/p>\n<p>El procedimiento de aplicaci\u00f3n es tan breve como 15 minutos y no requiere tiempo de inactividad. Los resultados son visibles inmediatamente y la inyecci\u00f3n es casi indolora (contiene 0,3% de lidoca\u00edna). En general, el producto es totalmente biocompatible, pero deben evitarlo las personas con alergias espec\u00edficas al contenido o las mujeres embarazadas o en periodo de lactancia.<\/p>","protected":false},"excerpt":{"rendered":"<p>Yvoire Classic Plus es un relleno dermatol\u00f3gico desarrollado por LG Chem, la subdivisi\u00f3n m\u00e9dica y cosm\u00e9tica del mundialmente famoso fabricante de electr\u00f3nica y tecnolog\u00eda. Se trata de un relleno blando de primera calidad, que est\u00e1 espec\u00edficamente ajustado para corregir y eliminar a la perfecci\u00f3n las arrugas y l\u00edneas de expresi\u00f3n m\u00e1s finas de la piel, haciendo frente a problemas molestos como las patas de gallo o las l\u00edneas glabelares. Un relleno con una excelente fluidez y un tama\u00f1o de part\u00edcula relativamente peque\u00f1o. Yvoire Classic proporcionar\u00e1 a los pacientes resultados de aspecto totalmente natural.<\/p>","protected":false},"featured_media":22934,"template":"","meta":[],"product_brand":[],"product_cat":[79,126,127],"product_tag":[],"class_list":{"0":"post-22930","1":"product","2":"type-product","3":"status-publish","4":"has-post-thumbnail","6":"product_cat-dermal-fillers","7":"product_cat-lg-chem","8":"product_cat-yvoire","9":"clearfix","11":"first","12":"outofstock","13":"taxable","14":"shipping-taxable","15":"purchasable","16":"product-type-simple"},"yoast_head":"<!-- This site is optimized with the Yoast SEO plugin v27.4 - https:\/\/yoast.com\/product\/yoast-seo-wordpress\/ -->\n<title>Yvoire Classic Plus (1 x 1ml) - Skin Heal<\/title>\n<meta name=\"robots\" content=\"index, follow, max-snippet:-1, max-image-preview:large, max-video-preview:-1\" \/>\n<link rel=\"canonical\" href=\"https:\/\/skin-heal.com\/es\/producto\/yvoire-classic-plus-1-x-1ml\/\" \/>\n<meta property=\"og:locale\" content=\"es_MX\" \/>\n<meta property=\"og:type\" content=\"article\" \/>\n<meta property=\"og:title\" content=\"Yvoire Classic Plus (1 x 1ml) - Skin Heal\" \/>\n<meta property=\"og:description\" content=\"Yvoire Classic Plus is a derma filler developer by LG Chem, the medical and cosmetics subdivision of the world famous electronics and technology manufacturer. This is a prime quality soft filler, which is specifically tuned to seamlessly correct and remove finer skin wrinkles and lines, dealing with annoying issues like Cross feet or glabellar lines. A filler with excellent flowability and relatively small particle size. Yvoire Classic will provide patients will completely naturally looking results.\" \/>\n<meta property=\"og:url\" content=\"https:\/\/skin-heal.com\/es\/producto\/yvoire-classic-plus-1-x-1ml\/\" \/>\n<meta property=\"og:site_name\" content=\"Skin Heal\" \/>\n<meta property=\"article:modified_time\" content=\"2021-05-14T10:24:28+00:00\" \/>\n<meta property=\"og:image\" content=\"https:\/\/cdn.skin-heal.com\/wp-content\/uploads\/2020\/08\/Yvoire-Classic-Plus.jpg\" \/>\n\t<meta property=\"og:image:width\" content=\"600\" \/>\n\t<meta property=\"og:image:height\" content=\"600\" \/>\n\t<meta property=\"og:image:type\" content=\"image\/jpeg\" \/>\n<meta name=\"twitter:card\" content=\"summary_large_image\" \/>\n<meta name=\"twitter:label1\" content=\"Tiempo de lectura\" \/>\n\t<meta name=\"twitter:data1\" content=\"1 minuto\" \/>\n<script type=\"application\/ld+json\" class=\"yoast-schema-graph\">{\"@context\":\"https:\\\/\\\/schema.org\",\"@graph\":[{\"@type\":\"WebPage\",\"@id\":\"https:\\\/\\\/skin-heal.com\\\/product\\\/yvoire-classic-plus-1-x-1ml\\\/\",\"url\":\"https:\\\/\\\/skin-heal.com\\\/product\\\/yvoire-classic-plus-1-x-1ml\\\/\",\"name\":\"Yvoire Classic Plus (1 x 1ml) - Skin Heal\",\"isPartOf\":{\"@id\":\"https:\\\/\\\/skin-heal.com\\\/#website\"},\"primaryImageOfPage\":{\"@id\":\"https:\\\/\\\/skin-heal.com\\\/product\\\/yvoire-classic-plus-1-x-1ml\\\/#primaryimage\"},\"image\":{\"@id\":\"https:\\\/\\\/skin-heal.com\\\/product\\\/yvoire-classic-plus-1-x-1ml\\\/#primaryimage\"},\"thumbnailUrl\":\"https:\\\/\\\/skin-heal.com\\\/wp-content\\\/uploads\\\/2020\\\/08\\\/Yvoire-Classic-Plus.jpg\",\"datePublished\":\"2020-08-12T15:21:14+00:00\",\"dateModified\":\"2021-05-14T10:24:28+00:00\",\"breadcrumb\":{\"@id\":\"https:\\\/\\\/skin-heal.com\\\/product\\\/yvoire-classic-plus-1-x-1ml\\\/#breadcrumb\"},\"inLanguage\":\"es\",\"potentialAction\":[{\"@type\":\"ReadAction\",\"target\":[\"https:\\\/\\\/skin-heal.com\\\/product\\\/yvoire-classic-plus-1-x-1ml\\\/\"]}]},{\"@type\":\"ImageObject\",\"inLanguage\":\"es\",\"@id\":\"https:\\\/\\\/skin-heal.com\\\/product\\\/yvoire-classic-plus-1-x-1ml\\\/#primaryimage\",\"url\":\"https:\\\/\\\/skin-heal.com\\\/wp-content\\\/uploads\\\/2020\\\/08\\\/Yvoire-Classic-Plus.jpg\",\"contentUrl\":\"https:\\\/\\\/skin-heal.com\\\/wp-content\\\/uploads\\\/2020\\\/08\\\/Yvoire-Classic-Plus.jpg\",\"width\":600,\"height\":600,\"caption\":\"Yvoire Classic Plus\"},{\"@type\":\"BreadcrumbList\",\"@id\":\"https:\\\/\\\/skin-heal.com\\\/product\\\/yvoire-classic-plus-1-x-1ml\\\/#breadcrumb\",\"itemListElement\":[{\"@type\":\"ListItem\",\"position\":1,\"name\":\"Home\",\"item\":\"https:\\\/\\\/skin-heal.com\\\/\"},{\"@type\":\"ListItem\",\"position\":2,\"name\":\"Store\",\"item\":\"https:\\\/\\\/skin-heal.com\\\/store\\\/\"},{\"@type\":\"ListItem\",\"position\":3,\"name\":\"Yvoire Classic Plus (1 x 1ml)\"}]},{\"@type\":\"WebSite\",\"@id\":\"https:\\\/\\\/skin-heal.com\\\/#website\",\"url\":\"https:\\\/\\\/skin-heal.com\\\/\",\"name\":\"Skin Heal\",\"description\":\"Lowest Prices for Dermal Fillers\",\"potentialAction\":[{\"@type\":\"SearchAction\",\"target\":{\"@type\":\"EntryPoint\",\"urlTemplate\":\"https:\\\/\\\/skin-heal.com\\\/?s={search_term_string}\"},\"query-input\":{\"@type\":\"PropertyValueSpecification\",\"valueRequired\":true,\"valueName\":\"search_term_string\"}}],\"inLanguage\":\"es\"}]}<\/script>\n<!-- \/ Yoast SEO plugin. -->","yoast_head_json":{"title":"Yvoire Classic Plus (1 x 1ml) - Skin Heal","robots":{"index":"index","follow":"follow","max-snippet":"max-snippet:-1","max-image-preview":"max-image-preview:large","max-video-preview":"max-video-preview:-1"},"canonical":"https:\/\/skin-heal.com\/es\/producto\/yvoire-classic-plus-1-x-1ml\/","og_locale":"es_MX","og_type":"article","og_title":"Yvoire Classic Plus (1 x 1ml) - Skin Heal","og_description":"Yvoire Classic Plus is a derma filler developer by LG Chem, the medical and cosmetics subdivision of the world famous electronics and technology manufacturer. This is a prime quality soft filler, which is specifically tuned to seamlessly correct and remove finer skin wrinkles and lines, dealing with annoying issues like Cross feet or glabellar lines. A filler with excellent flowability and relatively small particle size. Yvoire Classic will provide patients will completely naturally looking results.","og_url":"https:\/\/skin-heal.com\/es\/producto\/yvoire-classic-plus-1-x-1ml\/","og_site_name":"Skin Heal","article_modified_time":"2021-05-14T10:24:28+00:00","og_image":[{"width":600,"height":600,"url":"https:\/\/cdn.skin-heal.com\/wp-content\/uploads\/2020\/08\/Yvoire-Classic-Plus.jpg","type":"image\/jpeg"}],"twitter_card":"summary_large_image","twitter_misc":{"Tiempo de lectura":"1 minuto"},"schema":{"@context":"https:\/\/schema.org","@graph":[{"@type":"WebPage","@id":"https:\/\/skin-heal.com\/product\/yvoire-classic-plus-1-x-1ml\/","url":"https:\/\/skin-heal.com\/product\/yvoire-classic-plus-1-x-1ml\/","name":"Yvoire Classic Plus (1 x 1ml) - Skin Heal","isPartOf":{"@id":"https:\/\/skin-heal.com\/#website"},"primaryImageOfPage":{"@id":"https:\/\/skin-heal.com\/product\/yvoire-classic-plus-1-x-1ml\/#primaryimage"},"image":{"@id":"https:\/\/skin-heal.com\/product\/yvoire-classic-plus-1-x-1ml\/#primaryimage"},"thumbnailUrl":"https:\/\/cdn.skin-heal.com\/wp-content\/uploads\/2020\/08\/Yvoire-Classic-Plus.jpg","datePublished":"2020-08-12T15:21:14+00:00","dateModified":"2021-05-14T10:24:28+00:00","breadcrumb":{"@id":"https:\/\/skin-heal.com\/product\/yvoire-classic-plus-1-x-1ml\/#breadcrumb"},"inLanguage":"es","potentialAction":[{"@type":"ReadAction","target":["https:\/\/skin-heal.com\/product\/yvoire-classic-plus-1-x-1ml\/"]}]},{"@type":"ImageObject","inLanguage":"es","@id":"https:\/\/skin-heal.com\/product\/yvoire-classic-plus-1-x-1ml\/#primaryimage","url":"https:\/\/cdn.skin-heal.com\/wp-content\/uploads\/2020\/08\/Yvoire-Classic-Plus.jpg","contentUrl":"https:\/\/cdn.skin-heal.com\/wp-content\/uploads\/2020\/08\/Yvoire-Classic-Plus.jpg","width":600,"height":600,"caption":"Yvoire Classic Plus"},{"@type":"BreadcrumbList","@id":"https:\/\/skin-heal.com\/product\/yvoire-classic-plus-1-x-1ml\/#breadcrumb","itemListElement":[{"@type":"ListItem","position":1,"name":"Home","item":"https:\/\/skin-heal.com\/"},{"@type":"ListItem","position":2,"name":"Store","item":"https:\/\/skin-heal.com\/store\/"},{"@type":"ListItem","position":3,"name":"Yvoire Classic Plus (1 x 1ml)"}]},{"@type":"WebSite","@id":"https:\/\/skin-heal.com\/#website","url":"https:\/\/skin-heal.com\/","name":"Curaci\u00f3n de la piel","description":"Los precios m\u00e1s bajos para los rellenos d\u00e9rmicos","potentialAction":[{"@type":"SearchAction","target":{"@type":"EntryPoint","urlTemplate":"https:\/\/skin-heal.com\/?s={search_term_string}"},"query-input":{"@type":"PropertyValueSpecification","valueRequired":true,"valueName":"search_term_string"}}],"inLanguage":"es"}]}},"_links":{"self":[{"href":"https:\/\/skin-heal.com\/es\/wp-json\/wp\/v2\/product\/22930","targetHints":{"allow":["GET"]}}],"collection":[{"href":"https:\/\/skin-heal.com\/es\/wp-json\/wp\/v2\/product"}],"about":[{"href":"https:\/\/skin-heal.com\/es\/wp-json\/wp\/v2\/types\/product"}],"wp:featuredmedia":[{"embeddable":true,"href":"https:\/\/skin-heal.com\/es\/wp-json\/wp\/v2\/media\/22934"}],"wp:attachment":[{"href":"https:\/\/skin-heal.com\/es\/wp-json\/wp\/v2\/media?parent=22930"}],"wp:term":[{"taxonomy":"product_brand","embeddable":true,"href":"https:\/\/skin-heal.com\/es\/wp-json\/wp\/v2\/product_brand?post=22930"},{"taxonomy":"product_cat","embeddable":true,"href":"https:\/\/skin-heal.com\/es\/wp-json\/wp\/v2\/product_cat?post=22930"},{"taxonomy":"product_tag","embeddable":true,"href":"https:\/\/skin-heal.com\/es\/wp-json\/wp\/v2\/product_tag?post=22930"}],"curies":[{"name":"wp","href":"https:\/\/api.w.org\/{rel}","templated":true}]}}