{"id":22931,"date":"2020-08-12T15:22:15","date_gmt":"2020-08-12T15:22:15","guid":{"rendered":"https:\/\/skin-heal.com\/?post_type=product&#038;p=22931"},"modified":"2021-09-23T09:27:07","modified_gmt":"2021-09-23T09:27:07","slug":"yvoire-contour-plus-1-x-1ml","status":"publish","type":"product","link":"https:\/\/skin-heal.com\/es\/producto\/yvoire-contour-plus-1-x-1ml\/","title":{"rendered":"Yvoire Contour Plus (1 x 1ml)"},"content":{"rendered":"<p>Yvoire Contour Plus, como todo buen relleno de contorno facial, ofrece a los pacientes y a los m\u00e9dicos, por igual, un procedimiento menos invasivo y doloroso para aumentar los rasgos de la cara. Inyectado en profundidad, este relleno de HA puede ofrecer resultados pr\u00e1cticamente indistinguibles y 100% de aspecto natural, con la ventaja a\u00f1adida de que no son permanentes y no requieren ning\u00fan tiempo de inactividad, como se requerir\u00eda de un procedimiento de cirug\u00eda pl\u00e1stica tradicional, por ejemplo.<\/p>\n<p>LG Chek ofrece a sus clientes un producto inyectable purificado y completamente est\u00e9ril para el esculpido facial, elaborado con \u00e1cido hialur\u00f3nico de alta calidad mediante la tecnolog\u00eda HICE. Se garantiza que el Yvoire Contour Plus ofrece una excelente estabilidad con un riesgo pr\u00e1cticamente nulo de deformaci\u00f3n y desplazamiento del gel (lo que se denomina \"fuga\"). Cualquier dermat\u00f3logo o cirujano pl\u00e1stico experto puede mejorar notablemente los rasgos del rostro de su paciente, haciendo que la l\u00ednea de la mand\u00edbula o los p\u00f3mulos sean m\u00e1s pronunciados y atractivos en cuesti\u00f3n de minutos. No ser\u00e1 necesario ning\u00fan tiempo de inactividad y los pacientes podr\u00e1n continuar con su agenda inmediatamente despu\u00e9s del procedimiento de inyecci\u00f3n.<\/p>\n<p>Yvoire Contour Plus - \u00bfD\u00f3nde se inyecta el relleno?<\/p>\n<ul>\n<li>L\u00ednea de la mand\u00edbula<\/li>\n<li>P\u00f3mulos<\/li>\n<li>L\u00edneas nasolabiales severas<\/li>\n<li>L\u00edneas de marioneta severas<\/li>\n<li>Nariz (s\u00f3lo algunos tipos de rinoplastia)<\/li>\n<\/ul>","protected":false},"excerpt":{"rendered":"<p>Yvoire Contour es el relleno facial m\u00e1s grueso de la l\u00ednea de productos de LG Chem. La aplicaci\u00f3n principal de este gel inyectable de HA es mejorar y dar forma al \u00f3valo de la cara, contornear la l\u00ednea de la mand\u00edbula, pero tambi\u00e9n aumentar eficazmente la barbilla y los p\u00f3mulos, mientras se restaura el volumen natural en estas \u00e1reas. El relleno tiene una concentraci\u00f3n de \u00e1cido hialur\u00f3nico de 22mg\/ml, contiene 0,3% de lidoca\u00edna y cada envase viene con una jeringa precargada de 1ml y dos agujas, lo que lo convierte en una soluci\u00f3n lista para usar por cualquier dermat\u00f3logo.<\/p>","protected":false},"featured_media":22935,"template":"","meta":[],"product_brand":[],"product_cat":[79,126,127],"product_tag":[],"class_list":{"0":"post-22931","1":"product","2":"type-product","3":"status-publish","4":"has-post-thumbnail","6":"product_cat-dermal-fillers","7":"product_cat-lg-chem","8":"product_cat-yvoire","9":"clearfix","11":"first","12":"outofstock","13":"taxable","14":"shipping-taxable","15":"purchasable","16":"product-type-simple"},"yoast_head":"<!-- This site is optimized with the Yoast SEO plugin v27.4 - https:\/\/yoast.com\/product\/yoast-seo-wordpress\/ -->\n<title>Yvoire Contour Plus (1 x 1ml) - Skin Heal<\/title>\n<meta name=\"description\" content=\"Yvoire Contour Plus is a dermal filler from LG Chem, which guarantees naturally looking correction and augmentation of the facial contour.\" \/>\n<meta name=\"robots\" content=\"index, follow, max-snippet:-1, max-image-preview:large, max-video-preview:-1\" \/>\n<link rel=\"canonical\" href=\"https:\/\/skin-heal.com\/es\/producto\/yvoire-contour-plus-1-x-1ml\/\" \/>\n<meta property=\"og:locale\" content=\"es_MX\" \/>\n<meta property=\"og:type\" content=\"article\" \/>\n<meta property=\"og:title\" content=\"Yvoire Contour Plus (1 x 1ml) - Skin Heal\" \/>\n<meta property=\"og:description\" content=\"Yvoire Contour Plus is a dermal filler from LG Chem, which guarantees naturally looking correction and augmentation of the facial contour.\" \/>\n<meta property=\"og:url\" content=\"https:\/\/skin-heal.com\/es\/producto\/yvoire-contour-plus-1-x-1ml\/\" \/>\n<meta property=\"og:site_name\" content=\"Skin Heal\" \/>\n<meta property=\"article:modified_time\" content=\"2021-09-23T09:27:07+00:00\" \/>\n<meta property=\"og:image\" content=\"https:\/\/cdn.skin-heal.com\/wp-content\/uploads\/2020\/08\/Yvoire-Contour-Plus.jpg\" \/>\n\t<meta property=\"og:image:width\" content=\"600\" \/>\n\t<meta property=\"og:image:height\" content=\"600\" \/>\n\t<meta property=\"og:image:type\" content=\"image\/jpeg\" \/>\n<meta name=\"twitter:card\" content=\"summary_large_image\" \/>\n<meta name=\"twitter:label1\" content=\"Tiempo de lectura\" \/>\n\t<meta name=\"twitter:data1\" content=\"1 minuto\" \/>\n<script type=\"application\/ld+json\" class=\"yoast-schema-graph\">{\"@context\":\"https:\\\/\\\/schema.org\",\"@graph\":[{\"@type\":\"WebPage\",\"@id\":\"https:\\\/\\\/skin-heal.com\\\/product\\\/yvoire-contour-plus-1-x-1ml\\\/\",\"url\":\"https:\\\/\\\/skin-heal.com\\\/product\\\/yvoire-contour-plus-1-x-1ml\\\/\",\"name\":\"Yvoire Contour Plus (1 x 1ml) - Skin Heal\",\"isPartOf\":{\"@id\":\"https:\\\/\\\/skin-heal.com\\\/#website\"},\"primaryImageOfPage\":{\"@id\":\"https:\\\/\\\/skin-heal.com\\\/product\\\/yvoire-contour-plus-1-x-1ml\\\/#primaryimage\"},\"image\":{\"@id\":\"https:\\\/\\\/skin-heal.com\\\/product\\\/yvoire-contour-plus-1-x-1ml\\\/#primaryimage\"},\"thumbnailUrl\":\"https:\\\/\\\/skin-heal.com\\\/wp-content\\\/uploads\\\/2020\\\/08\\\/Yvoire-Contour-Plus.jpg\",\"datePublished\":\"2020-08-12T15:22:15+00:00\",\"dateModified\":\"2021-09-23T09:27:07+00:00\",\"description\":\"Yvoire Contour Plus is a dermal filler from LG Chem, which guarantees naturally looking correction and augmentation of the facial contour.\",\"breadcrumb\":{\"@id\":\"https:\\\/\\\/skin-heal.com\\\/product\\\/yvoire-contour-plus-1-x-1ml\\\/#breadcrumb\"},\"inLanguage\":\"es\",\"potentialAction\":[{\"@type\":\"ReadAction\",\"target\":[\"https:\\\/\\\/skin-heal.com\\\/product\\\/yvoire-contour-plus-1-x-1ml\\\/\"]}]},{\"@type\":\"ImageObject\",\"inLanguage\":\"es\",\"@id\":\"https:\\\/\\\/skin-heal.com\\\/product\\\/yvoire-contour-plus-1-x-1ml\\\/#primaryimage\",\"url\":\"https:\\\/\\\/skin-heal.com\\\/wp-content\\\/uploads\\\/2020\\\/08\\\/Yvoire-Contour-Plus.jpg\",\"contentUrl\":\"https:\\\/\\\/skin-heal.com\\\/wp-content\\\/uploads\\\/2020\\\/08\\\/Yvoire-Contour-Plus.jpg\",\"width\":600,\"height\":600,\"caption\":\"Yvoire Contour Plus\"},{\"@type\":\"BreadcrumbList\",\"@id\":\"https:\\\/\\\/skin-heal.com\\\/product\\\/yvoire-contour-plus-1-x-1ml\\\/#breadcrumb\",\"itemListElement\":[{\"@type\":\"ListItem\",\"position\":1,\"name\":\"Home\",\"item\":\"https:\\\/\\\/skin-heal.com\\\/\"},{\"@type\":\"ListItem\",\"position\":2,\"name\":\"Store\",\"item\":\"https:\\\/\\\/skin-heal.com\\\/store\\\/\"},{\"@type\":\"ListItem\",\"position\":3,\"name\":\"Yvoire Contour Plus (1 x 1ml)\"}]},{\"@type\":\"WebSite\",\"@id\":\"https:\\\/\\\/skin-heal.com\\\/#website\",\"url\":\"https:\\\/\\\/skin-heal.com\\\/\",\"name\":\"Skin Heal\",\"description\":\"Lowest Prices for Dermal Fillers\",\"potentialAction\":[{\"@type\":\"SearchAction\",\"target\":{\"@type\":\"EntryPoint\",\"urlTemplate\":\"https:\\\/\\\/skin-heal.com\\\/?s={search_term_string}\"},\"query-input\":{\"@type\":\"PropertyValueSpecification\",\"valueRequired\":true,\"valueName\":\"search_term_string\"}}],\"inLanguage\":\"es\"}]}<\/script>\n<!-- \/ Yoast SEO plugin. -->","yoast_head_json":{"title":"Yvoire Contour Plus (1 x 1ml) - Skin Heal","description":"Yvoire Contour Plus es un relleno d\u00e9rmico de LG Chem, que garantiza una correcci\u00f3n y un aumento del contorno facial de aspecto natural.","robots":{"index":"index","follow":"follow","max-snippet":"max-snippet:-1","max-image-preview":"max-image-preview:large","max-video-preview":"max-video-preview:-1"},"canonical":"https:\/\/skin-heal.com\/es\/producto\/yvoire-contour-plus-1-x-1ml\/","og_locale":"es_MX","og_type":"article","og_title":"Yvoire Contour Plus (1 x 1ml) - Skin Heal","og_description":"Yvoire Contour Plus is a dermal filler from LG Chem, which guarantees naturally looking correction and augmentation of the facial contour.","og_url":"https:\/\/skin-heal.com\/es\/producto\/yvoire-contour-plus-1-x-1ml\/","og_site_name":"Skin Heal","article_modified_time":"2021-09-23T09:27:07+00:00","og_image":[{"width":600,"height":600,"url":"https:\/\/cdn.skin-heal.com\/wp-content\/uploads\/2020\/08\/Yvoire-Contour-Plus.jpg","type":"image\/jpeg"}],"twitter_card":"summary_large_image","twitter_misc":{"Tiempo de lectura":"1 minuto"},"schema":{"@context":"https:\/\/schema.org","@graph":[{"@type":"WebPage","@id":"https:\/\/skin-heal.com\/product\/yvoire-contour-plus-1-x-1ml\/","url":"https:\/\/skin-heal.com\/product\/yvoire-contour-plus-1-x-1ml\/","name":"Yvoire Contour Plus (1 x 1ml) - Skin Heal","isPartOf":{"@id":"https:\/\/skin-heal.com\/#website"},"primaryImageOfPage":{"@id":"https:\/\/skin-heal.com\/product\/yvoire-contour-plus-1-x-1ml\/#primaryimage"},"image":{"@id":"https:\/\/skin-heal.com\/product\/yvoire-contour-plus-1-x-1ml\/#primaryimage"},"thumbnailUrl":"https:\/\/cdn.skin-heal.com\/wp-content\/uploads\/2020\/08\/Yvoire-Contour-Plus.jpg","datePublished":"2020-08-12T15:22:15+00:00","dateModified":"2021-09-23T09:27:07+00:00","description":"Yvoire Contour Plus es un relleno d\u00e9rmico de LG Chem, que garantiza una correcci\u00f3n y un aumento del contorno facial de aspecto natural.","breadcrumb":{"@id":"https:\/\/skin-heal.com\/product\/yvoire-contour-plus-1-x-1ml\/#breadcrumb"},"inLanguage":"es","potentialAction":[{"@type":"ReadAction","target":["https:\/\/skin-heal.com\/product\/yvoire-contour-plus-1-x-1ml\/"]}]},{"@type":"ImageObject","inLanguage":"es","@id":"https:\/\/skin-heal.com\/product\/yvoire-contour-plus-1-x-1ml\/#primaryimage","url":"https:\/\/cdn.skin-heal.com\/wp-content\/uploads\/2020\/08\/Yvoire-Contour-Plus.jpg","contentUrl":"https:\/\/cdn.skin-heal.com\/wp-content\/uploads\/2020\/08\/Yvoire-Contour-Plus.jpg","width":600,"height":600,"caption":"Yvoire Contour Plus"},{"@type":"BreadcrumbList","@id":"https:\/\/skin-heal.com\/product\/yvoire-contour-plus-1-x-1ml\/#breadcrumb","itemListElement":[{"@type":"ListItem","position":1,"name":"Home","item":"https:\/\/skin-heal.com\/"},{"@type":"ListItem","position":2,"name":"Store","item":"https:\/\/skin-heal.com\/store\/"},{"@type":"ListItem","position":3,"name":"Yvoire Contour Plus (1 x 1ml)"}]},{"@type":"WebSite","@id":"https:\/\/skin-heal.com\/#website","url":"https:\/\/skin-heal.com\/","name":"Curaci\u00f3n de la piel","description":"Los precios m\u00e1s bajos para los rellenos d\u00e9rmicos","potentialAction":[{"@type":"SearchAction","target":{"@type":"EntryPoint","urlTemplate":"https:\/\/skin-heal.com\/?s={search_term_string}"},"query-input":{"@type":"PropertyValueSpecification","valueRequired":true,"valueName":"search_term_string"}}],"inLanguage":"es"}]}},"_links":{"self":[{"href":"https:\/\/skin-heal.com\/es\/wp-json\/wp\/v2\/product\/22931","targetHints":{"allow":["GET"]}}],"collection":[{"href":"https:\/\/skin-heal.com\/es\/wp-json\/wp\/v2\/product"}],"about":[{"href":"https:\/\/skin-heal.com\/es\/wp-json\/wp\/v2\/types\/product"}],"wp:featuredmedia":[{"embeddable":true,"href":"https:\/\/skin-heal.com\/es\/wp-json\/wp\/v2\/media\/22935"}],"wp:attachment":[{"href":"https:\/\/skin-heal.com\/es\/wp-json\/wp\/v2\/media?parent=22931"}],"wp:term":[{"taxonomy":"product_brand","embeddable":true,"href":"https:\/\/skin-heal.com\/es\/wp-json\/wp\/v2\/product_brand?post=22931"},{"taxonomy":"product_cat","embeddable":true,"href":"https:\/\/skin-heal.com\/es\/wp-json\/wp\/v2\/product_cat?post=22931"},{"taxonomy":"product_tag","embeddable":true,"href":"https:\/\/skin-heal.com\/es\/wp-json\/wp\/v2\/product_tag?post=22931"}],"curies":[{"name":"wp","href":"https:\/\/api.w.org\/{rel}","templated":true}]}}