{"id":22937,"date":"2020-08-12T15:23:31","date_gmt":"2020-08-12T15:23:31","guid":{"rendered":"https:\/\/skin-heal.com\/?post_type=product&#038;p=22937"},"modified":"2021-05-14T10:24:27","modified_gmt":"2021-05-14T10:24:27","slug":"yvoire-volume-plus-1-x-1ml","status":"publish","type":"product","link":"https:\/\/skin-heal.com\/es\/producto\/yvoire-volume-plus-1-x-1ml\/","title":{"rendered":"Yvoire Volume Plus (1 x 1ml)"},"content":{"rendered":"<p>Yvoire Volume Plus es la masilla \"media\" de la l\u00ednea de productos Yvoire de LG Chem. Su tama\u00f1o de part\u00edcula se encuentra entre el Classic y el Contour, al igual que su suavidad y tama\u00f1o de part\u00edcula. Inyectado profundamente bajo la piel, este relleno puede utilizarse para aumentar el volumen y mejorar el contorno del labio superior e inferior. Con \u00e9l se pueden conseguir excelentes resultados en la eliminaci\u00f3n de los pliegues nasolabiales profundos, pero a diferencia de otros rellenos \"profundos\" es lo suficientemente pensante como para ser utilizado en formas leves de Rinoplastia y puede proporcionar excelentes resultados cuando se aplica para el aumento del ment\u00f3n.<\/p>\n<p>\u00bfQu\u00e9 se incluye?<\/p>\n<p>Yvoire Volume Plus puede utilizarse directamente al sacarlo de la caja. El relleno viene en una jeringa precargada, que contiene 1ml de gel de \u00e1cido hialur\u00f3nico purificado (la concentraci\u00f3n es de 22mg\/ml) y dos agujas de inyecci\u00f3n. Est\u00e1n dentro de un recipiente de pl\u00e1stico esterilizado. No es necesario ning\u00fan inventario adicional y los m\u00e9dicos pueden inyectar el producto directamente, despu\u00e9s de la preparaci\u00f3n adecuada del paciente.<\/p>\n<p>Yvoire Volume Plus, al igual que la mayor\u00eda de los rellenos, se basa en HA de origen no animal, por lo que no presenta ning\u00fan riesgo para los pacientes, bar tales al\u00e9rgicos a la lidoca\u00edna. Sin embargo, se desaconseja su uso a las mujeres embarazadas o en periodo de lactancia. Normalmente, el gel es 100% biodegradable, ya que el \u00e1cido hialur\u00f3nico es natural para el cuerpo humano (es vital para los procesos de hidrataci\u00f3n de la piel).<\/p>","protected":false},"excerpt":{"rendered":"<p>LG Chem es uno de los principales fabricantes coreanos de productos m\u00e9dicos y cosm\u00e9ticos. Fieles al est\u00e1ndar de alta calidad de su empresa matriz, proporcionan a los m\u00e9dicos un gel de HA inyectable de primera calidad para la eliminaci\u00f3n de arrugas profundas y pliegues cut\u00e1neos, el aumento de los labios, as\u00ed como intervenciones en la zona de la barbilla y la nariz. Yvoire Volume Plus es un relleno con resultados de aspecto natural, una vez inyectado, y con un efecto duradero que mejorar\u00e1 de forma visible e inmediata el aspecto general del rostro del paciente.<\/p>","protected":false},"featured_media":22936,"template":"","meta":[],"product_brand":[],"product_cat":[79,126,127],"product_tag":[],"class_list":{"0":"post-22937","1":"product","2":"type-product","3":"status-publish","4":"has-post-thumbnail","6":"product_cat-dermal-fillers","7":"product_cat-lg-chem","8":"product_cat-yvoire","9":"clearfix","11":"first","12":"outofstock","13":"taxable","14":"shipping-taxable","15":"purchasable","16":"product-type-simple"},"yoast_head":"<!-- This site is optimized with the Yoast SEO plugin v27.3 - https:\/\/yoast.com\/product\/yoast-seo-wordpress\/ -->\n<title>Yvoire Volume Plus (1 x 1ml) - Skin Heal<\/title>\n<meta name=\"description\" content=\"With Yvoire Volume Plus you can successfully augment your patient\u2019s lip, but also improve their chin and fill deep nasolabial folds.\" \/>\n<meta name=\"robots\" content=\"index, follow, max-snippet:-1, max-image-preview:large, max-video-preview:-1\" \/>\n<link rel=\"canonical\" href=\"https:\/\/skin-heal.com\/es\/producto\/yvoire-volume-plus-1-x-1ml\/\" \/>\n<meta property=\"og:locale\" content=\"es_MX\" \/>\n<meta property=\"og:type\" content=\"article\" \/>\n<meta property=\"og:title\" content=\"Yvoire Volume Plus (1 x 1ml) - Skin Heal\" \/>\n<meta property=\"og:description\" content=\"With Yvoire Volume Plus you can successfully augment your patient\u2019s lip, but also improve their chin and fill deep nasolabial folds.\" \/>\n<meta property=\"og:url\" content=\"https:\/\/skin-heal.com\/es\/producto\/yvoire-volume-plus-1-x-1ml\/\" \/>\n<meta property=\"og:site_name\" content=\"Skin Heal\" \/>\n<meta property=\"article:modified_time\" content=\"2021-05-14T10:24:27+00:00\" \/>\n<meta property=\"og:image\" content=\"https:\/\/cdn.skin-heal.com\/wp-content\/uploads\/2020\/08\/Yvoire-Volume-Plus.jpg\" \/>\n\t<meta property=\"og:image:width\" content=\"600\" \/>\n\t<meta property=\"og:image:height\" content=\"600\" \/>\n\t<meta property=\"og:image:type\" content=\"image\/jpeg\" \/>\n<meta name=\"twitter:card\" content=\"summary_large_image\" \/>\n<meta name=\"twitter:label1\" content=\"Tiempo de lectura\" \/>\n\t<meta name=\"twitter:data1\" content=\"1 minuto\" \/>\n<script type=\"application\/ld+json\" class=\"yoast-schema-graph\">{\"@context\":\"https:\\\/\\\/schema.org\",\"@graph\":[{\"@type\":\"WebPage\",\"@id\":\"https:\\\/\\\/skin-heal.com\\\/product\\\/yvoire-volume-plus-1-x-1ml\\\/\",\"url\":\"https:\\\/\\\/skin-heal.com\\\/product\\\/yvoire-volume-plus-1-x-1ml\\\/\",\"name\":\"Yvoire Volume Plus (1 x 1ml) - Skin Heal\",\"isPartOf\":{\"@id\":\"https:\\\/\\\/skin-heal.com\\\/#website\"},\"primaryImageOfPage\":{\"@id\":\"https:\\\/\\\/skin-heal.com\\\/product\\\/yvoire-volume-plus-1-x-1ml\\\/#primaryimage\"},\"image\":{\"@id\":\"https:\\\/\\\/skin-heal.com\\\/product\\\/yvoire-volume-plus-1-x-1ml\\\/#primaryimage\"},\"thumbnailUrl\":\"https:\\\/\\\/skin-heal.com\\\/wp-content\\\/uploads\\\/2020\\\/08\\\/Yvoire-Volume-Plus.jpg\",\"datePublished\":\"2020-08-12T15:23:31+00:00\",\"dateModified\":\"2021-05-14T10:24:27+00:00\",\"description\":\"With Yvoire Volume Plus you can successfully augment your patient\u2019s lip, but also improve their chin and fill deep nasolabial folds.\",\"breadcrumb\":{\"@id\":\"https:\\\/\\\/skin-heal.com\\\/product\\\/yvoire-volume-plus-1-x-1ml\\\/#breadcrumb\"},\"inLanguage\":\"es\",\"potentialAction\":[{\"@type\":\"ReadAction\",\"target\":[\"https:\\\/\\\/skin-heal.com\\\/product\\\/yvoire-volume-plus-1-x-1ml\\\/\"]}]},{\"@type\":\"ImageObject\",\"inLanguage\":\"es\",\"@id\":\"https:\\\/\\\/skin-heal.com\\\/product\\\/yvoire-volume-plus-1-x-1ml\\\/#primaryimage\",\"url\":\"https:\\\/\\\/skin-heal.com\\\/wp-content\\\/uploads\\\/2020\\\/08\\\/Yvoire-Volume-Plus.jpg\",\"contentUrl\":\"https:\\\/\\\/skin-heal.com\\\/wp-content\\\/uploads\\\/2020\\\/08\\\/Yvoire-Volume-Plus.jpg\",\"width\":600,\"height\":600,\"caption\":\"Yvoire Volume Plus\"},{\"@type\":\"BreadcrumbList\",\"@id\":\"https:\\\/\\\/skin-heal.com\\\/product\\\/yvoire-volume-plus-1-x-1ml\\\/#breadcrumb\",\"itemListElement\":[{\"@type\":\"ListItem\",\"position\":1,\"name\":\"Home\",\"item\":\"https:\\\/\\\/skin-heal.com\\\/\"},{\"@type\":\"ListItem\",\"position\":2,\"name\":\"Store\",\"item\":\"https:\\\/\\\/skin-heal.com\\\/store\\\/\"},{\"@type\":\"ListItem\",\"position\":3,\"name\":\"Yvoire Volume Plus (1 x 1ml)\"}]},{\"@type\":\"WebSite\",\"@id\":\"https:\\\/\\\/skin-heal.com\\\/#website\",\"url\":\"https:\\\/\\\/skin-heal.com\\\/\",\"name\":\"Skin Heal\",\"description\":\"Lowest Prices for Dermal Fillers\",\"potentialAction\":[{\"@type\":\"SearchAction\",\"target\":{\"@type\":\"EntryPoint\",\"urlTemplate\":\"https:\\\/\\\/skin-heal.com\\\/?s={search_term_string}\"},\"query-input\":{\"@type\":\"PropertyValueSpecification\",\"valueRequired\":true,\"valueName\":\"search_term_string\"}}],\"inLanguage\":\"es\"}]}<\/script>\n<!-- \/ Yoast SEO plugin. -->","yoast_head_json":{"title":"Yvoire Volumen Plus (1 x 1ml) - Skin Heal","description":"Con Yvoire Volumen Plus puede aumentar con \u00e9xito el labio de su paciente, pero tambi\u00e9n mejorar su ment\u00f3n y rellenar los surcos nasogenianos profundos.","robots":{"index":"index","follow":"follow","max-snippet":"max-snippet:-1","max-image-preview":"max-image-preview:large","max-video-preview":"max-video-preview:-1"},"canonical":"https:\/\/skin-heal.com\/es\/producto\/yvoire-volume-plus-1-x-1ml\/","og_locale":"es_MX","og_type":"article","og_title":"Yvoire Volume Plus (1 x 1ml) - Skin Heal","og_description":"With Yvoire Volume Plus you can successfully augment your patient\u2019s lip, but also improve their chin and fill deep nasolabial folds.","og_url":"https:\/\/skin-heal.com\/es\/producto\/yvoire-volume-plus-1-x-1ml\/","og_site_name":"Skin Heal","article_modified_time":"2021-05-14T10:24:27+00:00","og_image":[{"width":600,"height":600,"url":"https:\/\/cdn.skin-heal.com\/wp-content\/uploads\/2020\/08\/Yvoire-Volume-Plus.jpg","type":"image\/jpeg"}],"twitter_card":"summary_large_image","twitter_misc":{"Tiempo de lectura":"1 minuto"},"schema":{"@context":"https:\/\/schema.org","@graph":[{"@type":"WebPage","@id":"https:\/\/skin-heal.com\/product\/yvoire-volume-plus-1-x-1ml\/","url":"https:\/\/skin-heal.com\/product\/yvoire-volume-plus-1-x-1ml\/","name":"Yvoire Volumen Plus (1 x 1ml) - Skin Heal","isPartOf":{"@id":"https:\/\/skin-heal.com\/#website"},"primaryImageOfPage":{"@id":"https:\/\/skin-heal.com\/product\/yvoire-volume-plus-1-x-1ml\/#primaryimage"},"image":{"@id":"https:\/\/skin-heal.com\/product\/yvoire-volume-plus-1-x-1ml\/#primaryimage"},"thumbnailUrl":"https:\/\/cdn.skin-heal.com\/wp-content\/uploads\/2020\/08\/Yvoire-Volume-Plus.jpg","datePublished":"2020-08-12T15:23:31+00:00","dateModified":"2021-05-14T10:24:27+00:00","description":"Con Yvoire Volumen Plus puede aumentar con \u00e9xito el labio de su paciente, pero tambi\u00e9n mejorar su ment\u00f3n y rellenar los surcos nasogenianos profundos.","breadcrumb":{"@id":"https:\/\/skin-heal.com\/product\/yvoire-volume-plus-1-x-1ml\/#breadcrumb"},"inLanguage":"es","potentialAction":[{"@type":"ReadAction","target":["https:\/\/skin-heal.com\/product\/yvoire-volume-plus-1-x-1ml\/"]}]},{"@type":"ImageObject","inLanguage":"es","@id":"https:\/\/skin-heal.com\/product\/yvoire-volume-plus-1-x-1ml\/#primaryimage","url":"https:\/\/cdn.skin-heal.com\/wp-content\/uploads\/2020\/08\/Yvoire-Volume-Plus.jpg","contentUrl":"https:\/\/cdn.skin-heal.com\/wp-content\/uploads\/2020\/08\/Yvoire-Volume-Plus.jpg","width":600,"height":600,"caption":"Yvoire Volume Plus"},{"@type":"BreadcrumbList","@id":"https:\/\/skin-heal.com\/product\/yvoire-volume-plus-1-x-1ml\/#breadcrumb","itemListElement":[{"@type":"ListItem","position":1,"name":"Home","item":"https:\/\/skin-heal.com\/"},{"@type":"ListItem","position":2,"name":"Store","item":"https:\/\/skin-heal.com\/store\/"},{"@type":"ListItem","position":3,"name":"Yvoire Volume Plus (1 x 1ml)"}]},{"@type":"WebSite","@id":"https:\/\/skin-heal.com\/#website","url":"https:\/\/skin-heal.com\/","name":"Curaci\u00f3n de la piel","description":"Los precios m\u00e1s bajos para los rellenos d\u00e9rmicos","potentialAction":[{"@type":"SearchAction","target":{"@type":"EntryPoint","urlTemplate":"https:\/\/skin-heal.com\/?s={search_term_string}"},"query-input":{"@type":"PropertyValueSpecification","valueRequired":true,"valueName":"search_term_string"}}],"inLanguage":"es"}]}},"_links":{"self":[{"href":"https:\/\/skin-heal.com\/es\/wp-json\/wp\/v2\/product\/22937","targetHints":{"allow":["GET"]}}],"collection":[{"href":"https:\/\/skin-heal.com\/es\/wp-json\/wp\/v2\/product"}],"about":[{"href":"https:\/\/skin-heal.com\/es\/wp-json\/wp\/v2\/types\/product"}],"wp:featuredmedia":[{"embeddable":true,"href":"https:\/\/skin-heal.com\/es\/wp-json\/wp\/v2\/media\/22936"}],"wp:attachment":[{"href":"https:\/\/skin-heal.com\/es\/wp-json\/wp\/v2\/media?parent=22937"}],"wp:term":[{"taxonomy":"product_brand","embeddable":true,"href":"https:\/\/skin-heal.com\/es\/wp-json\/wp\/v2\/product_brand?post=22937"},{"taxonomy":"product_cat","embeddable":true,"href":"https:\/\/skin-heal.com\/es\/wp-json\/wp\/v2\/product_cat?post=22937"},{"taxonomy":"product_tag","embeddable":true,"href":"https:\/\/skin-heal.com\/es\/wp-json\/wp\/v2\/product_tag?post=22937"}],"curies":[{"name":"wp","href":"https:\/\/api.w.org\/{rel}","templated":true}]}}