{"id":23232,"date":"2020-09-03T16:04:26","date_gmt":"2020-09-03T16:04:26","guid":{"rendered":"https:\/\/skin-heal.com\/?post_type=product&#038;p=23232"},"modified":"2022-07-28T07:21:02","modified_gmt":"2022-07-28T07:21:02","slug":"dermaheal-stem-crum-sr-5-x-5ml-pairs","status":"publish","type":"product","link":"https:\/\/skin-heal.com\/es\/producto\/dermaheal-stem-crum-sr-5-x-5ml-pairs\/","title":{"rendered":"Dermaheal Stem C'rum SR (5 pares de 5ml)"},"content":{"rendered":"<p>El objetivo principal de la mesoterapia Dermaheal Stem C'rum SR es ayudar con el principal problema relacionado con la piel de la mayor\u00eda de las personas: las arrugas. Ya sea el resultado de la edad, el estr\u00e9s, el mal estilo de vida o simplemente los factores ambientales como la contaminaci\u00f3n y la exposici\u00f3n al sol. La caracter\u00edstica principal de este problema es el bajo nivel de hidrataci\u00f3n de la piel, la disminuci\u00f3n significativa de la producci\u00f3n de col\u00e1geno y elastina y, generalmente, la desnutrici\u00f3n de la piel.<\/p>\n<p>Para combatir estas deficiencias, Dermaheal Stem C'rum SR introduce un potente complejo en la piel para su completo rejuvenecimiento:<\/p>\n<ul>\n<li>Extracto de medio condicionado de adipocitos humanos<\/li>\n<li>Niacinamida<\/li>\n<li>sh-Oligopeptide-1<\/li>\n<li>sh-Oligopeptide-2<\/li>\n<li>sh-Polip\u00e9ptido-1<\/li>\n<li>sh-Polip\u00e9ptido-2<\/li>\n<li>sh-Polip\u00e9ptido-5<\/li>\n<li>sh-Polip\u00e9ptido-1<\/li>\n<\/ul>\n<p>Los pacientes que hayan utilizado anteriormente los productos Dermaheal, especialmente el SR y el HSR, sabr\u00e1n lo beneficioso que es para la piel el complejo de p\u00e9ptidos especiales de Caregen. Sin embargo, la serie Stem C'rum toma el poder de las c\u00e9lulas madre y mejora el efecto general en t\u00e9rminos de resultados y duraci\u00f3n del rejuvenecimiento de la piel inmensamente.<\/p>\n<p>S\u00f3lo es necesario un procedimiento de inyecci\u00f3n\/aplicaci\u00f3n por semana y en 2-3 sesiones las pacientes sentir\u00e1n una diferencia notable en el estado de su piel. Un curso completo con Dermaheal Stem C'rum SR dura cinco semanas.<\/p>","protected":false},"excerpt":{"rendered":"<p>Dermaheal Stem C'rum SR es uno de los productos de mesoterapia para el rejuvenecimiento de la piel m\u00e1s potentes del mercado. Se trata de un complejo avanzado de p\u00e9ptidos, cuyo poder se potencia al combinarse con factores de crecimiento. La soluci\u00f3n de mesoterapia mejora el estado general de la piel, revierte el envejecimiento cut\u00e1neo y tiene un efecto saludable y beneficioso en m\u00faltiples niveles, incluyendo la restauraci\u00f3n de la elasticidad mediante el impulso de la producci\u00f3n de elastina, la atenuaci\u00f3n de las arrugas y la gran mejora de la retenci\u00f3n de humedad de la piel.<\/p>","protected":false},"featured_media":23235,"template":"","meta":[],"product_brand":[],"product_cat":[82,53,80],"product_tag":[],"class_list":{"0":"post-23232","1":"product","2":"type-product","3":"status-publish","4":"has-post-thumbnail","6":"product_cat-caregen","7":"product_cat-dermaheal","8":"product_cat-mesotherapy","9":"clearfix","11":"first","12":"outofstock","13":"taxable","14":"shipping-taxable","15":"purchasable","16":"product-type-simple"},"yoast_head":"<!-- This site is optimized with the Yoast SEO plugin v27.4 - https:\/\/yoast.com\/product\/yoast-seo-wordpress\/ -->\n<title>Dermaheal Stem C\u2019rum SR (5 x 5ml pairs) - Skin Heal<\/title>\n<meta name=\"description\" content=\"Skin rejuvenation is taken to the next level with Dermaheal Stem C\u2019rum SR \u2013 a powerful mesotherapy for skin hydration and wrinkle removal.\" \/>\n<meta name=\"robots\" content=\"index, follow, max-snippet:-1, max-image-preview:large, max-video-preview:-1\" \/>\n<link rel=\"canonical\" href=\"https:\/\/skin-heal.com\/es\/producto\/dermaheal-stem-crum-sr-5-x-5ml-pairs\/\" \/>\n<meta property=\"og:locale\" content=\"es_MX\" \/>\n<meta property=\"og:type\" content=\"article\" \/>\n<meta property=\"og:title\" content=\"Dermaheal Stem C\u2019rum SR (5 x 5ml pairs) - Skin Heal\" \/>\n<meta property=\"og:description\" content=\"Skin rejuvenation is taken to the next level with Dermaheal Stem C\u2019rum SR \u2013 a powerful mesotherapy for skin hydration and wrinkle removal.\" \/>\n<meta property=\"og:url\" content=\"https:\/\/skin-heal.com\/es\/producto\/dermaheal-stem-crum-sr-5-x-5ml-pairs\/\" \/>\n<meta property=\"og:site_name\" content=\"Skin Heal\" \/>\n<meta property=\"article:modified_time\" content=\"2022-07-28T07:21:02+00:00\" \/>\n<meta property=\"og:image\" content=\"https:\/\/cdn.skin-heal.com\/wp-content\/uploads\/2020\/09\/Dermaehal-Stem-Crum-SR.jpg\" \/>\n\t<meta property=\"og:image:width\" content=\"600\" \/>\n\t<meta property=\"og:image:height\" content=\"600\" \/>\n\t<meta property=\"og:image:type\" content=\"image\/jpeg\" \/>\n<meta name=\"twitter:card\" content=\"summary_large_image\" \/>\n<meta name=\"twitter:label1\" content=\"Tiempo de lectura\" \/>\n\t<meta name=\"twitter:data1\" content=\"1 minuto\" \/>\n<script type=\"application\/ld+json\" class=\"yoast-schema-graph\">{\"@context\":\"https:\\\/\\\/schema.org\",\"@graph\":[{\"@type\":\"WebPage\",\"@id\":\"https:\\\/\\\/skin-heal.com\\\/product\\\/dermaheal-stem-crum-sr-5-x-5ml-pairs\\\/\",\"url\":\"https:\\\/\\\/skin-heal.com\\\/product\\\/dermaheal-stem-crum-sr-5-x-5ml-pairs\\\/\",\"name\":\"Dermaheal Stem C\u2019rum SR (5 x 5ml pairs) - Skin Heal\",\"isPartOf\":{\"@id\":\"https:\\\/\\\/skin-heal.com\\\/#website\"},\"primaryImageOfPage\":{\"@id\":\"https:\\\/\\\/skin-heal.com\\\/product\\\/dermaheal-stem-crum-sr-5-x-5ml-pairs\\\/#primaryimage\"},\"image\":{\"@id\":\"https:\\\/\\\/skin-heal.com\\\/product\\\/dermaheal-stem-crum-sr-5-x-5ml-pairs\\\/#primaryimage\"},\"thumbnailUrl\":\"https:\\\/\\\/skin-heal.com\\\/wp-content\\\/uploads\\\/2020\\\/09\\\/Dermaehal-Stem-Crum-SR.jpg\",\"datePublished\":\"2020-09-03T16:04:26+00:00\",\"dateModified\":\"2022-07-28T07:21:02+00:00\",\"description\":\"Skin rejuvenation is taken to the next level with Dermaheal Stem C\u2019rum SR \u2013 a powerful mesotherapy for skin hydration and wrinkle removal.\",\"breadcrumb\":{\"@id\":\"https:\\\/\\\/skin-heal.com\\\/product\\\/dermaheal-stem-crum-sr-5-x-5ml-pairs\\\/#breadcrumb\"},\"inLanguage\":\"es\",\"potentialAction\":[{\"@type\":\"ReadAction\",\"target\":[\"https:\\\/\\\/skin-heal.com\\\/product\\\/dermaheal-stem-crum-sr-5-x-5ml-pairs\\\/\"]}]},{\"@type\":\"ImageObject\",\"inLanguage\":\"es\",\"@id\":\"https:\\\/\\\/skin-heal.com\\\/product\\\/dermaheal-stem-crum-sr-5-x-5ml-pairs\\\/#primaryimage\",\"url\":\"https:\\\/\\\/skin-heal.com\\\/wp-content\\\/uploads\\\/2020\\\/09\\\/Dermaehal-Stem-Crum-SR.jpg\",\"contentUrl\":\"https:\\\/\\\/skin-heal.com\\\/wp-content\\\/uploads\\\/2020\\\/09\\\/Dermaehal-Stem-Crum-SR.jpg\",\"width\":600,\"height\":600,\"caption\":\"Dermaehal Stem C'rum SR\"},{\"@type\":\"BreadcrumbList\",\"@id\":\"https:\\\/\\\/skin-heal.com\\\/product\\\/dermaheal-stem-crum-sr-5-x-5ml-pairs\\\/#breadcrumb\",\"itemListElement\":[{\"@type\":\"ListItem\",\"position\":1,\"name\":\"Home\",\"item\":\"https:\\\/\\\/skin-heal.com\\\/\"},{\"@type\":\"ListItem\",\"position\":2,\"name\":\"Store\",\"item\":\"https:\\\/\\\/skin-heal.com\\\/store\\\/\"},{\"@type\":\"ListItem\",\"position\":3,\"name\":\"Dermaheal Stem C\u2019rum SR (5 x 5ml pairs)\"}]},{\"@type\":\"WebSite\",\"@id\":\"https:\\\/\\\/skin-heal.com\\\/#website\",\"url\":\"https:\\\/\\\/skin-heal.com\\\/\",\"name\":\"Skin Heal\",\"description\":\"Lowest Prices for Dermal Fillers\",\"potentialAction\":[{\"@type\":\"SearchAction\",\"target\":{\"@type\":\"EntryPoint\",\"urlTemplate\":\"https:\\\/\\\/skin-heal.com\\\/?s={search_term_string}\"},\"query-input\":{\"@type\":\"PropertyValueSpecification\",\"valueRequired\":true,\"valueName\":\"search_term_string\"}}],\"inLanguage\":\"es\"}]}<\/script>\n<!-- \/ Yoast SEO plugin. -->","yoast_head_json":{"title":"Dermaheal Stem C'rum SR (5 x 5ml pares) - Skin Heal","description":"El rejuvenecimiento de la piel se lleva al siguiente nivel con Dermaheal Stem C'rum SR, una potente mesoterapia para la hidrataci\u00f3n de la piel y la eliminaci\u00f3n de arrugas.","robots":{"index":"index","follow":"follow","max-snippet":"max-snippet:-1","max-image-preview":"max-image-preview:large","max-video-preview":"max-video-preview:-1"},"canonical":"https:\/\/skin-heal.com\/es\/producto\/dermaheal-stem-crum-sr-5-x-5ml-pairs\/","og_locale":"es_MX","og_type":"article","og_title":"Dermaheal Stem C\u2019rum SR (5 x 5ml pairs) - Skin Heal","og_description":"Skin rejuvenation is taken to the next level with Dermaheal Stem C\u2019rum SR \u2013 a powerful mesotherapy for skin hydration and wrinkle removal.","og_url":"https:\/\/skin-heal.com\/es\/producto\/dermaheal-stem-crum-sr-5-x-5ml-pairs\/","og_site_name":"Skin Heal","article_modified_time":"2022-07-28T07:21:02+00:00","og_image":[{"width":600,"height":600,"url":"https:\/\/cdn.skin-heal.com\/wp-content\/uploads\/2020\/09\/Dermaehal-Stem-Crum-SR.jpg","type":"image\/jpeg"}],"twitter_card":"summary_large_image","twitter_misc":{"Tiempo de lectura":"1 minuto"},"schema":{"@context":"https:\/\/schema.org","@graph":[{"@type":"WebPage","@id":"https:\/\/skin-heal.com\/product\/dermaheal-stem-crum-sr-5-x-5ml-pairs\/","url":"https:\/\/skin-heal.com\/product\/dermaheal-stem-crum-sr-5-x-5ml-pairs\/","name":"Dermaheal Stem C'rum SR (5 x 5ml pares) - Skin Heal","isPartOf":{"@id":"https:\/\/skin-heal.com\/#website"},"primaryImageOfPage":{"@id":"https:\/\/skin-heal.com\/product\/dermaheal-stem-crum-sr-5-x-5ml-pairs\/#primaryimage"},"image":{"@id":"https:\/\/skin-heal.com\/product\/dermaheal-stem-crum-sr-5-x-5ml-pairs\/#primaryimage"},"thumbnailUrl":"https:\/\/cdn.skin-heal.com\/wp-content\/uploads\/2020\/09\/Dermaehal-Stem-Crum-SR.jpg","datePublished":"2020-09-03T16:04:26+00:00","dateModified":"2022-07-28T07:21:02+00:00","description":"El rejuvenecimiento de la piel se lleva al siguiente nivel con Dermaheal Stem C'rum SR, una potente mesoterapia para la hidrataci\u00f3n de la piel y la eliminaci\u00f3n de arrugas.","breadcrumb":{"@id":"https:\/\/skin-heal.com\/product\/dermaheal-stem-crum-sr-5-x-5ml-pairs\/#breadcrumb"},"inLanguage":"es","potentialAction":[{"@type":"ReadAction","target":["https:\/\/skin-heal.com\/product\/dermaheal-stem-crum-sr-5-x-5ml-pairs\/"]}]},{"@type":"ImageObject","inLanguage":"es","@id":"https:\/\/skin-heal.com\/product\/dermaheal-stem-crum-sr-5-x-5ml-pairs\/#primaryimage","url":"https:\/\/cdn.skin-heal.com\/wp-content\/uploads\/2020\/09\/Dermaehal-Stem-Crum-SR.jpg","contentUrl":"https:\/\/cdn.skin-heal.com\/wp-content\/uploads\/2020\/09\/Dermaehal-Stem-Crum-SR.jpg","width":600,"height":600,"caption":"Dermaehal Stem C'rum SR"},{"@type":"BreadcrumbList","@id":"https:\/\/skin-heal.com\/product\/dermaheal-stem-crum-sr-5-x-5ml-pairs\/#breadcrumb","itemListElement":[{"@type":"ListItem","position":1,"name":"Home","item":"https:\/\/skin-heal.com\/"},{"@type":"ListItem","position":2,"name":"Store","item":"https:\/\/skin-heal.com\/store\/"},{"@type":"ListItem","position":3,"name":"Dermaheal Stem C\u2019rum SR (5 x 5ml pairs)"}]},{"@type":"WebSite","@id":"https:\/\/skin-heal.com\/#website","url":"https:\/\/skin-heal.com\/","name":"Curaci\u00f3n de la piel","description":"Los precios m\u00e1s bajos para los rellenos d\u00e9rmicos","potentialAction":[{"@type":"SearchAction","target":{"@type":"EntryPoint","urlTemplate":"https:\/\/skin-heal.com\/?s={search_term_string}"},"query-input":{"@type":"PropertyValueSpecification","valueRequired":true,"valueName":"search_term_string"}}],"inLanguage":"es"}]}},"_links":{"self":[{"href":"https:\/\/skin-heal.com\/es\/wp-json\/wp\/v2\/product\/23232","targetHints":{"allow":["GET"]}}],"collection":[{"href":"https:\/\/skin-heal.com\/es\/wp-json\/wp\/v2\/product"}],"about":[{"href":"https:\/\/skin-heal.com\/es\/wp-json\/wp\/v2\/types\/product"}],"wp:featuredmedia":[{"embeddable":true,"href":"https:\/\/skin-heal.com\/es\/wp-json\/wp\/v2\/media\/23235"}],"wp:attachment":[{"href":"https:\/\/skin-heal.com\/es\/wp-json\/wp\/v2\/media?parent=23232"}],"wp:term":[{"taxonomy":"product_brand","embeddable":true,"href":"https:\/\/skin-heal.com\/es\/wp-json\/wp\/v2\/product_brand?post=23232"},{"taxonomy":"product_cat","embeddable":true,"href":"https:\/\/skin-heal.com\/es\/wp-json\/wp\/v2\/product_cat?post=23232"},{"taxonomy":"product_tag","embeddable":true,"href":"https:\/\/skin-heal.com\/es\/wp-json\/wp\/v2\/product_tag?post=23232"}],"curies":[{"name":"wp","href":"https:\/\/api.w.org\/{rel}","templated":true}]}}