{"id":23233,"date":"2020-09-03T16:05:18","date_gmt":"2020-09-03T16:05:18","guid":{"rendered":"https:\/\/skin-heal.com\/?post_type=product&#038;p=23233"},"modified":"2022-03-15T15:30:06","modified_gmt":"2022-03-15T15:30:06","slug":"dermaheal-stem-crum-6-x-6ml-pairs","status":"publish","type":"product","link":"https:\/\/skin-heal.com\/es\/producto\/dermaheal-stem-crum-6-x-6ml-pairs\/","title":{"rendered":"Dermaheal Stem C'rum - Liquidaci\u00f3n de existencias (Expira el 4 de febrero)"},"content":{"rendered":"<p>El secreto del Dermaheal Stem C'rum es la capacidad de administrar adecuadamente los p\u00e9ptidos y los factores de crecimiento en la piel. Utilizando una tecnolog\u00eda especial, patentada, de c\u00e1psula de doble capa, la soluci\u00f3n meso es absorbida mucho m\u00e1s eficazmente por la piel y con ella el extracto de c\u00e9lulas madre, los p\u00e9ptidos y los factores de crecimiento.<\/p>\n<p>Este complejo permite que la piel se autoregenere de forma eficaz y ayuda a combatir las arrugas, las l\u00edneas de expresi\u00f3n y la flacidez de la piel, al tiempo que mejora la hidrataci\u00f3n y potencia la producci\u00f3n de col\u00e1geno y elastina. Pero adem\u00e1s, ayuda a la piel cansada, \u00e1spera y da\u00f1ada a autorrepararse, ayuda a los tejidos a regenerarse y a las heridas de la piel a cerrarse m\u00e1s r\u00e1pidamente.<\/p>\n<p>Un efecto adicional de la combinaci\u00f3n de p\u00e9ptidos y extracto de c\u00e9lulas madre es la mejora del tono de la piel. La aplicaci\u00f3n de Dermaheal Stem C'rum previene la pigmentaci\u00f3n no deseada de la piel, pero tambi\u00e9n ayuda con las manchas de la piel y las zonas oscurecidas. La soluci\u00f3n meso es una herramienta eficaz contra la hiperpigmentaci\u00f3n de la piel.<\/p>\n<p>A diferencia de los dem\u00e1s productos de Stem C'rum, se trata de un curso intensivo de tratamiento de la piel: la sesi\u00f3n completa dura s\u00f3lo una semana, y es necesario utilizar una ampolla cada ma\u00f1ana y cada noche.<\/p>\n<h3>Ingredientes del Dermaheal Stem C'rum<\/h3>\n<ul>\n<li>Extracto de medio condicionado de adipocitos humanos<\/li>\n<li>Niacinamida<\/li>\n<li>sh-Oligopeptide-1<\/li>\n<li>sh-Oligopeptide-2<\/li>\n<li>sh-Polip\u00e9ptido-1<\/li>\n<li>sh-Polip\u00e9ptido-2<\/li>\n<li>sh-Polip\u00e9ptido-5<\/li>\n<li>sh-Polip\u00e9ptido-11<\/li>\n<\/ul>\n<p><em>*Tenga en cuenta que los productos en liquidaci\u00f3n disponibles caducan el 4 de febrero. La oferta solo es v\u00e1lida para los art\u00edculos disponibles.<br \/>\n<\/em><\/p>","protected":false},"excerpt":{"rendered":"<p>Dermaheal Stem C'rum es una soluci\u00f3n avanzada de mesoterapia y cuidado de la piel, que combina el poder de las c\u00e9lulas madre, derivadas a trav\u00e9s de la adiposidad, con un potente c\u00f3ctel de p\u00e9ptidos y factores de crecimiento, para ofrecer un efecto r\u00e1pido y duradero de rejuvenecimiento de la piel y antienvejecimiento, combinado con un eficaz ajuste de la pigmentaci\u00f3n de la piel y un tratamiento antimanchas. Cuando se aplican a la piel, los factores de crecimiento y los nutrientes estimulan la regeneraci\u00f3n de los tejidos, mejorando no s\u00f3lo la tersura de la piel sino su salud general.<\/p>","protected":false},"featured_media":23236,"template":"","meta":[],"product_brand":[],"product_cat":[82,53,80],"product_tag":[],"class_list":{"0":"post-23233","1":"product","2":"type-product","3":"status-publish","4":"has-post-thumbnail","6":"product_cat-caregen","7":"product_cat-dermaheal","8":"product_cat-mesotherapy","9":"clearfix","11":"first","12":"outofstock","13":"sale","14":"taxable","15":"shipping-taxable","16":"purchasable","17":"product-type-simple"},"yoast_head":"<!-- This site is optimized with the Yoast SEO plugin v27.4 - https:\/\/yoast.com\/product\/yoast-seo-wordpress\/ -->\n<title>Dermaheal Stem C\u2019rum - Stock Clearance (Expiring Feb 4th) - Skin Heal<\/title>\n<meta name=\"description\" content=\"Dermaheal Stem C\u2019rum uses adipose derived stem cell extract, combined with peptides and growth factors to rapidly improve the skin condition and pigmentation.\" \/>\n<meta name=\"robots\" content=\"index, follow, max-snippet:-1, max-image-preview:large, max-video-preview:-1\" \/>\n<link rel=\"canonical\" href=\"https:\/\/skin-heal.com\/es\/producto\/dermaheal-stem-crum-6-x-6ml-pairs\/\" \/>\n<meta property=\"og:locale\" content=\"es_MX\" \/>\n<meta property=\"og:type\" content=\"article\" \/>\n<meta property=\"og:title\" content=\"Dermaheal Stem C\u2019rum - Stock Clearance (Expiring Feb 4th) - Skin Heal\" \/>\n<meta property=\"og:description\" content=\"Dermaheal Stem C\u2019rum uses adipose derived stem cell extract, combined with peptides and growth factors to rapidly improve the skin condition and pigmentation.\" \/>\n<meta property=\"og:url\" content=\"https:\/\/skin-heal.com\/es\/producto\/dermaheal-stem-crum-6-x-6ml-pairs\/\" \/>\n<meta property=\"og:site_name\" content=\"Skin Heal\" \/>\n<meta property=\"article:modified_time\" content=\"2022-03-15T15:30:06+00:00\" \/>\n<meta property=\"og:image\" content=\"https:\/\/cdn.skin-heal.com\/wp-content\/uploads\/2020\/09\/Dermaheal-Stem-Crum.jpg\" \/>\n\t<meta property=\"og:image:width\" content=\"600\" \/>\n\t<meta property=\"og:image:height\" content=\"600\" \/>\n\t<meta property=\"og:image:type\" content=\"image\/jpeg\" \/>\n<meta name=\"twitter:card\" content=\"summary_large_image\" \/>\n<meta name=\"twitter:label1\" content=\"Tiempo de lectura\" \/>\n\t<meta name=\"twitter:data1\" content=\"1 minuto\" \/>\n<script type=\"application\/ld+json\" class=\"yoast-schema-graph\">{\"@context\":\"https:\\\/\\\/schema.org\",\"@graph\":[{\"@type\":\"WebPage\",\"@id\":\"https:\\\/\\\/skin-heal.com\\\/product\\\/dermaheal-stem-crum-6-x-6ml-pairs\\\/\",\"url\":\"https:\\\/\\\/skin-heal.com\\\/product\\\/dermaheal-stem-crum-6-x-6ml-pairs\\\/\",\"name\":\"Dermaheal Stem C\u2019rum - Stock Clearance (Expiring Feb 4th) - Skin Heal\",\"isPartOf\":{\"@id\":\"https:\\\/\\\/skin-heal.com\\\/#website\"},\"primaryImageOfPage\":{\"@id\":\"https:\\\/\\\/skin-heal.com\\\/product\\\/dermaheal-stem-crum-6-x-6ml-pairs\\\/#primaryimage\"},\"image\":{\"@id\":\"https:\\\/\\\/skin-heal.com\\\/product\\\/dermaheal-stem-crum-6-x-6ml-pairs\\\/#primaryimage\"},\"thumbnailUrl\":\"https:\\\/\\\/skin-heal.com\\\/wp-content\\\/uploads\\\/2020\\\/09\\\/Dermaheal-Stem-Crum.jpg\",\"datePublished\":\"2020-09-03T16:05:18+00:00\",\"dateModified\":\"2022-03-15T15:30:06+00:00\",\"description\":\"Dermaheal Stem C\u2019rum uses adipose derived stem cell extract, combined with peptides and growth factors to rapidly improve the skin condition and pigmentation.\",\"breadcrumb\":{\"@id\":\"https:\\\/\\\/skin-heal.com\\\/product\\\/dermaheal-stem-crum-6-x-6ml-pairs\\\/#breadcrumb\"},\"inLanguage\":\"es\",\"potentialAction\":[{\"@type\":\"ReadAction\",\"target\":[\"https:\\\/\\\/skin-heal.com\\\/product\\\/dermaheal-stem-crum-6-x-6ml-pairs\\\/\"]}]},{\"@type\":\"ImageObject\",\"inLanguage\":\"es\",\"@id\":\"https:\\\/\\\/skin-heal.com\\\/product\\\/dermaheal-stem-crum-6-x-6ml-pairs\\\/#primaryimage\",\"url\":\"https:\\\/\\\/skin-heal.com\\\/wp-content\\\/uploads\\\/2020\\\/09\\\/Dermaheal-Stem-Crum.jpg\",\"contentUrl\":\"https:\\\/\\\/skin-heal.com\\\/wp-content\\\/uploads\\\/2020\\\/09\\\/Dermaheal-Stem-Crum.jpg\",\"width\":600,\"height\":600,\"caption\":\"Dermaheal Stem C'rum\"},{\"@type\":\"BreadcrumbList\",\"@id\":\"https:\\\/\\\/skin-heal.com\\\/product\\\/dermaheal-stem-crum-6-x-6ml-pairs\\\/#breadcrumb\",\"itemListElement\":[{\"@type\":\"ListItem\",\"position\":1,\"name\":\"Home\",\"item\":\"https:\\\/\\\/skin-heal.com\\\/\"},{\"@type\":\"ListItem\",\"position\":2,\"name\":\"Store\",\"item\":\"https:\\\/\\\/skin-heal.com\\\/store\\\/\"},{\"@type\":\"ListItem\",\"position\":3,\"name\":\"Dermaheal Stem C\u2019rum &#8211; Stock Clearance (Expiring Feb 4th)\"}]},{\"@type\":\"WebSite\",\"@id\":\"https:\\\/\\\/skin-heal.com\\\/#website\",\"url\":\"https:\\\/\\\/skin-heal.com\\\/\",\"name\":\"Skin Heal\",\"description\":\"Lowest Prices for Dermal Fillers\",\"potentialAction\":[{\"@type\":\"SearchAction\",\"target\":{\"@type\":\"EntryPoint\",\"urlTemplate\":\"https:\\\/\\\/skin-heal.com\\\/?s={search_term_string}\"},\"query-input\":{\"@type\":\"PropertyValueSpecification\",\"valueRequired\":true,\"valueName\":\"search_term_string\"}}],\"inLanguage\":\"es\"}]}<\/script>\n<!-- \/ Yoast SEO plugin. -->","yoast_head_json":{"title":"Dermaheal Stem C'rum - Liquidaci\u00f3n de existencias (Expira el 4 de febrero) - Skin Heal","description":"Dermaheal Stem C'rum utiliza extracto de c\u00e9lulas madre derivadas de tejido adiposo, combinado con p\u00e9ptidos y factores de crecimiento para mejorar r\u00e1pidamente el estado de la piel y la pigmentaci\u00f3n.","robots":{"index":"index","follow":"follow","max-snippet":"max-snippet:-1","max-image-preview":"max-image-preview:large","max-video-preview":"max-video-preview:-1"},"canonical":"https:\/\/skin-heal.com\/es\/producto\/dermaheal-stem-crum-6-x-6ml-pairs\/","og_locale":"es_MX","og_type":"article","og_title":"Dermaheal Stem C\u2019rum - Stock Clearance (Expiring Feb 4th) - Skin Heal","og_description":"Dermaheal Stem C\u2019rum uses adipose derived stem cell extract, combined with peptides and growth factors to rapidly improve the skin condition and pigmentation.","og_url":"https:\/\/skin-heal.com\/es\/producto\/dermaheal-stem-crum-6-x-6ml-pairs\/","og_site_name":"Skin Heal","article_modified_time":"2022-03-15T15:30:06+00:00","og_image":[{"width":600,"height":600,"url":"https:\/\/cdn.skin-heal.com\/wp-content\/uploads\/2020\/09\/Dermaheal-Stem-Crum.jpg","type":"image\/jpeg"}],"twitter_card":"summary_large_image","twitter_misc":{"Tiempo de lectura":"1 minuto"},"schema":{"@context":"https:\/\/schema.org","@graph":[{"@type":"WebPage","@id":"https:\/\/skin-heal.com\/product\/dermaheal-stem-crum-6-x-6ml-pairs\/","url":"https:\/\/skin-heal.com\/product\/dermaheal-stem-crum-6-x-6ml-pairs\/","name":"Dermaheal Stem C'rum - Liquidaci\u00f3n de existencias (Expira el 4 de febrero) - Skin Heal","isPartOf":{"@id":"https:\/\/skin-heal.com\/#website"},"primaryImageOfPage":{"@id":"https:\/\/skin-heal.com\/product\/dermaheal-stem-crum-6-x-6ml-pairs\/#primaryimage"},"image":{"@id":"https:\/\/skin-heal.com\/product\/dermaheal-stem-crum-6-x-6ml-pairs\/#primaryimage"},"thumbnailUrl":"https:\/\/cdn.skin-heal.com\/wp-content\/uploads\/2020\/09\/Dermaheal-Stem-Crum.jpg","datePublished":"2020-09-03T16:05:18+00:00","dateModified":"2022-03-15T15:30:06+00:00","description":"Dermaheal Stem C'rum utiliza extracto de c\u00e9lulas madre derivadas de tejido adiposo, combinado con p\u00e9ptidos y factores de crecimiento para mejorar r\u00e1pidamente el estado de la piel y la pigmentaci\u00f3n.","breadcrumb":{"@id":"https:\/\/skin-heal.com\/product\/dermaheal-stem-crum-6-x-6ml-pairs\/#breadcrumb"},"inLanguage":"es","potentialAction":[{"@type":"ReadAction","target":["https:\/\/skin-heal.com\/product\/dermaheal-stem-crum-6-x-6ml-pairs\/"]}]},{"@type":"ImageObject","inLanguage":"es","@id":"https:\/\/skin-heal.com\/product\/dermaheal-stem-crum-6-x-6ml-pairs\/#primaryimage","url":"https:\/\/cdn.skin-heal.com\/wp-content\/uploads\/2020\/09\/Dermaheal-Stem-Crum.jpg","contentUrl":"https:\/\/cdn.skin-heal.com\/wp-content\/uploads\/2020\/09\/Dermaheal-Stem-Crum.jpg","width":600,"height":600,"caption":"Dermaheal Stem C'rum"},{"@type":"BreadcrumbList","@id":"https:\/\/skin-heal.com\/product\/dermaheal-stem-crum-6-x-6ml-pairs\/#breadcrumb","itemListElement":[{"@type":"ListItem","position":1,"name":"Home","item":"https:\/\/skin-heal.com\/"},{"@type":"ListItem","position":2,"name":"Store","item":"https:\/\/skin-heal.com\/store\/"},{"@type":"ListItem","position":3,"name":"Dermaheal Stem C\u2019rum &#8211; Stock Clearance (Expiring Feb 4th)"}]},{"@type":"WebSite","@id":"https:\/\/skin-heal.com\/#website","url":"https:\/\/skin-heal.com\/","name":"Curaci\u00f3n de la piel","description":"Los precios m\u00e1s bajos para los rellenos d\u00e9rmicos","potentialAction":[{"@type":"SearchAction","target":{"@type":"EntryPoint","urlTemplate":"https:\/\/skin-heal.com\/?s={search_term_string}"},"query-input":{"@type":"PropertyValueSpecification","valueRequired":true,"valueName":"search_term_string"}}],"inLanguage":"es"}]}},"_links":{"self":[{"href":"https:\/\/skin-heal.com\/es\/wp-json\/wp\/v2\/product\/23233","targetHints":{"allow":["GET"]}}],"collection":[{"href":"https:\/\/skin-heal.com\/es\/wp-json\/wp\/v2\/product"}],"about":[{"href":"https:\/\/skin-heal.com\/es\/wp-json\/wp\/v2\/types\/product"}],"wp:featuredmedia":[{"embeddable":true,"href":"https:\/\/skin-heal.com\/es\/wp-json\/wp\/v2\/media\/23236"}],"wp:attachment":[{"href":"https:\/\/skin-heal.com\/es\/wp-json\/wp\/v2\/media?parent=23233"}],"wp:term":[{"taxonomy":"product_brand","embeddable":true,"href":"https:\/\/skin-heal.com\/es\/wp-json\/wp\/v2\/product_brand?post=23233"},{"taxonomy":"product_cat","embeddable":true,"href":"https:\/\/skin-heal.com\/es\/wp-json\/wp\/v2\/product_cat?post=23233"},{"taxonomy":"product_tag","embeddable":true,"href":"https:\/\/skin-heal.com\/es\/wp-json\/wp\/v2\/product_tag?post=23233"}],"curies":[{"name":"wp","href":"https:\/\/api.w.org\/{rel}","templated":true}]}}