{"id":23234,"date":"2020-09-03T16:06:26","date_gmt":"2020-09-03T13:06:26","guid":{"rendered":"https:\/\/skin-heal.com\/?post_type=product&#038;p=23234"},"modified":"2022-12-15T18:43:39","modified_gmt":"2022-12-15T16:43:39","slug":"dermaheal-stem-crum-hl-5-x-5ml-pairs","status":"publish","type":"product","link":"https:\/\/skin-heal.com\/es\/producto\/dermaheal-stem-crum-hl-5-x-5ml-pairs\/","title":{"rendered":"Dermaheal Stem C'rum HL (5 pares de 5ml)"},"content":{"rendered":"<p>Dermaheal es una de las marcas m\u00e1s reconocidas de productos coreanos de mesoterapia y cuenta con varias l\u00edneas de soluciones profesionales de meso para una amplia variedad de tratamientos de la piel. Y aunque todos los productos de Caregen son conocidos por su eficacia, la l\u00ednea Steam C'rum realmente destaca. La mesoterapia antip\u00e9rdida de cabello HL, toma todos los p\u00e9ptidos beneficiosos utilizados por el producto base y amplifica a\u00fan m\u00e1s el efecto a\u00f1adiendo Extracto de Medio Acondicionado de Adipocitos Humanos.<\/p>\n<p>En el transcurso de varias semanas de tratamiento, los pacientes experimentar\u00e1n una notable mejora en el estado general de su cabello y su cuero cabelludo. Dermaheal Stem C'rum HL mejorar\u00e1 enormemente la hidrataci\u00f3n y la circulaci\u00f3n sangu\u00ednea del cuero cabelludo (con el beneficio a\u00f1adido del efecto anticaspa). Adem\u00e1s, los pacientes experimentar\u00e1n un potente impulso en los fol\u00edculos, lo que a su vez mejorar\u00e1 la regeneraci\u00f3n y el recrecimiento del cabello. Esta mesoterapia capilar es eficaz en el tratamiento de la p\u00e9rdida de cabello relacionada con la edad y las hormonas, as\u00ed como del cabello debilitado y\/o que se cae como consecuencia del estr\u00e9s o de factores ambientales.<\/p>\n<h3>Dermaheal Stem C'rum HL - Ingredientes<\/h3>\n<ul>\n<li>Extracto de medio condicionado de adipocitos humanos<\/li>\n<li>Biotina<\/li>\n<li>Trip\u00e9ptido de cobre-1<\/li>\n<li>sh-Oligopeptide-2 (CG-IGF1)<\/li>\n<li>sh-Polip\u00e9ptido-1 (CG-bFGF)<\/li>\n<li>sh-Polip\u00e9ptido-9 (CG-VEGF)<\/li>\n<\/ul>","protected":false},"excerpt":{"rendered":"<p>El Dermaheal Stem C'rum HL toma el poder del HL normal y lo magnifica inmensamente. Se trata de una de las soluciones m\u00e1s eficaces y fiables para prevenir y detener la ca\u00edda del cabello disponibles en el mercado. Esta mesoterapia mejorar\u00e1 el estado general de la piel del cuero cabelludo y fortalecer\u00e1 el cabello, al tiempo que potenciar\u00e1 la salud de los fol\u00edculos. El uso de Dermaheal Stem C'rum HL para la terapia antica\u00edda proporcionar\u00e1 resultados viables y duraderos.<\/p>","protected":false},"featured_media":23237,"template":"","meta":[],"product_brand":[],"product_cat":[82,53,80],"product_tag":[],"class_list":{"0":"post-23234","1":"product","2":"type-product","3":"status-publish","4":"has-post-thumbnail","6":"product_cat-caregen","7":"product_cat-dermaheal","8":"product_cat-mesotherapy","9":"clearfix","11":"first","12":"outofstock","13":"taxable","14":"shipping-taxable","15":"purchasable","16":"product-type-simple"},"yoast_head":"<!-- This site is optimized with the Yoast SEO plugin v27.3 - https:\/\/yoast.com\/product\/yoast-seo-wordpress\/ -->\n<title>Dermaheal Stem C\u2019rum HL (5 x 5ml pairs) - Skin Heal<\/title>\n<meta name=\"description\" content=\"Dermaheal Steam C\u2019rum HL si a next generation anti-hair loss mesotherapy, which gives fast and noticeable results in hair and scalp health restoration.\" \/>\n<meta name=\"robots\" content=\"index, follow, max-snippet:-1, max-image-preview:large, max-video-preview:-1\" \/>\n<link rel=\"canonical\" href=\"https:\/\/skin-heal.com\/es\/producto\/dermaheal-stem-crum-hl-5-x-5ml-pairs\/\" \/>\n<meta property=\"og:locale\" content=\"es_MX\" \/>\n<meta property=\"og:type\" content=\"article\" \/>\n<meta property=\"og:title\" content=\"Dermaheal Stem C\u2019rum HL (5 x 5ml pairs) - Skin Heal\" \/>\n<meta property=\"og:description\" content=\"Dermaheal Steam C\u2019rum HL si a next generation anti-hair loss mesotherapy, which gives fast and noticeable results in hair and scalp health restoration.\" \/>\n<meta property=\"og:url\" content=\"https:\/\/skin-heal.com\/es\/producto\/dermaheal-stem-crum-hl-5-x-5ml-pairs\/\" \/>\n<meta property=\"og:site_name\" content=\"Skin Heal\" \/>\n<meta property=\"article:modified_time\" content=\"2022-12-15T16:43:39+00:00\" \/>\n<meta property=\"og:image\" content=\"https:\/\/cdn.skin-heal.com\/wp-content\/uploads\/2020\/09\/Dermaheal-Stem-Crum-HL.jpg\" \/>\n\t<meta property=\"og:image:width\" content=\"600\" \/>\n\t<meta property=\"og:image:height\" content=\"600\" \/>\n\t<meta property=\"og:image:type\" content=\"image\/jpeg\" \/>\n<meta name=\"twitter:card\" content=\"summary_large_image\" \/>\n<meta name=\"twitter:label1\" content=\"Tiempo de lectura\" \/>\n\t<meta name=\"twitter:data1\" content=\"1 minuto\" \/>\n<script type=\"application\/ld+json\" class=\"yoast-schema-graph\">{\"@context\":\"https:\\\/\\\/schema.org\",\"@graph\":[{\"@type\":\"WebPage\",\"@id\":\"https:\\\/\\\/skin-heal.com\\\/product\\\/dermaheal-stem-crum-hl-5-x-5ml-pairs\\\/\",\"url\":\"https:\\\/\\\/skin-heal.com\\\/product\\\/dermaheal-stem-crum-hl-5-x-5ml-pairs\\\/\",\"name\":\"Dermaheal Stem C\u2019rum HL (5 x 5ml pairs) - Skin Heal\",\"isPartOf\":{\"@id\":\"https:\\\/\\\/skin-heal.com\\\/#website\"},\"primaryImageOfPage\":{\"@id\":\"https:\\\/\\\/skin-heal.com\\\/product\\\/dermaheal-stem-crum-hl-5-x-5ml-pairs\\\/#primaryimage\"},\"image\":{\"@id\":\"https:\\\/\\\/skin-heal.com\\\/product\\\/dermaheal-stem-crum-hl-5-x-5ml-pairs\\\/#primaryimage\"},\"thumbnailUrl\":\"https:\\\/\\\/skin-heal.com\\\/wp-content\\\/uploads\\\/2020\\\/09\\\/Dermaheal-Stem-Crum-HL.jpg\",\"datePublished\":\"2020-09-03T13:06:26+00:00\",\"dateModified\":\"2022-12-15T16:43:39+00:00\",\"description\":\"Dermaheal Steam C\u2019rum HL si a next generation anti-hair loss mesotherapy, which gives fast and noticeable results in hair and scalp health restoration.\",\"breadcrumb\":{\"@id\":\"https:\\\/\\\/skin-heal.com\\\/product\\\/dermaheal-stem-crum-hl-5-x-5ml-pairs\\\/#breadcrumb\"},\"inLanguage\":\"es\",\"potentialAction\":[{\"@type\":\"ReadAction\",\"target\":[\"https:\\\/\\\/skin-heal.com\\\/product\\\/dermaheal-stem-crum-hl-5-x-5ml-pairs\\\/\"]}]},{\"@type\":\"ImageObject\",\"inLanguage\":\"es\",\"@id\":\"https:\\\/\\\/skin-heal.com\\\/product\\\/dermaheal-stem-crum-hl-5-x-5ml-pairs\\\/#primaryimage\",\"url\":\"https:\\\/\\\/skin-heal.com\\\/wp-content\\\/uploads\\\/2020\\\/09\\\/Dermaheal-Stem-Crum-HL.jpg\",\"contentUrl\":\"https:\\\/\\\/skin-heal.com\\\/wp-content\\\/uploads\\\/2020\\\/09\\\/Dermaheal-Stem-Crum-HL.jpg\",\"width\":600,\"height\":600,\"caption\":\"Dermaheal Stem C'rum HL\"},{\"@type\":\"BreadcrumbList\",\"@id\":\"https:\\\/\\\/skin-heal.com\\\/product\\\/dermaheal-stem-crum-hl-5-x-5ml-pairs\\\/#breadcrumb\",\"itemListElement\":[{\"@type\":\"ListItem\",\"position\":1,\"name\":\"Home\",\"item\":\"https:\\\/\\\/skin-heal.com\\\/\"},{\"@type\":\"ListItem\",\"position\":2,\"name\":\"Store\",\"item\":\"https:\\\/\\\/skin-heal.com\\\/store\\\/\"},{\"@type\":\"ListItem\",\"position\":3,\"name\":\"Dermaheal Stem C\u2019rum HL (5 x 5ml pairs)\"}]},{\"@type\":\"WebSite\",\"@id\":\"https:\\\/\\\/skin-heal.com\\\/#website\",\"url\":\"https:\\\/\\\/skin-heal.com\\\/\",\"name\":\"Skin Heal\",\"description\":\"Lowest Prices for Dermal Fillers\",\"potentialAction\":[{\"@type\":\"SearchAction\",\"target\":{\"@type\":\"EntryPoint\",\"urlTemplate\":\"https:\\\/\\\/skin-heal.com\\\/?s={search_term_string}\"},\"query-input\":{\"@type\":\"PropertyValueSpecification\",\"valueRequired\":true,\"valueName\":\"search_term_string\"}}],\"inLanguage\":\"es\"}]}<\/script>\n<!-- \/ Yoast SEO plugin. -->","yoast_head_json":{"title":"Dermaheal Stem C'rum HL (5 x 5ml pares) - Skin Heal","description":"Dermaheal Steam C'rum HL si una mesoterapia antica\u00edda de \u00faltima generaci\u00f3n, que proporciona resultados r\u00e1pidos y notables en la restauraci\u00f3n de la salud del cabello y el cuero cabelludo.","robots":{"index":"index","follow":"follow","max-snippet":"max-snippet:-1","max-image-preview":"max-image-preview:large","max-video-preview":"max-video-preview:-1"},"canonical":"https:\/\/skin-heal.com\/es\/producto\/dermaheal-stem-crum-hl-5-x-5ml-pairs\/","og_locale":"es_MX","og_type":"article","og_title":"Dermaheal Stem C\u2019rum HL (5 x 5ml pairs) - Skin Heal","og_description":"Dermaheal Steam C\u2019rum HL si a next generation anti-hair loss mesotherapy, which gives fast and noticeable results in hair and scalp health restoration.","og_url":"https:\/\/skin-heal.com\/es\/producto\/dermaheal-stem-crum-hl-5-x-5ml-pairs\/","og_site_name":"Skin Heal","article_modified_time":"2022-12-15T16:43:39+00:00","og_image":[{"width":600,"height":600,"url":"https:\/\/cdn.skin-heal.com\/wp-content\/uploads\/2020\/09\/Dermaheal-Stem-Crum-HL.jpg","type":"image\/jpeg"}],"twitter_card":"summary_large_image","twitter_misc":{"Tiempo de lectura":"1 minuto"},"schema":{"@context":"https:\/\/schema.org","@graph":[{"@type":"WebPage","@id":"https:\/\/skin-heal.com\/product\/dermaheal-stem-crum-hl-5-x-5ml-pairs\/","url":"https:\/\/skin-heal.com\/product\/dermaheal-stem-crum-hl-5-x-5ml-pairs\/","name":"Dermaheal Stem C'rum HL (5 x 5ml pares) - Skin Heal","isPartOf":{"@id":"https:\/\/skin-heal.com\/#website"},"primaryImageOfPage":{"@id":"https:\/\/skin-heal.com\/product\/dermaheal-stem-crum-hl-5-x-5ml-pairs\/#primaryimage"},"image":{"@id":"https:\/\/skin-heal.com\/product\/dermaheal-stem-crum-hl-5-x-5ml-pairs\/#primaryimage"},"thumbnailUrl":"https:\/\/cdn.skin-heal.com\/wp-content\/uploads\/2020\/09\/Dermaheal-Stem-Crum-HL.jpg","datePublished":"2020-09-03T13:06:26+00:00","dateModified":"2022-12-15T16:43:39+00:00","description":"Dermaheal Steam C'rum HL si una mesoterapia antica\u00edda de \u00faltima generaci\u00f3n, que proporciona resultados r\u00e1pidos y notables en la restauraci\u00f3n de la salud del cabello y el cuero cabelludo.","breadcrumb":{"@id":"https:\/\/skin-heal.com\/product\/dermaheal-stem-crum-hl-5-x-5ml-pairs\/#breadcrumb"},"inLanguage":"es","potentialAction":[{"@type":"ReadAction","target":["https:\/\/skin-heal.com\/product\/dermaheal-stem-crum-hl-5-x-5ml-pairs\/"]}]},{"@type":"ImageObject","inLanguage":"es","@id":"https:\/\/skin-heal.com\/product\/dermaheal-stem-crum-hl-5-x-5ml-pairs\/#primaryimage","url":"https:\/\/cdn.skin-heal.com\/wp-content\/uploads\/2020\/09\/Dermaheal-Stem-Crum-HL.jpg","contentUrl":"https:\/\/cdn.skin-heal.com\/wp-content\/uploads\/2020\/09\/Dermaheal-Stem-Crum-HL.jpg","width":600,"height":600,"caption":"Dermaheal Stem C'rum HL"},{"@type":"BreadcrumbList","@id":"https:\/\/skin-heal.com\/product\/dermaheal-stem-crum-hl-5-x-5ml-pairs\/#breadcrumb","itemListElement":[{"@type":"ListItem","position":1,"name":"Home","item":"https:\/\/skin-heal.com\/"},{"@type":"ListItem","position":2,"name":"Store","item":"https:\/\/skin-heal.com\/store\/"},{"@type":"ListItem","position":3,"name":"Dermaheal Stem C\u2019rum HL (5 x 5ml pairs)"}]},{"@type":"WebSite","@id":"https:\/\/skin-heal.com\/#website","url":"https:\/\/skin-heal.com\/","name":"Curaci\u00f3n de la piel","description":"Los precios m\u00e1s bajos para los rellenos d\u00e9rmicos","potentialAction":[{"@type":"SearchAction","target":{"@type":"EntryPoint","urlTemplate":"https:\/\/skin-heal.com\/?s={search_term_string}"},"query-input":{"@type":"PropertyValueSpecification","valueRequired":true,"valueName":"search_term_string"}}],"inLanguage":"es"}]}},"_links":{"self":[{"href":"https:\/\/skin-heal.com\/es\/wp-json\/wp\/v2\/product\/23234","targetHints":{"allow":["GET"]}}],"collection":[{"href":"https:\/\/skin-heal.com\/es\/wp-json\/wp\/v2\/product"}],"about":[{"href":"https:\/\/skin-heal.com\/es\/wp-json\/wp\/v2\/types\/product"}],"wp:featuredmedia":[{"embeddable":true,"href":"https:\/\/skin-heal.com\/es\/wp-json\/wp\/v2\/media\/23237"}],"wp:attachment":[{"href":"https:\/\/skin-heal.com\/es\/wp-json\/wp\/v2\/media?parent=23234"}],"wp:term":[{"taxonomy":"product_brand","embeddable":true,"href":"https:\/\/skin-heal.com\/es\/wp-json\/wp\/v2\/product_brand?post=23234"},{"taxonomy":"product_cat","embeddable":true,"href":"https:\/\/skin-heal.com\/es\/wp-json\/wp\/v2\/product_cat?post=23234"},{"taxonomy":"product_tag","embeddable":true,"href":"https:\/\/skin-heal.com\/es\/wp-json\/wp\/v2\/product_tag?post=23234"}],"curies":[{"name":"wp","href":"https:\/\/api.w.org\/{rel}","templated":true}]}}