{"id":23388,"date":"2020-09-11T15:55:10","date_gmt":"2020-09-11T12:55:10","guid":{"rendered":"https:\/\/skin-heal.com\/?post_type=product&#038;p=23388"},"modified":"2024-03-25T15:54:21","modified_gmt":"2024-03-25T13:54:21","slug":"bonetta-filler-fine-2-x-1ml","status":"publish","type":"product","link":"https:\/\/skin-heal.com\/es\/producto\/bonetta-filler-fine-2-x-1ml\/","title":{"rendered":"Bonetta Filler Fine (2 x 1ml)"},"content":{"rendered":"<h3>Principales usos de Bonetta Filler Fine<\/h3>\n<p>Como relleno blando que contiene HA, Bonetta Filler Fine es f\u00e1cil y r\u00e1pido de inyectar. Normalmente, los cirujanos pl\u00e1sticos certificados completan el procedimiento durante media hora. Despu\u00e9s, los pacientes pueden volver a sus actividades cotidianas, ya que la terapia no requiere tiempo de inactividad.<\/p>\n<p>Como el producto tiene una textura suave, no puede a\u00f1adir mucho volumen bajo la piel. Por lo tanto, este relleno d\u00e9rmico no es capaz de mejorar el contorno facial. En cambio, s\u00ed lo har\u00e1 <strong>suavizar las l\u00edneas de expresi\u00f3n<\/strong> en la cara y el cuello. Adem\u00e1s, hidratar\u00e1 la piel desde el interior y <em>aumentar la producci\u00f3n de col\u00e1geno<\/em>.<\/p>\n<ul>\n<li>Hidrataci\u00f3n natural de la piel y los labios<\/li>\n<li>Correcci\u00f3n de los pliegues finos de la frente<\/li>\n<li>Reducci\u00f3n de las arrugas del ce\u00f1o<\/li>\n<li>Eliminaci\u00f3n de las patas de gallo<\/li>\n<li>Rejuvenecimiento de manos<\/li>\n<li>Tratamiento de la l\u00ednea del cuello<\/li>\n<\/ul>\n<h3>\u00bfQu\u00e9 durabilidad tiene este relleno de HA?<\/h3>\n<p>En comparaci\u00f3n con otros rellenos blandos, \u00e9ste es m\u00e1s duradero. En la mayor\u00eda de los casos, los efectos antiarrugas de Bonetta Filler Fine desaparecen <u>6-8 meses<\/u> despu\u00e9s del primer tratamiento. Aun as\u00ed, incluso entonces su rostro se mantendr\u00e1 joven, ya que el producto hace las veces de inyecci\u00f3n de relleno y de soluci\u00f3n de mesoterapia.<\/p>","protected":false},"excerpt":{"rendered":"<p>Bonetta Filler Fine es un <strong>Relleno de \u00e1cido hialur\u00f3nico<\/strong> que tiene poderes antienvejecimiento. Por un lado, hidrata y revitaliza la piel. Por otro lado, el producto elimina las l\u00edneas de expresi\u00f3n de forma inmediata y sin causar dolor al paciente. En consecuencia, esta inyecci\u00f3n coreana de AH es ideal para las personas que desean prevenir o reducir la aparici\u00f3n de las <em>primeros signos de envejecimiento<\/em>.<\/p>","protected":false},"featured_media":23392,"template":"","meta":[],"product_brand":[],"product_cat":[128,79],"product_tag":[],"class_list":{"0":"post-23388","1":"product","2":"type-product","3":"status-publish","4":"has-post-thumbnail","6":"product_cat-bonetta","7":"product_cat-dermal-fillers","8":"clearfix","10":"first","11":"outofstock","12":"taxable","13":"shipping-taxable","14":"purchasable","15":"product-type-simple"},"yoast_head":"<!-- This site is optimized with the Yoast SEO plugin v27.4 - https:\/\/yoast.com\/product\/yoast-seo-wordpress\/ -->\n<title>Bonetta Filler Fine (2 x 1ml) - Skin Heal<\/title>\n<meta name=\"description\" content=\"Bonetta Filler Fine is an HA filler with anti-aging powers. Its soft texture makes it ideal for people who want to correct the first signs of aging.\" \/>\n<meta name=\"robots\" content=\"index, follow, max-snippet:-1, max-image-preview:large, max-video-preview:-1\" \/>\n<link rel=\"canonical\" href=\"https:\/\/skin-heal.com\/es\/producto\/bonetta-filler-fine-2-x-1ml\/\" \/>\n<meta property=\"og:locale\" content=\"es_MX\" \/>\n<meta property=\"og:type\" content=\"article\" \/>\n<meta property=\"og:title\" content=\"Bonetta Filler Fine (2 x 1ml) - Skin Heal\" \/>\n<meta property=\"og:description\" content=\"Bonetta Filler Fine is an HA filler with anti-aging powers. Its soft texture makes it ideal for people who want to correct the first signs of aging.\" \/>\n<meta property=\"og:url\" content=\"https:\/\/skin-heal.com\/es\/producto\/bonetta-filler-fine-2-x-1ml\/\" \/>\n<meta property=\"og:site_name\" content=\"Skin Heal\" \/>\n<meta property=\"article:modified_time\" content=\"2024-03-25T13:54:21+00:00\" \/>\n<meta property=\"og:image\" content=\"https:\/\/cdn.skin-heal.com\/wp-content\/uploads\/2020\/09\/Bonetta-Filler-Fine.jpg\" \/>\n\t<meta property=\"og:image:width\" content=\"600\" \/>\n\t<meta property=\"og:image:height\" content=\"600\" \/>\n\t<meta property=\"og:image:type\" content=\"image\/jpeg\" \/>\n<meta name=\"twitter:card\" content=\"summary_large_image\" \/>\n<meta name=\"twitter:label1\" content=\"Tiempo de lectura\" \/>\n\t<meta name=\"twitter:data1\" content=\"1 minuto\" \/>\n<script type=\"application\/ld+json\" class=\"yoast-schema-graph\">{\"@context\":\"https:\\\/\\\/schema.org\",\"@graph\":[{\"@type\":\"WebPage\",\"@id\":\"https:\\\/\\\/skin-heal.com\\\/product\\\/bonetta-filler-fine-2-x-1ml\\\/\",\"url\":\"https:\\\/\\\/skin-heal.com\\\/product\\\/bonetta-filler-fine-2-x-1ml\\\/\",\"name\":\"Bonetta Filler Fine (2 x 1ml) - Skin Heal\",\"isPartOf\":{\"@id\":\"https:\\\/\\\/skin-heal.com\\\/#website\"},\"primaryImageOfPage\":{\"@id\":\"https:\\\/\\\/skin-heal.com\\\/product\\\/bonetta-filler-fine-2-x-1ml\\\/#primaryimage\"},\"image\":{\"@id\":\"https:\\\/\\\/skin-heal.com\\\/product\\\/bonetta-filler-fine-2-x-1ml\\\/#primaryimage\"},\"thumbnailUrl\":\"https:\\\/\\\/skin-heal.com\\\/wp-content\\\/uploads\\\/2020\\\/09\\\/Bonetta-Filler-Fine.jpg\",\"datePublished\":\"2020-09-11T12:55:10+00:00\",\"dateModified\":\"2024-03-25T13:54:21+00:00\",\"description\":\"Bonetta Filler Fine is an HA filler with anti-aging powers. Its soft texture makes it ideal for people who want to correct the first signs of aging.\",\"breadcrumb\":{\"@id\":\"https:\\\/\\\/skin-heal.com\\\/product\\\/bonetta-filler-fine-2-x-1ml\\\/#breadcrumb\"},\"inLanguage\":\"es\",\"potentialAction\":[{\"@type\":\"ReadAction\",\"target\":[\"https:\\\/\\\/skin-heal.com\\\/product\\\/bonetta-filler-fine-2-x-1ml\\\/\"]}]},{\"@type\":\"ImageObject\",\"inLanguage\":\"es\",\"@id\":\"https:\\\/\\\/skin-heal.com\\\/product\\\/bonetta-filler-fine-2-x-1ml\\\/#primaryimage\",\"url\":\"https:\\\/\\\/skin-heal.com\\\/wp-content\\\/uploads\\\/2020\\\/09\\\/Bonetta-Filler-Fine.jpg\",\"contentUrl\":\"https:\\\/\\\/skin-heal.com\\\/wp-content\\\/uploads\\\/2020\\\/09\\\/Bonetta-Filler-Fine.jpg\",\"width\":600,\"height\":600,\"caption\":\"Bonetta Filler Fine\"},{\"@type\":\"BreadcrumbList\",\"@id\":\"https:\\\/\\\/skin-heal.com\\\/product\\\/bonetta-filler-fine-2-x-1ml\\\/#breadcrumb\",\"itemListElement\":[{\"@type\":\"ListItem\",\"position\":1,\"name\":\"Home\",\"item\":\"https:\\\/\\\/skin-heal.com\\\/\"},{\"@type\":\"ListItem\",\"position\":2,\"name\":\"Store\",\"item\":\"https:\\\/\\\/skin-heal.com\\\/store\\\/\"},{\"@type\":\"ListItem\",\"position\":3,\"name\":\"Bonetta Filler Fine (2 x 1ml)\"}]},{\"@type\":\"WebSite\",\"@id\":\"https:\\\/\\\/skin-heal.com\\\/#website\",\"url\":\"https:\\\/\\\/skin-heal.com\\\/\",\"name\":\"Skin Heal\",\"description\":\"Lowest Prices for Dermal Fillers\",\"potentialAction\":[{\"@type\":\"SearchAction\",\"target\":{\"@type\":\"EntryPoint\",\"urlTemplate\":\"https:\\\/\\\/skin-heal.com\\\/?s={search_term_string}\"},\"query-input\":{\"@type\":\"PropertyValueSpecification\",\"valueRequired\":true,\"valueName\":\"search_term_string\"}}],\"inLanguage\":\"es\"}]}<\/script>\n<!-- \/ Yoast SEO plugin. -->","yoast_head_json":{"title":"Bonetta Filler Fino (2 x 1ml) - Skin Heal","description":"Bonetta Filler Fine es un relleno de HA con poderes antienvejecimiento. Su textura suave lo hace ideal para las personas que desean corregir los primeros signos de envejecimiento.","robots":{"index":"index","follow":"follow","max-snippet":"max-snippet:-1","max-image-preview":"max-image-preview:large","max-video-preview":"max-video-preview:-1"},"canonical":"https:\/\/skin-heal.com\/es\/producto\/bonetta-filler-fine-2-x-1ml\/","og_locale":"es_MX","og_type":"article","og_title":"Bonetta Filler Fine (2 x 1ml) - Skin Heal","og_description":"Bonetta Filler Fine is an HA filler with anti-aging powers. Its soft texture makes it ideal for people who want to correct the first signs of aging.","og_url":"https:\/\/skin-heal.com\/es\/producto\/bonetta-filler-fine-2-x-1ml\/","og_site_name":"Skin Heal","article_modified_time":"2024-03-25T13:54:21+00:00","og_image":[{"width":600,"height":600,"url":"https:\/\/cdn.skin-heal.com\/wp-content\/uploads\/2020\/09\/Bonetta-Filler-Fine.jpg","type":"image\/jpeg"}],"twitter_card":"summary_large_image","twitter_misc":{"Tiempo de lectura":"1 minuto"},"schema":{"@context":"https:\/\/schema.org","@graph":[{"@type":"WebPage","@id":"https:\/\/skin-heal.com\/product\/bonetta-filler-fine-2-x-1ml\/","url":"https:\/\/skin-heal.com\/product\/bonetta-filler-fine-2-x-1ml\/","name":"Bonetta Filler Fino (2 x 1ml) - Skin Heal","isPartOf":{"@id":"https:\/\/skin-heal.com\/#website"},"primaryImageOfPage":{"@id":"https:\/\/skin-heal.com\/product\/bonetta-filler-fine-2-x-1ml\/#primaryimage"},"image":{"@id":"https:\/\/skin-heal.com\/product\/bonetta-filler-fine-2-x-1ml\/#primaryimage"},"thumbnailUrl":"https:\/\/cdn.skin-heal.com\/wp-content\/uploads\/2020\/09\/Bonetta-Filler-Fine.jpg","datePublished":"2020-09-11T12:55:10+00:00","dateModified":"2024-03-25T13:54:21+00:00","description":"Bonetta Filler Fine es un relleno de HA con poderes antienvejecimiento. Su textura suave lo hace ideal para las personas que desean corregir los primeros signos de envejecimiento.","breadcrumb":{"@id":"https:\/\/skin-heal.com\/product\/bonetta-filler-fine-2-x-1ml\/#breadcrumb"},"inLanguage":"es","potentialAction":[{"@type":"ReadAction","target":["https:\/\/skin-heal.com\/product\/bonetta-filler-fine-2-x-1ml\/"]}]},{"@type":"ImageObject","inLanguage":"es","@id":"https:\/\/skin-heal.com\/product\/bonetta-filler-fine-2-x-1ml\/#primaryimage","url":"https:\/\/cdn.skin-heal.com\/wp-content\/uploads\/2020\/09\/Bonetta-Filler-Fine.jpg","contentUrl":"https:\/\/cdn.skin-heal.com\/wp-content\/uploads\/2020\/09\/Bonetta-Filler-Fine.jpg","width":600,"height":600,"caption":"Bonetta Filler Fine"},{"@type":"BreadcrumbList","@id":"https:\/\/skin-heal.com\/product\/bonetta-filler-fine-2-x-1ml\/#breadcrumb","itemListElement":[{"@type":"ListItem","position":1,"name":"Home","item":"https:\/\/skin-heal.com\/"},{"@type":"ListItem","position":2,"name":"Store","item":"https:\/\/skin-heal.com\/store\/"},{"@type":"ListItem","position":3,"name":"Bonetta Filler Fine (2 x 1ml)"}]},{"@type":"WebSite","@id":"https:\/\/skin-heal.com\/#website","url":"https:\/\/skin-heal.com\/","name":"Curaci\u00f3n de la piel","description":"Los precios m\u00e1s bajos para los rellenos d\u00e9rmicos","potentialAction":[{"@type":"SearchAction","target":{"@type":"EntryPoint","urlTemplate":"https:\/\/skin-heal.com\/?s={search_term_string}"},"query-input":{"@type":"PropertyValueSpecification","valueRequired":true,"valueName":"search_term_string"}}],"inLanguage":"es"}]}},"_links":{"self":[{"href":"https:\/\/skin-heal.com\/es\/wp-json\/wp\/v2\/product\/23388","targetHints":{"allow":["GET"]}}],"collection":[{"href":"https:\/\/skin-heal.com\/es\/wp-json\/wp\/v2\/product"}],"about":[{"href":"https:\/\/skin-heal.com\/es\/wp-json\/wp\/v2\/types\/product"}],"wp:featuredmedia":[{"embeddable":true,"href":"https:\/\/skin-heal.com\/es\/wp-json\/wp\/v2\/media\/23392"}],"wp:attachment":[{"href":"https:\/\/skin-heal.com\/es\/wp-json\/wp\/v2\/media?parent=23388"}],"wp:term":[{"taxonomy":"product_brand","embeddable":true,"href":"https:\/\/skin-heal.com\/es\/wp-json\/wp\/v2\/product_brand?post=23388"},{"taxonomy":"product_cat","embeddable":true,"href":"https:\/\/skin-heal.com\/es\/wp-json\/wp\/v2\/product_cat?post=23388"},{"taxonomy":"product_tag","embeddable":true,"href":"https:\/\/skin-heal.com\/es\/wp-json\/wp\/v2\/product_tag?post=23388"}],"curies":[{"name":"wp","href":"https:\/\/api.w.org\/{rel}","templated":true}]}}