{"id":23389,"date":"2020-09-11T15:55:31","date_gmt":"2020-09-11T12:55:31","guid":{"rendered":"https:\/\/skin-heal.com\/?post_type=product&#038;p=23389"},"modified":"2025-11-03T09:48:43","modified_gmt":"2025-11-03T07:48:43","slug":"bonetta-filler-deep-2-x-1ml","status":"publish","type":"product","link":"https:\/\/skin-heal.com\/es\/producto\/bonetta-filler-deep-2-x-1ml\/","title":{"rendered":"Bonetta Filler Deep (2 x 1ml)"},"content":{"rendered":"<h3>Eliminaci\u00f3n inmediata de arrugas con Bonetta Filler Deep<\/h3>\n<p>El AH de este relleno cut\u00e1neo tiene un efecto de relleno instant\u00e1neo. Como resultado, el tratamiento corrige r\u00e1pidamente las arrugas profundas del rostro. Seg\u00fan la empresa que lo respalda, el producto puede eliminar:<\/p>\n<ul>\n<li>L\u00edneas de expresi\u00f3n profundas<\/li>\n<li>Arrugas en la frente<\/li>\n<li>L\u00edneas de marioneta<\/li>\n<li>Arrugas del ce\u00f1o<\/li>\n<\/ul>\n<p>Despu\u00e9s de la terapia, los pacientes seguir\u00e1n disfrutando de su aspecto juvenil durante <em>8-12 meses<\/em>. Si quieren prolongar los efectos del tratamiento, pueden hacerlo con inyecciones de seguimiento. Por lo general, un procedimiento de mantenimiento cada 6 meses aproximadamente es suficiente para conservar los resultados.<\/p>\n<p>Adem\u00e1s, Bonetta Filler Deep es un gran relleno d\u00e9rmico para mejorar ligeramente los labios y las mejillas. A diferencia de otras inyecciones de relleno, este da a los pacientes una <strong>apariencia natural<\/strong>. Adem\u00e1s, su suave gel es f\u00e1cil de aplicar. Por lo tanto, no existe el riesgo de sobrellenado con \u00e9l.<\/p>\n<h3>Beneficios de Bonetta Filler Deep<\/h3>\n<p>Hoy en d\u00eda, el mercado ofrece una amplia gama de rellenos de HA voluminizadores. Sin embargo, s\u00f3lo Bonetta Filler Deep puede aumentar los niveles de col\u00e1geno en el cuerpo. De este modo, puede <u>mejora la estructura de la piel<\/u>.<\/p>\n<p>Adem\u00e1s, el producto contiene una peque\u00f1a cantidad de anestesia local. Por lo tanto, el tratamiento con \u00e9l es siempre indoloro. De hecho, los pacientes ni siquiera necesitar\u00e1n tiempo de inactividad despu\u00e9s del procedimiento. En cambio, pueden volver a sus tareas cotidianas.<\/p>\n<p>A pesar de su bajo precio, Bonetta Filler Deep ofrece una alta calidad. Adem\u00e1s, no esconde ning\u00fan riesgo de efectos secundarios perjudiciales.<\/p>","protected":false},"excerpt":{"rendered":"<p>Bonetta Filler Deep es un relleno d\u00e9rmico que <strong>trata las arrugas profundas<\/strong> como las l\u00edneas de expresi\u00f3n. Adem\u00e1s, tiene un poder voluminizador moderado que puede restaurar el volumen perdido en la piel. As\u00ed, los cirujanos pl\u00e1sticos pueden utilizarlo para mejorar el aspecto de los p\u00f3mulos y los labios. Como el producto contiene \u00e1cido hialur\u00f3nico que se disuelve en la piel, ofrece resultados antiarrugas temporales.<\/p>","protected":false},"featured_media":23391,"template":"","meta":[],"product_brand":[],"product_cat":[128,79],"product_tag":[],"class_list":{"0":"post-23389","1":"product","2":"type-product","3":"status-publish","4":"has-post-thumbnail","6":"product_cat-bonetta","7":"product_cat-dermal-fillers","8":"clearfix","10":"first","11":"outofstock","12":"taxable","13":"shipping-taxable","14":"purchasable","15":"product-type-simple"},"yoast_head":"<!-- This site is optimized with the Yoast SEO plugin v27.4 - https:\/\/yoast.com\/product\/yoast-seo-wordpress\/ -->\n<title>Bonetta Filler Deep (2 x 1ml) - Skin Heal<\/title>\n<meta name=\"description\" content=\"Bonetta Filler Deep treats deep wrinkles such as nasolabial folds. Also, dermal filler Bonetta Filler Deep can add volume to the lips or the cheeks.\" \/>\n<meta name=\"robots\" content=\"index, follow, max-snippet:-1, max-image-preview:large, max-video-preview:-1\" \/>\n<link rel=\"canonical\" href=\"https:\/\/skin-heal.com\/es\/producto\/bonetta-filler-deep-2-x-1ml\/\" \/>\n<meta property=\"og:locale\" content=\"es_MX\" \/>\n<meta property=\"og:type\" content=\"article\" \/>\n<meta property=\"og:title\" content=\"Bonetta Filler Deep (2 x 1ml) - Skin Heal\" \/>\n<meta property=\"og:description\" content=\"Bonetta Filler Deep treats deep wrinkles such as nasolabial folds. Also, dermal filler Bonetta Filler Deep can add volume to the lips or the cheeks.\" \/>\n<meta property=\"og:url\" content=\"https:\/\/skin-heal.com\/es\/producto\/bonetta-filler-deep-2-x-1ml\/\" \/>\n<meta property=\"og:site_name\" content=\"Skin Heal\" \/>\n<meta property=\"article:modified_time\" content=\"2025-11-03T07:48:43+00:00\" \/>\n<meta property=\"og:image\" content=\"https:\/\/cdn.skin-heal.com\/wp-content\/uploads\/2020\/09\/Bonetta-Filler-Deep.jpg\" \/>\n\t<meta property=\"og:image:width\" content=\"600\" \/>\n\t<meta property=\"og:image:height\" content=\"600\" \/>\n\t<meta property=\"og:image:type\" content=\"image\/jpeg\" \/>\n<meta name=\"twitter:card\" content=\"summary_large_image\" \/>\n<meta name=\"twitter:label1\" content=\"Tiempo de lectura\" \/>\n\t<meta name=\"twitter:data1\" content=\"1 minuto\" \/>\n<script type=\"application\/ld+json\" class=\"yoast-schema-graph\">{\"@context\":\"https:\\\/\\\/schema.org\",\"@graph\":[{\"@type\":\"WebPage\",\"@id\":\"https:\\\/\\\/skin-heal.com\\\/product\\\/bonetta-filler-deep-2-x-1ml\\\/\",\"url\":\"https:\\\/\\\/skin-heal.com\\\/product\\\/bonetta-filler-deep-2-x-1ml\\\/\",\"name\":\"Bonetta Filler Deep (2 x 1ml) - Skin Heal\",\"isPartOf\":{\"@id\":\"https:\\\/\\\/skin-heal.com\\\/#website\"},\"primaryImageOfPage\":{\"@id\":\"https:\\\/\\\/skin-heal.com\\\/product\\\/bonetta-filler-deep-2-x-1ml\\\/#primaryimage\"},\"image\":{\"@id\":\"https:\\\/\\\/skin-heal.com\\\/product\\\/bonetta-filler-deep-2-x-1ml\\\/#primaryimage\"},\"thumbnailUrl\":\"https:\\\/\\\/skin-heal.com\\\/wp-content\\\/uploads\\\/2020\\\/09\\\/Bonetta-Filler-Deep.jpg\",\"datePublished\":\"2020-09-11T12:55:31+00:00\",\"dateModified\":\"2025-11-03T07:48:43+00:00\",\"description\":\"Bonetta Filler Deep treats deep wrinkles such as nasolabial folds. Also, dermal filler Bonetta Filler Deep can add volume to the lips or the cheeks.\",\"breadcrumb\":{\"@id\":\"https:\\\/\\\/skin-heal.com\\\/product\\\/bonetta-filler-deep-2-x-1ml\\\/#breadcrumb\"},\"inLanguage\":\"es\",\"potentialAction\":[{\"@type\":\"ReadAction\",\"target\":[\"https:\\\/\\\/skin-heal.com\\\/product\\\/bonetta-filler-deep-2-x-1ml\\\/\"]}]},{\"@type\":\"ImageObject\",\"inLanguage\":\"es\",\"@id\":\"https:\\\/\\\/skin-heal.com\\\/product\\\/bonetta-filler-deep-2-x-1ml\\\/#primaryimage\",\"url\":\"https:\\\/\\\/skin-heal.com\\\/wp-content\\\/uploads\\\/2020\\\/09\\\/Bonetta-Filler-Deep.jpg\",\"contentUrl\":\"https:\\\/\\\/skin-heal.com\\\/wp-content\\\/uploads\\\/2020\\\/09\\\/Bonetta-Filler-Deep.jpg\",\"width\":600,\"height\":600,\"caption\":\"Bonetta Filler Deep\"},{\"@type\":\"BreadcrumbList\",\"@id\":\"https:\\\/\\\/skin-heal.com\\\/product\\\/bonetta-filler-deep-2-x-1ml\\\/#breadcrumb\",\"itemListElement\":[{\"@type\":\"ListItem\",\"position\":1,\"name\":\"Home\",\"item\":\"https:\\\/\\\/skin-heal.com\\\/\"},{\"@type\":\"ListItem\",\"position\":2,\"name\":\"Store\",\"item\":\"https:\\\/\\\/skin-heal.com\\\/store\\\/\"},{\"@type\":\"ListItem\",\"position\":3,\"name\":\"Bonetta Filler Deep (2 x 1ml)\"}]},{\"@type\":\"WebSite\",\"@id\":\"https:\\\/\\\/skin-heal.com\\\/#website\",\"url\":\"https:\\\/\\\/skin-heal.com\\\/\",\"name\":\"Skin Heal\",\"description\":\"Lowest Prices for Dermal Fillers\",\"potentialAction\":[{\"@type\":\"SearchAction\",\"target\":{\"@type\":\"EntryPoint\",\"urlTemplate\":\"https:\\\/\\\/skin-heal.com\\\/?s={search_term_string}\"},\"query-input\":{\"@type\":\"PropertyValueSpecification\",\"valueRequired\":true,\"valueName\":\"search_term_string\"}}],\"inLanguage\":\"es\"}]}<\/script>\n<!-- \/ Yoast SEO plugin. -->","yoast_head_json":{"title":"Bonetta Filler Profundo (2 x 1ml) - Skin Heal","description":"Bonetta Filler Deep trata las arrugas profundas, como los surcos nasogenianos. Adem\u00e1s, el relleno d\u00e9rmico Bonetta Filler Deep puede a\u00f1adir volumen a los labios o las mejillas.","robots":{"index":"index","follow":"follow","max-snippet":"max-snippet:-1","max-image-preview":"max-image-preview:large","max-video-preview":"max-video-preview:-1"},"canonical":"https:\/\/skin-heal.com\/es\/producto\/bonetta-filler-deep-2-x-1ml\/","og_locale":"es_MX","og_type":"article","og_title":"Bonetta Filler Deep (2 x 1ml) - Skin Heal","og_description":"Bonetta Filler Deep treats deep wrinkles such as nasolabial folds. Also, dermal filler Bonetta Filler Deep can add volume to the lips or the cheeks.","og_url":"https:\/\/skin-heal.com\/es\/producto\/bonetta-filler-deep-2-x-1ml\/","og_site_name":"Skin Heal","article_modified_time":"2025-11-03T07:48:43+00:00","og_image":[{"width":600,"height":600,"url":"https:\/\/cdn.skin-heal.com\/wp-content\/uploads\/2020\/09\/Bonetta-Filler-Deep.jpg","type":"image\/jpeg"}],"twitter_card":"summary_large_image","twitter_misc":{"Tiempo de lectura":"1 minuto"},"schema":{"@context":"https:\/\/schema.org","@graph":[{"@type":"WebPage","@id":"https:\/\/skin-heal.com\/product\/bonetta-filler-deep-2-x-1ml\/","url":"https:\/\/skin-heal.com\/product\/bonetta-filler-deep-2-x-1ml\/","name":"Bonetta Filler Profundo (2 x 1ml) - Skin Heal","isPartOf":{"@id":"https:\/\/skin-heal.com\/#website"},"primaryImageOfPage":{"@id":"https:\/\/skin-heal.com\/product\/bonetta-filler-deep-2-x-1ml\/#primaryimage"},"image":{"@id":"https:\/\/skin-heal.com\/product\/bonetta-filler-deep-2-x-1ml\/#primaryimage"},"thumbnailUrl":"https:\/\/cdn.skin-heal.com\/wp-content\/uploads\/2020\/09\/Bonetta-Filler-Deep.jpg","datePublished":"2020-09-11T12:55:31+00:00","dateModified":"2025-11-03T07:48:43+00:00","description":"Bonetta Filler Deep trata las arrugas profundas, como los surcos nasogenianos. Adem\u00e1s, el relleno d\u00e9rmico Bonetta Filler Deep puede a\u00f1adir volumen a los labios o las mejillas.","breadcrumb":{"@id":"https:\/\/skin-heal.com\/product\/bonetta-filler-deep-2-x-1ml\/#breadcrumb"},"inLanguage":"es","potentialAction":[{"@type":"ReadAction","target":["https:\/\/skin-heal.com\/product\/bonetta-filler-deep-2-x-1ml\/"]}]},{"@type":"ImageObject","inLanguage":"es","@id":"https:\/\/skin-heal.com\/product\/bonetta-filler-deep-2-x-1ml\/#primaryimage","url":"https:\/\/cdn.skin-heal.com\/wp-content\/uploads\/2020\/09\/Bonetta-Filler-Deep.jpg","contentUrl":"https:\/\/cdn.skin-heal.com\/wp-content\/uploads\/2020\/09\/Bonetta-Filler-Deep.jpg","width":600,"height":600,"caption":"Bonetta Filler Deep"},{"@type":"BreadcrumbList","@id":"https:\/\/skin-heal.com\/product\/bonetta-filler-deep-2-x-1ml\/#breadcrumb","itemListElement":[{"@type":"ListItem","position":1,"name":"Home","item":"https:\/\/skin-heal.com\/"},{"@type":"ListItem","position":2,"name":"Store","item":"https:\/\/skin-heal.com\/store\/"},{"@type":"ListItem","position":3,"name":"Bonetta Filler Deep (2 x 1ml)"}]},{"@type":"WebSite","@id":"https:\/\/skin-heal.com\/#website","url":"https:\/\/skin-heal.com\/","name":"Curaci\u00f3n de la piel","description":"Los precios m\u00e1s bajos para los rellenos d\u00e9rmicos","potentialAction":[{"@type":"SearchAction","target":{"@type":"EntryPoint","urlTemplate":"https:\/\/skin-heal.com\/?s={search_term_string}"},"query-input":{"@type":"PropertyValueSpecification","valueRequired":true,"valueName":"search_term_string"}}],"inLanguage":"es"}]}},"_links":{"self":[{"href":"https:\/\/skin-heal.com\/es\/wp-json\/wp\/v2\/product\/23389","targetHints":{"allow":["GET"]}}],"collection":[{"href":"https:\/\/skin-heal.com\/es\/wp-json\/wp\/v2\/product"}],"about":[{"href":"https:\/\/skin-heal.com\/es\/wp-json\/wp\/v2\/types\/product"}],"wp:featuredmedia":[{"embeddable":true,"href":"https:\/\/skin-heal.com\/es\/wp-json\/wp\/v2\/media\/23391"}],"wp:attachment":[{"href":"https:\/\/skin-heal.com\/es\/wp-json\/wp\/v2\/media?parent=23389"}],"wp:term":[{"taxonomy":"product_brand","embeddable":true,"href":"https:\/\/skin-heal.com\/es\/wp-json\/wp\/v2\/product_brand?post=23389"},{"taxonomy":"product_cat","embeddable":true,"href":"https:\/\/skin-heal.com\/es\/wp-json\/wp\/v2\/product_cat?post=23389"},{"taxonomy":"product_tag","embeddable":true,"href":"https:\/\/skin-heal.com\/es\/wp-json\/wp\/v2\/product_tag?post=23389"}],"curies":[{"name":"wp","href":"https:\/\/api.w.org\/{rel}","templated":true}]}}