{"id":23390,"date":"2020-09-11T15:55:57","date_gmt":"2020-09-11T12:55:57","guid":{"rendered":"https:\/\/skin-heal.com\/?post_type=product&#038;p=23390"},"modified":"2025-03-05T10:00:33","modified_gmt":"2025-03-05T08:00:33","slug":"bonetta-filler-volume-2-x-1ml","status":"publish","type":"product","link":"https:\/\/skin-heal.com\/es\/producto\/bonetta-filler-volume-2-x-1ml\/","title":{"rendered":"Volumen de relleno Bonetta (2 x 1ml)"},"content":{"rendered":"<h3>Bonetta Filler Volume - Un relleno voluminizador de calidad<\/h3>\n<p>Aunque este relleno de HA tiene un precio bajo, destaca por su alta calidad. Para empezar, el producto se presenta en forma de un gel espeso pero suave. Como resultado, puede mejorar inmediatamente la definici\u00f3n del rostro. Al mismo tiempo, el proceso de inyecci\u00f3n es suave y el implante es f\u00e1cil de controlar.<\/p>\n<p>Adem\u00e1s, Bonetta Filler Volume tiene un anest\u00e9sico local en su f\u00f3rmula. Por lo tanto, una terapia antienvejecimiento con \u00e9l es <strong>sin dolor<\/strong>. Adem\u00e1s, el HA del producto <em>hidrata la piel<\/em> y lo estimula para que produzca m\u00e1s col\u00e1geno. Con el tiempo, estas acciones pueden rejuvenecer a\u00fan m\u00e1s el rostro del paciente.<\/p>\n<h3>D\u00f3nde inyectar este relleno d\u00e9rmico<\/h3>\n<p>En cuanto a las zonas de tratamiento, Bonetta Filler Volume es un producto vers\u00e1til. En otras palabras, los cirujanos pl\u00e1sticos pueden utilizarlo en diferentes zonas de la cara, incluyendo:<\/p>\n<ul>\n<li>L\u00ednea de la mand\u00edbula<\/li>\n<li>Chin<\/li>\n<li>P\u00f3mulos<\/li>\n<li>Labios<\/li>\n<li>Nariz<\/li>\n<\/ul>\n<p>Sin embargo, el relleno tiene una estructura gruesa. Por lo tanto, no es una buena soluci\u00f3n para las zonas suaves como la del contorno de los ojos. All\u00ed, la piel es demasiado fina para un relleno voluminizador.<\/p>\n<p>Adem\u00e1s, Bonetta Filler Volume es seguro para el tratamiento de <u>arrugas profundas alrededor de la boca<\/u> o en la parte media de la cara. En su mayor parte, estas zonas responden bien a los rellenos d\u00e9rmicos de HA m\u00e1s gruesos.<\/p>","protected":false},"excerpt":{"rendered":"<p>Bonetta Filler Volume es un robusto <strong>relleno de la piel para esculpir el rostro<\/strong>. Contiene <em>\u00c1cido hialur\u00f3nico<\/em> - un ingrediente sin riesgo que hidrata y alisa la piel. Adem\u00e1s, el gel de HA de este producto a\u00f1ade volumen instant\u00e1neo bajo la dermis. Al hacerlo, corrige los pliegues profundos y mejora el aspecto de los labios, la barbilla y otros. Lo mejor de todo es que un tratamiento ofrece efectos que duran hasta catorce meses.<\/p>","protected":false},"featured_media":23393,"template":"","meta":[],"product_brand":[],"product_cat":[128,79],"product_tag":[],"class_list":{"0":"post-23390","1":"product","2":"type-product","3":"status-publish","4":"has-post-thumbnail","6":"product_cat-bonetta","7":"product_cat-dermal-fillers","8":"clearfix","10":"first","11":"outofstock","12":"taxable","13":"shipping-taxable","14":"purchasable","15":"product-type-simple"},"yoast_head":"<!-- This site is optimized with the Yoast SEO plugin v27.4 - https:\/\/yoast.com\/product\/yoast-seo-wordpress\/ -->\n<title>Bonetta Filler Volume (2 x 1ml) - Skin Heal<\/title>\n<meta name=\"description\" content=\"Bonetta Filler Volume enhances the appearance of lips, chin and more. Also, volumizing filler Bonetta Filler Volume removes deep folds for up to 14 months.\" \/>\n<meta name=\"robots\" content=\"index, follow, max-snippet:-1, max-image-preview:large, max-video-preview:-1\" \/>\n<link rel=\"canonical\" href=\"https:\/\/skin-heal.com\/es\/producto\/bonetta-filler-volume-2-x-1ml\/\" \/>\n<meta property=\"og:locale\" content=\"es_MX\" \/>\n<meta property=\"og:type\" content=\"article\" \/>\n<meta property=\"og:title\" content=\"Bonetta Filler Volume (2 x 1ml) - Skin Heal\" \/>\n<meta property=\"og:description\" content=\"Bonetta Filler Volume enhances the appearance of lips, chin and more. Also, volumizing filler Bonetta Filler Volume removes deep folds for up to 14 months.\" \/>\n<meta property=\"og:url\" content=\"https:\/\/skin-heal.com\/es\/producto\/bonetta-filler-volume-2-x-1ml\/\" \/>\n<meta property=\"og:site_name\" content=\"Skin Heal\" \/>\n<meta property=\"article:modified_time\" content=\"2025-03-05T08:00:33+00:00\" \/>\n<meta property=\"og:image\" content=\"https:\/\/cdn.skin-heal.com\/wp-content\/uploads\/2020\/09\/Bonetta-Filler-Volume.jpg\" \/>\n\t<meta property=\"og:image:width\" content=\"600\" \/>\n\t<meta property=\"og:image:height\" content=\"600\" \/>\n\t<meta property=\"og:image:type\" content=\"image\/jpeg\" \/>\n<meta name=\"twitter:card\" content=\"summary_large_image\" \/>\n<meta name=\"twitter:label1\" content=\"Tiempo de lectura\" \/>\n\t<meta name=\"twitter:data1\" content=\"1 minuto\" \/>\n<script type=\"application\/ld+json\" class=\"yoast-schema-graph\">{\"@context\":\"https:\\\/\\\/schema.org\",\"@graph\":[{\"@type\":\"WebPage\",\"@id\":\"https:\\\/\\\/skin-heal.com\\\/product\\\/bonetta-filler-volume-2-x-1ml\\\/\",\"url\":\"https:\\\/\\\/skin-heal.com\\\/product\\\/bonetta-filler-volume-2-x-1ml\\\/\",\"name\":\"Bonetta Filler Volume (2 x 1ml) - Skin Heal\",\"isPartOf\":{\"@id\":\"https:\\\/\\\/skin-heal.com\\\/#website\"},\"primaryImageOfPage\":{\"@id\":\"https:\\\/\\\/skin-heal.com\\\/product\\\/bonetta-filler-volume-2-x-1ml\\\/#primaryimage\"},\"image\":{\"@id\":\"https:\\\/\\\/skin-heal.com\\\/product\\\/bonetta-filler-volume-2-x-1ml\\\/#primaryimage\"},\"thumbnailUrl\":\"https:\\\/\\\/skin-heal.com\\\/wp-content\\\/uploads\\\/2020\\\/09\\\/Bonetta-Filler-Volume.jpg\",\"datePublished\":\"2020-09-11T12:55:57+00:00\",\"dateModified\":\"2025-03-05T08:00:33+00:00\",\"description\":\"Bonetta Filler Volume enhances the appearance of lips, chin and more. Also, volumizing filler Bonetta Filler Volume removes deep folds for up to 14 months.\",\"breadcrumb\":{\"@id\":\"https:\\\/\\\/skin-heal.com\\\/product\\\/bonetta-filler-volume-2-x-1ml\\\/#breadcrumb\"},\"inLanguage\":\"es\",\"potentialAction\":[{\"@type\":\"ReadAction\",\"target\":[\"https:\\\/\\\/skin-heal.com\\\/product\\\/bonetta-filler-volume-2-x-1ml\\\/\"]}]},{\"@type\":\"ImageObject\",\"inLanguage\":\"es\",\"@id\":\"https:\\\/\\\/skin-heal.com\\\/product\\\/bonetta-filler-volume-2-x-1ml\\\/#primaryimage\",\"url\":\"https:\\\/\\\/skin-heal.com\\\/wp-content\\\/uploads\\\/2020\\\/09\\\/Bonetta-Filler-Volume.jpg\",\"contentUrl\":\"https:\\\/\\\/skin-heal.com\\\/wp-content\\\/uploads\\\/2020\\\/09\\\/Bonetta-Filler-Volume.jpg\",\"width\":600,\"height\":600,\"caption\":\"Bonetta Filler Volume\"},{\"@type\":\"BreadcrumbList\",\"@id\":\"https:\\\/\\\/skin-heal.com\\\/product\\\/bonetta-filler-volume-2-x-1ml\\\/#breadcrumb\",\"itemListElement\":[{\"@type\":\"ListItem\",\"position\":1,\"name\":\"Home\",\"item\":\"https:\\\/\\\/skin-heal.com\\\/\"},{\"@type\":\"ListItem\",\"position\":2,\"name\":\"Store\",\"item\":\"https:\\\/\\\/skin-heal.com\\\/store\\\/\"},{\"@type\":\"ListItem\",\"position\":3,\"name\":\"Bonetta Filler Volume (2 x 1ml)\"}]},{\"@type\":\"WebSite\",\"@id\":\"https:\\\/\\\/skin-heal.com\\\/#website\",\"url\":\"https:\\\/\\\/skin-heal.com\\\/\",\"name\":\"Skin Heal\",\"description\":\"Lowest Prices for Dermal Fillers\",\"potentialAction\":[{\"@type\":\"SearchAction\",\"target\":{\"@type\":\"EntryPoint\",\"urlTemplate\":\"https:\\\/\\\/skin-heal.com\\\/?s={search_term_string}\"},\"query-input\":{\"@type\":\"PropertyValueSpecification\",\"valueRequired\":true,\"valueName\":\"search_term_string\"}}],\"inLanguage\":\"es\"}]}<\/script>\n<!-- \/ Yoast SEO plugin. -->","yoast_head_json":{"title":"Bonetta Relleno Volumen (2 x 1ml) - Skin Heal","description":"Bonetta Filler Volume mejora el aspecto de los labios, la barbilla y mucho m\u00e1s. Adem\u00e1s, el relleno voluminizador Bonetta Filler Volume elimina los pliegues profundos hasta 14 meses.","robots":{"index":"index","follow":"follow","max-snippet":"max-snippet:-1","max-image-preview":"max-image-preview:large","max-video-preview":"max-video-preview:-1"},"canonical":"https:\/\/skin-heal.com\/es\/producto\/bonetta-filler-volume-2-x-1ml\/","og_locale":"es_MX","og_type":"article","og_title":"Bonetta Filler Volume (2 x 1ml) - Skin Heal","og_description":"Bonetta Filler Volume enhances the appearance of lips, chin and more. Also, volumizing filler Bonetta Filler Volume removes deep folds for up to 14 months.","og_url":"https:\/\/skin-heal.com\/es\/producto\/bonetta-filler-volume-2-x-1ml\/","og_site_name":"Skin Heal","article_modified_time":"2025-03-05T08:00:33+00:00","og_image":[{"width":600,"height":600,"url":"https:\/\/cdn.skin-heal.com\/wp-content\/uploads\/2020\/09\/Bonetta-Filler-Volume.jpg","type":"image\/jpeg"}],"twitter_card":"summary_large_image","twitter_misc":{"Tiempo de lectura":"1 minuto"},"schema":{"@context":"https:\/\/schema.org","@graph":[{"@type":"WebPage","@id":"https:\/\/skin-heal.com\/product\/bonetta-filler-volume-2-x-1ml\/","url":"https:\/\/skin-heal.com\/product\/bonetta-filler-volume-2-x-1ml\/","name":"Bonetta Relleno Volumen (2 x 1ml) - Skin Heal","isPartOf":{"@id":"https:\/\/skin-heal.com\/#website"},"primaryImageOfPage":{"@id":"https:\/\/skin-heal.com\/product\/bonetta-filler-volume-2-x-1ml\/#primaryimage"},"image":{"@id":"https:\/\/skin-heal.com\/product\/bonetta-filler-volume-2-x-1ml\/#primaryimage"},"thumbnailUrl":"https:\/\/cdn.skin-heal.com\/wp-content\/uploads\/2020\/09\/Bonetta-Filler-Volume.jpg","datePublished":"2020-09-11T12:55:57+00:00","dateModified":"2025-03-05T08:00:33+00:00","description":"Bonetta Filler Volume mejora el aspecto de los labios, la barbilla y mucho m\u00e1s. Adem\u00e1s, el relleno voluminizador Bonetta Filler Volume elimina los pliegues profundos hasta 14 meses.","breadcrumb":{"@id":"https:\/\/skin-heal.com\/product\/bonetta-filler-volume-2-x-1ml\/#breadcrumb"},"inLanguage":"es","potentialAction":[{"@type":"ReadAction","target":["https:\/\/skin-heal.com\/product\/bonetta-filler-volume-2-x-1ml\/"]}]},{"@type":"ImageObject","inLanguage":"es","@id":"https:\/\/skin-heal.com\/product\/bonetta-filler-volume-2-x-1ml\/#primaryimage","url":"https:\/\/cdn.skin-heal.com\/wp-content\/uploads\/2020\/09\/Bonetta-Filler-Volume.jpg","contentUrl":"https:\/\/cdn.skin-heal.com\/wp-content\/uploads\/2020\/09\/Bonetta-Filler-Volume.jpg","width":600,"height":600,"caption":"Bonetta Filler Volume"},{"@type":"BreadcrumbList","@id":"https:\/\/skin-heal.com\/product\/bonetta-filler-volume-2-x-1ml\/#breadcrumb","itemListElement":[{"@type":"ListItem","position":1,"name":"Home","item":"https:\/\/skin-heal.com\/"},{"@type":"ListItem","position":2,"name":"Store","item":"https:\/\/skin-heal.com\/store\/"},{"@type":"ListItem","position":3,"name":"Bonetta Filler Volume (2 x 1ml)"}]},{"@type":"WebSite","@id":"https:\/\/skin-heal.com\/#website","url":"https:\/\/skin-heal.com\/","name":"Curaci\u00f3n de la piel","description":"Los precios m\u00e1s bajos para los rellenos d\u00e9rmicos","potentialAction":[{"@type":"SearchAction","target":{"@type":"EntryPoint","urlTemplate":"https:\/\/skin-heal.com\/?s={search_term_string}"},"query-input":{"@type":"PropertyValueSpecification","valueRequired":true,"valueName":"search_term_string"}}],"inLanguage":"es"}]}},"_links":{"self":[{"href":"https:\/\/skin-heal.com\/es\/wp-json\/wp\/v2\/product\/23390","targetHints":{"allow":["GET"]}}],"collection":[{"href":"https:\/\/skin-heal.com\/es\/wp-json\/wp\/v2\/product"}],"about":[{"href":"https:\/\/skin-heal.com\/es\/wp-json\/wp\/v2\/types\/product"}],"wp:featuredmedia":[{"embeddable":true,"href":"https:\/\/skin-heal.com\/es\/wp-json\/wp\/v2\/media\/23393"}],"wp:attachment":[{"href":"https:\/\/skin-heal.com\/es\/wp-json\/wp\/v2\/media?parent=23390"}],"wp:term":[{"taxonomy":"product_brand","embeddable":true,"href":"https:\/\/skin-heal.com\/es\/wp-json\/wp\/v2\/product_brand?post=23390"},{"taxonomy":"product_cat","embeddable":true,"href":"https:\/\/skin-heal.com\/es\/wp-json\/wp\/v2\/product_cat?post=23390"},{"taxonomy":"product_tag","embeddable":true,"href":"https:\/\/skin-heal.com\/es\/wp-json\/wp\/v2\/product_tag?post=23390"}],"curies":[{"name":"wp","href":"https:\/\/api.w.org\/{rel}","templated":true}]}}