{"id":23484,"date":"2020-09-16T12:06:53","date_gmt":"2020-09-16T09:06:53","guid":{"rendered":"https:\/\/skin-heal.com\/?post_type=product&#038;p=23484"},"modified":"2024-07-03T18:22:10","modified_gmt":"2024-07-03T15:22:10","slug":"cindella-10-x-5ml","status":"publish","type":"product","link":"https:\/\/skin-heal.com\/es\/producto\/cindella-10-x-5ml\/","title":{"rendered":"Cindella (10 x 5ml)"},"content":{"rendered":"<h3>Principales efectos de la inyecci\u00f3n blanqueadora de piel Cindella<\/h3>\n<p>El principal ingrediente activo de esta inyecci\u00f3n para aclarar la piel es <em>\u00c1cido ti\u00f3ctico<\/em> (\u00e1cido alfa-lipoico). Gracias a este componente, el producto tiene muchos efectos. Por ejemplo, un tratamiento con \u00e9l puede proporcionar a los pacientes los siguientes resultados:<\/p>\n<ul>\n<li>Tono de piel uniforme<\/li>\n<li>Correcci\u00f3n de manchas de envejecimiento<\/li>\n<li>Eliminaci\u00f3n de pecas<\/li>\n<li>Mejora del aspecto de la piel<\/li>\n<li>Reducci\u00f3n de los poros<\/li>\n<li>Aumento de la elasticidad de la piel<\/li>\n<\/ul>\n<p>Adem\u00e1s de los efectos antienvejecimiento y antipigmentaci\u00f3n, la inyecci\u00f3n tambi\u00e9n tiene <strong>propiedades desintoxicantes<\/strong>. Adem\u00e1s, el producto es un antioxidante y, como tal, puede reforzar el sistema inmunitario del paciente. Adem\u00e1s, esta soluci\u00f3n inyectable aumenta los niveles de <strong>Vitaminas E y C<\/strong>.<\/p>\n<h3>\u00bfC\u00f3mo aplicar Cindella?<\/h3>\n<p>El producto debe ser inyectado en el cuerpo del paciente por un profesional de confianza. Por lo general, el tratamiento incluye una sesi\u00f3n por semana y se completa despu\u00e9s de 10 semanas.<\/p>\n<p>En la mayor\u00eda de los casos, los efectos se hacen visibles gradualmente. Adem\u00e1s, los resultados del tratamiento tienden a variar de un paciente a otro.<\/p>\n<p>Lo mejor de todo, Cindella <u>no tiene efectos secundarios<\/u>. Aun as\u00ed, no debe utilizarse en mujeres que amamanten o est\u00e9n embarazadas. Las personas al\u00e9rgicas a las vitaminas tambi\u00e9n son malas candidatas para esta terapia antipigmentante.<\/p>","protected":false},"excerpt":{"rendered":"<p>Cindella de Daehan New Pharm es una <strong>inyecci\u00f3n blanqueadora de la piel eficaz<\/strong> que contiene \u00e1cido ti\u00f3ctico. Adem\u00e1s de mejorar el tono de la piel, la inyecci\u00f3n act\u00faa como antioxidante. Como resultado, el tratamiento con ella no s\u00f3lo mejora el aspecto de la piel, sino que tambi\u00e9n elimina las toxinas del cuerpo. As\u00ed, este producto hace que los pacientes brillen por fuera y se sientan m\u00e1s sanos por dentro.<\/p>","protected":false},"featured_media":23488,"template":"","meta":[],"product_brand":[],"product_cat":[129,80],"product_tag":[],"class_list":{"0":"post-23484","1":"product","2":"type-product","3":"status-publish","4":"has-post-thumbnail","6":"product_cat-daehan-new-pharm","7":"product_cat-mesotherapy","8":"clearfix","10":"first","11":"instock","12":"taxable","13":"shipping-taxable","14":"purchasable","15":"product-type-simple"},"yoast_head":"<!-- This site is optimized with the Yoast SEO plugin v27.3 - https:\/\/yoast.com\/product\/yoast-seo-wordpress\/ -->\n<title>Cindella (10 x 5ml) - Skin Heal<\/title>\n<meta name=\"description\" content=\"Cindella is a robust skin whitening injection with Thioctic acid. Aside from improving the tone of the skin, the Cindella injection acts as an antioxidant.\" \/>\n<meta name=\"robots\" content=\"index, follow, max-snippet:-1, max-image-preview:large, max-video-preview:-1\" \/>\n<link rel=\"canonical\" href=\"https:\/\/skin-heal.com\/es\/producto\/cindella-10-x-5ml\/\" \/>\n<meta property=\"og:locale\" content=\"es_MX\" \/>\n<meta property=\"og:type\" content=\"article\" \/>\n<meta property=\"og:title\" content=\"Cindella (10 x 5ml) - Skin Heal\" \/>\n<meta property=\"og:description\" content=\"Cindella is a robust skin whitening injection with Thioctic acid. Aside from improving the tone of the skin, the Cindella injection acts as an antioxidant.\" \/>\n<meta property=\"og:url\" content=\"https:\/\/skin-heal.com\/es\/producto\/cindella-10-x-5ml\/\" \/>\n<meta property=\"og:site_name\" content=\"Skin Heal\" \/>\n<meta property=\"article:modified_time\" content=\"2024-07-03T15:22:10+00:00\" \/>\n<meta property=\"og:image\" content=\"https:\/\/cdn.skin-heal.com\/wp-content\/uploads\/2020\/09\/Cindella.jpg\" \/>\n\t<meta property=\"og:image:width\" content=\"600\" \/>\n\t<meta property=\"og:image:height\" content=\"600\" \/>\n\t<meta property=\"og:image:type\" content=\"image\/jpeg\" \/>\n<meta name=\"twitter:card\" content=\"summary_large_image\" \/>\n<meta name=\"twitter:label1\" content=\"Tiempo de lectura\" \/>\n\t<meta name=\"twitter:data1\" content=\"1 minuto\" \/>\n<script type=\"application\/ld+json\" class=\"yoast-schema-graph\">{\"@context\":\"https:\\\/\\\/schema.org\",\"@graph\":[{\"@type\":\"WebPage\",\"@id\":\"https:\\\/\\\/skin-heal.com\\\/product\\\/cindella-10-x-5ml\\\/\",\"url\":\"https:\\\/\\\/skin-heal.com\\\/product\\\/cindella-10-x-5ml\\\/\",\"name\":\"Cindella (10 x 5ml) - Skin Heal\",\"isPartOf\":{\"@id\":\"https:\\\/\\\/skin-heal.com\\\/#website\"},\"primaryImageOfPage\":{\"@id\":\"https:\\\/\\\/skin-heal.com\\\/product\\\/cindella-10-x-5ml\\\/#primaryimage\"},\"image\":{\"@id\":\"https:\\\/\\\/skin-heal.com\\\/product\\\/cindella-10-x-5ml\\\/#primaryimage\"},\"thumbnailUrl\":\"https:\\\/\\\/skin-heal.com\\\/wp-content\\\/uploads\\\/2020\\\/09\\\/Cindella.jpg\",\"datePublished\":\"2020-09-16T09:06:53+00:00\",\"dateModified\":\"2024-07-03T15:22:10+00:00\",\"description\":\"Cindella is a robust skin whitening injection with Thioctic acid. Aside from improving the tone of the skin, the Cindella injection acts as an antioxidant.\",\"breadcrumb\":{\"@id\":\"https:\\\/\\\/skin-heal.com\\\/product\\\/cindella-10-x-5ml\\\/#breadcrumb\"},\"inLanguage\":\"es\",\"potentialAction\":[{\"@type\":\"ReadAction\",\"target\":[\"https:\\\/\\\/skin-heal.com\\\/product\\\/cindella-10-x-5ml\\\/\"]}]},{\"@type\":\"ImageObject\",\"inLanguage\":\"es\",\"@id\":\"https:\\\/\\\/skin-heal.com\\\/product\\\/cindella-10-x-5ml\\\/#primaryimage\",\"url\":\"https:\\\/\\\/skin-heal.com\\\/wp-content\\\/uploads\\\/2020\\\/09\\\/Cindella.jpg\",\"contentUrl\":\"https:\\\/\\\/skin-heal.com\\\/wp-content\\\/uploads\\\/2020\\\/09\\\/Cindella.jpg\",\"width\":600,\"height\":600,\"caption\":\"Cindella\"},{\"@type\":\"BreadcrumbList\",\"@id\":\"https:\\\/\\\/skin-heal.com\\\/product\\\/cindella-10-x-5ml\\\/#breadcrumb\",\"itemListElement\":[{\"@type\":\"ListItem\",\"position\":1,\"name\":\"Home\",\"item\":\"https:\\\/\\\/skin-heal.com\\\/\"},{\"@type\":\"ListItem\",\"position\":2,\"name\":\"Store\",\"item\":\"https:\\\/\\\/skin-heal.com\\\/store\\\/\"},{\"@type\":\"ListItem\",\"position\":3,\"name\":\"Cindella (10 x 5ml)\"}]},{\"@type\":\"WebSite\",\"@id\":\"https:\\\/\\\/skin-heal.com\\\/#website\",\"url\":\"https:\\\/\\\/skin-heal.com\\\/\",\"name\":\"Skin Heal\",\"description\":\"Lowest Prices for Dermal Fillers\",\"potentialAction\":[{\"@type\":\"SearchAction\",\"target\":{\"@type\":\"EntryPoint\",\"urlTemplate\":\"https:\\\/\\\/skin-heal.com\\\/?s={search_term_string}\"},\"query-input\":{\"@type\":\"PropertyValueSpecification\",\"valueRequired\":true,\"valueName\":\"search_term_string\"}}],\"inLanguage\":\"es\"}]}<\/script>\n<!-- \/ Yoast SEO plugin. -->","yoast_head_json":{"title":"Cindella (10 x 5ml) - Skin Heal","description":"Cindella es una robusta inyecci\u00f3n blanqueadora de la piel con \u00e1cido ti\u00f3ctico. Adem\u00e1s de mejorar el tono de la piel, la inyecci\u00f3n de Cindella act\u00faa como antioxidante.","robots":{"index":"index","follow":"follow","max-snippet":"max-snippet:-1","max-image-preview":"max-image-preview:large","max-video-preview":"max-video-preview:-1"},"canonical":"https:\/\/skin-heal.com\/es\/producto\/cindella-10-x-5ml\/","og_locale":"es_MX","og_type":"article","og_title":"Cindella (10 x 5ml) - Skin Heal","og_description":"Cindella is a robust skin whitening injection with Thioctic acid. Aside from improving the tone of the skin, the Cindella injection acts as an antioxidant.","og_url":"https:\/\/skin-heal.com\/es\/producto\/cindella-10-x-5ml\/","og_site_name":"Skin Heal","article_modified_time":"2024-07-03T15:22:10+00:00","og_image":[{"width":600,"height":600,"url":"https:\/\/cdn.skin-heal.com\/wp-content\/uploads\/2020\/09\/Cindella.jpg","type":"image\/jpeg"}],"twitter_card":"summary_large_image","twitter_misc":{"Tiempo de lectura":"1 minuto"},"schema":{"@context":"https:\/\/schema.org","@graph":[{"@type":"WebPage","@id":"https:\/\/skin-heal.com\/product\/cindella-10-x-5ml\/","url":"https:\/\/skin-heal.com\/product\/cindella-10-x-5ml\/","name":"Cindella (10 x 5ml) - Skin Heal","isPartOf":{"@id":"https:\/\/skin-heal.com\/#website"},"primaryImageOfPage":{"@id":"https:\/\/skin-heal.com\/product\/cindella-10-x-5ml\/#primaryimage"},"image":{"@id":"https:\/\/skin-heal.com\/product\/cindella-10-x-5ml\/#primaryimage"},"thumbnailUrl":"https:\/\/cdn.skin-heal.com\/wp-content\/uploads\/2020\/09\/Cindella.jpg","datePublished":"2020-09-16T09:06:53+00:00","dateModified":"2024-07-03T15:22:10+00:00","description":"Cindella es una robusta inyecci\u00f3n blanqueadora de la piel con \u00e1cido ti\u00f3ctico. Adem\u00e1s de mejorar el tono de la piel, la inyecci\u00f3n de Cindella act\u00faa como antioxidante.","breadcrumb":{"@id":"https:\/\/skin-heal.com\/product\/cindella-10-x-5ml\/#breadcrumb"},"inLanguage":"es","potentialAction":[{"@type":"ReadAction","target":["https:\/\/skin-heal.com\/product\/cindella-10-x-5ml\/"]}]},{"@type":"ImageObject","inLanguage":"es","@id":"https:\/\/skin-heal.com\/product\/cindella-10-x-5ml\/#primaryimage","url":"https:\/\/cdn.skin-heal.com\/wp-content\/uploads\/2020\/09\/Cindella.jpg","contentUrl":"https:\/\/cdn.skin-heal.com\/wp-content\/uploads\/2020\/09\/Cindella.jpg","width":600,"height":600,"caption":"Cindella"},{"@type":"BreadcrumbList","@id":"https:\/\/skin-heal.com\/product\/cindella-10-x-5ml\/#breadcrumb","itemListElement":[{"@type":"ListItem","position":1,"name":"Home","item":"https:\/\/skin-heal.com\/"},{"@type":"ListItem","position":2,"name":"Store","item":"https:\/\/skin-heal.com\/store\/"},{"@type":"ListItem","position":3,"name":"Cindella (10 x 5ml)"}]},{"@type":"WebSite","@id":"https:\/\/skin-heal.com\/#website","url":"https:\/\/skin-heal.com\/","name":"Curaci\u00f3n de la piel","description":"Los precios m\u00e1s bajos para los rellenos d\u00e9rmicos","potentialAction":[{"@type":"SearchAction","target":{"@type":"EntryPoint","urlTemplate":"https:\/\/skin-heal.com\/?s={search_term_string}"},"query-input":{"@type":"PropertyValueSpecification","valueRequired":true,"valueName":"search_term_string"}}],"inLanguage":"es"}]}},"_links":{"self":[{"href":"https:\/\/skin-heal.com\/es\/wp-json\/wp\/v2\/product\/23484","targetHints":{"allow":["GET"]}}],"collection":[{"href":"https:\/\/skin-heal.com\/es\/wp-json\/wp\/v2\/product"}],"about":[{"href":"https:\/\/skin-heal.com\/es\/wp-json\/wp\/v2\/types\/product"}],"wp:featuredmedia":[{"embeddable":true,"href":"https:\/\/skin-heal.com\/es\/wp-json\/wp\/v2\/media\/23488"}],"wp:attachment":[{"href":"https:\/\/skin-heal.com\/es\/wp-json\/wp\/v2\/media?parent=23484"}],"wp:term":[{"taxonomy":"product_brand","embeddable":true,"href":"https:\/\/skin-heal.com\/es\/wp-json\/wp\/v2\/product_brand?post=23484"},{"taxonomy":"product_cat","embeddable":true,"href":"https:\/\/skin-heal.com\/es\/wp-json\/wp\/v2\/product_cat?post=23484"},{"taxonomy":"product_tag","embeddable":true,"href":"https:\/\/skin-heal.com\/es\/wp-json\/wp\/v2\/product_tag?post=23484"}],"curies":[{"name":"wp","href":"https:\/\/api.w.org\/{rel}","templated":true}]}}