{"id":23485,"date":"2020-09-16T15:19:13","date_gmt":"2020-09-16T12:19:13","guid":{"rendered":"https:\/\/skin-heal.com\/?post_type=product&#038;p=23485"},"modified":"2024-07-03T18:22:44","modified_gmt":"2024-07-03T15:22:44","slug":"luthione-10-vials-glutathione","status":"publish","type":"product","link":"https:\/\/skin-heal.com\/es\/producto\/luthione-10-vials-glutathione\/","title":{"rendered":"Lutonio (10 viales de glutati\u00f3n)"},"content":{"rendered":"<ul>\n<li>Pa\u00eds de origen: Corea del Sur<\/li>\n<li>Envase: 10 viales<\/li>\n<li>Ingrediente clave: Glutati\u00f3n reducido<\/li>\n<li>Producido por: Daehan New Pharm<\/li>\n<\/ul>\n<h3>\u00bfQu\u00e9 es el glutati\u00f3n?<\/h3>\n<p>El glutati\u00f3n es un antioxidante que est\u00e1 presente de forma natural en el cuerpo humano. Por ello, no causa efectos secundarios graves. Por lo tanto, la mayor\u00eda de los pacientes no experimentar\u00e1n reacciones adversas durante o despu\u00e9s del tratamiento. Aun as\u00ed, en algunos casos raros, la inyecci\u00f3n puede provocar una erupci\u00f3n cut\u00e1nea.<\/p>\n<p>Dado que el glutati\u00f3n puede inhibir la producci\u00f3n de melanina, el lutonio tonificar\u00e1 el color de la piel. Adem\u00e1s, har\u00e1 que <em>corregir las pecas y otras manchas de la piel<\/em>. Lo mejor de todo es que el producto protege las fibras de col\u00e1geno de los da\u00f1inos radicales libres. Al hacerlo, preserva el aspecto juvenil de la piel.<\/p>\n<p>Por \u00faltimo, Luthione <strong>refuerza el sistema inmunitario<\/strong> eliminando todas las toxinas del cuerpo. Adem\u00e1s, mejora la funci\u00f3n de los gl\u00f3bulos blancos que nos protegen de las infecciones y los virus.<\/p>\n<h3>\u00bfQui\u00e9n puede someterse a un tratamiento con la inyecci\u00f3n de lutonio?<\/h3>\n<p>Casi todas las personas mayores de 21 a\u00f1os pueden someterse a un tratamiento con Luthione. Los efectos antienvejecimiento y antipigmentaci\u00f3n del producto funcionan bien en <em>hombres y mujeres<\/em>. Aun as\u00ed, el inyectable no se recomienda para los siguientes grupos de candidatos a la terapia:<\/p>\n<ul>\n<li>Mujeres embarazadas<\/li>\n<li>Personas con problemas cardiovasculares<\/li>\n<li>Pacientes con alergia a las vitaminas<\/li>\n<li>Mujeres lactantes<\/li>\n<\/ul>","protected":false},"excerpt":{"rendered":"<p>La inyecci\u00f3n de lutonio es un <em>producto de calidad para blanquear la piel<\/em> de Daehan New Pharm. Su ingrediente activo clave es el Glutati\u00f3n - un poderoso antioxidante con <strong>Poderes de la luminosidad de la piel<\/strong>. Adem\u00e1s, el producto puede mejorar la funci\u00f3n del h\u00edgado y preservar la elasticidad de la piel. Es m\u00e1s, el tratamiento incluso reforzar\u00e1 el sistema inmunol\u00f3gico del paciente al desintoxicar su cuerpo.<\/p>","protected":false},"featured_media":23491,"template":"","meta":[],"product_brand":[],"product_cat":[129,80],"product_tag":[],"class_list":{"0":"post-23485","1":"product","2":"type-product","3":"status-publish","4":"has-post-thumbnail","6":"product_cat-daehan-new-pharm","7":"product_cat-mesotherapy","8":"clearfix","10":"first","11":"instock","12":"taxable","13":"shipping-taxable","14":"purchasable","15":"product-type-simple"},"yoast_head":"<!-- This site is optimized with the Yoast SEO plugin v27.4 - https:\/\/yoast.com\/product\/yoast-seo-wordpress\/ -->\n<title>Luthione (10 vials Glutathione) - Skin Heal<\/title>\n<meta name=\"description\" content=\"Luthione injection is a risk-free skin whitening product that contains Glutathione. Luthione also rejuvenates the skin and strengthens the immune system.\" \/>\n<meta name=\"robots\" content=\"index, follow, max-snippet:-1, max-image-preview:large, max-video-preview:-1\" \/>\n<link rel=\"canonical\" href=\"https:\/\/skin-heal.com\/es\/producto\/luthione-10-vials-glutathione\/\" \/>\n<meta property=\"og:locale\" content=\"es_MX\" \/>\n<meta property=\"og:type\" content=\"article\" \/>\n<meta property=\"og:title\" content=\"Luthione (10 vials Glutathione) - Skin Heal\" \/>\n<meta property=\"og:description\" content=\"Luthione injection is a risk-free skin whitening product that contains Glutathione. Luthione also rejuvenates the skin and strengthens the immune system.\" \/>\n<meta property=\"og:url\" content=\"https:\/\/skin-heal.com\/es\/producto\/luthione-10-vials-glutathione\/\" \/>\n<meta property=\"og:site_name\" content=\"Skin Heal\" \/>\n<meta property=\"article:modified_time\" content=\"2024-07-03T15:22:44+00:00\" \/>\n<meta property=\"og:image\" content=\"https:\/\/cdn.skin-heal.com\/wp-content\/uploads\/2020\/09\/Luthione.jpg\" \/>\n\t<meta property=\"og:image:width\" content=\"600\" \/>\n\t<meta property=\"og:image:height\" content=\"600\" \/>\n\t<meta property=\"og:image:type\" content=\"image\/jpeg\" \/>\n<meta name=\"twitter:card\" content=\"summary_large_image\" \/>\n<meta name=\"twitter:label1\" content=\"Tiempo de lectura\" \/>\n\t<meta name=\"twitter:data1\" content=\"1 minuto\" \/>\n<script type=\"application\/ld+json\" class=\"yoast-schema-graph\">{\"@context\":\"https:\\\/\\\/schema.org\",\"@graph\":[{\"@type\":\"WebPage\",\"@id\":\"https:\\\/\\\/skin-heal.com\\\/product\\\/luthione-10-vials-glutathione\\\/\",\"url\":\"https:\\\/\\\/skin-heal.com\\\/product\\\/luthione-10-vials-glutathione\\\/\",\"name\":\"Luthione (10 vials Glutathione) - Skin Heal\",\"isPartOf\":{\"@id\":\"https:\\\/\\\/skin-heal.com\\\/#website\"},\"primaryImageOfPage\":{\"@id\":\"https:\\\/\\\/skin-heal.com\\\/product\\\/luthione-10-vials-glutathione\\\/#primaryimage\"},\"image\":{\"@id\":\"https:\\\/\\\/skin-heal.com\\\/product\\\/luthione-10-vials-glutathione\\\/#primaryimage\"},\"thumbnailUrl\":\"https:\\\/\\\/skin-heal.com\\\/wp-content\\\/uploads\\\/2020\\\/09\\\/Luthione.jpg\",\"datePublished\":\"2020-09-16T12:19:13+00:00\",\"dateModified\":\"2024-07-03T15:22:44+00:00\",\"description\":\"Luthione injection is a risk-free skin whitening product that contains Glutathione. Luthione also rejuvenates the skin and strengthens the immune system.\",\"breadcrumb\":{\"@id\":\"https:\\\/\\\/skin-heal.com\\\/product\\\/luthione-10-vials-glutathione\\\/#breadcrumb\"},\"inLanguage\":\"es\",\"potentialAction\":[{\"@type\":\"ReadAction\",\"target\":[\"https:\\\/\\\/skin-heal.com\\\/product\\\/luthione-10-vials-glutathione\\\/\"]}]},{\"@type\":\"ImageObject\",\"inLanguage\":\"es\",\"@id\":\"https:\\\/\\\/skin-heal.com\\\/product\\\/luthione-10-vials-glutathione\\\/#primaryimage\",\"url\":\"https:\\\/\\\/skin-heal.com\\\/wp-content\\\/uploads\\\/2020\\\/09\\\/Luthione.jpg\",\"contentUrl\":\"https:\\\/\\\/skin-heal.com\\\/wp-content\\\/uploads\\\/2020\\\/09\\\/Luthione.jpg\",\"width\":600,\"height\":600,\"caption\":\"Luthione\"},{\"@type\":\"BreadcrumbList\",\"@id\":\"https:\\\/\\\/skin-heal.com\\\/product\\\/luthione-10-vials-glutathione\\\/#breadcrumb\",\"itemListElement\":[{\"@type\":\"ListItem\",\"position\":1,\"name\":\"Home\",\"item\":\"https:\\\/\\\/skin-heal.com\\\/\"},{\"@type\":\"ListItem\",\"position\":2,\"name\":\"Store\",\"item\":\"https:\\\/\\\/skin-heal.com\\\/store\\\/\"},{\"@type\":\"ListItem\",\"position\":3,\"name\":\"Luthione (10 vials Glutathione)\"}]},{\"@type\":\"WebSite\",\"@id\":\"https:\\\/\\\/skin-heal.com\\\/#website\",\"url\":\"https:\\\/\\\/skin-heal.com\\\/\",\"name\":\"Skin Heal\",\"description\":\"Lowest Prices for Dermal Fillers\",\"potentialAction\":[{\"@type\":\"SearchAction\",\"target\":{\"@type\":\"EntryPoint\",\"urlTemplate\":\"https:\\\/\\\/skin-heal.com\\\/?s={search_term_string}\"},\"query-input\":{\"@type\":\"PropertyValueSpecification\",\"valueRequired\":true,\"valueName\":\"search_term_string\"}}],\"inLanguage\":\"es\"}]}<\/script>\n<!-- \/ Yoast SEO plugin. -->","yoast_head_json":{"title":"Luthione (10 ampollas Glutati\u00f3n) - Skin Heal","description":"Luthione injection es un producto blanqueador de la piel sin riesgos que contiene glutati\u00f3n. La lutiona tambi\u00e9n rejuvenece la piel y refuerza el sistema inmunitario.","robots":{"index":"index","follow":"follow","max-snippet":"max-snippet:-1","max-image-preview":"max-image-preview:large","max-video-preview":"max-video-preview:-1"},"canonical":"https:\/\/skin-heal.com\/es\/producto\/luthione-10-vials-glutathione\/","og_locale":"es_MX","og_type":"article","og_title":"Luthione (10 vials Glutathione) - Skin Heal","og_description":"Luthione injection is a risk-free skin whitening product that contains Glutathione. Luthione also rejuvenates the skin and strengthens the immune system.","og_url":"https:\/\/skin-heal.com\/es\/producto\/luthione-10-vials-glutathione\/","og_site_name":"Skin Heal","article_modified_time":"2024-07-03T15:22:44+00:00","og_image":[{"width":600,"height":600,"url":"https:\/\/cdn.skin-heal.com\/wp-content\/uploads\/2020\/09\/Luthione.jpg","type":"image\/jpeg"}],"twitter_card":"summary_large_image","twitter_misc":{"Tiempo de lectura":"1 minuto"},"schema":{"@context":"https:\/\/schema.org","@graph":[{"@type":"WebPage","@id":"https:\/\/skin-heal.com\/product\/luthione-10-vials-glutathione\/","url":"https:\/\/skin-heal.com\/product\/luthione-10-vials-glutathione\/","name":"Luthione (10 ampollas Glutati\u00f3n) - Skin Heal","isPartOf":{"@id":"https:\/\/skin-heal.com\/#website"},"primaryImageOfPage":{"@id":"https:\/\/skin-heal.com\/product\/luthione-10-vials-glutathione\/#primaryimage"},"image":{"@id":"https:\/\/skin-heal.com\/product\/luthione-10-vials-glutathione\/#primaryimage"},"thumbnailUrl":"https:\/\/cdn.skin-heal.com\/wp-content\/uploads\/2020\/09\/Luthione.jpg","datePublished":"2020-09-16T12:19:13+00:00","dateModified":"2024-07-03T15:22:44+00:00","description":"Luthione injection es un producto blanqueador de la piel sin riesgos que contiene glutati\u00f3n. La lutiona tambi\u00e9n rejuvenece la piel y refuerza el sistema inmunitario.","breadcrumb":{"@id":"https:\/\/skin-heal.com\/product\/luthione-10-vials-glutathione\/#breadcrumb"},"inLanguage":"es","potentialAction":[{"@type":"ReadAction","target":["https:\/\/skin-heal.com\/product\/luthione-10-vials-glutathione\/"]}]},{"@type":"ImageObject","inLanguage":"es","@id":"https:\/\/skin-heal.com\/product\/luthione-10-vials-glutathione\/#primaryimage","url":"https:\/\/cdn.skin-heal.com\/wp-content\/uploads\/2020\/09\/Luthione.jpg","contentUrl":"https:\/\/cdn.skin-heal.com\/wp-content\/uploads\/2020\/09\/Luthione.jpg","width":600,"height":600,"caption":"Luthione"},{"@type":"BreadcrumbList","@id":"https:\/\/skin-heal.com\/product\/luthione-10-vials-glutathione\/#breadcrumb","itemListElement":[{"@type":"ListItem","position":1,"name":"Home","item":"https:\/\/skin-heal.com\/"},{"@type":"ListItem","position":2,"name":"Store","item":"https:\/\/skin-heal.com\/store\/"},{"@type":"ListItem","position":3,"name":"Luthione (10 vials Glutathione)"}]},{"@type":"WebSite","@id":"https:\/\/skin-heal.com\/#website","url":"https:\/\/skin-heal.com\/","name":"Curaci\u00f3n de la piel","description":"Los precios m\u00e1s bajos para los rellenos d\u00e9rmicos","potentialAction":[{"@type":"SearchAction","target":{"@type":"EntryPoint","urlTemplate":"https:\/\/skin-heal.com\/?s={search_term_string}"},"query-input":{"@type":"PropertyValueSpecification","valueRequired":true,"valueName":"search_term_string"}}],"inLanguage":"es"}]}},"_links":{"self":[{"href":"https:\/\/skin-heal.com\/es\/wp-json\/wp\/v2\/product\/23485","targetHints":{"allow":["GET"]}}],"collection":[{"href":"https:\/\/skin-heal.com\/es\/wp-json\/wp\/v2\/product"}],"about":[{"href":"https:\/\/skin-heal.com\/es\/wp-json\/wp\/v2\/types\/product"}],"wp:featuredmedia":[{"embeddable":true,"href":"https:\/\/skin-heal.com\/es\/wp-json\/wp\/v2\/media\/23491"}],"wp:attachment":[{"href":"https:\/\/skin-heal.com\/es\/wp-json\/wp\/v2\/media?parent=23485"}],"wp:term":[{"taxonomy":"product_brand","embeddable":true,"href":"https:\/\/skin-heal.com\/es\/wp-json\/wp\/v2\/product_brand?post=23485"},{"taxonomy":"product_cat","embeddable":true,"href":"https:\/\/skin-heal.com\/es\/wp-json\/wp\/v2\/product_cat?post=23485"},{"taxonomy":"product_tag","embeddable":true,"href":"https:\/\/skin-heal.com\/es\/wp-json\/wp\/v2\/product_tag?post=23485"}],"curies":[{"name":"wp","href":"https:\/\/api.w.org\/{rel}","templated":true}]}}