{"id":23486,"date":"2020-09-16T15:23:12","date_gmt":"2020-09-16T12:23:12","guid":{"rendered":"https:\/\/skin-heal.com\/?post_type=product&#038;p=23486"},"modified":"2025-12-02T12:45:07","modified_gmt":"2025-12-02T10:45:07","slug":"vitamin-c-10-vials","status":"publish","type":"product","link":"https:\/\/skin-heal.com\/es\/producto\/vitamin-c-10-vials\/","title":{"rendered":"Vitamina C (10 viales)"},"content":{"rendered":"<h3>\u00bfQu\u00e9 contiene esta inyecci\u00f3n de vitamina C?<\/h3>\n<p>Como sugiere el nombre del producto, la vitamina C inyectable se basa en uno de los suplementos nutricionales m\u00e1s populares: la vitamina C. Tambi\u00e9n se conoce como <em>\u00c1cido asc\u00f3rbico<\/em>Esta vitamina desempe\u00f1a un papel fundamental en la conservaci\u00f3n de la juventud y la belleza natural del cuerpo. En otras palabras, es <u>rejuvenece la piel<\/u> de las siguientes maneras:<\/p>\n<ul>\n<li>Mantiene la suavidad y la elasticidad de la piel<\/li>\n<li>Preserva el equilibrio h\u00eddrico \u00f3ptimo de la piel<\/li>\n<li>Aumenta la producci\u00f3n de col\u00e1geno<\/li>\n<li>Reduce la flacidez del rostro<\/li>\n<\/ul>\n<p>La vitamina C tambi\u00e9n mejora los niveles de glutati\u00f3n en el cuerpo - un <strong>aclaraci\u00f3n de la piel<\/strong> agente. Como resultado, despu\u00e9s de completar el tratamiento, los pacientes dir\u00e1n adi\u00f3s a las manchas, a los puntos oscuros y a otros problemas de sobrepigmentaci\u00f3n.<\/p>\n<h3>\u00bfTiene la inyecci\u00f3n de vitamina C efectos secundarios?<\/h3>\n<p>Por lo general, la vitamina C no provoca reacciones adversas cuando se administra en forma de inyecci\u00f3n o por v\u00eda intravenosa. Aun as\u00ed, si la piel del paciente es muy sensible, el procedimiento puede provocar una leve erupci\u00f3n. En su mayor parte, el producto no presenta riesgos cuando la dosis diaria es inferior a 2.000 mg.<\/p>\n<p>Sin embargo, los expertos no recomiendan la inyecci\u00f3n a las personas que padecen la enfermedad de Alzheimer o c\u00e1ncer. Asimismo, las mujeres embarazadas o en periodo de lactancia no son candidatas adecuadas para el tratamiento. Por \u00faltimo, pero no menos importante, los pacientes que <em>al\u00e9rgico a las vitaminas<\/em> tampoco debe tomar la inyecci\u00f3n de vitamina C.<\/p>","protected":false},"excerpt":{"rendered":"<p>La inyecci\u00f3n de vitamina C de Daehan New Pharma es un producto vitam\u00ednico innovador que <strong>mantiene la belleza de la piel<\/strong>. Por ejemplo, aclara y unifica el tono de la piel y mejora su elasticidad e hidrataci\u00f3n. Adem\u00e1s, el tratamiento con este inyectable tiene numerosos beneficios para la salud. Adem\u00e1s, la vitamina C puede aplicarse junto con los otros dos productos de la colecci\u00f3n de blanqueamiento de la piel de Cindella.<\/p>","protected":false},"featured_media":23492,"template":"","meta":[],"product_brand":[],"product_cat":[129,80],"product_tag":[],"class_list":{"0":"post-23486","1":"product","2":"type-product","3":"status-publish","4":"has-post-thumbnail","6":"product_cat-daehan-new-pharm","7":"product_cat-mesotherapy","8":"clearfix","10":"first","11":"instock","12":"taxable","13":"shipping-taxable","14":"purchasable","15":"product-type-simple"},"yoast_head":"<!-- This site is optimized with the Yoast SEO plugin v27.3 - https:\/\/yoast.com\/product\/yoast-seo-wordpress\/ -->\n<title>Vitamin C (10 Vials) - Skin Heal<\/title>\n<meta name=\"description\" content=\"Daehan New Pharma\u2019s Vitamin C is a vitamin product that maintains skin\u2019s beauty. The Vitamin C injection whitens the skin and it offers health benefits.\" \/>\n<meta name=\"robots\" content=\"index, follow, max-snippet:-1, max-image-preview:large, max-video-preview:-1\" \/>\n<link rel=\"canonical\" href=\"https:\/\/skin-heal.com\/es\/producto\/vitamin-c-10-vials\/\" \/>\n<meta property=\"og:locale\" content=\"es_MX\" \/>\n<meta property=\"og:type\" content=\"article\" \/>\n<meta property=\"og:title\" content=\"Vitamin C (10 Vials) - Skin Heal\" \/>\n<meta property=\"og:description\" content=\"Daehan New Pharma\u2019s Vitamin C is a vitamin product that maintains skin\u2019s beauty. The Vitamin C injection whitens the skin and it offers health benefits.\" \/>\n<meta property=\"og:url\" content=\"https:\/\/skin-heal.com\/es\/producto\/vitamin-c-10-vials\/\" \/>\n<meta property=\"og:site_name\" content=\"Skin Heal\" \/>\n<meta property=\"article:modified_time\" content=\"2025-12-02T10:45:07+00:00\" \/>\n<meta property=\"og:image\" content=\"https:\/\/cdn.skin-heal.com\/wp-content\/uploads\/2020\/09\/Vitamin-C.jpg\" \/>\n\t<meta property=\"og:image:width\" content=\"600\" \/>\n\t<meta property=\"og:image:height\" content=\"600\" \/>\n\t<meta property=\"og:image:type\" content=\"image\/jpeg\" \/>\n<meta name=\"twitter:card\" content=\"summary_large_image\" \/>\n<meta name=\"twitter:label1\" content=\"Tiempo de lectura\" \/>\n\t<meta name=\"twitter:data1\" content=\"1 minuto\" \/>\n<script type=\"application\/ld+json\" class=\"yoast-schema-graph\">{\"@context\":\"https:\\\/\\\/schema.org\",\"@graph\":[{\"@type\":\"WebPage\",\"@id\":\"https:\\\/\\\/skin-heal.com\\\/product\\\/vitamin-c-10-vials\\\/\",\"url\":\"https:\\\/\\\/skin-heal.com\\\/product\\\/vitamin-c-10-vials\\\/\",\"name\":\"Vitamin C (10 Vials) - Skin Heal\",\"isPartOf\":{\"@id\":\"https:\\\/\\\/skin-heal.com\\\/#website\"},\"primaryImageOfPage\":{\"@id\":\"https:\\\/\\\/skin-heal.com\\\/product\\\/vitamin-c-10-vials\\\/#primaryimage\"},\"image\":{\"@id\":\"https:\\\/\\\/skin-heal.com\\\/product\\\/vitamin-c-10-vials\\\/#primaryimage\"},\"thumbnailUrl\":\"https:\\\/\\\/skin-heal.com\\\/wp-content\\\/uploads\\\/2020\\\/09\\\/Vitamin-C.jpg\",\"datePublished\":\"2020-09-16T12:23:12+00:00\",\"dateModified\":\"2025-12-02T10:45:07+00:00\",\"description\":\"Daehan New Pharma\u2019s Vitamin C is a vitamin product that maintains skin\u2019s beauty. The Vitamin C injection whitens the skin and it offers health benefits.\",\"breadcrumb\":{\"@id\":\"https:\\\/\\\/skin-heal.com\\\/product\\\/vitamin-c-10-vials\\\/#breadcrumb\"},\"inLanguage\":\"es\",\"potentialAction\":[{\"@type\":\"ReadAction\",\"target\":[\"https:\\\/\\\/skin-heal.com\\\/product\\\/vitamin-c-10-vials\\\/\"]}]},{\"@type\":\"ImageObject\",\"inLanguage\":\"es\",\"@id\":\"https:\\\/\\\/skin-heal.com\\\/product\\\/vitamin-c-10-vials\\\/#primaryimage\",\"url\":\"https:\\\/\\\/skin-heal.com\\\/wp-content\\\/uploads\\\/2020\\\/09\\\/Vitamin-C.jpg\",\"contentUrl\":\"https:\\\/\\\/skin-heal.com\\\/wp-content\\\/uploads\\\/2020\\\/09\\\/Vitamin-C.jpg\",\"width\":600,\"height\":600,\"caption\":\"Vitamin C\"},{\"@type\":\"BreadcrumbList\",\"@id\":\"https:\\\/\\\/skin-heal.com\\\/product\\\/vitamin-c-10-vials\\\/#breadcrumb\",\"itemListElement\":[{\"@type\":\"ListItem\",\"position\":1,\"name\":\"Home\",\"item\":\"https:\\\/\\\/skin-heal.com\\\/\"},{\"@type\":\"ListItem\",\"position\":2,\"name\":\"Store\",\"item\":\"https:\\\/\\\/skin-heal.com\\\/store\\\/\"},{\"@type\":\"ListItem\",\"position\":3,\"name\":\"Vitamin C (10 Vials)\"}]},{\"@type\":\"WebSite\",\"@id\":\"https:\\\/\\\/skin-heal.com\\\/#website\",\"url\":\"https:\\\/\\\/skin-heal.com\\\/\",\"name\":\"Skin Heal\",\"description\":\"Lowest Prices for Dermal Fillers\",\"potentialAction\":[{\"@type\":\"SearchAction\",\"target\":{\"@type\":\"EntryPoint\",\"urlTemplate\":\"https:\\\/\\\/skin-heal.com\\\/?s={search_term_string}\"},\"query-input\":{\"@type\":\"PropertyValueSpecification\",\"valueRequired\":true,\"valueName\":\"search_term_string\"}}],\"inLanguage\":\"es\"}]}<\/script>\n<!-- \/ Yoast SEO plugin. -->","yoast_head_json":{"title":"Vitamina C (10 Viales) - Skin Heal","description":"La Vitamina C de Daehan New Pharma es un producto vitam\u00ednico que mantiene la belleza de la piel. La inyecci\u00f3n de Vitamina C blanquea la piel y ofrece beneficios para la salud.","robots":{"index":"index","follow":"follow","max-snippet":"max-snippet:-1","max-image-preview":"max-image-preview:large","max-video-preview":"max-video-preview:-1"},"canonical":"https:\/\/skin-heal.com\/es\/producto\/vitamin-c-10-vials\/","og_locale":"es_MX","og_type":"article","og_title":"Vitamin C (10 Vials) - Skin Heal","og_description":"Daehan New Pharma\u2019s Vitamin C is a vitamin product that maintains skin\u2019s beauty. The Vitamin C injection whitens the skin and it offers health benefits.","og_url":"https:\/\/skin-heal.com\/es\/producto\/vitamin-c-10-vials\/","og_site_name":"Skin Heal","article_modified_time":"2025-12-02T10:45:07+00:00","og_image":[{"width":600,"height":600,"url":"https:\/\/cdn.skin-heal.com\/wp-content\/uploads\/2020\/09\/Vitamin-C.jpg","type":"image\/jpeg"}],"twitter_card":"summary_large_image","twitter_misc":{"Tiempo de lectura":"1 minuto"},"schema":{"@context":"https:\/\/schema.org","@graph":[{"@type":"WebPage","@id":"https:\/\/skin-heal.com\/product\/vitamin-c-10-vials\/","url":"https:\/\/skin-heal.com\/product\/vitamin-c-10-vials\/","name":"Vitamina C (10 Viales) - Skin Heal","isPartOf":{"@id":"https:\/\/skin-heal.com\/#website"},"primaryImageOfPage":{"@id":"https:\/\/skin-heal.com\/product\/vitamin-c-10-vials\/#primaryimage"},"image":{"@id":"https:\/\/skin-heal.com\/product\/vitamin-c-10-vials\/#primaryimage"},"thumbnailUrl":"https:\/\/cdn.skin-heal.com\/wp-content\/uploads\/2020\/09\/Vitamin-C.jpg","datePublished":"2020-09-16T12:23:12+00:00","dateModified":"2025-12-02T10:45:07+00:00","description":"La Vitamina C de Daehan New Pharma es un producto vitam\u00ednico que mantiene la belleza de la piel. La inyecci\u00f3n de Vitamina C blanquea la piel y ofrece beneficios para la salud.","breadcrumb":{"@id":"https:\/\/skin-heal.com\/product\/vitamin-c-10-vials\/#breadcrumb"},"inLanguage":"es","potentialAction":[{"@type":"ReadAction","target":["https:\/\/skin-heal.com\/product\/vitamin-c-10-vials\/"]}]},{"@type":"ImageObject","inLanguage":"es","@id":"https:\/\/skin-heal.com\/product\/vitamin-c-10-vials\/#primaryimage","url":"https:\/\/cdn.skin-heal.com\/wp-content\/uploads\/2020\/09\/Vitamin-C.jpg","contentUrl":"https:\/\/cdn.skin-heal.com\/wp-content\/uploads\/2020\/09\/Vitamin-C.jpg","width":600,"height":600,"caption":"Vitamin C"},{"@type":"BreadcrumbList","@id":"https:\/\/skin-heal.com\/product\/vitamin-c-10-vials\/#breadcrumb","itemListElement":[{"@type":"ListItem","position":1,"name":"Home","item":"https:\/\/skin-heal.com\/"},{"@type":"ListItem","position":2,"name":"Store","item":"https:\/\/skin-heal.com\/store\/"},{"@type":"ListItem","position":3,"name":"Vitamin C (10 Vials)"}]},{"@type":"WebSite","@id":"https:\/\/skin-heal.com\/#website","url":"https:\/\/skin-heal.com\/","name":"Curaci\u00f3n de la piel","description":"Los precios m\u00e1s bajos para los rellenos d\u00e9rmicos","potentialAction":[{"@type":"SearchAction","target":{"@type":"EntryPoint","urlTemplate":"https:\/\/skin-heal.com\/?s={search_term_string}"},"query-input":{"@type":"PropertyValueSpecification","valueRequired":true,"valueName":"search_term_string"}}],"inLanguage":"es"}]}},"_links":{"self":[{"href":"https:\/\/skin-heal.com\/es\/wp-json\/wp\/v2\/product\/23486","targetHints":{"allow":["GET"]}}],"collection":[{"href":"https:\/\/skin-heal.com\/es\/wp-json\/wp\/v2\/product"}],"about":[{"href":"https:\/\/skin-heal.com\/es\/wp-json\/wp\/v2\/types\/product"}],"wp:featuredmedia":[{"embeddable":true,"href":"https:\/\/skin-heal.com\/es\/wp-json\/wp\/v2\/media\/23492"}],"wp:attachment":[{"href":"https:\/\/skin-heal.com\/es\/wp-json\/wp\/v2\/media?parent=23486"}],"wp:term":[{"taxonomy":"product_brand","embeddable":true,"href":"https:\/\/skin-heal.com\/es\/wp-json\/wp\/v2\/product_brand?post=23486"},{"taxonomy":"product_cat","embeddable":true,"href":"https:\/\/skin-heal.com\/es\/wp-json\/wp\/v2\/product_cat?post=23486"},{"taxonomy":"product_tag","embeddable":true,"href":"https:\/\/skin-heal.com\/es\/wp-json\/wp\/v2\/product_tag?post=23486"}],"curies":[{"name":"wp","href":"https:\/\/api.w.org\/{rel}","templated":true}]}}