{"id":23624,"date":"2020-09-24T14:16:17","date_gmt":"2020-09-24T14:16:17","guid":{"rendered":"https:\/\/skin-heal.com\/?post_type=product&#038;p=23624"},"modified":"2025-05-08T00:51:19","modified_gmt":"2025-05-07T21:51:19","slug":"lipo-lab-v-line-10-x-10ml","status":"publish","type":"product","link":"https:\/\/skin-heal.com\/es\/producto\/lipo-lab-v-line-10-x-10ml\/","title":{"rendered":"Lipo Lab V-Line (10 x 10ml)"},"content":{"rendered":"<h3>\u00bfC\u00f3mo funciona Lipo Lab V-Line?<\/h3>\n<p>Este producto que disuelve la grasa se basa en una combinaci\u00f3n de <u>amino\u00e1cidos e ingredientes naturales<\/u> para corregir el contorno del rostro. En su mayor parte, puede aplicarse en varias zonas faciales que necesitan algo de adelgazamiento. Por ejemplo, los cirujanos pl\u00e1sticos certificados pueden utilizarlo en las siguientes zonas:<\/p>\n<ul>\n<li>Escote<\/li>\n<li>Bajo la barbilla<\/li>\n<li>Mejillas<\/li>\n<li>L\u00ednea de la mand\u00edbula<\/li>\n<\/ul>\n<p>Por lo general, Lipo Lab V-line comienza a trabajar casi instant\u00e1neamente despu\u00e9s del tratamiento. Adem\u00e1s, no da lugar a eventos adversos ya que est\u00e1 libre de productos qu\u00edmicos agresivos. Lo mejor de todo es que la soluci\u00f3n <em>mejorar el aspecto de los pacientes<\/em> en m\u00e1s de una forma que incluye:<\/p>\n<ul>\n<li>Destrucci\u00f3n de los dep\u00f3sitos de grasa localizados<\/li>\n<li>Correcci\u00f3n del contorno facial<\/li>\n<li>Aumento de la elasticidad de la piel<\/li>\n<li>Hidrataci\u00f3n<\/li>\n<\/ul>\n<h3>Protocolo de tratamiento<\/h3>\n<p>Por lo general, un tratamiento con este producto para derretir la grasa consiste en <strong>tres sesiones<\/strong>. Cada una de ellas se realiza en un intervalo de al menos diez d\u00edas.<\/p>\n<p>Los m\u00e9dicos deben inyectar la soluci\u00f3n en las capas m\u00e1s profundas de la piel (5 mm). Adem\u00e1s, cuando realicen una terapia facial completa, los facultativos no deben utilizar dosis superiores a 2 cc.<\/p>\n<p>En la mayor\u00eda de los casos, el procedimiento dura entre 5 y 30 minutos y sus efectos necesitan segundos para manifestarse. Adem\u00e1s, Lipo Lab V-line ofrece <u>resultados permanentes de quema de grasa<\/u> que puede mantenerse mediante el ejercicio y una dieta saludable.<\/p>","protected":false},"excerpt":{"rendered":"<p>Lipo Lab V-line es <strong>un excelente producto para derretir la grasa<\/strong> para la cara y el cuello. As\u00ed, puede corregir la papada y mejorar el contorno facial disolviendo los dep\u00f3sitos de grasa en las zonas problem\u00e1ticas. A diferencia de la liposucci\u00f3n, el tratamiento es asequible, indoloro y r\u00e1pido. Lo mejor de todo es que tambi\u00e9n mejora el estado de la piel al hidratarla y rejuvenecerla.<\/p>","protected":false},"featured_media":23625,"template":"","meta":[],"product_brand":[],"product_cat":[86,51],"product_tag":[],"class_list":{"0":"post-23624","1":"product","2":"type-product","3":"status-publish","4":"has-post-thumbnail","6":"product_cat-fat-resolving","7":"product_cat-lipo-lab","8":"clearfix","10":"first","11":"outofstock","12":"taxable","13":"shipping-taxable","14":"purchasable","15":"product-type-simple"},"yoast_head":"<!-- This site is optimized with the Yoast SEO plugin v27.3 - https:\/\/yoast.com\/product\/yoast-seo-wordpress\/ -->\n<title>Lipo Lab V-Line (10 x 10ml) - Skin Heal<\/title>\n<meta name=\"description\" content=\"Lipo Lab V-line corrects double chin and improves the facial contour. Fat-melting product Lipo Lab V-Line dissolves fat deposits in the face and the neck.\" \/>\n<meta name=\"robots\" content=\"index, follow, max-snippet:-1, max-image-preview:large, max-video-preview:-1\" \/>\n<link rel=\"canonical\" href=\"https:\/\/skin-heal.com\/es\/producto\/lipo-lab-v-line-10-x-10ml\/\" \/>\n<meta property=\"og:locale\" content=\"es_MX\" \/>\n<meta property=\"og:type\" content=\"article\" \/>\n<meta property=\"og:title\" content=\"Lipo Lab V-Line (10 x 10ml) - Skin Heal\" \/>\n<meta property=\"og:description\" content=\"Lipo Lab V-line corrects double chin and improves the facial contour. Fat-melting product Lipo Lab V-Line dissolves fat deposits in the face and the neck.\" \/>\n<meta property=\"og:url\" content=\"https:\/\/skin-heal.com\/es\/producto\/lipo-lab-v-line-10-x-10ml\/\" \/>\n<meta property=\"og:site_name\" content=\"Skin Heal\" \/>\n<meta property=\"article:modified_time\" content=\"2025-05-07T21:51:19+00:00\" \/>\n<meta property=\"og:image\" content=\"https:\/\/cdn.skin-heal.com\/wp-content\/uploads\/2020\/09\/Lipo-Lab-V-Line.jpg\" \/>\n\t<meta property=\"og:image:width\" content=\"600\" \/>\n\t<meta property=\"og:image:height\" content=\"600\" \/>\n\t<meta property=\"og:image:type\" content=\"image\/jpeg\" \/>\n<meta name=\"twitter:card\" content=\"summary_large_image\" \/>\n<meta name=\"twitter:label1\" content=\"Tiempo de lectura\" \/>\n\t<meta name=\"twitter:data1\" content=\"2 minutos\" \/>\n<script type=\"application\/ld+json\" class=\"yoast-schema-graph\">{\"@context\":\"https:\\\/\\\/schema.org\",\"@graph\":[{\"@type\":\"WebPage\",\"@id\":\"https:\\\/\\\/skin-heal.com\\\/product\\\/lipo-lab-v-line-10-x-10ml\\\/\",\"url\":\"https:\\\/\\\/skin-heal.com\\\/product\\\/lipo-lab-v-line-10-x-10ml\\\/\",\"name\":\"Lipo Lab V-Line (10 x 10ml) - Skin Heal\",\"isPartOf\":{\"@id\":\"https:\\\/\\\/skin-heal.com\\\/#website\"},\"primaryImageOfPage\":{\"@id\":\"https:\\\/\\\/skin-heal.com\\\/product\\\/lipo-lab-v-line-10-x-10ml\\\/#primaryimage\"},\"image\":{\"@id\":\"https:\\\/\\\/skin-heal.com\\\/product\\\/lipo-lab-v-line-10-x-10ml\\\/#primaryimage\"},\"thumbnailUrl\":\"https:\\\/\\\/skin-heal.com\\\/wp-content\\\/uploads\\\/2020\\\/09\\\/Lipo-Lab-V-Line.jpg\",\"datePublished\":\"2020-09-24T14:16:17+00:00\",\"dateModified\":\"2025-05-07T21:51:19+00:00\",\"description\":\"Lipo Lab V-line corrects double chin and improves the facial contour. Fat-melting product Lipo Lab V-Line dissolves fat deposits in the face and the neck.\",\"breadcrumb\":{\"@id\":\"https:\\\/\\\/skin-heal.com\\\/product\\\/lipo-lab-v-line-10-x-10ml\\\/#breadcrumb\"},\"inLanguage\":\"es\",\"potentialAction\":[{\"@type\":\"ReadAction\",\"target\":[\"https:\\\/\\\/skin-heal.com\\\/product\\\/lipo-lab-v-line-10-x-10ml\\\/\"]}]},{\"@type\":\"ImageObject\",\"inLanguage\":\"es\",\"@id\":\"https:\\\/\\\/skin-heal.com\\\/product\\\/lipo-lab-v-line-10-x-10ml\\\/#primaryimage\",\"url\":\"https:\\\/\\\/skin-heal.com\\\/wp-content\\\/uploads\\\/2020\\\/09\\\/Lipo-Lab-V-Line.jpg\",\"contentUrl\":\"https:\\\/\\\/skin-heal.com\\\/wp-content\\\/uploads\\\/2020\\\/09\\\/Lipo-Lab-V-Line.jpg\",\"width\":600,\"height\":600},{\"@type\":\"BreadcrumbList\",\"@id\":\"https:\\\/\\\/skin-heal.com\\\/product\\\/lipo-lab-v-line-10-x-10ml\\\/#breadcrumb\",\"itemListElement\":[{\"@type\":\"ListItem\",\"position\":1,\"name\":\"Home\",\"item\":\"https:\\\/\\\/skin-heal.com\\\/\"},{\"@type\":\"ListItem\",\"position\":2,\"name\":\"Store\",\"item\":\"https:\\\/\\\/skin-heal.com\\\/store\\\/\"},{\"@type\":\"ListItem\",\"position\":3,\"name\":\"Lipo Lab V-Line (10 x 10ml)\"}]},{\"@type\":\"WebSite\",\"@id\":\"https:\\\/\\\/skin-heal.com\\\/#website\",\"url\":\"https:\\\/\\\/skin-heal.com\\\/\",\"name\":\"Skin Heal\",\"description\":\"Lowest Prices for Dermal Fillers\",\"potentialAction\":[{\"@type\":\"SearchAction\",\"target\":{\"@type\":\"EntryPoint\",\"urlTemplate\":\"https:\\\/\\\/skin-heal.com\\\/?s={search_term_string}\"},\"query-input\":{\"@type\":\"PropertyValueSpecification\",\"valueRequired\":true,\"valueName\":\"search_term_string\"}}],\"inLanguage\":\"es\"}]}<\/script>\n<!-- \/ Yoast SEO plugin. -->","yoast_head_json":{"title":"Lipo Lab V-Line (10 x 10ml) - Skin Heal","description":"Lipo Lab V-line corrige la papada y mejora el contorno facial. El producto fundente de grasa Lipo Lab V-Line disuelve los dep\u00f3sitos de grasa de la cara y el cuello.","robots":{"index":"index","follow":"follow","max-snippet":"max-snippet:-1","max-image-preview":"max-image-preview:large","max-video-preview":"max-video-preview:-1"},"canonical":"https:\/\/skin-heal.com\/es\/producto\/lipo-lab-v-line-10-x-10ml\/","og_locale":"es_MX","og_type":"article","og_title":"Lipo Lab V-Line (10 x 10ml) - Skin Heal","og_description":"Lipo Lab V-line corrects double chin and improves the facial contour. Fat-melting product Lipo Lab V-Line dissolves fat deposits in the face and the neck.","og_url":"https:\/\/skin-heal.com\/es\/producto\/lipo-lab-v-line-10-x-10ml\/","og_site_name":"Skin Heal","article_modified_time":"2025-05-07T21:51:19+00:00","og_image":[{"width":600,"height":600,"url":"https:\/\/cdn.skin-heal.com\/wp-content\/uploads\/2020\/09\/Lipo-Lab-V-Line.jpg","type":"image\/jpeg"}],"twitter_card":"summary_large_image","twitter_misc":{"Tiempo de lectura":"2 minutos"},"schema":{"@context":"https:\/\/schema.org","@graph":[{"@type":"WebPage","@id":"https:\/\/skin-heal.com\/product\/lipo-lab-v-line-10-x-10ml\/","url":"https:\/\/skin-heal.com\/product\/lipo-lab-v-line-10-x-10ml\/","name":"Lipo Lab V-Line (10 x 10ml) - Skin Heal","isPartOf":{"@id":"https:\/\/skin-heal.com\/#website"},"primaryImageOfPage":{"@id":"https:\/\/skin-heal.com\/product\/lipo-lab-v-line-10-x-10ml\/#primaryimage"},"image":{"@id":"https:\/\/skin-heal.com\/product\/lipo-lab-v-line-10-x-10ml\/#primaryimage"},"thumbnailUrl":"https:\/\/cdn.skin-heal.com\/wp-content\/uploads\/2020\/09\/Lipo-Lab-V-Line.jpg","datePublished":"2020-09-24T14:16:17+00:00","dateModified":"2025-05-07T21:51:19+00:00","description":"Lipo Lab V-line corrige la papada y mejora el contorno facial. El producto fundente de grasa Lipo Lab V-Line disuelve los dep\u00f3sitos de grasa de la cara y el cuello.","breadcrumb":{"@id":"https:\/\/skin-heal.com\/product\/lipo-lab-v-line-10-x-10ml\/#breadcrumb"},"inLanguage":"es","potentialAction":[{"@type":"ReadAction","target":["https:\/\/skin-heal.com\/product\/lipo-lab-v-line-10-x-10ml\/"]}]},{"@type":"ImageObject","inLanguage":"es","@id":"https:\/\/skin-heal.com\/product\/lipo-lab-v-line-10-x-10ml\/#primaryimage","url":"https:\/\/cdn.skin-heal.com\/wp-content\/uploads\/2020\/09\/Lipo-Lab-V-Line.jpg","contentUrl":"https:\/\/cdn.skin-heal.com\/wp-content\/uploads\/2020\/09\/Lipo-Lab-V-Line.jpg","width":600,"height":600},{"@type":"BreadcrumbList","@id":"https:\/\/skin-heal.com\/product\/lipo-lab-v-line-10-x-10ml\/#breadcrumb","itemListElement":[{"@type":"ListItem","position":1,"name":"Home","item":"https:\/\/skin-heal.com\/"},{"@type":"ListItem","position":2,"name":"Store","item":"https:\/\/skin-heal.com\/store\/"},{"@type":"ListItem","position":3,"name":"Lipo Lab V-Line (10 x 10ml)"}]},{"@type":"WebSite","@id":"https:\/\/skin-heal.com\/#website","url":"https:\/\/skin-heal.com\/","name":"Curaci\u00f3n de la piel","description":"Los precios m\u00e1s bajos para los rellenos d\u00e9rmicos","potentialAction":[{"@type":"SearchAction","target":{"@type":"EntryPoint","urlTemplate":"https:\/\/skin-heal.com\/?s={search_term_string}"},"query-input":{"@type":"PropertyValueSpecification","valueRequired":true,"valueName":"search_term_string"}}],"inLanguage":"es"}]}},"_links":{"self":[{"href":"https:\/\/skin-heal.com\/es\/wp-json\/wp\/v2\/product\/23624","targetHints":{"allow":["GET"]}}],"collection":[{"href":"https:\/\/skin-heal.com\/es\/wp-json\/wp\/v2\/product"}],"about":[{"href":"https:\/\/skin-heal.com\/es\/wp-json\/wp\/v2\/types\/product"}],"wp:featuredmedia":[{"embeddable":true,"href":"https:\/\/skin-heal.com\/es\/wp-json\/wp\/v2\/media\/23625"}],"wp:attachment":[{"href":"https:\/\/skin-heal.com\/es\/wp-json\/wp\/v2\/media?parent=23624"}],"wp:term":[{"taxonomy":"product_brand","embeddable":true,"href":"https:\/\/skin-heal.com\/es\/wp-json\/wp\/v2\/product_brand?post=23624"},{"taxonomy":"product_cat","embeddable":true,"href":"https:\/\/skin-heal.com\/es\/wp-json\/wp\/v2\/product_cat?post=23624"},{"taxonomy":"product_tag","embeddable":true,"href":"https:\/\/skin-heal.com\/es\/wp-json\/wp\/v2\/product_tag?post=23624"}],"curies":[{"name":"wp","href":"https:\/\/api.w.org\/{rel}","templated":true}]}}