{"id":24969,"date":"2020-11-12T12:55:17","date_gmt":"2020-11-12T12:55:17","guid":{"rendered":"https:\/\/skin-heal.com\/?post_type=product&#038;p=24969"},"modified":"2022-06-15T18:04:22","modified_gmt":"2022-06-15T18:04:22","slug":"saypha-rich-1-x-1ml","status":"publish","type":"product","link":"https:\/\/skin-heal.com\/es\/producto\/saypha-rich-1-x-1ml\/","title":{"rendered":"Saypha Rich (1 x 1ml) ex. Princesa Rica"},"content":{"rendered":"<p>Saypha Rich (ex. Princess Rich) es una <strong>producto de mesoterapia<\/strong> que se utiliza para el rejuvenecimiento y la hidrataci\u00f3n de la piel de forma m\u00ednimamente invasiva. Contiene \u00e1cido hialur\u00f3nico no reticulado y se basa en una tecnolog\u00eda especial para ofrecer resultados antienvejecimiento duraderos. Dise\u00f1ada y producida por Croma Pharma, esta soluci\u00f3n inyectable tambi\u00e9n mejora el tono de la piel. Lo mejor de este producto es que tambi\u00e9n act\u00faa como relleno y puede reducir la apariencia de las l\u00edneas faciales finas.<\/p>\n<h3>Saypha Rich - Una inyecci\u00f3n de mesoterapia con una f\u00f3rmula \u00fanica<\/h3>\n<p>El producto de mesoterapia Saypha Rich utiliza el producto de Croma Pharma <strong>Tecnolog\u00eda S.M.A.R.T.<\/strong>. Esto significa que contiene \u00c1cido Hialur\u00f3nico (AH) no reticulado y estabilizado con Glicerol. Ambos ingredientes tienen poderosas propiedades de hidrataci\u00f3n de la piel. Como resultado, se mejora el equilibrio h\u00eddrico de la dermis y eso tiene <u>efectos antienvejecimiento duraderos<\/u>.<\/p>\n<p>Adem\u00e1s, el AH del producto se caracteriza por su alto peso molecular. Eso aumenta y prolonga a\u00fan m\u00e1s su poder de rejuvenecimiento de la piel. Adem\u00e1s, el tratamiento ofrece varios efectos como:<\/p>\n<ul>\n<li>Hidrataci\u00f3n<\/li>\n<li>Mejora del tono de la piel<\/li>\n<li>Eliminaci\u00f3n de l\u00edneas finas<\/li>\n<li>Aumento de la elasticidad de la piel<\/li>\n<li>Brillo natural de la piel<\/li>\n<\/ul>\n<h3>\u00bfEn qu\u00e9 consiste el tratamiento Saypha Rich?<\/h3>\n<p>El tratamiento con la inyecci\u00f3n de mesoterapia Saypha Rich debe ser realizado por un cirujano pl\u00e1stico certificado. El producto se inyecta en la dermis superficial del paciente y las zonas de tratamiento objetivo incluyen las siguientes \u00e1reas de la cara y el cuerpo:<\/p>\n<ul>\n<li>Alrededor de los ojos (patas de gallo)<\/li>\n<li>Alrededor de la boca (l\u00edneas de la sonrisa)<\/li>\n<li>Dorso de las manos (rejuvenecimiento de las manos)<\/li>\n<li>Brazos (estiramiento de la piel)<\/li>\n<li>Cuello y escote (arrugas finas del cuello)<\/li>\n<\/ul>\n<p>Normalmente, el <em>El tratamiento consta de tres sesiones<\/em>. Los m\u00e9dicos deben dejar un per\u00edodo de 3 semanas entre cada uno de los procedimientos de inyecci\u00f3n.<\/p>\n<p>Los efectos del procedimiento duran varios meses. Aun as\u00ed, los pacientes pueden seguir disfrutando de su aspecto rejuvenecido mediante procedimientos de mantenimiento con inyecciones de mesoterapia Saypha Rich.<\/p>","protected":false},"excerpt":{"rendered":"<p>Saypha Rich es el nuevo nombre del relleno Princess Rich, fabricado por Croma-Pharma. Se trata de un relleno muy suave, que se adapta espec\u00edficamente a la eliminaci\u00f3n de las l\u00edneas y arrugas delicadas y finas de la piel. Proporciona resultados indistinguibles y de aspecto natural. Con una baja viscosidad y una excelente fluidez, puede tratar eficazmente las patas de gallo y las l\u00edneas glabelares. Se trata de un relleno facial de \u00e1cido hialur\u00f3nico con una concentraci\u00f3n de HA de 18mg\/ml.<\/p>","protected":false},"featured_media":32465,"template":"","meta":[],"product_brand":[],"product_cat":[71,79,141],"product_tag":[],"class_list":{"0":"post-24969","1":"product","2":"type-product","3":"status-publish","4":"has-post-thumbnail","6":"product_cat-croma-pharma","7":"product_cat-dermal-fillers","8":"product_cat-saypha","9":"clearfix","11":"first","12":"outofstock","13":"taxable","14":"shipping-taxable","15":"purchasable","16":"product-type-simple"},"yoast_head":"<!-- This site is optimized with the Yoast SEO plugin v27.3 - https:\/\/yoast.com\/product\/yoast-seo-wordpress\/ -->\n<title>Saypha Rich (1 x 1ml) ex. Princess Rich - Skin Heal<\/title>\n<meta name=\"description\" content=\"Saypha Rich is a soft filler for delicate wrinkles removale with 18mg\/ml Hyaluronic acid concentration, effective for Crows feet and fine lines.\" \/>\n<meta name=\"robots\" content=\"index, follow, max-snippet:-1, max-image-preview:large, max-video-preview:-1\" \/>\n<link rel=\"canonical\" href=\"https:\/\/skin-heal.com\/es\/producto\/saypha-rich-1-x-1ml\/\" \/>\n<meta property=\"og:locale\" content=\"es_MX\" \/>\n<meta property=\"og:type\" content=\"article\" \/>\n<meta property=\"og:title\" content=\"Saypha Rich (1 x 1ml) ex. Princess Rich - Skin Heal\" \/>\n<meta property=\"og:description\" content=\"Saypha Rich is a soft filler for delicate wrinkles removale with 18mg\/ml Hyaluronic acid concentration, effective for Crows feet and fine lines.\" \/>\n<meta property=\"og:url\" content=\"https:\/\/skin-heal.com\/es\/producto\/saypha-rich-1-x-1ml\/\" \/>\n<meta property=\"og:site_name\" content=\"Skin Heal\" \/>\n<meta property=\"article:modified_time\" content=\"2022-06-15T18:04:22+00:00\" \/>\n<meta property=\"og:image\" content=\"https:\/\/cdn.skin-heal.com\/wp-content\/uploads\/2022\/03\/Saypha-Rich.jpg\" \/>\n\t<meta property=\"og:image:width\" content=\"600\" \/>\n\t<meta property=\"og:image:height\" content=\"600\" \/>\n\t<meta property=\"og:image:type\" content=\"image\/jpeg\" \/>\n<meta name=\"twitter:card\" content=\"summary_large_image\" \/>\n<meta name=\"twitter:label1\" content=\"Tiempo de lectura\" \/>\n\t<meta name=\"twitter:data1\" content=\"1 minuto\" \/>\n<script type=\"application\/ld+json\" class=\"yoast-schema-graph\">{\"@context\":\"https:\\\/\\\/schema.org\",\"@graph\":[{\"@type\":\"WebPage\",\"@id\":\"https:\\\/\\\/skin-heal.com\\\/product\\\/saypha-rich-1-x-1ml\\\/\",\"url\":\"https:\\\/\\\/skin-heal.com\\\/product\\\/saypha-rich-1-x-1ml\\\/\",\"name\":\"Saypha Rich (1 x 1ml) ex. Princess Rich - Skin Heal\",\"isPartOf\":{\"@id\":\"https:\\\/\\\/skin-heal.com\\\/#website\"},\"primaryImageOfPage\":{\"@id\":\"https:\\\/\\\/skin-heal.com\\\/product\\\/saypha-rich-1-x-1ml\\\/#primaryimage\"},\"image\":{\"@id\":\"https:\\\/\\\/skin-heal.com\\\/product\\\/saypha-rich-1-x-1ml\\\/#primaryimage\"},\"thumbnailUrl\":\"https:\\\/\\\/skin-heal.com\\\/wp-content\\\/uploads\\\/2022\\\/03\\\/Saypha-Rich.jpg\",\"datePublished\":\"2020-11-12T12:55:17+00:00\",\"dateModified\":\"2022-06-15T18:04:22+00:00\",\"description\":\"Saypha Rich is a soft filler for delicate wrinkles removale with 18mg\\\/ml Hyaluronic acid concentration, effective for Crows feet and fine lines.\",\"breadcrumb\":{\"@id\":\"https:\\\/\\\/skin-heal.com\\\/product\\\/saypha-rich-1-x-1ml\\\/#breadcrumb\"},\"inLanguage\":\"es\",\"potentialAction\":[{\"@type\":\"ReadAction\",\"target\":[\"https:\\\/\\\/skin-heal.com\\\/product\\\/saypha-rich-1-x-1ml\\\/\"]}]},{\"@type\":\"ImageObject\",\"inLanguage\":\"es\",\"@id\":\"https:\\\/\\\/skin-heal.com\\\/product\\\/saypha-rich-1-x-1ml\\\/#primaryimage\",\"url\":\"https:\\\/\\\/skin-heal.com\\\/wp-content\\\/uploads\\\/2022\\\/03\\\/Saypha-Rich.jpg\",\"contentUrl\":\"https:\\\/\\\/skin-heal.com\\\/wp-content\\\/uploads\\\/2022\\\/03\\\/Saypha-Rich.jpg\",\"width\":600,\"height\":600,\"caption\":\"Saypha Rich\"},{\"@type\":\"BreadcrumbList\",\"@id\":\"https:\\\/\\\/skin-heal.com\\\/product\\\/saypha-rich-1-x-1ml\\\/#breadcrumb\",\"itemListElement\":[{\"@type\":\"ListItem\",\"position\":1,\"name\":\"Home\",\"item\":\"https:\\\/\\\/skin-heal.com\\\/\"},{\"@type\":\"ListItem\",\"position\":2,\"name\":\"Store\",\"item\":\"https:\\\/\\\/skin-heal.com\\\/store\\\/\"},{\"@type\":\"ListItem\",\"position\":3,\"name\":\"Saypha Rich (1 x 1ml) ex. Princess Rich\"}]},{\"@type\":\"WebSite\",\"@id\":\"https:\\\/\\\/skin-heal.com\\\/#website\",\"url\":\"https:\\\/\\\/skin-heal.com\\\/\",\"name\":\"Skin Heal\",\"description\":\"Lowest Prices for Dermal Fillers\",\"potentialAction\":[{\"@type\":\"SearchAction\",\"target\":{\"@type\":\"EntryPoint\",\"urlTemplate\":\"https:\\\/\\\/skin-heal.com\\\/?s={search_term_string}\"},\"query-input\":{\"@type\":\"PropertyValueSpecification\",\"valueRequired\":true,\"valueName\":\"search_term_string\"}}],\"inLanguage\":\"es\"}]}<\/script>\n<!-- \/ Yoast SEO plugin. -->","yoast_head_json":{"title":"Saypha Rich (1 x 1ml) ex. Princess Rich - Piel sana","description":"Saypha Rich es un relleno suave para la eliminaci\u00f3n de arrugas delicadas con una concentraci\u00f3n de \u00e1cido hialur\u00f3nico de 18mg\/ml, eficaz para las patas de gallo y las l\u00edneas finas.","robots":{"index":"index","follow":"follow","max-snippet":"max-snippet:-1","max-image-preview":"max-image-preview:large","max-video-preview":"max-video-preview:-1"},"canonical":"https:\/\/skin-heal.com\/es\/producto\/saypha-rich-1-x-1ml\/","og_locale":"es_MX","og_type":"article","og_title":"Saypha Rich (1 x 1ml) ex. Princess Rich - Skin Heal","og_description":"Saypha Rich is a soft filler for delicate wrinkles removale with 18mg\/ml Hyaluronic acid concentration, effective for Crows feet and fine lines.","og_url":"https:\/\/skin-heal.com\/es\/producto\/saypha-rich-1-x-1ml\/","og_site_name":"Skin Heal","article_modified_time":"2022-06-15T18:04:22+00:00","og_image":[{"width":600,"height":600,"url":"https:\/\/cdn.skin-heal.com\/wp-content\/uploads\/2022\/03\/Saypha-Rich.jpg","type":"image\/jpeg"}],"twitter_card":"summary_large_image","twitter_misc":{"Tiempo de lectura":"1 minuto"},"schema":{"@context":"https:\/\/schema.org","@graph":[{"@type":"WebPage","@id":"https:\/\/skin-heal.com\/product\/saypha-rich-1-x-1ml\/","url":"https:\/\/skin-heal.com\/product\/saypha-rich-1-x-1ml\/","name":"Saypha Rich (1 x 1ml) ex. Princess Rich - Piel sana","isPartOf":{"@id":"https:\/\/skin-heal.com\/#website"},"primaryImageOfPage":{"@id":"https:\/\/skin-heal.com\/product\/saypha-rich-1-x-1ml\/#primaryimage"},"image":{"@id":"https:\/\/skin-heal.com\/product\/saypha-rich-1-x-1ml\/#primaryimage"},"thumbnailUrl":"https:\/\/cdn.skin-heal.com\/wp-content\/uploads\/2022\/03\/Saypha-Rich.jpg","datePublished":"2020-11-12T12:55:17+00:00","dateModified":"2022-06-15T18:04:22+00:00","description":"Saypha Rich es un relleno suave para la eliminaci\u00f3n de arrugas delicadas con una concentraci\u00f3n de \u00e1cido hialur\u00f3nico de 18mg\/ml, eficaz para las patas de gallo y las l\u00edneas finas.","breadcrumb":{"@id":"https:\/\/skin-heal.com\/product\/saypha-rich-1-x-1ml\/#breadcrumb"},"inLanguage":"es","potentialAction":[{"@type":"ReadAction","target":["https:\/\/skin-heal.com\/product\/saypha-rich-1-x-1ml\/"]}]},{"@type":"ImageObject","inLanguage":"es","@id":"https:\/\/skin-heal.com\/product\/saypha-rich-1-x-1ml\/#primaryimage","url":"https:\/\/cdn.skin-heal.com\/wp-content\/uploads\/2022\/03\/Saypha-Rich.jpg","contentUrl":"https:\/\/cdn.skin-heal.com\/wp-content\/uploads\/2022\/03\/Saypha-Rich.jpg","width":600,"height":600,"caption":"Saypha Rich"},{"@type":"BreadcrumbList","@id":"https:\/\/skin-heal.com\/product\/saypha-rich-1-x-1ml\/#breadcrumb","itemListElement":[{"@type":"ListItem","position":1,"name":"Home","item":"https:\/\/skin-heal.com\/"},{"@type":"ListItem","position":2,"name":"Store","item":"https:\/\/skin-heal.com\/store\/"},{"@type":"ListItem","position":3,"name":"Saypha Rich (1 x 1ml) ex. Princess Rich"}]},{"@type":"WebSite","@id":"https:\/\/skin-heal.com\/#website","url":"https:\/\/skin-heal.com\/","name":"Curaci\u00f3n de la piel","description":"Los precios m\u00e1s bajos para los rellenos d\u00e9rmicos","potentialAction":[{"@type":"SearchAction","target":{"@type":"EntryPoint","urlTemplate":"https:\/\/skin-heal.com\/?s={search_term_string}"},"query-input":{"@type":"PropertyValueSpecification","valueRequired":true,"valueName":"search_term_string"}}],"inLanguage":"es"}]}},"_links":{"self":[{"href":"https:\/\/skin-heal.com\/es\/wp-json\/wp\/v2\/product\/24969","targetHints":{"allow":["GET"]}}],"collection":[{"href":"https:\/\/skin-heal.com\/es\/wp-json\/wp\/v2\/product"}],"about":[{"href":"https:\/\/skin-heal.com\/es\/wp-json\/wp\/v2\/types\/product"}],"wp:featuredmedia":[{"embeddable":true,"href":"https:\/\/skin-heal.com\/es\/wp-json\/wp\/v2\/media\/32465"}],"wp:attachment":[{"href":"https:\/\/skin-heal.com\/es\/wp-json\/wp\/v2\/media?parent=24969"}],"wp:term":[{"taxonomy":"product_brand","embeddable":true,"href":"https:\/\/skin-heal.com\/es\/wp-json\/wp\/v2\/product_brand?post=24969"},{"taxonomy":"product_cat","embeddable":true,"href":"https:\/\/skin-heal.com\/es\/wp-json\/wp\/v2\/product_cat?post=24969"},{"taxonomy":"product_tag","embeddable":true,"href":"https:\/\/skin-heal.com\/es\/wp-json\/wp\/v2\/product_tag?post=24969"}],"curies":[{"name":"wp","href":"https:\/\/api.w.org\/{rel}","templated":true}]}}