{"id":26597,"date":"2021-01-08T14:29:53","date_gmt":"2021-01-08T12:29:53","guid":{"rendered":"https:\/\/skin-heal.com\/?post_type=product&#038;p=26597"},"modified":"2022-12-16T17:54:38","modified_gmt":"2022-12-16T15:54:38","slug":"genephyrs-stream-line-1-x-1-1ml","status":"publish","type":"product","link":"https:\/\/skin-heal.com\/es\/producto\/genephyrs-stream-line-1-x-1-1ml\/","title":{"rendered":"Genephyrs Stream Line (1 x 1,1ml)"},"content":{"rendered":"<p>Genephyrs Stream Line rebaja el precio para una calidad de relleno superior. Se trata de un gel hialur\u00f3nico inyectable para la eliminaci\u00f3n de manchas, orientado al presupuesto, que puede competir incluso con las marcas europeas en t\u00e9rminos de durabilidad, resultados de aspecto natural y seguridad de la soluci\u00f3n. Y hablando de rellenos cut\u00e1neos seguros, Genephyrs Stream Line, al igual que el de la marca, se fabrica utilizando una tecnolog\u00eda especial que elimina los reticulantes libres y no unidos. De este modo, se eliminan todos los problemas de salud t\u00edpicos del gel de HA reticulado con BDDE.<\/p>\n<p>El uso aplicable del relleno incluye las siguientes \u00e1reas:<\/p>\n<ul>\n<li>Debajo de los ojos<\/li>\n<li>Alrededor de los ojos (patas de gallo)<\/li>\n<li>Las orejas<\/li>\n<li>L\u00edneas de la sonrisa<\/li>\n<li>Entre las cejas<\/li>\n<li>La frente (l\u00edneas glabelares)<\/li>\n<li>Pliegues nasolabiales poco profundos<\/li>\n<\/ul>\n<p>La caja del producto contiene una jeringa con gel de \u00e1cido hialur\u00f3nico purificado y est\u00e9ril. Adem\u00e1s, todas las cajas de relleno Genephyrs Steam Line vienen con agujas de inyecci\u00f3n de alta calidad con una pared extra fina que reduce el dolor y facilita la inyecci\u00f3n. La comodidad del paciente est\u00e1 garantizada por la lidoca\u00edna 0,3% que contiene el gel.<\/p>","protected":false},"excerpt":{"rendered":"<p>Aprovechando las poderosas propiedades del \u00e1cido hialur\u00f3nico, este relleno facial ofrece una eliminaci\u00f3n garantizada y de aspecto natural de las depresiones cut\u00e1neas superficiales. Con Genephyrs Stream Line los dermat\u00f3logos y cirujanos pl\u00e1sticos pueden trabajar las arrugas y pliegues cut\u00e1neos m\u00e1s delicados y dif\u00edciles de eliminar, sin temer la formaci\u00f3n de bultos. Se trata de un gel suave de HA que rellena perfectamente las l\u00edneas finas sin dejar evidencia de la intervenci\u00f3n cosm\u00e9tica. En esencia, este producto es completamente id\u00e9ntico al Rejeunsse Fine, pero a un precio mucho m\u00e1s asequible.<\/p>","protected":false},"featured_media":26602,"template":"","meta":[],"product_brand":[],"product_cat":[79,130,131],"product_tag":[],"class_list":{"0":"post-26597","1":"product","2":"type-product","3":"status-publish","4":"has-post-thumbnail","6":"product_cat-dermal-fillers","7":"product_cat-genephyrs","8":"product_cat-viscentom","9":"clearfix","11":"first","12":"outofstock","13":"taxable","14":"shipping-taxable","15":"purchasable","16":"product-type-simple"},"yoast_head":"<!-- This site is optimized with the Yoast SEO plugin v27.4 - https:\/\/yoast.com\/product\/yoast-seo-wordpress\/ -->\n<title>Genephyrs Stream Line (1 x 1.1ml) - Skin Heal<\/title>\n<meta name=\"description\" content=\"Genephyrs Stream Line is the perfect Rejeunesse Fine alternative \u2013 the same product at a lower price, perfect for superficial wrinkle removal.\" \/>\n<meta name=\"robots\" content=\"index, follow, max-snippet:-1, max-image-preview:large, max-video-preview:-1\" \/>\n<link rel=\"canonical\" href=\"https:\/\/skin-heal.com\/es\/producto\/genephyrs-stream-line-1-x-1-1ml\/\" \/>\n<meta property=\"og:locale\" content=\"es_MX\" \/>\n<meta property=\"og:type\" content=\"article\" \/>\n<meta property=\"og:title\" content=\"Genephyrs Stream Line (1 x 1.1ml) - Skin Heal\" \/>\n<meta property=\"og:description\" content=\"Genephyrs Stream Line is the perfect Rejeunesse Fine alternative \u2013 the same product at a lower price, perfect for superficial wrinkle removal.\" \/>\n<meta property=\"og:url\" content=\"https:\/\/skin-heal.com\/es\/producto\/genephyrs-stream-line-1-x-1-1ml\/\" \/>\n<meta property=\"og:site_name\" content=\"Skin Heal\" \/>\n<meta property=\"article:modified_time\" content=\"2022-12-16T15:54:38+00:00\" \/>\n<meta property=\"og:image\" content=\"https:\/\/cdn.skin-heal.com\/wp-content\/uploads\/2021\/01\/Genephyrs-Stream-Line.jpg\" \/>\n\t<meta property=\"og:image:width\" content=\"600\" \/>\n\t<meta property=\"og:image:height\" content=\"600\" \/>\n\t<meta property=\"og:image:type\" content=\"image\/jpeg\" \/>\n<meta name=\"twitter:card\" content=\"summary_large_image\" \/>\n<meta name=\"twitter:label1\" content=\"Tiempo de lectura\" \/>\n\t<meta name=\"twitter:data1\" content=\"1 minuto\" \/>\n<script type=\"application\/ld+json\" class=\"yoast-schema-graph\">{\"@context\":\"https:\\\/\\\/schema.org\",\"@graph\":[{\"@type\":\"WebPage\",\"@id\":\"https:\\\/\\\/skin-heal.com\\\/product\\\/genephyrs-stream-line-1-x-1-1ml\\\/\",\"url\":\"https:\\\/\\\/skin-heal.com\\\/product\\\/genephyrs-stream-line-1-x-1-1ml\\\/\",\"name\":\"Genephyrs Stream Line (1 x 1.1ml) - Skin Heal\",\"isPartOf\":{\"@id\":\"https:\\\/\\\/skin-heal.com\\\/#website\"},\"primaryImageOfPage\":{\"@id\":\"https:\\\/\\\/skin-heal.com\\\/product\\\/genephyrs-stream-line-1-x-1-1ml\\\/#primaryimage\"},\"image\":{\"@id\":\"https:\\\/\\\/skin-heal.com\\\/product\\\/genephyrs-stream-line-1-x-1-1ml\\\/#primaryimage\"},\"thumbnailUrl\":\"https:\\\/\\\/skin-heal.com\\\/wp-content\\\/uploads\\\/2021\\\/01\\\/Genephyrs-Stream-Line.jpg\",\"datePublished\":\"2021-01-08T12:29:53+00:00\",\"dateModified\":\"2022-12-16T15:54:38+00:00\",\"description\":\"Genephyrs Stream Line is the perfect Rejeunesse Fine alternative \u2013 the same product at a lower price, perfect for superficial wrinkle removal.\",\"breadcrumb\":{\"@id\":\"https:\\\/\\\/skin-heal.com\\\/product\\\/genephyrs-stream-line-1-x-1-1ml\\\/#breadcrumb\"},\"inLanguage\":\"es\",\"potentialAction\":[{\"@type\":\"ReadAction\",\"target\":[\"https:\\\/\\\/skin-heal.com\\\/product\\\/genephyrs-stream-line-1-x-1-1ml\\\/\"]}]},{\"@type\":\"ImageObject\",\"inLanguage\":\"es\",\"@id\":\"https:\\\/\\\/skin-heal.com\\\/product\\\/genephyrs-stream-line-1-x-1-1ml\\\/#primaryimage\",\"url\":\"https:\\\/\\\/skin-heal.com\\\/wp-content\\\/uploads\\\/2021\\\/01\\\/Genephyrs-Stream-Line.jpg\",\"contentUrl\":\"https:\\\/\\\/skin-heal.com\\\/wp-content\\\/uploads\\\/2021\\\/01\\\/Genephyrs-Stream-Line.jpg\",\"width\":600,\"height\":600,\"caption\":\"Genephyrs Stream Line\"},{\"@type\":\"BreadcrumbList\",\"@id\":\"https:\\\/\\\/skin-heal.com\\\/product\\\/genephyrs-stream-line-1-x-1-1ml\\\/#breadcrumb\",\"itemListElement\":[{\"@type\":\"ListItem\",\"position\":1,\"name\":\"Home\",\"item\":\"https:\\\/\\\/skin-heal.com\\\/\"},{\"@type\":\"ListItem\",\"position\":2,\"name\":\"Store\",\"item\":\"https:\\\/\\\/skin-heal.com\\\/store\\\/\"},{\"@type\":\"ListItem\",\"position\":3,\"name\":\"Genephyrs Stream Line (1 x 1.1ml)\"}]},{\"@type\":\"WebSite\",\"@id\":\"https:\\\/\\\/skin-heal.com\\\/#website\",\"url\":\"https:\\\/\\\/skin-heal.com\\\/\",\"name\":\"Skin Heal\",\"description\":\"Lowest Prices for Dermal Fillers\",\"potentialAction\":[{\"@type\":\"SearchAction\",\"target\":{\"@type\":\"EntryPoint\",\"urlTemplate\":\"https:\\\/\\\/skin-heal.com\\\/?s={search_term_string}\"},\"query-input\":{\"@type\":\"PropertyValueSpecification\",\"valueRequired\":true,\"valueName\":\"search_term_string\"}}],\"inLanguage\":\"es\"}]}<\/script>\n<!-- \/ Yoast SEO plugin. -->","yoast_head_json":{"title":"Genephyrs Stream Line (1 x 1,1ml) - Skin Heal","description":"Genephyrs Stream Line es la alternativa perfecta a Rejeunesse Fine: el mismo producto a un precio inferior, perfecto para eliminar las arrugas superficiales.","robots":{"index":"index","follow":"follow","max-snippet":"max-snippet:-1","max-image-preview":"max-image-preview:large","max-video-preview":"max-video-preview:-1"},"canonical":"https:\/\/skin-heal.com\/es\/producto\/genephyrs-stream-line-1-x-1-1ml\/","og_locale":"es_MX","og_type":"article","og_title":"Genephyrs Stream Line (1 x 1.1ml) - Skin Heal","og_description":"Genephyrs Stream Line is the perfect Rejeunesse Fine alternative \u2013 the same product at a lower price, perfect for superficial wrinkle removal.","og_url":"https:\/\/skin-heal.com\/es\/producto\/genephyrs-stream-line-1-x-1-1ml\/","og_site_name":"Skin Heal","article_modified_time":"2022-12-16T15:54:38+00:00","og_image":[{"width":600,"height":600,"url":"https:\/\/cdn.skin-heal.com\/wp-content\/uploads\/2021\/01\/Genephyrs-Stream-Line.jpg","type":"image\/jpeg"}],"twitter_card":"summary_large_image","twitter_misc":{"Tiempo de lectura":"1 minuto"},"schema":{"@context":"https:\/\/schema.org","@graph":[{"@type":"WebPage","@id":"https:\/\/skin-heal.com\/product\/genephyrs-stream-line-1-x-1-1ml\/","url":"https:\/\/skin-heal.com\/product\/genephyrs-stream-line-1-x-1-1ml\/","name":"Genephyrs Stream Line (1 x 1,1ml) - Skin Heal","isPartOf":{"@id":"https:\/\/skin-heal.com\/#website"},"primaryImageOfPage":{"@id":"https:\/\/skin-heal.com\/product\/genephyrs-stream-line-1-x-1-1ml\/#primaryimage"},"image":{"@id":"https:\/\/skin-heal.com\/product\/genephyrs-stream-line-1-x-1-1ml\/#primaryimage"},"thumbnailUrl":"https:\/\/cdn.skin-heal.com\/wp-content\/uploads\/2021\/01\/Genephyrs-Stream-Line.jpg","datePublished":"2021-01-08T12:29:53+00:00","dateModified":"2022-12-16T15:54:38+00:00","description":"Genephyrs Stream Line es la alternativa perfecta a Rejeunesse Fine: el mismo producto a un precio inferior, perfecto para eliminar las arrugas superficiales.","breadcrumb":{"@id":"https:\/\/skin-heal.com\/product\/genephyrs-stream-line-1-x-1-1ml\/#breadcrumb"},"inLanguage":"es","potentialAction":[{"@type":"ReadAction","target":["https:\/\/skin-heal.com\/product\/genephyrs-stream-line-1-x-1-1ml\/"]}]},{"@type":"ImageObject","inLanguage":"es","@id":"https:\/\/skin-heal.com\/product\/genephyrs-stream-line-1-x-1-1ml\/#primaryimage","url":"https:\/\/cdn.skin-heal.com\/wp-content\/uploads\/2021\/01\/Genephyrs-Stream-Line.jpg","contentUrl":"https:\/\/cdn.skin-heal.com\/wp-content\/uploads\/2021\/01\/Genephyrs-Stream-Line.jpg","width":600,"height":600,"caption":"Genephyrs Stream Line"},{"@type":"BreadcrumbList","@id":"https:\/\/skin-heal.com\/product\/genephyrs-stream-line-1-x-1-1ml\/#breadcrumb","itemListElement":[{"@type":"ListItem","position":1,"name":"Home","item":"https:\/\/skin-heal.com\/"},{"@type":"ListItem","position":2,"name":"Store","item":"https:\/\/skin-heal.com\/store\/"},{"@type":"ListItem","position":3,"name":"Genephyrs Stream Line (1 x 1.1ml)"}]},{"@type":"WebSite","@id":"https:\/\/skin-heal.com\/#website","url":"https:\/\/skin-heal.com\/","name":"Curaci\u00f3n de la piel","description":"Los precios m\u00e1s bajos para los rellenos d\u00e9rmicos","potentialAction":[{"@type":"SearchAction","target":{"@type":"EntryPoint","urlTemplate":"https:\/\/skin-heal.com\/?s={search_term_string}"},"query-input":{"@type":"PropertyValueSpecification","valueRequired":true,"valueName":"search_term_string"}}],"inLanguage":"es"}]}},"_links":{"self":[{"href":"https:\/\/skin-heal.com\/es\/wp-json\/wp\/v2\/product\/26597","targetHints":{"allow":["GET"]}}],"collection":[{"href":"https:\/\/skin-heal.com\/es\/wp-json\/wp\/v2\/product"}],"about":[{"href":"https:\/\/skin-heal.com\/es\/wp-json\/wp\/v2\/types\/product"}],"wp:featuredmedia":[{"embeddable":true,"href":"https:\/\/skin-heal.com\/es\/wp-json\/wp\/v2\/media\/26602"}],"wp:attachment":[{"href":"https:\/\/skin-heal.com\/es\/wp-json\/wp\/v2\/media?parent=26597"}],"wp:term":[{"taxonomy":"product_brand","embeddable":true,"href":"https:\/\/skin-heal.com\/es\/wp-json\/wp\/v2\/product_brand?post=26597"},{"taxonomy":"product_cat","embeddable":true,"href":"https:\/\/skin-heal.com\/es\/wp-json\/wp\/v2\/product_cat?post=26597"},{"taxonomy":"product_tag","embeddable":true,"href":"https:\/\/skin-heal.com\/es\/wp-json\/wp\/v2\/product_tag?post=26597"}],"curies":[{"name":"wp","href":"https:\/\/api.w.org\/{rel}","templated":true}]}}