{"id":26598,"date":"2021-01-08T14:30:01","date_gmt":"2021-01-08T12:30:01","guid":{"rendered":"https:\/\/skin-heal.com\/?post_type=product&#038;p=26598"},"modified":"2023-02-20T18:18:38","modified_gmt":"2023-02-20T16:18:38","slug":"genephyrs-middle-level-1-x-1-1ml","status":"publish","type":"product","link":"https:\/\/skin-heal.com\/es\/producto\/genephyrs-middle-level-1-x-1-1ml\/","title":{"rendered":"Genephyrs Nivel Medio (1 x 1,1ml)"},"content":{"rendered":"<p>Aunque la comparaci\u00f3n con Rejeunesse Deep puede sonar un poco excesiva, \"bajo el cap\u00f3\" ambos rellenos son completamente id\u00e9nticos, lo que significa que cuando usted adquiere Genephyrs Middle Level sigue comprando esa calidad superior de relleno, que rivaliza f\u00e1cilmente incluso con los pesos pesados europeos como las marcas Juvederm y Restylane.<\/p>\n<p>Viscentom anuncia Genephyrs Middle Level principalmente por sus propiedades de contorno y de eliminaci\u00f3n de arrugas y pliegues profundos. Y son innegables. Cuando se inyecta, el gel de AH es estable, pero lo suficientemente suave y el\u00e1stico como para no formar ning\u00fan bulto ni producir una hinchaz\u00f3n no natural en la zona que rellena.<\/p>\n<p>Pero lo que m\u00e1s atraer\u00e1 a los clientes es el uso de Genephyrs Middle Level para el aumento de labios. Ya sea para a\u00f1adir volumen a los labios, mejorar el contorno general, hacer un retoque suave y a\u00f1adir un efecto m\u00e1s dram\u00e1tico - el relleno de labios Genephyrs Middle Level lo tiene cubierto. Este gel de HA con una concentraci\u00f3n de 24mg\/ml garantiza no s\u00f3lo unos labios de aspecto extremadamente natural y bello, sino unos resultados duraderos que pueden ir m\u00e1s all\u00e1 de un a\u00f1o.<\/p>\n<h3>Nivel medio de Genephyrs - el pack<\/h3>\n<ul>\n<li>Jeringa precargada (1,1 ml)<\/li>\n<li>Dos agujas de 25G<\/li>\n<li>Manual de instrucciones<\/li>\n<\/ul>","protected":false},"excerpt":{"rendered":"<p>\u00bfEs posible obtener la calidad superior, de estilo europeo, de Rejeunesse Deep, pero a un precio a\u00fan m\u00e1s bajo? Por supuesto. Genephyrs Middle Level es un relleno para los labios y la piel, que es completamente id\u00e9ntico al potente producto coreano de aumento. Fabricado en Hong Kong, pero utilizando la tecnolog\u00eda de belleza coreana 100%, este gel hialur\u00f3nico es la soluci\u00f3n perfecta no s\u00f3lo para aumentar eficazmente los labios, a\u00f1adiendo un volumen de aspecto natural y unos resultados superiores en el contorno de los labios, sino tambi\u00e9n para tratar los pliegues nasolabiales profundos y las l\u00edneas de marioneta, as\u00ed como un contorno suave en zonas como la barbilla y la nariz.<\/p>","protected":false},"featured_media":26600,"template":"","meta":[],"product_brand":[],"product_cat":[79,130,131],"product_tag":[],"class_list":{"0":"post-26598","1":"product","2":"type-product","3":"status-publish","4":"has-post-thumbnail","6":"product_cat-dermal-fillers","7":"product_cat-genephyrs","8":"product_cat-viscentom","9":"clearfix","11":"first","12":"outofstock","13":"taxable","14":"shipping-taxable","15":"purchasable","16":"product-type-simple"},"yoast_head":"<!-- This site is optimized with the Yoast SEO plugin v27.4 - https:\/\/yoast.com\/product\/yoast-seo-wordpress\/ -->\n<title>Genephyrs Middle Level (1 x 1.1ml) - Skin Heal<\/title>\n<meta name=\"description\" content=\"Genephyrs Middle Level is one of the best lip fillers on the market. Just as the Rejeunesse Deep, this filler will provide superior lip augmentation.\" \/>\n<meta name=\"robots\" content=\"index, follow, max-snippet:-1, max-image-preview:large, max-video-preview:-1\" \/>\n<link rel=\"canonical\" href=\"https:\/\/skin-heal.com\/es\/producto\/genephyrs-middle-level-1-x-1-1ml\/\" \/>\n<meta property=\"og:locale\" content=\"es_MX\" \/>\n<meta property=\"og:type\" content=\"article\" \/>\n<meta property=\"og:title\" content=\"Genephyrs Middle Level (1 x 1.1ml) - Skin Heal\" \/>\n<meta property=\"og:description\" content=\"Genephyrs Middle Level is one of the best lip fillers on the market. Just as the Rejeunesse Deep, this filler will provide superior lip augmentation.\" \/>\n<meta property=\"og:url\" content=\"https:\/\/skin-heal.com\/es\/producto\/genephyrs-middle-level-1-x-1-1ml\/\" \/>\n<meta property=\"og:site_name\" content=\"Skin Heal\" \/>\n<meta property=\"article:modified_time\" content=\"2023-02-20T16:18:38+00:00\" \/>\n<meta property=\"og:image\" content=\"https:\/\/cdn.skin-heal.com\/wp-content\/uploads\/2021\/01\/Genephyrs-Middle-Level.jpg\" \/>\n\t<meta property=\"og:image:width\" content=\"600\" \/>\n\t<meta property=\"og:image:height\" content=\"600\" \/>\n\t<meta property=\"og:image:type\" content=\"image\/jpeg\" \/>\n<meta name=\"twitter:card\" content=\"summary_large_image\" \/>\n<meta name=\"twitter:label1\" content=\"Tiempo de lectura\" \/>\n\t<meta name=\"twitter:data1\" content=\"1 minuto\" \/>\n<script type=\"application\/ld+json\" class=\"yoast-schema-graph\">{\"@context\":\"https:\\\/\\\/schema.org\",\"@graph\":[{\"@type\":\"WebPage\",\"@id\":\"https:\\\/\\\/skin-heal.com\\\/product\\\/genephyrs-middle-level-1-x-1-1ml\\\/\",\"url\":\"https:\\\/\\\/skin-heal.com\\\/product\\\/genephyrs-middle-level-1-x-1-1ml\\\/\",\"name\":\"Genephyrs Middle Level (1 x 1.1ml) - Skin Heal\",\"isPartOf\":{\"@id\":\"https:\\\/\\\/skin-heal.com\\\/#website\"},\"primaryImageOfPage\":{\"@id\":\"https:\\\/\\\/skin-heal.com\\\/product\\\/genephyrs-middle-level-1-x-1-1ml\\\/#primaryimage\"},\"image\":{\"@id\":\"https:\\\/\\\/skin-heal.com\\\/product\\\/genephyrs-middle-level-1-x-1-1ml\\\/#primaryimage\"},\"thumbnailUrl\":\"https:\\\/\\\/skin-heal.com\\\/wp-content\\\/uploads\\\/2021\\\/01\\\/Genephyrs-Middle-Level.jpg\",\"datePublished\":\"2021-01-08T12:30:01+00:00\",\"dateModified\":\"2023-02-20T16:18:38+00:00\",\"description\":\"Genephyrs Middle Level is one of the best lip fillers on the market. Just as the Rejeunesse Deep, this filler will provide superior lip augmentation.\",\"breadcrumb\":{\"@id\":\"https:\\\/\\\/skin-heal.com\\\/product\\\/genephyrs-middle-level-1-x-1-1ml\\\/#breadcrumb\"},\"inLanguage\":\"es\",\"potentialAction\":[{\"@type\":\"ReadAction\",\"target\":[\"https:\\\/\\\/skin-heal.com\\\/product\\\/genephyrs-middle-level-1-x-1-1ml\\\/\"]}]},{\"@type\":\"ImageObject\",\"inLanguage\":\"es\",\"@id\":\"https:\\\/\\\/skin-heal.com\\\/product\\\/genephyrs-middle-level-1-x-1-1ml\\\/#primaryimage\",\"url\":\"https:\\\/\\\/skin-heal.com\\\/wp-content\\\/uploads\\\/2021\\\/01\\\/Genephyrs-Middle-Level.jpg\",\"contentUrl\":\"https:\\\/\\\/skin-heal.com\\\/wp-content\\\/uploads\\\/2021\\\/01\\\/Genephyrs-Middle-Level.jpg\",\"width\":600,\"height\":600,\"caption\":\"Genephyrs Middle Level\"},{\"@type\":\"BreadcrumbList\",\"@id\":\"https:\\\/\\\/skin-heal.com\\\/product\\\/genephyrs-middle-level-1-x-1-1ml\\\/#breadcrumb\",\"itemListElement\":[{\"@type\":\"ListItem\",\"position\":1,\"name\":\"Home\",\"item\":\"https:\\\/\\\/skin-heal.com\\\/\"},{\"@type\":\"ListItem\",\"position\":2,\"name\":\"Store\",\"item\":\"https:\\\/\\\/skin-heal.com\\\/store\\\/\"},{\"@type\":\"ListItem\",\"position\":3,\"name\":\"Genephyrs Middle Level (1 x 1.1ml)\"}]},{\"@type\":\"WebSite\",\"@id\":\"https:\\\/\\\/skin-heal.com\\\/#website\",\"url\":\"https:\\\/\\\/skin-heal.com\\\/\",\"name\":\"Skin Heal\",\"description\":\"Lowest Prices for Dermal Fillers\",\"potentialAction\":[{\"@type\":\"SearchAction\",\"target\":{\"@type\":\"EntryPoint\",\"urlTemplate\":\"https:\\\/\\\/skin-heal.com\\\/?s={search_term_string}\"},\"query-input\":{\"@type\":\"PropertyValueSpecification\",\"valueRequired\":true,\"valueName\":\"search_term_string\"}}],\"inLanguage\":\"es\"}]}<\/script>\n<!-- \/ Yoast SEO plugin. -->","yoast_head_json":{"title":"Genephyrs Nivel Medio (1 x 1,1ml) - Skin Heal","description":"Genephyrs Middle Level es uno de los mejores rellenos labiales del mercado. Al igual que el Rejeunesse Deep, este relleno proporcionar\u00e1 un aumento de labios superior.","robots":{"index":"index","follow":"follow","max-snippet":"max-snippet:-1","max-image-preview":"max-image-preview:large","max-video-preview":"max-video-preview:-1"},"canonical":"https:\/\/skin-heal.com\/es\/producto\/genephyrs-middle-level-1-x-1-1ml\/","og_locale":"es_MX","og_type":"article","og_title":"Genephyrs Middle Level (1 x 1.1ml) - Skin Heal","og_description":"Genephyrs Middle Level is one of the best lip fillers on the market. Just as the Rejeunesse Deep, this filler will provide superior lip augmentation.","og_url":"https:\/\/skin-heal.com\/es\/producto\/genephyrs-middle-level-1-x-1-1ml\/","og_site_name":"Skin Heal","article_modified_time":"2023-02-20T16:18:38+00:00","og_image":[{"width":600,"height":600,"url":"https:\/\/cdn.skin-heal.com\/wp-content\/uploads\/2021\/01\/Genephyrs-Middle-Level.jpg","type":"image\/jpeg"}],"twitter_card":"summary_large_image","twitter_misc":{"Tiempo de lectura":"1 minuto"},"schema":{"@context":"https:\/\/schema.org","@graph":[{"@type":"WebPage","@id":"https:\/\/skin-heal.com\/product\/genephyrs-middle-level-1-x-1-1ml\/","url":"https:\/\/skin-heal.com\/product\/genephyrs-middle-level-1-x-1-1ml\/","name":"Genephyrs Nivel Medio (1 x 1,1ml) - Skin Heal","isPartOf":{"@id":"https:\/\/skin-heal.com\/#website"},"primaryImageOfPage":{"@id":"https:\/\/skin-heal.com\/product\/genephyrs-middle-level-1-x-1-1ml\/#primaryimage"},"image":{"@id":"https:\/\/skin-heal.com\/product\/genephyrs-middle-level-1-x-1-1ml\/#primaryimage"},"thumbnailUrl":"https:\/\/cdn.skin-heal.com\/wp-content\/uploads\/2021\/01\/Genephyrs-Middle-Level.jpg","datePublished":"2021-01-08T12:30:01+00:00","dateModified":"2023-02-20T16:18:38+00:00","description":"Genephyrs Middle Level es uno de los mejores rellenos labiales del mercado. Al igual que el Rejeunesse Deep, este relleno proporcionar\u00e1 un aumento de labios superior.","breadcrumb":{"@id":"https:\/\/skin-heal.com\/product\/genephyrs-middle-level-1-x-1-1ml\/#breadcrumb"},"inLanguage":"es","potentialAction":[{"@type":"ReadAction","target":["https:\/\/skin-heal.com\/product\/genephyrs-middle-level-1-x-1-1ml\/"]}]},{"@type":"ImageObject","inLanguage":"es","@id":"https:\/\/skin-heal.com\/product\/genephyrs-middle-level-1-x-1-1ml\/#primaryimage","url":"https:\/\/cdn.skin-heal.com\/wp-content\/uploads\/2021\/01\/Genephyrs-Middle-Level.jpg","contentUrl":"https:\/\/cdn.skin-heal.com\/wp-content\/uploads\/2021\/01\/Genephyrs-Middle-Level.jpg","width":600,"height":600,"caption":"Genephyrs Middle Level"},{"@type":"BreadcrumbList","@id":"https:\/\/skin-heal.com\/product\/genephyrs-middle-level-1-x-1-1ml\/#breadcrumb","itemListElement":[{"@type":"ListItem","position":1,"name":"Home","item":"https:\/\/skin-heal.com\/"},{"@type":"ListItem","position":2,"name":"Store","item":"https:\/\/skin-heal.com\/store\/"},{"@type":"ListItem","position":3,"name":"Genephyrs Middle Level (1 x 1.1ml)"}]},{"@type":"WebSite","@id":"https:\/\/skin-heal.com\/#website","url":"https:\/\/skin-heal.com\/","name":"Curaci\u00f3n de la piel","description":"Los precios m\u00e1s bajos para los rellenos d\u00e9rmicos","potentialAction":[{"@type":"SearchAction","target":{"@type":"EntryPoint","urlTemplate":"https:\/\/skin-heal.com\/?s={search_term_string}"},"query-input":{"@type":"PropertyValueSpecification","valueRequired":true,"valueName":"search_term_string"}}],"inLanguage":"es"}]}},"_links":{"self":[{"href":"https:\/\/skin-heal.com\/es\/wp-json\/wp\/v2\/product\/26598","targetHints":{"allow":["GET"]}}],"collection":[{"href":"https:\/\/skin-heal.com\/es\/wp-json\/wp\/v2\/product"}],"about":[{"href":"https:\/\/skin-heal.com\/es\/wp-json\/wp\/v2\/types\/product"}],"wp:featuredmedia":[{"embeddable":true,"href":"https:\/\/skin-heal.com\/es\/wp-json\/wp\/v2\/media\/26600"}],"wp:attachment":[{"href":"https:\/\/skin-heal.com\/es\/wp-json\/wp\/v2\/media?parent=26598"}],"wp:term":[{"taxonomy":"product_brand","embeddable":true,"href":"https:\/\/skin-heal.com\/es\/wp-json\/wp\/v2\/product_brand?post=26598"},{"taxonomy":"product_cat","embeddable":true,"href":"https:\/\/skin-heal.com\/es\/wp-json\/wp\/v2\/product_cat?post=26598"},{"taxonomy":"product_tag","embeddable":true,"href":"https:\/\/skin-heal.com\/es\/wp-json\/wp\/v2\/product_tag?post=26598"}],"curies":[{"name":"wp","href":"https:\/\/api.w.org\/{rel}","templated":true}]}}