{"id":26599,"date":"2021-01-08T14:30:13","date_gmt":"2021-01-08T12:30:13","guid":{"rendered":"https:\/\/skin-heal.com\/?post_type=product&#038;p=26599"},"modified":"2022-12-16T17:54:30","modified_gmt":"2022-12-16T15:54:30","slug":"genephyrs-profound-1-x-1-1ml","status":"publish","type":"product","link":"https:\/\/skin-heal.com\/es\/producto\/genephyrs-profound-1-x-1-1ml\/","title":{"rendered":"Genephyrs Profound (1 x 1,1ml)"},"content":{"rendered":"<p>Genephyrs Profound es un relleno inyectable de alta calidad, espec\u00edficamente dise\u00f1ado para tratar depresiones cut\u00e1neas muy profundas a severas y tambi\u00e9n para mejorar, contornear y aumentar la forma y el volumen de varias zonas faciales. Se trata de un gel de \u00e1cido hialur\u00f3nico con alta concentraci\u00f3n de AH (24mg\/ml) y gran tama\u00f1o de part\u00edcula, con un grosor notable. Su viscoelasticidad lo hace ideal para la tarea de hacer m\u00e1s pronunciados los p\u00f3mulos o para contornear y aumentar la l\u00ednea de la mand\u00edbula. Es primordial que un relleno para esculpir tenga la textura y fluidez adecuadas para que sea firme y estable una vez inyectado, pero que al mismo tiempo tenga un aspecto completamente natural una vez aplicado bajo la piel. En este sentido, Genephyrs Profound es un \u00e9xito total.<\/p>\n<h2>Genephyrs Profound - puntos destacados del relleno<\/h2>\n<ul>\n<li>Fabricado en Hong Kong con tecnolog\u00eda coreana<\/li>\n<li>Sustituci\u00f3n de la forma Rejeunesse<\/li>\n<li>Contiene lidoca\u00edna para una inyecci\u00f3n indolora<\/li>\n<li>Incluye agujas de inyecci\u00f3n especiales de pared fina<\/li>\n<li>Efecto duradero que puede superar el a\u00f1o<\/li>\n<\/ul>\n<p>Una de las principales ventajas del relleno Genephyrs Profound es su seguridad. Se fabrica mediante un proceso especial que elimina los residuos del agente reticulante BDDA. Adem\u00e1s, el inyectable se fabrica con \u00e1cido hilur\u00f3nico purificado y esterilizado. Las agujas de pared fina incluidas, no s\u00f3lo reducen las molestias de la inyecci\u00f3n, sino que est\u00e1n hechas de acero inoxidable de alta calidad, de uso m\u00e9dico.<\/p>","protected":false},"excerpt":{"rendered":"<p>El relleno d\u00e9rmico Genephyrs Profound es uno de los rellenos con mejor relaci\u00f3n calidad-precio del mercado. Ofreciendo la calidad y el contenido de Rejeunesse Shape, a un precio notablemente inferior, Genephyrs Profound es el gel de HA inyectable ideal para contornear el \u00f3valo facial o aumentar zonas selectas como los p\u00f3mulos, ahora y la l\u00ednea de la mand\u00edbula. El relleno es tambi\u00e9n una excelente opci\u00f3n para restaurar o aumentar el volumen de las mejillas y, adem\u00e1s, puede ser la soluci\u00f3n perfecta para eliminar pliegues y depresiones cut\u00e1neas severas (especialmente los pliegues nasolabiales).<\/p>","protected":false},"featured_media":26601,"template":"","meta":[],"product_brand":[],"product_cat":[79,130,131],"product_tag":[],"class_list":{"0":"post-26599","1":"product","2":"type-product","3":"status-publish","4":"has-post-thumbnail","6":"product_cat-dermal-fillers","7":"product_cat-genephyrs","8":"product_cat-viscentom","9":"clearfix","11":"first","12":"outofstock","13":"taxable","14":"shipping-taxable","15":"purchasable","16":"product-type-simple"},"yoast_head":"<!-- This site is optimized with the Yoast SEO plugin v27.4 - https:\/\/yoast.com\/product\/yoast-seo-wordpress\/ -->\n<title>Genephyrs Profound (1 x 1.1ml) - Skin Heal<\/title>\n<meta name=\"description\" content=\"Affordable but 100% top quality, Genephyrs Profound is a complete alternative to the Rejeunesse Shape contouring filler.\" \/>\n<meta name=\"robots\" content=\"index, follow, max-snippet:-1, max-image-preview:large, max-video-preview:-1\" \/>\n<link rel=\"canonical\" href=\"https:\/\/skin-heal.com\/es\/producto\/genephyrs-profound-1-x-1-1ml\/\" \/>\n<meta property=\"og:locale\" content=\"es_MX\" \/>\n<meta property=\"og:type\" content=\"article\" \/>\n<meta property=\"og:title\" content=\"Genephyrs Profound (1 x 1.1ml) - Skin Heal\" \/>\n<meta property=\"og:description\" content=\"Affordable but 100% top quality, Genephyrs Profound is a complete alternative to the Rejeunesse Shape contouring filler.\" \/>\n<meta property=\"og:url\" content=\"https:\/\/skin-heal.com\/es\/producto\/genephyrs-profound-1-x-1-1ml\/\" \/>\n<meta property=\"og:site_name\" content=\"Skin Heal\" \/>\n<meta property=\"article:modified_time\" content=\"2022-12-16T15:54:30+00:00\" \/>\n<meta property=\"og:image\" content=\"https:\/\/cdn.skin-heal.com\/wp-content\/uploads\/2021\/01\/Genephyrs-Profound.jpg\" \/>\n\t<meta property=\"og:image:width\" content=\"600\" \/>\n\t<meta property=\"og:image:height\" content=\"600\" \/>\n\t<meta property=\"og:image:type\" content=\"image\/jpeg\" \/>\n<meta name=\"twitter:card\" content=\"summary_large_image\" \/>\n<meta name=\"twitter:label1\" content=\"Tiempo de lectura\" \/>\n\t<meta name=\"twitter:data1\" content=\"1 minuto\" \/>\n<script type=\"application\/ld+json\" class=\"yoast-schema-graph\">{\"@context\":\"https:\\\/\\\/schema.org\",\"@graph\":[{\"@type\":\"WebPage\",\"@id\":\"https:\\\/\\\/skin-heal.com\\\/product\\\/genephyrs-profound-1-x-1-1ml\\\/\",\"url\":\"https:\\\/\\\/skin-heal.com\\\/product\\\/genephyrs-profound-1-x-1-1ml\\\/\",\"name\":\"Genephyrs Profound (1 x 1.1ml) - Skin Heal\",\"isPartOf\":{\"@id\":\"https:\\\/\\\/skin-heal.com\\\/#website\"},\"primaryImageOfPage\":{\"@id\":\"https:\\\/\\\/skin-heal.com\\\/product\\\/genephyrs-profound-1-x-1-1ml\\\/#primaryimage\"},\"image\":{\"@id\":\"https:\\\/\\\/skin-heal.com\\\/product\\\/genephyrs-profound-1-x-1-1ml\\\/#primaryimage\"},\"thumbnailUrl\":\"https:\\\/\\\/skin-heal.com\\\/wp-content\\\/uploads\\\/2021\\\/01\\\/Genephyrs-Profound.jpg\",\"datePublished\":\"2021-01-08T12:30:13+00:00\",\"dateModified\":\"2022-12-16T15:54:30+00:00\",\"description\":\"Affordable but 100% top quality, Genephyrs Profound is a complete alternative to the Rejeunesse Shape contouring filler.\",\"breadcrumb\":{\"@id\":\"https:\\\/\\\/skin-heal.com\\\/product\\\/genephyrs-profound-1-x-1-1ml\\\/#breadcrumb\"},\"inLanguage\":\"es\",\"potentialAction\":[{\"@type\":\"ReadAction\",\"target\":[\"https:\\\/\\\/skin-heal.com\\\/product\\\/genephyrs-profound-1-x-1-1ml\\\/\"]}]},{\"@type\":\"ImageObject\",\"inLanguage\":\"es\",\"@id\":\"https:\\\/\\\/skin-heal.com\\\/product\\\/genephyrs-profound-1-x-1-1ml\\\/#primaryimage\",\"url\":\"https:\\\/\\\/skin-heal.com\\\/wp-content\\\/uploads\\\/2021\\\/01\\\/Genephyrs-Profound.jpg\",\"contentUrl\":\"https:\\\/\\\/skin-heal.com\\\/wp-content\\\/uploads\\\/2021\\\/01\\\/Genephyrs-Profound.jpg\",\"width\":600,\"height\":600,\"caption\":\"Genephyrs Profound\"},{\"@type\":\"BreadcrumbList\",\"@id\":\"https:\\\/\\\/skin-heal.com\\\/product\\\/genephyrs-profound-1-x-1-1ml\\\/#breadcrumb\",\"itemListElement\":[{\"@type\":\"ListItem\",\"position\":1,\"name\":\"Home\",\"item\":\"https:\\\/\\\/skin-heal.com\\\/\"},{\"@type\":\"ListItem\",\"position\":2,\"name\":\"Store\",\"item\":\"https:\\\/\\\/skin-heal.com\\\/store\\\/\"},{\"@type\":\"ListItem\",\"position\":3,\"name\":\"Genephyrs Profound (1 x 1.1ml)\"}]},{\"@type\":\"WebSite\",\"@id\":\"https:\\\/\\\/skin-heal.com\\\/#website\",\"url\":\"https:\\\/\\\/skin-heal.com\\\/\",\"name\":\"Skin Heal\",\"description\":\"Lowest Prices for Dermal Fillers\",\"potentialAction\":[{\"@type\":\"SearchAction\",\"target\":{\"@type\":\"EntryPoint\",\"urlTemplate\":\"https:\\\/\\\/skin-heal.com\\\/?s={search_term_string}\"},\"query-input\":{\"@type\":\"PropertyValueSpecification\",\"valueRequired\":true,\"valueName\":\"search_term_string\"}}],\"inLanguage\":\"es\"}]}<\/script>\n<!-- \/ Yoast SEO plugin. -->","yoast_head_json":{"title":"Genephyrs Profound (1 x 1,1ml) - Skin Heal","description":"Asequible pero 100% de primera calidad, Genephyrs Profound es una alternativa completa al relleno de contorno de Rejeunesse Shape.","robots":{"index":"index","follow":"follow","max-snippet":"max-snippet:-1","max-image-preview":"max-image-preview:large","max-video-preview":"max-video-preview:-1"},"canonical":"https:\/\/skin-heal.com\/es\/producto\/genephyrs-profound-1-x-1-1ml\/","og_locale":"es_MX","og_type":"article","og_title":"Genephyrs Profound (1 x 1.1ml) - Skin Heal","og_description":"Affordable but 100% top quality, Genephyrs Profound is a complete alternative to the Rejeunesse Shape contouring filler.","og_url":"https:\/\/skin-heal.com\/es\/producto\/genephyrs-profound-1-x-1-1ml\/","og_site_name":"Skin Heal","article_modified_time":"2022-12-16T15:54:30+00:00","og_image":[{"width":600,"height":600,"url":"https:\/\/cdn.skin-heal.com\/wp-content\/uploads\/2021\/01\/Genephyrs-Profound.jpg","type":"image\/jpeg"}],"twitter_card":"summary_large_image","twitter_misc":{"Tiempo de lectura":"1 minuto"},"schema":{"@context":"https:\/\/schema.org","@graph":[{"@type":"WebPage","@id":"https:\/\/skin-heal.com\/product\/genephyrs-profound-1-x-1-1ml\/","url":"https:\/\/skin-heal.com\/product\/genephyrs-profound-1-x-1-1ml\/","name":"Genephyrs Profound (1 x 1,1ml) - Skin Heal","isPartOf":{"@id":"https:\/\/skin-heal.com\/#website"},"primaryImageOfPage":{"@id":"https:\/\/skin-heal.com\/product\/genephyrs-profound-1-x-1-1ml\/#primaryimage"},"image":{"@id":"https:\/\/skin-heal.com\/product\/genephyrs-profound-1-x-1-1ml\/#primaryimage"},"thumbnailUrl":"https:\/\/cdn.skin-heal.com\/wp-content\/uploads\/2021\/01\/Genephyrs-Profound.jpg","datePublished":"2021-01-08T12:30:13+00:00","dateModified":"2022-12-16T15:54:30+00:00","description":"Asequible pero 100% de primera calidad, Genephyrs Profound es una alternativa completa al relleno de contorno de Rejeunesse Shape.","breadcrumb":{"@id":"https:\/\/skin-heal.com\/product\/genephyrs-profound-1-x-1-1ml\/#breadcrumb"},"inLanguage":"es","potentialAction":[{"@type":"ReadAction","target":["https:\/\/skin-heal.com\/product\/genephyrs-profound-1-x-1-1ml\/"]}]},{"@type":"ImageObject","inLanguage":"es","@id":"https:\/\/skin-heal.com\/product\/genephyrs-profound-1-x-1-1ml\/#primaryimage","url":"https:\/\/cdn.skin-heal.com\/wp-content\/uploads\/2021\/01\/Genephyrs-Profound.jpg","contentUrl":"https:\/\/cdn.skin-heal.com\/wp-content\/uploads\/2021\/01\/Genephyrs-Profound.jpg","width":600,"height":600,"caption":"Genephyrs Profound"},{"@type":"BreadcrumbList","@id":"https:\/\/skin-heal.com\/product\/genephyrs-profound-1-x-1-1ml\/#breadcrumb","itemListElement":[{"@type":"ListItem","position":1,"name":"Home","item":"https:\/\/skin-heal.com\/"},{"@type":"ListItem","position":2,"name":"Store","item":"https:\/\/skin-heal.com\/store\/"},{"@type":"ListItem","position":3,"name":"Genephyrs Profound (1 x 1.1ml)"}]},{"@type":"WebSite","@id":"https:\/\/skin-heal.com\/#website","url":"https:\/\/skin-heal.com\/","name":"Curaci\u00f3n de la piel","description":"Los precios m\u00e1s bajos para los rellenos d\u00e9rmicos","potentialAction":[{"@type":"SearchAction","target":{"@type":"EntryPoint","urlTemplate":"https:\/\/skin-heal.com\/?s={search_term_string}"},"query-input":{"@type":"PropertyValueSpecification","valueRequired":true,"valueName":"search_term_string"}}],"inLanguage":"es"}]}},"_links":{"self":[{"href":"https:\/\/skin-heal.com\/es\/wp-json\/wp\/v2\/product\/26599","targetHints":{"allow":["GET"]}}],"collection":[{"href":"https:\/\/skin-heal.com\/es\/wp-json\/wp\/v2\/product"}],"about":[{"href":"https:\/\/skin-heal.com\/es\/wp-json\/wp\/v2\/types\/product"}],"wp:featuredmedia":[{"embeddable":true,"href":"https:\/\/skin-heal.com\/es\/wp-json\/wp\/v2\/media\/26601"}],"wp:attachment":[{"href":"https:\/\/skin-heal.com\/es\/wp-json\/wp\/v2\/media?parent=26599"}],"wp:term":[{"taxonomy":"product_brand","embeddable":true,"href":"https:\/\/skin-heal.com\/es\/wp-json\/wp\/v2\/product_brand?post=26599"},{"taxonomy":"product_cat","embeddable":true,"href":"https:\/\/skin-heal.com\/es\/wp-json\/wp\/v2\/product_cat?post=26599"},{"taxonomy":"product_tag","embeddable":true,"href":"https:\/\/skin-heal.com\/es\/wp-json\/wp\/v2\/product_tag?post=26599"}],"curies":[{"name":"wp","href":"https:\/\/api.w.org\/{rel}","templated":true}]}}