{"id":26681,"date":"2021-01-12T11:42:26","date_gmt":"2021-01-12T11:42:26","guid":{"rendered":"https:\/\/skin-heal.com\/?post_type=product&#038;p=26681"},"modified":"2022-05-05T09:26:50","modified_gmt":"2022-05-05T09:26:50","slug":"hyaldew-mid-1-x-1ml","status":"publish","type":"product","link":"https:\/\/skin-heal.com\/es\/producto\/hyaldew-mid-1-x-1ml\/","title":{"rendered":"HyalDew Mid (1 x 1ml)"},"content":{"rendered":"<h3>Correcci\u00f3n r\u00e1pida de las arrugas profundas<\/h3>\n<p>El uso principal de HyalDew Mid es la eliminaci\u00f3n de arrugas y pliegues profundos. Por ejemplo, el producto puede corregir instant\u00e1neamente los pliegues nasolabiales y las arrugas de la frente. Para ello, se basa en la <em>propiedades de relleno natural de la HA<\/em>. Por suerte, el cuerpo humano tiene una gran tolerancia a este ingrediente y el riesgo de efectos secundarios es m\u00ednimo.<\/p>\n<p>Normalmente, los rellenos de HA se dirigen a una zona espec\u00edfica del rostro, como la parte media de la cara o el \u00e1rea alrededor de los ojos. Por suerte, HyalDew Mid funciona en varias zonas del rostro porque contiene <u>microperlas de HA reticulado<\/u>. Como resultado, es f\u00e1cil de moldear y se adapta a la zona objetivo. As\u00ed, los efectos tras el procedimiento son consistentes y de aspecto natural.<\/p>\n<ul>\n<li>Tama\u00f1o de las part\u00edculas de HA: 325 um<\/li>\n<li>Aguja: 27G UTW<\/li>\n<li>Profundidad: Dermis media<\/li>\n<li>Concentraci\u00f3n de HA: 20 mg\/mL<\/li>\n<li>Anestesia local: 3%<\/li>\n<\/ul>\n<h3>HyalDew Mid como relleno d\u00e9rmico voluminizador<\/h3>\n<p>Adem\u00e1s de reducir la apariencia de las arrugas, este relleno de tejidos blandos tambi\u00e9n restaura el volumen del rostro. De este modo, no s\u00f3lo proporciona al paciente un aspecto m\u00e1s juvenil, sino que tambi\u00e9n mejora el contorno facial.<\/p>\n<p>Este producto de BioPlus Co. es muy adecuado para esculpir los p\u00f3mulos. Adem\u00e1s, tambi\u00e9n puede mejorar el perfil de los labios en cuesti\u00f3n de minutos. As\u00ed que pida HyalDew Mid para verlo en acci\u00f3n.<\/p>","protected":false},"excerpt":{"rendered":"<p>HyalDew Mid es un relleno de \u00e1cido hialur\u00f3nico que <strong>corrige las arrugas profundas<\/strong> como los pliegues de la frente. Adem\u00e1s de su poder antiarrugas, el producto tambi\u00e9n puede a\u00f1adir volumen bajo la piel. As\u00ed, los cirujanos est\u00e9ticos pueden aplicarlo como inyecci\u00f3n en los labios, por ejemplo. Entre las principales ventajas de este producto est\u00e1n sus resultados duraderos, aunque reversibles, y la experiencia de tratamiento sin dolor que ofrece.<\/p>","protected":false},"featured_media":26700,"template":"","meta":[],"product_brand":[],"product_cat":[132,79,133],"product_tag":[],"class_list":{"0":"post-26681","1":"product","2":"type-product","3":"status-publish","4":"has-post-thumbnail","6":"product_cat-bioplus","7":"product_cat-dermal-fillers","8":"product_cat-hyaldew","9":"clearfix","11":"first","12":"outofstock","13":"taxable","14":"shipping-taxable","15":"purchasable","16":"product-type-simple"},"yoast_head":"<!-- This site is optimized with the Yoast SEO plugin v27.4 - https:\/\/yoast.com\/product\/yoast-seo-wordpress\/ -->\n<title>HyalDew Mid (1 x 1ml) - Skin Heal<\/title>\n<meta name=\"description\" content=\"HyalDew Mid is a robust dermal filler with HA that corrects deep wrinkles on the face. Buy HyalDew Mid to witness its lip and cheekbone enhancement powers.\" \/>\n<meta name=\"robots\" content=\"index, follow, max-snippet:-1, max-image-preview:large, max-video-preview:-1\" \/>\n<link rel=\"canonical\" href=\"https:\/\/skin-heal.com\/es\/producto\/hyaldew-mid-1-x-1ml\/\" \/>\n<meta property=\"og:locale\" content=\"es_MX\" \/>\n<meta property=\"og:type\" content=\"article\" \/>\n<meta property=\"og:title\" content=\"HyalDew Mid (1 x 1ml) - Skin Heal\" \/>\n<meta property=\"og:description\" content=\"HyalDew Mid is a robust dermal filler with HA that corrects deep wrinkles on the face. Buy HyalDew Mid to witness its lip and cheekbone enhancement powers.\" \/>\n<meta property=\"og:url\" content=\"https:\/\/skin-heal.com\/es\/producto\/hyaldew-mid-1-x-1ml\/\" \/>\n<meta property=\"og:site_name\" content=\"Skin Heal\" \/>\n<meta property=\"article:modified_time\" content=\"2022-05-05T09:26:50+00:00\" \/>\n<meta property=\"og:image\" content=\"https:\/\/cdn.skin-heal.com\/wp-content\/uploads\/2021\/01\/HyalDew-Mid.jpg\" \/>\n\t<meta property=\"og:image:width\" content=\"600\" \/>\n\t<meta property=\"og:image:height\" content=\"600\" \/>\n\t<meta property=\"og:image:type\" content=\"image\/jpeg\" \/>\n<meta name=\"twitter:card\" content=\"summary_large_image\" \/>\n<meta name=\"twitter:label1\" content=\"Tiempo de lectura\" \/>\n\t<meta name=\"twitter:data1\" content=\"1 minuto\" \/>\n<script type=\"application\/ld+json\" class=\"yoast-schema-graph\">{\"@context\":\"https:\\\/\\\/schema.org\",\"@graph\":[{\"@type\":\"WebPage\",\"@id\":\"https:\\\/\\\/skin-heal.com\\\/product\\\/hyaldew-mid-1-x-1ml\\\/\",\"url\":\"https:\\\/\\\/skin-heal.com\\\/product\\\/hyaldew-mid-1-x-1ml\\\/\",\"name\":\"HyalDew Mid (1 x 1ml) - Skin Heal\",\"isPartOf\":{\"@id\":\"https:\\\/\\\/skin-heal.com\\\/#website\"},\"primaryImageOfPage\":{\"@id\":\"https:\\\/\\\/skin-heal.com\\\/product\\\/hyaldew-mid-1-x-1ml\\\/#primaryimage\"},\"image\":{\"@id\":\"https:\\\/\\\/skin-heal.com\\\/product\\\/hyaldew-mid-1-x-1ml\\\/#primaryimage\"},\"thumbnailUrl\":\"https:\\\/\\\/skin-heal.com\\\/wp-content\\\/uploads\\\/2021\\\/01\\\/HyalDew-Mid.jpg\",\"datePublished\":\"2021-01-12T11:42:26+00:00\",\"dateModified\":\"2022-05-05T09:26:50+00:00\",\"description\":\"HyalDew Mid is a robust dermal filler with HA that corrects deep wrinkles on the face. Buy HyalDew Mid to witness its lip and cheekbone enhancement powers.\",\"breadcrumb\":{\"@id\":\"https:\\\/\\\/skin-heal.com\\\/product\\\/hyaldew-mid-1-x-1ml\\\/#breadcrumb\"},\"inLanguage\":\"es\",\"potentialAction\":[{\"@type\":\"ReadAction\",\"target\":[\"https:\\\/\\\/skin-heal.com\\\/product\\\/hyaldew-mid-1-x-1ml\\\/\"]}]},{\"@type\":\"ImageObject\",\"inLanguage\":\"es\",\"@id\":\"https:\\\/\\\/skin-heal.com\\\/product\\\/hyaldew-mid-1-x-1ml\\\/#primaryimage\",\"url\":\"https:\\\/\\\/skin-heal.com\\\/wp-content\\\/uploads\\\/2021\\\/01\\\/HyalDew-Mid.jpg\",\"contentUrl\":\"https:\\\/\\\/skin-heal.com\\\/wp-content\\\/uploads\\\/2021\\\/01\\\/HyalDew-Mid.jpg\",\"width\":600,\"height\":600,\"caption\":\"HyalDew Mid\"},{\"@type\":\"BreadcrumbList\",\"@id\":\"https:\\\/\\\/skin-heal.com\\\/product\\\/hyaldew-mid-1-x-1ml\\\/#breadcrumb\",\"itemListElement\":[{\"@type\":\"ListItem\",\"position\":1,\"name\":\"Home\",\"item\":\"https:\\\/\\\/skin-heal.com\\\/\"},{\"@type\":\"ListItem\",\"position\":2,\"name\":\"Store\",\"item\":\"https:\\\/\\\/skin-heal.com\\\/store\\\/\"},{\"@type\":\"ListItem\",\"position\":3,\"name\":\"HyalDew Mid (1 x 1ml)\"}]},{\"@type\":\"WebSite\",\"@id\":\"https:\\\/\\\/skin-heal.com\\\/#website\",\"url\":\"https:\\\/\\\/skin-heal.com\\\/\",\"name\":\"Skin Heal\",\"description\":\"Lowest Prices for Dermal Fillers\",\"potentialAction\":[{\"@type\":\"SearchAction\",\"target\":{\"@type\":\"EntryPoint\",\"urlTemplate\":\"https:\\\/\\\/skin-heal.com\\\/?s={search_term_string}\"},\"query-input\":{\"@type\":\"PropertyValueSpecification\",\"valueRequired\":true,\"valueName\":\"search_term_string\"}}],\"inLanguage\":\"es\"}]}<\/script>\n<!-- \/ Yoast SEO plugin. -->","yoast_head_json":{"title":"HyalDew Mid (1 x 1ml) - Skin Heal","description":"HyalDew Mid es un robusto relleno d\u00e9rmico con HA que corrige las arrugas profundas del rostro. Compre HyalDew Mid para ser testigo de sus poderes de realce de labios y p\u00f3mulos.","robots":{"index":"index","follow":"follow","max-snippet":"max-snippet:-1","max-image-preview":"max-image-preview:large","max-video-preview":"max-video-preview:-1"},"canonical":"https:\/\/skin-heal.com\/es\/producto\/hyaldew-mid-1-x-1ml\/","og_locale":"es_MX","og_type":"article","og_title":"HyalDew Mid (1 x 1ml) - Skin Heal","og_description":"HyalDew Mid is a robust dermal filler with HA that corrects deep wrinkles on the face. Buy HyalDew Mid to witness its lip and cheekbone enhancement powers.","og_url":"https:\/\/skin-heal.com\/es\/producto\/hyaldew-mid-1-x-1ml\/","og_site_name":"Skin Heal","article_modified_time":"2022-05-05T09:26:50+00:00","og_image":[{"width":600,"height":600,"url":"https:\/\/cdn.skin-heal.com\/wp-content\/uploads\/2021\/01\/HyalDew-Mid.jpg","type":"image\/jpeg"}],"twitter_card":"summary_large_image","twitter_misc":{"Tiempo de lectura":"1 minuto"},"schema":{"@context":"https:\/\/schema.org","@graph":[{"@type":"WebPage","@id":"https:\/\/skin-heal.com\/product\/hyaldew-mid-1-x-1ml\/","url":"https:\/\/skin-heal.com\/product\/hyaldew-mid-1-x-1ml\/","name":"HyalDew Mid (1 x 1ml) - Skin Heal","isPartOf":{"@id":"https:\/\/skin-heal.com\/#website"},"primaryImageOfPage":{"@id":"https:\/\/skin-heal.com\/product\/hyaldew-mid-1-x-1ml\/#primaryimage"},"image":{"@id":"https:\/\/skin-heal.com\/product\/hyaldew-mid-1-x-1ml\/#primaryimage"},"thumbnailUrl":"https:\/\/cdn.skin-heal.com\/wp-content\/uploads\/2021\/01\/HyalDew-Mid.jpg","datePublished":"2021-01-12T11:42:26+00:00","dateModified":"2022-05-05T09:26:50+00:00","description":"HyalDew Mid es un robusto relleno d\u00e9rmico con HA que corrige las arrugas profundas del rostro. Compre HyalDew Mid para ser testigo de sus poderes de realce de labios y p\u00f3mulos.","breadcrumb":{"@id":"https:\/\/skin-heal.com\/product\/hyaldew-mid-1-x-1ml\/#breadcrumb"},"inLanguage":"es","potentialAction":[{"@type":"ReadAction","target":["https:\/\/skin-heal.com\/product\/hyaldew-mid-1-x-1ml\/"]}]},{"@type":"ImageObject","inLanguage":"es","@id":"https:\/\/skin-heal.com\/product\/hyaldew-mid-1-x-1ml\/#primaryimage","url":"https:\/\/cdn.skin-heal.com\/wp-content\/uploads\/2021\/01\/HyalDew-Mid.jpg","contentUrl":"https:\/\/cdn.skin-heal.com\/wp-content\/uploads\/2021\/01\/HyalDew-Mid.jpg","width":600,"height":600,"caption":"HyalDew Mid"},{"@type":"BreadcrumbList","@id":"https:\/\/skin-heal.com\/product\/hyaldew-mid-1-x-1ml\/#breadcrumb","itemListElement":[{"@type":"ListItem","position":1,"name":"Home","item":"https:\/\/skin-heal.com\/"},{"@type":"ListItem","position":2,"name":"Store","item":"https:\/\/skin-heal.com\/store\/"},{"@type":"ListItem","position":3,"name":"HyalDew Mid (1 x 1ml)"}]},{"@type":"WebSite","@id":"https:\/\/skin-heal.com\/#website","url":"https:\/\/skin-heal.com\/","name":"Curaci\u00f3n de la piel","description":"Los precios m\u00e1s bajos para los rellenos d\u00e9rmicos","potentialAction":[{"@type":"SearchAction","target":{"@type":"EntryPoint","urlTemplate":"https:\/\/skin-heal.com\/?s={search_term_string}"},"query-input":{"@type":"PropertyValueSpecification","valueRequired":true,"valueName":"search_term_string"}}],"inLanguage":"es"}]}},"_links":{"self":[{"href":"https:\/\/skin-heal.com\/es\/wp-json\/wp\/v2\/product\/26681","targetHints":{"allow":["GET"]}}],"collection":[{"href":"https:\/\/skin-heal.com\/es\/wp-json\/wp\/v2\/product"}],"about":[{"href":"https:\/\/skin-heal.com\/es\/wp-json\/wp\/v2\/types\/product"}],"wp:featuredmedia":[{"embeddable":true,"href":"https:\/\/skin-heal.com\/es\/wp-json\/wp\/v2\/media\/26700"}],"wp:attachment":[{"href":"https:\/\/skin-heal.com\/es\/wp-json\/wp\/v2\/media?parent=26681"}],"wp:term":[{"taxonomy":"product_brand","embeddable":true,"href":"https:\/\/skin-heal.com\/es\/wp-json\/wp\/v2\/product_brand?post=26681"},{"taxonomy":"product_cat","embeddable":true,"href":"https:\/\/skin-heal.com\/es\/wp-json\/wp\/v2\/product_cat?post=26681"},{"taxonomy":"product_tag","embeddable":true,"href":"https:\/\/skin-heal.com\/es\/wp-json\/wp\/v2\/product_tag?post=26681"}],"curies":[{"name":"wp","href":"https:\/\/api.w.org\/{rel}","templated":true}]}}